{"id":33481,"date":"2022-11-07T10:12:00","date_gmt":"2022-11-07T09:12:00","guid":{"rendered":"https:\/\/nightwatchepilepsy.com\/?page_id=33481"},"modified":"2024-06-26T16:32:06","modified_gmt":"2024-06-26T15:32:06","slug":"istruzioni-de-reso","status":"publish","type":"page","link":"https:\/\/nightwatchepilepsy.com\/it\/istruzioni-de-reso\/","title":{"rendered":"Istruzioni de reso"},"content":{"rendered":"<p>[et_pb_section fb_built=&#8221;1&#8243; _builder_version=&#8221;4.16&#8243; _module_preset=&#8221;default&#8221; global_colors_info=&#8221;{}&#8221;][et_pb_row _builder_version=&#8221;4.16&#8243; _module_preset=&#8221;default&#8221; global_colors_info=&#8221;{}&#8221;][et_pb_column type=&#8221;4_4&#8243; _builder_version=&#8221;4.16&#8243; _module_preset=&#8221;default&#8221; global_colors_info=&#8221;{}&#8221;][et_pb_text _builder_version=&#8221;4.18.0&#8243; _module_preset=&#8221;default&#8221; global_colors_info=&#8221;{}&#8221;]<\/p>\n<div id=\"comp-jww22r5k\" class=\"_1Q9if\" data-testid=\"richTextElement\">\n<h2 class=\"font_2\"><span>Istruzioni di reso<\/span><\/h2>\n<\/div>\n<div id=\"comp-jww22r67\" class=\"_1Q9if\" data-testid=\"richTextElement\">\n<p>Grazie per aver segnalato il reso.<\/p>\n<p><strong>Segui attentamente queste istruzioni<\/strong>, altrimenti non saremo in grado di completare l\u2019elaborazione del reso e potremmo addebitarti dei costi.<\/p>\n<ol>\n<li>Dopo aver compilato il modulo di reso, devi restituirci NightWatch il prima possibile e, al pi\u00f9 tardi, entro tre giorni lavorativi.<\/li>\n<li>\u00c8 necessario che NightWatch venga restituito quanto pi\u00f9 completo possibile. In caso di mancata restituzione di componenti, potremmo addebitarti dei costi. Ci\u00f2 non vale per l\u2019elastico del braccio e le clip di fissaggio.<\/li>\n<li>NightWatch va imballato in una scatola robusta sufficientemente imbottita.<\/li>\n<li>Il modulo braccio deve essere spedito disattivato.<\/li>\n<li>\u00c8 necessario indicare nel reso lo stesso nome con il quale si \u00e8 fatta richiesta di NightWatch.<\/li>\n<li>Se hai ricevuto prodotti aggiuntivi, anche questi devono essere inviati nella loro interezza.<\/li>\n<\/ol>\n<p>&nbsp;<\/p>\n<p>Il pacco deve essere spedito per posta raccomandata al seguente indirizzo:<\/p>\n<p><strong>LivAssured BV<\/strong><br \/><strong>All\u2019attenzione di NightWatch retour<\/strong><br \/><strong>Schipholweg 103<\/strong><br \/><strong>2316 XC LEIDEN<\/strong><br \/><strong>Paesi Bassi<\/strong><\/p>\n<p>Grazie mille!<\/p>\n<\/div>\n<p>[\/et_pb_text][\/et_pb_column][\/et_pb_row][\/et_pb_section]<\/p>\n","protected":false},"excerpt":{"rendered":"<p>Istruzioni di reso Grazie per aver segnalato il reso. Segui attentamente queste istruzioni, altrimenti non saremo in grado di completare l\u2019elaborazione del reso e potremmo addebitarti dei costi. Dopo aver compilato il modulo di reso, devi restituirci NightWatch il prima possibile e, al pi\u00f9 tardi, entro tre giorni lavorativi. \u00c8 necessario che NightWatch venga restituito [&hellip;]<\/p>\n","protected":false},"author":2,"featured_media":0,"parent":0,"menu_order":0,"comment_status":"closed","ping_status":"closed","template":"","meta":{"_et_pb_use_builder":"on","_et_pb_old_content":"","_et_gb_content_width":"","footnotes":""},"class_list":["post-33481","page","type-page","status-publish","hentry"],"yoast_head":"<!-- This site is optimized with the Yoast SEO plugin v27.4 - https:\/\/yoast.com\/product\/yoast-seo-wordpress\/ -->\n<title>Istruzioni di reso | NightWatch<\/title>\n<meta name=\"robots\" content=\"index, follow, max-snippet:-1, max-image-preview:large, max-video-preview:-1\" \/>\n<link rel=\"canonical\" href=\"https:\/\/nightwatchepilepsy.com\/it\/istruzioni-de-reso\/\" \/>\n<meta property=\"og:locale\" content=\"it_IT\" \/>\n<meta property=\"og:type\" content=\"article\" \/>\n<meta property=\"og:title\" content=\"Istruzioni di reso | NightWatch\" \/>\n<meta property=\"og:description\" content=\"Istruzioni di reso Grazie per aver segnalato il reso. Segui attentamente queste istruzioni, altrimenti non saremo in grado di completare l\u2019elaborazione del reso e potremmo addebitarti dei costi. Dopo aver compilato il modulo di reso, devi restituirci NightWatch il prima possibile e, al pi\u00f9 tardi, entro tre giorni lavorativi. \u00c8 necessario che NightWatch venga restituito [&hellip;]\" \/>\n<meta property=\"og:url\" content=\"https:\/\/nightwatchepilepsy.com\/it\/istruzioni-de-reso\/\" \/>\n<meta property=\"og:site_name\" content=\"NightWatch\" \/>\n<meta property=\"article:publisher\" content=\"https:\/\/www.facebook.com\/EpilepsySeizureDetectionEN\" \/>\n<meta property=\"article:modified_time\" content=\"2024-06-26T15:32:06+00:00\" \/>\n<meta name=\"twitter:card\" content=\"summary_large_image\" \/>\n<meta name=\"twitter:title\" content=\"Istruzioni di reso | NightWatch\" \/>\n<meta name=\"twitter:site\" content=\"@NightWatchAlarm\" \/>\n<meta name=\"twitter:label1\" content=\"Tempo di lettura stimato\" \/>\n\t<meta name=\"twitter:data1\" content=\"1 minuto\" \/>\n<script type=\"application\/ld+json\" class=\"yoast-schema-graph\">{\"@context\":\"https:\\\/\\\/schema.org\",\"@graph\":[{\"@type\":\"WebPage\",\"@id\":\"https:\\\/\\\/nightwatchepilepsy.com\\\/it\\\/istruzioni-de-reso\\\/\",\"url\":\"https:\\\/\\\/nightwatchepilepsy.com\\\/it\\\/istruzioni-de-reso\\\/\",\"name\":\"Istruzioni di reso | NightWatch\",\"isPartOf\":{\"@id\":\"https:\\\/\\\/nightwatchepilepsy.com\\\/it\\\/#website\"},\"datePublished\":\"2022-11-07T09:12:00+00:00\",\"dateModified\":\"2024-06-26T15:32:06+00:00\",\"breadcrumb\":{\"@id\":\"https:\\\/\\\/nightwatchepilepsy.com\\\/it\\\/istruzioni-de-reso\\\/#breadcrumb\"},\"inLanguage\":\"it-IT\",\"potentialAction\":[{\"@type\":\"ReadAction\",\"target\":[\"https:\\\/\\\/nightwatchepilepsy.com\\\/it\\\/istruzioni-de-reso\\\/\"]}]},{\"@type\":\"BreadcrumbList\",\"@id\":\"https:\\\/\\\/nightwatchepilepsy.com\\\/it\\\/istruzioni-de-reso\\\/#breadcrumb\",\"itemListElement\":[{\"@type\":\"ListItem\",\"position\":1,\"name\":\"Home\",\"item\":\"https:\\\/\\\/nightwatchepilepsy.com\\\/it\\\/\"},{\"@type\":\"ListItem\",\"position\":2,\"name\":\"Istruzioni de reso\"}]},{\"@type\":\"WebSite\",\"@id\":\"https:\\\/\\\/nightwatchepilepsy.com\\\/it\\\/#website\",\"url\":\"https:\\\/\\\/nightwatchepilepsy.com\\\/it\\\/\",\"name\":\"NightWatch\",\"description\":\"Epilepsy seizure detection | Warns during sleep\",\"publisher\":{\"@id\":\"https:\\\/\\\/nightwatchepilepsy.com\\\/it\\\/#organization\"},\"potentialAction\":[{\"@type\":\"SearchAction\",\"target\":{\"@type\":\"EntryPoint\",\"urlTemplate\":\"https:\\\/\\\/nightwatchepilepsy.com\\\/it\\\/?s={search_term_string}\"},\"query-input\":{\"@type\":\"PropertyValueSpecification\",\"valueRequired\":true,\"valueName\":\"search_term_string\"}}],\"inLanguage\":\"it-IT\"},{\"@type\":\"Organization\",\"@id\":\"https:\\\/\\\/nightwatchepilepsy.com\\\/it\\\/#organization\",\"name\":\"NightWatch Epilepsy Seizure Detection\",\"alternateName\":\"NightWatch\",\"url\":\"https:\\\/\\\/nightwatchepilepsy.com\\\/it\\\/\",\"logo\":{\"@type\":\"ImageObject\",\"inLanguage\":\"it-IT\",\"@id\":\"https:\\\/\\\/nightwatchepilepsy.com\\\/it\\\/#\\\/schema\\\/logo\\\/image\\\/\",\"url\":\"https:\\\/\\\/nightwatchepilepsy.com\\\/wp-content\\\/uploads\\\/2023\\\/02\\\/NightWatch-Logo.png\",\"contentUrl\":\"https:\\\/\\\/nightwatchepilepsy.com\\\/wp-content\\\/uploads\\\/2023\\\/02\\\/NightWatch-Logo.png\",\"width\":696,\"height\":696,\"caption\":\"NightWatch Epilepsy Seizure Detection\"},\"image\":{\"@id\":\"https:\\\/\\\/nightwatchepilepsy.com\\\/it\\\/#\\\/schema\\\/logo\\\/image\\\/\"},\"sameAs\":[\"https:\\\/\\\/www.facebook.com\\\/EpilepsySeizureDetectionEN\",\"https:\\\/\\\/x.com\\\/NightWatchAlarm\",\"https:\\\/\\\/www.linkedin.com\\\/company\\\/nightwatch-epilepsy-detection\\\/\",\"https:\\\/\\\/www.instagram.com\\\/nightwatch_epilepsie_detectie\\\/\"]}]}<\/script>\n<!-- \/ Yoast SEO plugin. -->","yoast_head_json":{"title":"Istruzioni di reso | NightWatch","robots":{"index":"index","follow":"follow","max-snippet":"max-snippet:-1","max-image-preview":"max-image-preview:large","max-video-preview":"max-video-preview:-1"},"canonical":"https:\/\/nightwatchepilepsy.com\/it\/istruzioni-de-reso\/","og_locale":"it_IT","og_type":"article","og_title":"Istruzioni di reso | NightWatch","og_description":"Istruzioni di reso Grazie per aver segnalato il reso. Segui attentamente queste istruzioni, altrimenti non saremo in grado di completare l\u2019elaborazione del reso e potremmo addebitarti dei costi. Dopo aver compilato il modulo di reso, devi restituirci NightWatch il prima possibile e, al pi\u00f9 tardi, entro tre giorni lavorativi. \u00c8 necessario che NightWatch venga restituito [&hellip;]","og_url":"https:\/\/nightwatchepilepsy.com\/it\/istruzioni-de-reso\/","og_site_name":"NightWatch","article_publisher":"https:\/\/www.facebook.com\/EpilepsySeizureDetectionEN","article_modified_time":"2024-06-26T15:32:06+00:00","twitter_card":"summary_large_image","twitter_title":"Istruzioni di reso | NightWatch","twitter_site":"@NightWatchAlarm","twitter_misc":{"Tempo di lettura stimato":"1 minuto"},"schema":{"@context":"https:\/\/schema.org","@graph":[{"@type":"WebPage","@id":"https:\/\/nightwatchepilepsy.com\/it\/istruzioni-de-reso\/","url":"https:\/\/nightwatchepilepsy.com\/it\/istruzioni-de-reso\/","name":"Istruzioni di reso | NightWatch","isPartOf":{"@id":"https:\/\/nightwatchepilepsy.com\/it\/#website"},"datePublished":"2022-11-07T09:12:00+00:00","dateModified":"2024-06-26T15:32:06+00:00","breadcrumb":{"@id":"https:\/\/nightwatchepilepsy.com\/it\/istruzioni-de-reso\/#breadcrumb"},"inLanguage":"it-IT","potentialAction":[{"@type":"ReadAction","target":["https:\/\/nightwatchepilepsy.com\/it\/istruzioni-de-reso\/"]}]},{"@type":"BreadcrumbList","@id":"https:\/\/nightwatchepilepsy.com\/it\/istruzioni-de-reso\/#breadcrumb","itemListElement":[{"@type":"ListItem","position":1,"name":"Home","item":"https:\/\/nightwatchepilepsy.com\/it\/"},{"@type":"ListItem","position":2,"name":"Istruzioni de reso"}]},{"@type":"WebSite","@id":"https:\/\/nightwatchepilepsy.com\/it\/#website","url":"https:\/\/nightwatchepilepsy.com\/it\/","name":"NightWatch","description":"Epilepsy seizure detection | Warns during sleep","publisher":{"@id":"https:\/\/nightwatchepilepsy.com\/it\/#organization"},"potentialAction":[{"@type":"SearchAction","target":{"@type":"EntryPoint","urlTemplate":"https:\/\/nightwatchepilepsy.com\/it\/?s={search_term_string}"},"query-input":{"@type":"PropertyValueSpecification","valueRequired":true,"valueName":"search_term_string"}}],"inLanguage":"it-IT"},{"@type":"Organization","@id":"https:\/\/nightwatchepilepsy.com\/it\/#organization","name":"NightWatch Epilepsy Seizure Detection","alternateName":"NightWatch","url":"https:\/\/nightwatchepilepsy.com\/it\/","logo":{"@type":"ImageObject","inLanguage":"it-IT","@id":"https:\/\/nightwatchepilepsy.com\/it\/#\/schema\/logo\/image\/","url":"https:\/\/nightwatchepilepsy.com\/wp-content\/uploads\/2023\/02\/NightWatch-Logo.png","contentUrl":"https:\/\/nightwatchepilepsy.com\/wp-content\/uploads\/2023\/02\/NightWatch-Logo.png","width":696,"height":696,"caption":"NightWatch Epilepsy Seizure Detection"},"image":{"@id":"https:\/\/nightwatchepilepsy.com\/it\/#\/schema\/logo\/image\/"},"sameAs":["https:\/\/www.facebook.com\/EpilepsySeizureDetectionEN","https:\/\/x.com\/NightWatchAlarm","https:\/\/www.linkedin.com\/company\/nightwatch-epilepsy-detection\/","https:\/\/www.instagram.com\/nightwatch_epilepsie_detectie\/"]}]}},"_links":{"self":[{"href":"https:\/\/nightwatchepilepsy.com\/it\/wp-json\/wp\/v2\/pages\/33481","targetHints":{"allow":["GET"]}}],"collection":[{"href":"https:\/\/nightwatchepilepsy.com\/it\/wp-json\/wp\/v2\/pages"}],"about":[{"href":"https:\/\/nightwatchepilepsy.com\/it\/wp-json\/wp\/v2\/types\/page"}],"author":[{"embeddable":true,"href":"https:\/\/nightwatchepilepsy.com\/it\/wp-json\/wp\/v2\/users\/2"}],"replies":[{"embeddable":true,"href":"https:\/\/nightwatchepilepsy.com\/it\/wp-json\/wp\/v2\/comments?post=33481"}],"version-history":[{"count":14,"href":"https:\/\/nightwatchepilepsy.com\/it\/wp-json\/wp\/v2\/pages\/33481\/revisions"}],"predecessor-version":[{"id":38695,"href":"https:\/\/nightwatchepilepsy.com\/it\/wp-json\/wp\/v2\/pages\/33481\/revisions\/38695"}],"wp:attachment":[{"href":"https:\/\/nightwatchepilepsy.com\/it\/wp-json\/wp\/v2\/media?parent=33481"}],"curies":[{"name":"wp","href":"https:\/\/api.w.org\/{rel}","templated":true}]}}