{"id":33451,"date":"2022-11-07T10:08:48","date_gmt":"2022-11-07T09:08:48","guid":{"rendered":"https:\/\/nightwatchepilepsy.com\/?page_id=33451"},"modified":"2026-02-09T10:17:25","modified_gmt":"2026-02-09T09:17:25","slug":"contatti","status":"publish","type":"page","link":"https:\/\/nightwatchepilepsy.com\/it\/contatti\/","title":{"rendered":"Contatti"},"content":{"rendered":"<p>[et_pb_section fb_built=&#8221;1&#8243; _builder_version=&#8221;4.16&#8243; _module_preset=&#8221;default&#8221; global_colors_info=&#8221;{}&#8221;][et_pb_row _builder_version=&#8221;4.16&#8243; _module_preset=&#8221;default&#8221; custom_padding=&#8221;||0px||false|false&#8221; global_colors_info=&#8221;{}&#8221;][et_pb_column type=&#8221;4_4&#8243; _builder_version=&#8221;4.16&#8243; _module_preset=&#8221;default&#8221; global_colors_info=&#8221;{}&#8221;][et_pb_text _builder_version=&#8221;4.27.4&#8243; _module_preset=&#8221;default&#8221; global_colors_info=&#8221;{}&#8221;]<\/p>\n<div id=\"bgLayers_comp-k8il6bxm\" class=\"X-jRX\">\n<h1 id=\"bgMedia_comp-k8il6bxm\" class=\"_1J6n9\"><span style=\"font-size: 30px; color: #333333; font-family: Ubuntu, Helvetica, Arial, Lucida, sans-serif;\">Contatti<\/span><\/h1>\n<p>Siamo lieti di aiutarti per tutto ci\u00f2 che riguarda il rilevamento di crisi epilettiche. Dai prima un\u2019occhiata la pagina alla <a title=\"risoluzione dei problemi\" href=\"\/it\/troubleshooting\/\">risoluzione dei problemi<\/a>: \u00e8 probabile che la risposta alla tua domanda si trovi gi\u00e0 l\u00ec. Non hai trovato la risposta che cerchi? In tal caso, compila il modulo di contatto qui sotto o scegli una delle alternative di seguito.<\/p>\n<p><strong><span class=\"wixGuard\">\u200b<\/span>Per telefono<br \/><\/strong>Puoi raggiungerci telefonicamente al numero\u00a0<a href=\"tel:+31850601252\">+31 (0)85 0601252<\/a><\/p>\n<\/div>\n<p class=\"font_8\"><strong><\/strong><\/p>\n<p class=\"font_8\"><strong>Per e-mail<br \/><\/strong>Puoi inviarci un indirizzo e-mail al seguente indirizzo <a href=\"mailto:info@nightwatchepilepsy.com\">info@nightwatchepilepsy.com<\/a><\/p>\n<p>[\/et_pb_text][et_pb_text _builder_version=&#8221;4.18.0&#8243; _module_preset=&#8221;default&#8221; global_colors_info=&#8221;{}&#8221;]<\/p>\n<p class=\"font_8\"><span><strong>LivAssured B.V.<\/strong><br \/><\/span><span>Schipholweg 103<br \/><\/span><span>2316 XC\u00a0 LEIDEN<br \/><\/span><span>Paesi Bassi<\/span><\/p>\n<p>[\/et_pb_text][et_pb_text _builder_version=&#8221;4.27.4&#8243; _module_preset=&#8221;default&#8221; global_colors_info=&#8221;{}&#8221;]<\/p>\n<p><strong>Distributori NightWatch<\/strong><br \/>Un elenco dei nostri <a href=\"\/it\/distributors\/\">distributori NightWatch<\/a> e i loro recapiti sono disponibili <a href=\"\/it\/distributors\/\">qui<\/a>.<\/p>\n<p>[\/et_pb_text][et_pb_text _builder_version=&#8221;4.27.4&#8243; _module_preset=&#8221;default&#8221; global_colors_info=&#8221;{}&#8221;]<\/p>\n<div id=\"bgLayers_comp-k8il6bxm\" class=\"X-jRX\">\n<h2 id=\"bgMedia_comp-k8il6bxm\" class=\"_1J6n9\"><span style=\"font-size: 30px; color: #333333; font-family: Ubuntu, Helvetica, Arial, Lucida, sans-serif;\">Modulo di contatto<\/span><\/h2>\n<\/div>\n<p>[\/et_pb_text][\/et_pb_column][\/et_pb_row][et_pb_row _builder_version=&#8221;4.16&#8243; _module_preset=&#8221;default&#8221; custom_padding=&#8221;0px||||false|false&#8221; locked=&#8221;off&#8221; global_colors_info=&#8221;{}&#8221;][et_pb_column type=&#8221;4_4&#8243; _builder_version=&#8221;4.16&#8243; _module_preset=&#8221;default&#8221; global_colors_info=&#8221;{}&#8221;][et_pb_code _builder_version=&#8221;4.27.5&#8243; _module_preset=&#8221;default&#8221; hover_enabled=&#8221;0&#8243; global_colors_info=&#8221;{}&#8221; sticky_enabled=&#8221;0&#8243;]<!-- salesforce.123formbuilder.com script begins here --><!-- [et_pb_line_break_holder] --><script type=\"text\/javascript\" defer src=\"https:\/\/salesforce.123formbuilder.com\/embed\/6909038.js\" data-role=\"form\" data-default-width=\"800px\" data-custom-vars=\"hasEmbedFormStyle=1&#038;language=it\"><\/script><!-- [et_pb_line_break_holder] --><!-- salesforce.123formbuilder.com script ends here -->[\/et_pb_code][\/et_pb_column][\/et_pb_row][\/et_pb_section]<\/p>\n","protected":false},"excerpt":{"rendered":"<p>Contatti Siamo lieti di aiutarti per tutto ci\u00f2 che riguarda il rilevamento di crisi epilettiche. Dai prima un\u2019occhiata la pagina alla risoluzione dei problemi: \u00e8 probabile che la risposta alla tua domanda si trovi gi\u00e0 l\u00ec. Non hai trovato la risposta che cerchi? In tal caso, compila il modulo di contatto qui sotto o scegli [&hellip;]<\/p>\n","protected":false},"author":2,"featured_media":0,"parent":0,"menu_order":0,"comment_status":"closed","ping_status":"closed","template":"","meta":{"_et_pb_use_builder":"on","_et_pb_old_content":"","_et_gb_content_width":"","footnotes":""},"class_list":["post-33451","page","type-page","status-publish","hentry"],"yoast_head":"<!-- This site is optimized with the Yoast SEO plugin v27.4 - https:\/\/yoast.com\/product\/yoast-seo-wordpress\/ -->\n<title>Contatti | NightWatch | Rilevamento di crisi epilettiche<\/title>\n<meta name=\"description\" content=\"Qui troverai i nostri recapiti e il modulo di contatto.\" \/>\n<meta name=\"robots\" content=\"index, follow, max-snippet:-1, max-image-preview:large, max-video-preview:-1\" \/>\n<link rel=\"canonical\" href=\"https:\/\/nightwatchepilepsy.com\/it\/contatti\/\" \/>\n<meta property=\"og:locale\" content=\"it_IT\" \/>\n<meta property=\"og:type\" content=\"article\" \/>\n<meta property=\"og:title\" content=\"Contatti | NightWatch | Rilevamento di crisi epilettiche\" \/>\n<meta property=\"og:description\" content=\"Qui troverai i nostri recapiti e il modulo di contatto.\" \/>\n<meta property=\"og:url\" content=\"https:\/\/nightwatchepilepsy.com\/it\/contatti\/\" \/>\n<meta property=\"og:site_name\" content=\"NightWatch\" \/>\n<meta property=\"article:publisher\" content=\"https:\/\/www.facebook.com\/EpilepsySeizureDetectionEN\" \/>\n<meta property=\"article:modified_time\" content=\"2026-02-09T09:17:25+00:00\" \/>\n<meta name=\"twitter:card\" content=\"summary_large_image\" \/>\n<meta name=\"twitter:title\" content=\"Contatti | NightWatch | Rilevamento di crisi epilettiche\" \/>\n<meta name=\"twitter:description\" content=\"Qui troverai i nostri recapiti e il modulo di contatto.\" \/>\n<meta name=\"twitter:site\" content=\"@NightWatchAlarm\" \/>\n<script type=\"application\/ld+json\" class=\"yoast-schema-graph\">{\"@context\":\"https:\\\/\\\/schema.org\",\"@graph\":[{\"@type\":\"WebPage\",\"@id\":\"https:\\\/\\\/nightwatchepilepsy.com\\\/it\\\/contatti\\\/\",\"url\":\"https:\\\/\\\/nightwatchepilepsy.com\\\/it\\\/contatti\\\/\",\"name\":\"Contatti | NightWatch | Rilevamento di crisi epilettiche\",\"isPartOf\":{\"@id\":\"https:\\\/\\\/nightwatchepilepsy.com\\\/it\\\/#website\"},\"datePublished\":\"2022-11-07T09:08:48+00:00\",\"dateModified\":\"2026-02-09T09:17:25+00:00\",\"description\":\"Qui troverai i nostri recapiti e il modulo di contatto.\",\"breadcrumb\":{\"@id\":\"https:\\\/\\\/nightwatchepilepsy.com\\\/it\\\/contatti\\\/#breadcrumb\"},\"inLanguage\":\"it-IT\",\"potentialAction\":[{\"@type\":\"ReadAction\",\"target\":[\"https:\\\/\\\/nightwatchepilepsy.com\\\/it\\\/contatti\\\/\"]}]},{\"@type\":\"BreadcrumbList\",\"@id\":\"https:\\\/\\\/nightwatchepilepsy.com\\\/it\\\/contatti\\\/#breadcrumb\",\"itemListElement\":[{\"@type\":\"ListItem\",\"position\":1,\"name\":\"Home\",\"item\":\"https:\\\/\\\/nightwatchepilepsy.com\\\/it\\\/\"},{\"@type\":\"ListItem\",\"position\":2,\"name\":\"Contatti\"}]},{\"@type\":\"WebSite\",\"@id\":\"https:\\\/\\\/nightwatchepilepsy.com\\\/it\\\/#website\",\"url\":\"https:\\\/\\\/nightwatchepilepsy.com\\\/it\\\/\",\"name\":\"NightWatch\",\"description\":\"Epilepsy seizure detection | Warns during sleep\",\"publisher\":{\"@id\":\"https:\\\/\\\/nightwatchepilepsy.com\\\/it\\\/#organization\"},\"potentialAction\":[{\"@type\":\"SearchAction\",\"target\":{\"@type\":\"EntryPoint\",\"urlTemplate\":\"https:\\\/\\\/nightwatchepilepsy.com\\\/it\\\/?s={search_term_string}\"},\"query-input\":{\"@type\":\"PropertyValueSpecification\",\"valueRequired\":true,\"valueName\":\"search_term_string\"}}],\"inLanguage\":\"it-IT\"},{\"@type\":\"Organization\",\"@id\":\"https:\\\/\\\/nightwatchepilepsy.com\\\/it\\\/#organization\",\"name\":\"NightWatch Epilepsy Seizure Detection\",\"alternateName\":\"NightWatch\",\"url\":\"https:\\\/\\\/nightwatchepilepsy.com\\\/it\\\/\",\"logo\":{\"@type\":\"ImageObject\",\"inLanguage\":\"it-IT\",\"@id\":\"https:\\\/\\\/nightwatchepilepsy.com\\\/it\\\/#\\\/schema\\\/logo\\\/image\\\/\",\"url\":\"https:\\\/\\\/nightwatchepilepsy.com\\\/wp-content\\\/uploads\\\/2023\\\/02\\\/NightWatch-Logo.png\",\"contentUrl\":\"https:\\\/\\\/nightwatchepilepsy.com\\\/wp-content\\\/uploads\\\/2023\\\/02\\\/NightWatch-Logo.png\",\"width\":696,\"height\":696,\"caption\":\"NightWatch Epilepsy Seizure Detection\"},\"image\":{\"@id\":\"https:\\\/\\\/nightwatchepilepsy.com\\\/it\\\/#\\\/schema\\\/logo\\\/image\\\/\"},\"sameAs\":[\"https:\\\/\\\/www.facebook.com\\\/EpilepsySeizureDetectionEN\",\"https:\\\/\\\/x.com\\\/NightWatchAlarm\",\"https:\\\/\\\/www.linkedin.com\\\/company\\\/nightwatch-epilepsy-detection\\\/\",\"https:\\\/\\\/www.instagram.com\\\/nightwatch_epilepsie_detectie\\\/\"]}]}<\/script>\n<!-- \/ Yoast SEO plugin. -->","yoast_head_json":{"title":"Contatti | NightWatch | Rilevamento di crisi epilettiche","description":"Qui troverai i nostri recapiti e il modulo di contatto.","robots":{"index":"index","follow":"follow","max-snippet":"max-snippet:-1","max-image-preview":"max-image-preview:large","max-video-preview":"max-video-preview:-1"},"canonical":"https:\/\/nightwatchepilepsy.com\/it\/contatti\/","og_locale":"it_IT","og_type":"article","og_title":"Contatti | NightWatch | Rilevamento di crisi epilettiche","og_description":"Qui troverai i nostri recapiti e il modulo di contatto.","og_url":"https:\/\/nightwatchepilepsy.com\/it\/contatti\/","og_site_name":"NightWatch","article_publisher":"https:\/\/www.facebook.com\/EpilepsySeizureDetectionEN","article_modified_time":"2026-02-09T09:17:25+00:00","twitter_card":"summary_large_image","twitter_title":"Contatti | NightWatch | Rilevamento di crisi epilettiche","twitter_description":"Qui troverai i nostri recapiti e il modulo di contatto.","twitter_site":"@NightWatchAlarm","schema":{"@context":"https:\/\/schema.org","@graph":[{"@type":"WebPage","@id":"https:\/\/nightwatchepilepsy.com\/it\/contatti\/","url":"https:\/\/nightwatchepilepsy.com\/it\/contatti\/","name":"Contatti | NightWatch | Rilevamento di crisi epilettiche","isPartOf":{"@id":"https:\/\/nightwatchepilepsy.com\/it\/#website"},"datePublished":"2022-11-07T09:08:48+00:00","dateModified":"2026-02-09T09:17:25+00:00","description":"Qui troverai i nostri recapiti e il modulo di contatto.","breadcrumb":{"@id":"https:\/\/nightwatchepilepsy.com\/it\/contatti\/#breadcrumb"},"inLanguage":"it-IT","potentialAction":[{"@type":"ReadAction","target":["https:\/\/nightwatchepilepsy.com\/it\/contatti\/"]}]},{"@type":"BreadcrumbList","@id":"https:\/\/nightwatchepilepsy.com\/it\/contatti\/#breadcrumb","itemListElement":[{"@type":"ListItem","position":1,"name":"Home","item":"https:\/\/nightwatchepilepsy.com\/it\/"},{"@type":"ListItem","position":2,"name":"Contatti"}]},{"@type":"WebSite","@id":"https:\/\/nightwatchepilepsy.com\/it\/#website","url":"https:\/\/nightwatchepilepsy.com\/it\/","name":"NightWatch","description":"Epilepsy seizure detection | Warns during sleep","publisher":{"@id":"https:\/\/nightwatchepilepsy.com\/it\/#organization"},"potentialAction":[{"@type":"SearchAction","target":{"@type":"EntryPoint","urlTemplate":"https:\/\/nightwatchepilepsy.com\/it\/?s={search_term_string}"},"query-input":{"@type":"PropertyValueSpecification","valueRequired":true,"valueName":"search_term_string"}}],"inLanguage":"it-IT"},{"@type":"Organization","@id":"https:\/\/nightwatchepilepsy.com\/it\/#organization","name":"NightWatch Epilepsy Seizure Detection","alternateName":"NightWatch","url":"https:\/\/nightwatchepilepsy.com\/it\/","logo":{"@type":"ImageObject","inLanguage":"it-IT","@id":"https:\/\/nightwatchepilepsy.com\/it\/#\/schema\/logo\/image\/","url":"https:\/\/nightwatchepilepsy.com\/wp-content\/uploads\/2023\/02\/NightWatch-Logo.png","contentUrl":"https:\/\/nightwatchepilepsy.com\/wp-content\/uploads\/2023\/02\/NightWatch-Logo.png","width":696,"height":696,"caption":"NightWatch Epilepsy Seizure Detection"},"image":{"@id":"https:\/\/nightwatchepilepsy.com\/it\/#\/schema\/logo\/image\/"},"sameAs":["https:\/\/www.facebook.com\/EpilepsySeizureDetectionEN","https:\/\/x.com\/NightWatchAlarm","https:\/\/www.linkedin.com\/company\/nightwatch-epilepsy-detection\/","https:\/\/www.instagram.com\/nightwatch_epilepsie_detectie\/"]}]}},"_links":{"self":[{"href":"https:\/\/nightwatchepilepsy.com\/it\/wp-json\/wp\/v2\/pages\/33451","targetHints":{"allow":["GET"]}}],"collection":[{"href":"https:\/\/nightwatchepilepsy.com\/it\/wp-json\/wp\/v2\/pages"}],"about":[{"href":"https:\/\/nightwatchepilepsy.com\/it\/wp-json\/wp\/v2\/types\/page"}],"author":[{"embeddable":true,"href":"https:\/\/nightwatchepilepsy.com\/it\/wp-json\/wp\/v2\/users\/2"}],"replies":[{"embeddable":true,"href":"https:\/\/nightwatchepilepsy.com\/it\/wp-json\/wp\/v2\/comments?post=33451"}],"version-history":[{"count":15,"href":"https:\/\/nightwatchepilepsy.com\/it\/wp-json\/wp\/v2\/pages\/33451\/revisions"}],"predecessor-version":[{"id":44392,"href":"https:\/\/nightwatchepilepsy.com\/it\/wp-json\/wp\/v2\/pages\/33451\/revisions\/44392"}],"wp:attachment":[{"href":"https:\/\/nightwatchepilepsy.com\/it\/wp-json\/wp\/v2\/media?parent=33451"}],"curies":[{"name":"wp","href":"https:\/\/api.w.org\/{rel}","templated":true}]}}