{"id":34170,"date":"2022-11-21T11:25:40","date_gmt":"2022-11-21T10:25:40","guid":{"rendered":"https:\/\/nightwatchepilepsy.com\/?page_id=34170"},"modified":"2025-01-10T16:39:52","modified_gmt":"2025-01-10T15:39:52","slug":"options-de-financement","status":"publish","type":"page","link":"https:\/\/nightwatchepilepsy.com\/fr\/options-de-financement\/","title":{"rendered":"Option de financement"},"content":{"rendered":"<p>[et_pb_section fb_built=\u00a0\u00bb1&Prime; _builder_version=\u00a0\u00bb4.16&Prime; _module_preset=\u00a0\u00bbdefault\u00a0\u00bb global_colors_info=\u00a0\u00bb{}\u00a0\u00bb][et_pb_row _builder_version=\u00a0\u00bb4.16&Prime; _module_preset=\u00a0\u00bbdefault\u00a0\u00bb global_colors_info=\u00a0\u00bb{}\u00a0\u00bb][et_pb_column type=\u00a0\u00bb4_4&Prime; _builder_version=\u00a0\u00bb4.16&Prime; _module_preset=\u00a0\u00bbdefault\u00a0\u00bb global_colors_info=\u00a0\u00bb{}\u00a0\u00bb][et_pb_text _builder_version=\u00a0\u00bb4.27.4&Prime; _module_preset=\u00a0\u00bbdefault\u00a0\u00bb hover_enabled=\u00a0\u00bb0&Prime; global_colors_info=\u00a0\u00bb{}\u00a0\u00bb sticky_enabled=\u00a0\u00bb0&Prime;]<\/p>\n<div id=\"comp-k8iu8wcp\" class=\"_1Q9if\" data-testid=\"richTextElement\">\n<h2 class=\"font_2\"><span>Options de financement<\/span><\/h2>\n<\/div>\n<div id=\"comp-k8iu8wcs\" class=\"_1Q9if\" data-testid=\"richTextElement\">\n<div>Depuis des ann\u00e9es, les patients plaident pour que les dispositifs de d\u00e9tection des crises approuv\u00e9s, tels que NightWatch, soient rembours\u00e9s par les assureurs-maladie \u00e0 ceux qui en ont besoin. C&rsquo;est d\u00e9j\u00e0 le cas dans certains pays,\u00a0mais en France, les assureurs-maladie ne sont pas encore all\u00e9es aussi loin.<\/div>\n<div><span><br \/>D\u2019ici l\u00e0, nous essayons de trouver des moyens avec les patients, les prestataires de soins de sant\u00e9 et les associations de patients pour que NightWatch reste accessible aux personnes qui ont vraiment besoin de la d\u00e9tection des crises mais qui n&rsquo;ont pas les moyens d&rsquo;acheter le dispositif NightWatch.<\/span><\/div>\n<p class=\"font_8\"><span>\u00a0<\/span><br \/><span><span lang=\"FR-CH\">Pour le remboursement ou le soutien financier, vous pouvez \u00e9galement penser aux possibilit\u00e9s suivantes pour la France :<\/span><\/span><\/p>\n<p><span><span lang=\"FR-CH\"><strong>1.<\/strong>\u00a0<strong>MDPH<\/strong><\/span><\/span><br \/><span><span lang=\"FR-CH\">La MDPH est la maison d\u00e9partementale des personnes handicap\u00e9es. Vous faites les demandes li\u00e9es \u00e0 votre handicap \u00e0 la MDPH du d\u00e9partement o\u00f9 vous habitez.<\/span><\/span><br \/><span><span lang=\"FR-CH\">Adresses MDPH sur tout le territoire :\u00a0<\/span><a href=\"https:\/\/lannuaire.service-public.fr\/navigation\/maison_handicapees\" target=\"_blank\" rel=\"noopener\">https:\/\/lannuaire.service-public.fr\/navigation\/maison_handicapees<\/a><\/span><\/p>\n<p><span><span lang=\"FR-CH\"><strong>2. MDA<br \/><\/strong>Les Maisons D\u00e9partementales de l\u2019Autonomie (MDA) sont mises en place dans certains d\u00e9partements dans une logique de rapprochement entre les services du conseil d\u00e9partemental et ceux de la MDPH (maison d\u00e9partementale des personnes handicap\u00e9es).<br \/><\/span><\/span><a href=\"https:\/\/www.pour-les-personnes-agees.gouv.fr\/preserver-son-autonomie-s-informer-et-anticiper\/a-qui-s-adresser\/la-maison-de-lautonomie\" target=\"_blank\" data-saferedirecturl=\"https:\/\/www.google.com\/url?q=https:\/\/www.pour-les-personnes-agees.gouv.fr\/preserver-son-autonomie-s-informer-et-anticiper\/a-qui-s-adresser\/la-maison-de-lautonomie&amp;source=gmail&amp;ust=1699005501634000&amp;usg=AOvVaw3lGshFdNxxZN_0i2RmBJNr\" rel=\"noopener\">https:\/\/www.pour-les-<wbr \/>personnes-agees.gouv.fr\/<wbr \/>preserver-son-autonomie-s-<wbr \/>informer-et-anticiper\/a-qui-s-<wbr \/>adresser\/la-maison-de-<wbr \/>lautonomie<\/a><span style=\"color: #3a3a3a; font-family: marianne-bold, Arial Rounded MT Bold, Roboto, Helvetica Neue, Helvetica, Arial, sans-serif;\"><br clear=\"all\" \/><\/span><\/p>\n<div><span>Dans certaines maisons d\u00e9partementales de l&rsquo;autonomie, il est possible de d<\/span><span>\u00e9poser des demandes de Prestations de Compensation du Handicap (PCH).<br \/><\/span><span><\/span><span><a href=\"https:\/\/www.pour-les-personnes-agees.gouv.fr\/vivre-a-domicile\/aides-financieres\/la-pch-prestation-de-compensation-du-handicap\" target=\"_blank\" data-saferedirecturl=\"https:\/\/www.google.com\/url?q=https:\/\/www.pour-les-personnes-agees.gouv.fr\/vivre-a-domicile\/aides-financieres\/la-pch-prestation-de-compensation-du-handicap&amp;source=gmail&amp;ust=1699005501634000&amp;usg=AOvVaw1yB9iR72Y1oRUqIetScPWk\" rel=\"noopener\">https:\/\/www.pour-les-<wbr \/>personnes-agees.gouv.fr\/vivre-<wbr \/>a-domicile\/aides-financieres\/<wbr \/>la-pch-prestation-de-<wbr \/>compensation-du-handicap<\/a><\/span><\/div>\n<div><strong><\/strong><\/div>\n<div><strong>3.<\/strong>\u00a0<strong>Votre caisse de retraite<br \/><\/strong>D\u00e9poser votre demande de transfert de frais aupr\u00e8s du service social (enfants handicap\u00e9s).<\/div>\n<p><span><span lang=\"FR-CH\"><strong>4.<\/strong>\u00a0<strong>Votre Assurance Maladie et la s\u00e9curit\u00e9 sociale<\/strong><\/span><\/span><br \/><span><span lang=\"FR-CH\">Peut-\u00eatre aussi penser \u00e0 la CMU. La Couverture maladie universelle (CMU) de base facilite l&rsquo;acc\u00e8s aux soins et le remboursement des frais de sant\u00e9 \u00e0 toute personne r\u00e9sidant en France de fa\u00e7on stable et r\u00e9guli\u00e8re et n&rsquo;\u00e9tant pas d\u00e9j\u00e0 couverte par un r\u00e9gime d&rsquo;Assurance maladie obligatoire (AMO).<\/span><\/span><\/p>\n<p><span><span lang=\"FR-CH\"><strong>5.<\/strong>\u00a0<strong>CAF &#8211; Caisse d&rsquo;allocations familiales<\/strong><\/span><\/span><br \/><span><span lang=\"FR-CH\">Adresses CAF\u00a0<\/span><span lang=\"FR-CH\">sur tout le territoire :\u00a0<\/span><a href=\"https:\/\/www.service-public.fr\/particuliers\/vosdroits\/R1165\" target=\"_blank\" rel=\"noopener\">https:\/\/www.service-public.fr\/particuliers\/vosdroits\/R1165<\/a><\/span><\/p>\n<p><span><span lang=\"FR-CH\"><strong>6.<\/strong>\u00a0En France, les entreprises de plus de 50 salari\u00e9s r\u00e9servent 0,2 % de l&rsquo;ensemble des salaires \u00e0 l&rsquo;aide sociale. Demandez plus d&rsquo;informations \u00e0 votre service des ressources humaines \u00e0 ce sujet.<\/span><\/span><\/p>\n<p><span><span lang=\"FR-CH\"><strong>7.<\/strong>\u00a0Collectez des fonds pour aider \u00e0 couvrir les frais m\u00e9dicaux, les d\u00e9penses et les traitements. Collecter de l&rsquo;argent pour votre projet via :\u00a0<\/span><a href=\"https:\/\/www.leetchi.com\/\" target=\"_blank\" rel=\"noopener\">https:\/\/www.leetchi.com<\/a><\/span><\/p>\n<p><span><span lang=\"FR-CH\">En tant que fabricant de NightWatch, nous essayons \u00e9galement de vous aider. Par exemple, nous proposons un paiement \u00e9chelonn\u00e9 pour vous donner plus de temps pour payer votre NightWatch.<\/span><\/span><\/p>\n<\/div>\n<p>[\/et_pb_text][\/et_pb_column][\/et_pb_row][\/et_pb_section]<\/p>\n","protected":false},"excerpt":{"rendered":"<p>Options de financement Depuis des ann\u00e9es, les patients plaident pour que les dispositifs de d\u00e9tection des crises approuv\u00e9s, tels que NightWatch, soient rembours\u00e9s par les assureurs-maladie \u00e0 ceux qui en ont besoin. C&rsquo;est d\u00e9j\u00e0 le cas dans certains pays,\u00a0mais en France, les assureurs-maladie ne sont pas encore all\u00e9es aussi loin. D\u2019ici l\u00e0, nous essayons de [&hellip;]<\/p>\n","protected":false},"author":3,"featured_media":0,"parent":0,"menu_order":0,"comment_status":"closed","ping_status":"closed","template":"","meta":{"_et_pb_use_builder":"on","_et_pb_old_content":"","_et_gb_content_width":"","footnotes":""},"class_list":["post-34170","page","type-page","status-publish","hentry"],"yoast_head":"<!-- This site is optimized with the Yoast SEO plugin v27.3 - https:\/\/yoast.com\/product\/yoast-seo-wordpress\/ -->\n<title>Option de financement - NightWatch<\/title>\n<meta name=\"robots\" content=\"index, follow, max-snippet:-1, max-image-preview:large, max-video-preview:-1\" \/>\n<link rel=\"canonical\" href=\"https:\/\/nightwatchepilepsy.com\/fr\/options-de-financement\/\" \/>\n<meta property=\"og:locale\" content=\"fr_FR\" \/>\n<meta property=\"og:type\" content=\"article\" \/>\n<meta property=\"og:title\" content=\"Option de financement - NightWatch\" \/>\n<meta property=\"og:description\" content=\"Options de financement Depuis des ann\u00e9es, les patients plaident pour que les dispositifs de d\u00e9tection des crises approuv\u00e9s, tels que NightWatch, soient rembours\u00e9s par les assureurs-maladie \u00e0 ceux qui en ont besoin. C&#039;est d\u00e9j\u00e0 le cas dans certains pays,\u00a0mais en France, les assureurs-maladie ne sont pas encore all\u00e9es aussi loin. D\u2019ici l\u00e0, nous essayons de [&hellip;]\" \/>\n<meta property=\"og:url\" content=\"https:\/\/nightwatchepilepsy.com\/fr\/options-de-financement\/\" \/>\n<meta property=\"og:site_name\" content=\"NightWatch\" \/>\n<meta property=\"article:publisher\" content=\"https:\/\/www.facebook.com\/EpilepsySeizureDetectionEN\" \/>\n<meta property=\"article:modified_time\" content=\"2025-01-10T15:39:52+00:00\" \/>\n<meta name=\"twitter:card\" content=\"summary_large_image\" \/>\n<meta name=\"twitter:site\" content=\"@NightWatchAlarm\" \/>\n<meta name=\"twitter:label1\" content=\"Dur\u00e9e de lecture estim\u00e9e\" \/>\n\t<meta name=\"twitter:data1\" content=\"2 minutes\" \/>\n<script type=\"application\/ld+json\" class=\"yoast-schema-graph\">{\"@context\":\"https:\\\/\\\/schema.org\",\"@graph\":[{\"@type\":\"WebPage\",\"@id\":\"https:\\\/\\\/nightwatchepilepsy.com\\\/fr\\\/options-de-financement\\\/\",\"url\":\"https:\\\/\\\/nightwatchepilepsy.com\\\/fr\\\/options-de-financement\\\/\",\"name\":\"Option de financement - NightWatch\",\"isPartOf\":{\"@id\":\"https:\\\/\\\/nightwatchepilepsy.com\\\/fr\\\/#website\"},\"datePublished\":\"2022-11-21T10:25:40+00:00\",\"dateModified\":\"2025-01-10T15:39:52+00:00\",\"breadcrumb\":{\"@id\":\"https:\\\/\\\/nightwatchepilepsy.com\\\/fr\\\/options-de-financement\\\/#breadcrumb\"},\"inLanguage\":\"fr-FR\",\"potentialAction\":[{\"@type\":\"ReadAction\",\"target\":[\"https:\\\/\\\/nightwatchepilepsy.com\\\/fr\\\/options-de-financement\\\/\"]}]},{\"@type\":\"BreadcrumbList\",\"@id\":\"https:\\\/\\\/nightwatchepilepsy.com\\\/fr\\\/options-de-financement\\\/#breadcrumb\",\"itemListElement\":[{\"@type\":\"ListItem\",\"position\":1,\"name\":\"Home\",\"item\":\"https:\\\/\\\/nightwatchepilepsy.com\\\/fr\\\/\"},{\"@type\":\"ListItem\",\"position\":2,\"name\":\"Option de financement\"}]},{\"@type\":\"WebSite\",\"@id\":\"https:\\\/\\\/nightwatchepilepsy.com\\\/fr\\\/#website\",\"url\":\"https:\\\/\\\/nightwatchepilepsy.com\\\/fr\\\/\",\"name\":\"NightWatch\",\"description\":\"Epilepsy seizure detection | Warns during sleep\",\"publisher\":{\"@id\":\"https:\\\/\\\/nightwatchepilepsy.com\\\/fr\\\/#organization\"},\"potentialAction\":[{\"@type\":\"SearchAction\",\"target\":{\"@type\":\"EntryPoint\",\"urlTemplate\":\"https:\\\/\\\/nightwatchepilepsy.com\\\/fr\\\/?s={search_term_string}\"},\"query-input\":{\"@type\":\"PropertyValueSpecification\",\"valueRequired\":true,\"valueName\":\"search_term_string\"}}],\"inLanguage\":\"fr-FR\"},{\"@type\":\"Organization\",\"@id\":\"https:\\\/\\\/nightwatchepilepsy.com\\\/fr\\\/#organization\",\"name\":\"NightWatch Epilepsy Seizure Detection\",\"alternateName\":\"NightWatch\",\"url\":\"https:\\\/\\\/nightwatchepilepsy.com\\\/fr\\\/\",\"logo\":{\"@type\":\"ImageObject\",\"inLanguage\":\"fr-FR\",\"@id\":\"https:\\\/\\\/nightwatchepilepsy.com\\\/fr\\\/#\\\/schema\\\/logo\\\/image\\\/\",\"url\":\"https:\\\/\\\/nightwatchepilepsy.com\\\/wp-content\\\/uploads\\\/2023\\\/02\\\/NightWatch-Logo.png\",\"contentUrl\":\"https:\\\/\\\/nightwatchepilepsy.com\\\/wp-content\\\/uploads\\\/2023\\\/02\\\/NightWatch-Logo.png\",\"width\":696,\"height\":696,\"caption\":\"NightWatch Epilepsy Seizure Detection\"},\"image\":{\"@id\":\"https:\\\/\\\/nightwatchepilepsy.com\\\/fr\\\/#\\\/schema\\\/logo\\\/image\\\/\"},\"sameAs\":[\"https:\\\/\\\/www.facebook.com\\\/EpilepsySeizureDetectionEN\",\"https:\\\/\\\/x.com\\\/NightWatchAlarm\",\"https:\\\/\\\/www.linkedin.com\\\/company\\\/nightwatch-epilepsy-detection\\\/\",\"https:\\\/\\\/www.instagram.com\\\/nightwatch_epilepsie_detectie\\\/\"]}]}<\/script>\n<!-- \/ Yoast SEO plugin. -->","yoast_head_json":{"title":"Option de financement - NightWatch","robots":{"index":"index","follow":"follow","max-snippet":"max-snippet:-1","max-image-preview":"max-image-preview:large","max-video-preview":"max-video-preview:-1"},"canonical":"https:\/\/nightwatchepilepsy.com\/fr\/options-de-financement\/","og_locale":"fr_FR","og_type":"article","og_title":"Option de financement - NightWatch","og_description":"Options de financement Depuis des ann\u00e9es, les patients plaident pour que les dispositifs de d\u00e9tection des crises approuv\u00e9s, tels que NightWatch, soient rembours\u00e9s par les assureurs-maladie \u00e0 ceux qui en ont besoin. C'est d\u00e9j\u00e0 le cas dans certains pays,\u00a0mais en France, les assureurs-maladie ne sont pas encore all\u00e9es aussi loin. D\u2019ici l\u00e0, nous essayons de [&hellip;]","og_url":"https:\/\/nightwatchepilepsy.com\/fr\/options-de-financement\/","og_site_name":"NightWatch","article_publisher":"https:\/\/www.facebook.com\/EpilepsySeizureDetectionEN","article_modified_time":"2025-01-10T15:39:52+00:00","twitter_card":"summary_large_image","twitter_site":"@NightWatchAlarm","twitter_misc":{"Dur\u00e9e de lecture estim\u00e9e":"2 minutes"},"schema":{"@context":"https:\/\/schema.org","@graph":[{"@type":"WebPage","@id":"https:\/\/nightwatchepilepsy.com\/fr\/options-de-financement\/","url":"https:\/\/nightwatchepilepsy.com\/fr\/options-de-financement\/","name":"Option de financement - NightWatch","isPartOf":{"@id":"https:\/\/nightwatchepilepsy.com\/fr\/#website"},"datePublished":"2022-11-21T10:25:40+00:00","dateModified":"2025-01-10T15:39:52+00:00","breadcrumb":{"@id":"https:\/\/nightwatchepilepsy.com\/fr\/options-de-financement\/#breadcrumb"},"inLanguage":"fr-FR","potentialAction":[{"@type":"ReadAction","target":["https:\/\/nightwatchepilepsy.com\/fr\/options-de-financement\/"]}]},{"@type":"BreadcrumbList","@id":"https:\/\/nightwatchepilepsy.com\/fr\/options-de-financement\/#breadcrumb","itemListElement":[{"@type":"ListItem","position":1,"name":"Home","item":"https:\/\/nightwatchepilepsy.com\/fr\/"},{"@type":"ListItem","position":2,"name":"Option de financement"}]},{"@type":"WebSite","@id":"https:\/\/nightwatchepilepsy.com\/fr\/#website","url":"https:\/\/nightwatchepilepsy.com\/fr\/","name":"NightWatch","description":"Epilepsy seizure detection | Warns during sleep","publisher":{"@id":"https:\/\/nightwatchepilepsy.com\/fr\/#organization"},"potentialAction":[{"@type":"SearchAction","target":{"@type":"EntryPoint","urlTemplate":"https:\/\/nightwatchepilepsy.com\/fr\/?s={search_term_string}"},"query-input":{"@type":"PropertyValueSpecification","valueRequired":true,"valueName":"search_term_string"}}],"inLanguage":"fr-FR"},{"@type":"Organization","@id":"https:\/\/nightwatchepilepsy.com\/fr\/#organization","name":"NightWatch Epilepsy Seizure Detection","alternateName":"NightWatch","url":"https:\/\/nightwatchepilepsy.com\/fr\/","logo":{"@type":"ImageObject","inLanguage":"fr-FR","@id":"https:\/\/nightwatchepilepsy.com\/fr\/#\/schema\/logo\/image\/","url":"https:\/\/nightwatchepilepsy.com\/wp-content\/uploads\/2023\/02\/NightWatch-Logo.png","contentUrl":"https:\/\/nightwatchepilepsy.com\/wp-content\/uploads\/2023\/02\/NightWatch-Logo.png","width":696,"height":696,"caption":"NightWatch Epilepsy Seizure Detection"},"image":{"@id":"https:\/\/nightwatchepilepsy.com\/fr\/#\/schema\/logo\/image\/"},"sameAs":["https:\/\/www.facebook.com\/EpilepsySeizureDetectionEN","https:\/\/x.com\/NightWatchAlarm","https:\/\/www.linkedin.com\/company\/nightwatch-epilepsy-detection\/","https:\/\/www.instagram.com\/nightwatch_epilepsie_detectie\/"]}]}},"_links":{"self":[{"href":"https:\/\/nightwatchepilepsy.com\/fr\/wp-json\/wp\/v2\/pages\/34170","targetHints":{"allow":["GET"]}}],"collection":[{"href":"https:\/\/nightwatchepilepsy.com\/fr\/wp-json\/wp\/v2\/pages"}],"about":[{"href":"https:\/\/nightwatchepilepsy.com\/fr\/wp-json\/wp\/v2\/types\/page"}],"author":[{"embeddable":true,"href":"https:\/\/nightwatchepilepsy.com\/fr\/wp-json\/wp\/v2\/users\/3"}],"replies":[{"embeddable":true,"href":"https:\/\/nightwatchepilepsy.com\/fr\/wp-json\/wp\/v2\/comments?post=34170"}],"version-history":[{"count":11,"href":"https:\/\/nightwatchepilepsy.com\/fr\/wp-json\/wp\/v2\/pages\/34170\/revisions"}],"predecessor-version":[{"id":39874,"href":"https:\/\/nightwatchepilepsy.com\/fr\/wp-json\/wp\/v2\/pages\/34170\/revisions\/39874"}],"wp:attachment":[{"href":"https:\/\/nightwatchepilepsy.com\/fr\/wp-json\/wp\/v2\/media?parent=34170"}],"curies":[{"name":"wp","href":"https:\/\/api.w.org\/{rel}","templated":true}]}}