{"id":30865,"date":"2022-04-05T20:09:04","date_gmt":"2022-04-05T19:09:04","guid":{"rendered":"https:\/\/nightwatchepilepsy.com\/?page_id=30865"},"modified":"2025-09-05T09:05:08","modified_gmt":"2025-09-05T08:05:08","slug":"demande-complete","status":"publish","type":"page","link":"https:\/\/nightwatchepilepsy.com\/fr\/demande-complete\/","title":{"rendered":"Demande compl\u00e8te"},"content":{"rendered":"<p>[et_pb_section fb_built=\u00a0\u00bb1&Prime; _builder_version=\u00a0\u00bb4.16&Prime; _module_preset=\u00a0\u00bbdefault\u00a0\u00bb global_colors_info=\u00a0\u00bb{}\u00a0\u00bb][et_pb_row column_structure=\u00a0\u00bb1_2,1_2&Prime; _builder_version=\u00a0\u00bb4.16&Prime; _module_preset=\u00a0\u00bbdefault\u00a0\u00bb global_colors_info=\u00a0\u00bb{}\u00a0\u00bb][et_pb_column type=\u00a0\u00bb1_2&Prime; _builder_version=\u00a0\u00bb4.16&Prime; _module_preset=\u00a0\u00bbdefault\u00a0\u00bb global_colors_info=\u00a0\u00bb{}\u00a0\u00bb][et_pb_text _builder_version=\u00a0\u00bb4.16.0&Prime; _module_preset=\u00a0\u00bbdefault\u00a0\u00bb global_colors_info=\u00a0\u00bb{}\u00a0\u00bb]<\/p>\n<div id=\"comp-k6qfmwk3\" class=\"_1Q9if\" data-testid=\"richTextElement\">\n<h2 class=\"font_2\"><span>Merci pour votre demande<\/span><\/h2>\n<\/div>\n<div id=\"comp-k6qfmwkn\" class=\"_1Q9if\" data-testid=\"richTextElement\">\n<p class=\"font_8\"><span>Vous avez re\u00e7u un e-mail contenant de plus amples informations sur la commande du syst\u00e8me NightWatch. Veuillez noter que ce message peut parfois se retrouver dans votre bo\u00eete de <span style=\"text-decoration: underline;\">SPAM<\/span>.<\/span><\/p>\n<p>Nous essaierons \u00e9galement de vous contacter par t\u00e9l\u00e9phone dans les plus brefs d\u00e9lais pour obtenir de plus amples informations et r\u00e9pondre \u00e0 vos questions. Notez notre num\u00e9ro de t\u00e9l\u00e9phone: <a href=\"Tel:+33985401571\">+33 (0)9 85 40 15 71<\/a>.<\/p>\n<p>Si vous souhaitez commander imm\u00e9diatement le dispositif NightWatch+, veuillez alors cliquer sur le bouton de commande ci-dessous.<\/p>\n<\/div>\n<p>[\/et_pb_text][et_pb_button button_url=\u00a0\u00bb@ET-DC@eyJkeW5hbWljIjp0cnVlLCJjb250ZW50IjoicG9zdF9saW5rX3VybF9wYWdlIiwic2V0dGluZ3MiOnsicG9zdF9pZCI6IjE3In19@\u00a0\u00bb button_text=\u00a0\u00bbFormuler la commande\u00a0\u00bb button_alignment=\u00a0\u00bbleft\u00a0\u00bb button_alignment_tablet=\u00a0\u00bbleft\u00a0\u00bb button_alignment_phone=\u00a0\u00bbcenter\u00a0\u00bb button_alignment_last_edited=\u00a0\u00bbon|phone\u00a0\u00bb _builder_version=\u00a0\u00bb4.16.0&Prime; _dynamic_attributes=\u00a0\u00bbbutton_url\u00a0\u00bb _module_preset=\u00a0\u00bbdefault\u00a0\u00bb global_colors_info=\u00a0\u00bb{}\u00a0\u00bb][\/et_pb_button][\/et_pb_column][et_pb_column type=\u00a0\u00bb1_2&Prime; _builder_version=\u00a0\u00bb4.16&Prime; _module_preset=\u00a0\u00bbdefault\u00a0\u00bb global_colors_info=\u00a0\u00bb{}\u00a0\u00bb][et_pb_image src=\u00a0\u00bbhttps:\/\/nightwatchepilepsy.com\/wp-content\/uploads\/2025\/04\/NightWatch_Alarm-stationSensor_colour.jpg\u00a0\u00bb title_text=\u00a0\u00bbNightWatch+_Alarm-station+Sensor_colour\u00a0\u00bb align_tablet=\u00a0\u00bb\u00a0\u00bb align_phone=\u00a0\u00bbcenter\u00a0\u00bb align_last_edited=\u00a0\u00bbon|phone\u00a0\u00bb _builder_version=\u00a0\u00bb4.27.4&Prime; _module_preset=\u00a0\u00bbdefault\u00a0\u00bb global_colors_info=\u00a0\u00bb{}\u00a0\u00bb][\/et_pb_image][\/et_pb_column][\/et_pb_row][\/et_pb_section]<\/p>\n","protected":false},"excerpt":{"rendered":"<p>Merci pour votre demande Vous avez re\u00e7u un e-mail contenant de plus amples informations sur la commande du syst\u00e8me NightWatch. Veuillez noter que ce message peut parfois se retrouver dans votre bo\u00eete de SPAM. Nous essaierons \u00e9galement de vous contacter par t\u00e9l\u00e9phone dans les plus brefs d\u00e9lais pour obtenir de plus amples informations et r\u00e9pondre [&hellip;]<\/p>\n","protected":false},"author":3,"featured_media":0,"parent":0,"menu_order":0,"comment_status":"closed","ping_status":"closed","template":"","meta":{"_et_pb_use_builder":"on","_et_pb_old_content":"","_et_gb_content_width":"","footnotes":""},"class_list":["post-30865","page","type-page","status-publish","hentry"],"yoast_head":"<!-- This site is optimized with the Yoast SEO plugin v27.4 - https:\/\/yoast.com\/product\/yoast-seo-wordpress\/ -->\n<title>Demande compl\u00e8te - NightWatch<\/title>\n<meta name=\"robots\" content=\"index, follow, max-snippet:-1, max-image-preview:large, max-video-preview:-1\" \/>\n<link rel=\"canonical\" href=\"https:\/\/nightwatchepilepsy.com\/fr\/demande-complete\/\" \/>\n<meta property=\"og:locale\" content=\"fr_FR\" \/>\n<meta property=\"og:type\" content=\"article\" \/>\n<meta property=\"og:title\" content=\"Demande compl\u00e8te - NightWatch\" \/>\n<meta property=\"og:description\" content=\"Merci pour votre demande Vous avez re\u00e7u un e-mail contenant de plus amples informations sur la commande du syst\u00e8me NightWatch. Veuillez noter que ce message peut parfois se retrouver dans votre bo\u00eete de SPAM. Nous essaierons \u00e9galement de vous contacter par t\u00e9l\u00e9phone dans les plus brefs d\u00e9lais pour obtenir de plus amples informations et r\u00e9pondre [&hellip;]\" \/>\n<meta property=\"og:url\" content=\"https:\/\/nightwatchepilepsy.com\/fr\/demande-complete\/\" \/>\n<meta property=\"og:site_name\" content=\"NightWatch\" \/>\n<meta property=\"article:publisher\" content=\"https:\/\/www.facebook.com\/EpilepsySeizureDetectionEN\" \/>\n<meta property=\"article:modified_time\" content=\"2025-09-05T08:05:08+00:00\" \/>\n<meta name=\"twitter:card\" content=\"summary_large_image\" \/>\n<meta name=\"twitter:site\" content=\"@NightWatchAlarm\" \/>\n<meta name=\"twitter:label1\" content=\"Dur\u00e9e de lecture estim\u00e9e\" \/>\n\t<meta name=\"twitter:data1\" content=\"1 minute\" \/>\n<script type=\"application\/ld+json\" class=\"yoast-schema-graph\">{\"@context\":\"https:\\\/\\\/schema.org\",\"@graph\":[{\"@type\":\"WebPage\",\"@id\":\"https:\\\/\\\/nightwatchepilepsy.com\\\/fr\\\/demande-complete\\\/\",\"url\":\"https:\\\/\\\/nightwatchepilepsy.com\\\/fr\\\/demande-complete\\\/\",\"name\":\"Demande compl\u00e8te - NightWatch\",\"isPartOf\":{\"@id\":\"https:\\\/\\\/nightwatchepilepsy.com\\\/fr\\\/#website\"},\"datePublished\":\"2022-04-05T19:09:04+00:00\",\"dateModified\":\"2025-09-05T08:05:08+00:00\",\"breadcrumb\":{\"@id\":\"https:\\\/\\\/nightwatchepilepsy.com\\\/fr\\\/demande-complete\\\/#breadcrumb\"},\"inLanguage\":\"fr-FR\",\"potentialAction\":[{\"@type\":\"ReadAction\",\"target\":[\"https:\\\/\\\/nightwatchepilepsy.com\\\/fr\\\/demande-complete\\\/\"]}]},{\"@type\":\"BreadcrumbList\",\"@id\":\"https:\\\/\\\/nightwatchepilepsy.com\\\/fr\\\/demande-complete\\\/#breadcrumb\",\"itemListElement\":[{\"@type\":\"ListItem\",\"position\":1,\"name\":\"Home\",\"item\":\"https:\\\/\\\/nightwatchepilepsy.com\\\/fr\\\/\"},{\"@type\":\"ListItem\",\"position\":2,\"name\":\"Demande compl\u00e8te\"}]},{\"@type\":\"WebSite\",\"@id\":\"https:\\\/\\\/nightwatchepilepsy.com\\\/fr\\\/#website\",\"url\":\"https:\\\/\\\/nightwatchepilepsy.com\\\/fr\\\/\",\"name\":\"NightWatch\",\"description\":\"Epilepsy seizure detection | Warns during sleep\",\"publisher\":{\"@id\":\"https:\\\/\\\/nightwatchepilepsy.com\\\/fr\\\/#organization\"},\"potentialAction\":[{\"@type\":\"SearchAction\",\"target\":{\"@type\":\"EntryPoint\",\"urlTemplate\":\"https:\\\/\\\/nightwatchepilepsy.com\\\/fr\\\/?s={search_term_string}\"},\"query-input\":{\"@type\":\"PropertyValueSpecification\",\"valueRequired\":true,\"valueName\":\"search_term_string\"}}],\"inLanguage\":\"fr-FR\"},{\"@type\":\"Organization\",\"@id\":\"https:\\\/\\\/nightwatchepilepsy.com\\\/fr\\\/#organization\",\"name\":\"NightWatch Epilepsy Seizure Detection\",\"alternateName\":\"NightWatch\",\"url\":\"https:\\\/\\\/nightwatchepilepsy.com\\\/fr\\\/\",\"logo\":{\"@type\":\"ImageObject\",\"inLanguage\":\"fr-FR\",\"@id\":\"https:\\\/\\\/nightwatchepilepsy.com\\\/fr\\\/#\\\/schema\\\/logo\\\/image\\\/\",\"url\":\"https:\\\/\\\/nightwatchepilepsy.com\\\/wp-content\\\/uploads\\\/2023\\\/02\\\/NightWatch-Logo.png\",\"contentUrl\":\"https:\\\/\\\/nightwatchepilepsy.com\\\/wp-content\\\/uploads\\\/2023\\\/02\\\/NightWatch-Logo.png\",\"width\":696,\"height\":696,\"caption\":\"NightWatch Epilepsy Seizure Detection\"},\"image\":{\"@id\":\"https:\\\/\\\/nightwatchepilepsy.com\\\/fr\\\/#\\\/schema\\\/logo\\\/image\\\/\"},\"sameAs\":[\"https:\\\/\\\/www.facebook.com\\\/EpilepsySeizureDetectionEN\",\"https:\\\/\\\/x.com\\\/NightWatchAlarm\",\"https:\\\/\\\/www.linkedin.com\\\/company\\\/nightwatch-epilepsy-detection\\\/\",\"https:\\\/\\\/www.instagram.com\\\/nightwatch_epilepsie_detectie\\\/\"]}]}<\/script>\n<!-- \/ Yoast SEO plugin. -->","yoast_head_json":{"title":"Demande compl\u00e8te - NightWatch","robots":{"index":"index","follow":"follow","max-snippet":"max-snippet:-1","max-image-preview":"max-image-preview:large","max-video-preview":"max-video-preview:-1"},"canonical":"https:\/\/nightwatchepilepsy.com\/fr\/demande-complete\/","og_locale":"fr_FR","og_type":"article","og_title":"Demande compl\u00e8te - NightWatch","og_description":"Merci pour votre demande Vous avez re\u00e7u un e-mail contenant de plus amples informations sur la commande du syst\u00e8me NightWatch. Veuillez noter que ce message peut parfois se retrouver dans votre bo\u00eete de SPAM. Nous essaierons \u00e9galement de vous contacter par t\u00e9l\u00e9phone dans les plus brefs d\u00e9lais pour obtenir de plus amples informations et r\u00e9pondre [&hellip;]","og_url":"https:\/\/nightwatchepilepsy.com\/fr\/demande-complete\/","og_site_name":"NightWatch","article_publisher":"https:\/\/www.facebook.com\/EpilepsySeizureDetectionEN","article_modified_time":"2025-09-05T08:05:08+00:00","twitter_card":"summary_large_image","twitter_site":"@NightWatchAlarm","twitter_misc":{"Dur\u00e9e de lecture estim\u00e9e":"1 minute"},"schema":{"@context":"https:\/\/schema.org","@graph":[{"@type":"WebPage","@id":"https:\/\/nightwatchepilepsy.com\/fr\/demande-complete\/","url":"https:\/\/nightwatchepilepsy.com\/fr\/demande-complete\/","name":"Demande compl\u00e8te - NightWatch","isPartOf":{"@id":"https:\/\/nightwatchepilepsy.com\/fr\/#website"},"datePublished":"2022-04-05T19:09:04+00:00","dateModified":"2025-09-05T08:05:08+00:00","breadcrumb":{"@id":"https:\/\/nightwatchepilepsy.com\/fr\/demande-complete\/#breadcrumb"},"inLanguage":"fr-FR","potentialAction":[{"@type":"ReadAction","target":["https:\/\/nightwatchepilepsy.com\/fr\/demande-complete\/"]}]},{"@type":"BreadcrumbList","@id":"https:\/\/nightwatchepilepsy.com\/fr\/demande-complete\/#breadcrumb","itemListElement":[{"@type":"ListItem","position":1,"name":"Home","item":"https:\/\/nightwatchepilepsy.com\/fr\/"},{"@type":"ListItem","position":2,"name":"Demande compl\u00e8te"}]},{"@type":"WebSite","@id":"https:\/\/nightwatchepilepsy.com\/fr\/#website","url":"https:\/\/nightwatchepilepsy.com\/fr\/","name":"NightWatch","description":"Epilepsy seizure detection | Warns during sleep","publisher":{"@id":"https:\/\/nightwatchepilepsy.com\/fr\/#organization"},"potentialAction":[{"@type":"SearchAction","target":{"@type":"EntryPoint","urlTemplate":"https:\/\/nightwatchepilepsy.com\/fr\/?s={search_term_string}"},"query-input":{"@type":"PropertyValueSpecification","valueRequired":true,"valueName":"search_term_string"}}],"inLanguage":"fr-FR"},{"@type":"Organization","@id":"https:\/\/nightwatchepilepsy.com\/fr\/#organization","name":"NightWatch Epilepsy Seizure Detection","alternateName":"NightWatch","url":"https:\/\/nightwatchepilepsy.com\/fr\/","logo":{"@type":"ImageObject","inLanguage":"fr-FR","@id":"https:\/\/nightwatchepilepsy.com\/fr\/#\/schema\/logo\/image\/","url":"https:\/\/nightwatchepilepsy.com\/wp-content\/uploads\/2023\/02\/NightWatch-Logo.png","contentUrl":"https:\/\/nightwatchepilepsy.com\/wp-content\/uploads\/2023\/02\/NightWatch-Logo.png","width":696,"height":696,"caption":"NightWatch Epilepsy Seizure Detection"},"image":{"@id":"https:\/\/nightwatchepilepsy.com\/fr\/#\/schema\/logo\/image\/"},"sameAs":["https:\/\/www.facebook.com\/EpilepsySeizureDetectionEN","https:\/\/x.com\/NightWatchAlarm","https:\/\/www.linkedin.com\/company\/nightwatch-epilepsy-detection\/","https:\/\/www.instagram.com\/nightwatch_epilepsie_detectie\/"]}]}},"_links":{"self":[{"href":"https:\/\/nightwatchepilepsy.com\/fr\/wp-json\/wp\/v2\/pages\/30865","targetHints":{"allow":["GET"]}}],"collection":[{"href":"https:\/\/nightwatchepilepsy.com\/fr\/wp-json\/wp\/v2\/pages"}],"about":[{"href":"https:\/\/nightwatchepilepsy.com\/fr\/wp-json\/wp\/v2\/types\/page"}],"author":[{"embeddable":true,"href":"https:\/\/nightwatchepilepsy.com\/fr\/wp-json\/wp\/v2\/users\/3"}],"replies":[{"embeddable":true,"href":"https:\/\/nightwatchepilepsy.com\/fr\/wp-json\/wp\/v2\/comments?post=30865"}],"version-history":[{"count":11,"href":"https:\/\/nightwatchepilepsy.com\/fr\/wp-json\/wp\/v2\/pages\/30865\/revisions"}],"predecessor-version":[{"id":42839,"href":"https:\/\/nightwatchepilepsy.com\/fr\/wp-json\/wp\/v2\/pages\/30865\/revisions\/42839"}],"wp:attachment":[{"href":"https:\/\/nightwatchepilepsy.com\/fr\/wp-json\/wp\/v2\/media?parent=30865"}],"curies":[{"name":"wp","href":"https:\/\/api.w.org\/{rel}","templated":true}]}}