{"id":27557,"date":"2021-11-07T16:29:07","date_gmt":"2021-11-07T15:29:07","guid":{"rendered":"https:\/\/nightwatchepilepsy.com\/returns\/"},"modified":"2025-04-09T11:03:04","modified_gmt":"2025-04-09T10:03:04","slug":"retour-fr","status":"publish","type":"page","link":"https:\/\/nightwatchepilepsy.com\/fr\/retour-fr\/","title":{"rendered":"Retour FR"},"content":{"rendered":"<p>[et_pb_section fb_built=\u00a0\u00bb1&Prime; _builder_version=\u00a0\u00bb4.16&Prime; _module_preset=\u00a0\u00bbdefault\u00a0\u00bb global_colors_info=\u00a0\u00bb{}\u00a0\u00bb][et_pb_row _builder_version=\u00a0\u00bb4.16&Prime; _module_preset=\u00a0\u00bbdefault\u00a0\u00bb custom_padding=\u00a0\u00bb||0px||false|false\u00a0\u00bb global_colors_info=\u00a0\u00bb{}\u00a0\u00bb][et_pb_column type=\u00a0\u00bb4_4&Prime; _builder_version=\u00a0\u00bb4.16&Prime; _module_preset=\u00a0\u00bbdefault\u00a0\u00bb global_colors_info=\u00a0\u00bb{}\u00a0\u00bb][et_pb_text _builder_version=\u00a0\u00bb4.27.4&Prime; _module_preset=\u00a0\u00bbdefault\u00a0\u00bb hover_enabled=\u00a0\u00bb0&Prime; global_colors_info=\u00a0\u00bb{}\u00a0\u00bb sticky_enabled=\u00a0\u00bb0&Prime;]<\/p>\n<section id=\"comp-jw0pvpcb\" class=\"_3d64y\">\n<div data-testid=\"columns\" class=\"_1uldx\">\n<div id=\"comp-jw0pvpdx\" class=\"_1vNJf\">\n<div data-mesh-id=\"comp-jw0pvpdxinlineContent\" data-testid=\"inline-content\" class=\"\">\n<div data-mesh-id=\"comp-jw0pvpdxinlineContent-gridContainer\" data-testid=\"mesh-container-content\">\n<div id=\"comp-jw0pvpe4\" class=\"_1Q9if\" data-testid=\"richTextElement\">\n<h2 class=\"font_2\"><span>Formulaire de retour<\/span><\/h2>\n<\/div>\n<div id=\"comp-jw0pvpeo\" class=\"_1Q9if\" data-testid=\"richTextElement\">\n<p class=\"font_8\"><span>Nous vous remercions d&rsquo;avoir essay\u00e9 NightWatch+. Nous aimerions conna\u00eetre vos exp\u00e9riences afin que nous puissions les utiliser pour d\u00e9velopper davantage NightWatch. Nous vous invitons \u00e0 remplir le questionnaire ci-dessous. Vous recevrez ensuite un e-mail contenant les instructions \u00e0 suivre pour retourner NightWatch+.<\/span><\/p>\n<\/div>\n<\/div>\n<\/div>\n<\/div>\n<\/div>\n<\/section>\n<p>[\/et_pb_text][\/et_pb_column][\/et_pb_row][et_pb_row column_structure=\u00a0\u00bb2_3,1_3&Prime; _builder_version=\u00a0\u00bb4.16&Prime; _module_preset=\u00a0\u00bbdefault\u00a0\u00bb vertical_offset=\u00a0\u00bb-20px\u00a0\u00bb custom_margin=\u00a0\u00bb0px||||false|false\u00a0\u00bb custom_padding=\u00a0\u00bb0px||||false|false\u00a0\u00bb global_colors_info=\u00a0\u00bb{}\u00a0\u00bb][et_pb_column type=\u00a0\u00bb2_3&Prime; _builder_version=\u00a0\u00bb4.16&Prime; _module_preset=\u00a0\u00bbdefault\u00a0\u00bb global_colors_info=\u00a0\u00bb{}\u00a0\u00bb][et_pb_code _builder_version=\u00a0\u00bb4.16&Prime; _module_preset=\u00a0\u00bbdefault\u00a0\u00bb custom_margin=\u00a0\u00bb||||false|false\u00a0\u00bb custom_padding=\u00a0\u00bb||||false|false\u00a0\u00bb global_colors_info=\u00a0\u00bb{}\u00a0\u00bb]<\/p>\n<div><!-- [et_pb_line_break_holder] -->  \u00a0<!-- [et_pb_line_break_holder] -->  <!-- form.123formbuilder.com script begins here --><script type=\"text\/javascript\" defer src=\"https:\/\/form.123formbuilder.com\/embed\/6070743.js\" data-role=\"form\" data-default-width=\"650px\"><\/script><!-- form.123formbuilder.com script ends here --><!-- [et_pb_line_break_holder] --><\/div>\n<p>[\/et_pb_code][\/et_pb_column][et_pb_column type=\u00a0\u00bb1_3&Prime; _builder_version=\u00a0\u00bb4.16&Prime; _module_preset=\u00a0\u00bbdefault\u00a0\u00bb global_colors_info=\u00a0\u00bb{}\u00a0\u00bb][\/et_pb_column][\/et_pb_row][\/et_pb_section]<\/p>\n","protected":false},"excerpt":{"rendered":"<p>Formulaire de retour Nous vous remercions d&rsquo;avoir essay\u00e9 NightWatch+. Nous aimerions conna\u00eetre vos exp\u00e9riences afin que nous puissions les utiliser pour d\u00e9velopper davantage NightWatch. Nous vous invitons \u00e0 remplir le questionnaire ci-dessous. Vous recevrez ensuite un e-mail contenant les instructions \u00e0 suivre pour retourner NightWatch+.<\/p>\n","protected":false},"author":1,"featured_media":0,"parent":0,"menu_order":0,"comment_status":"closed","ping_status":"closed","template":"","meta":{"_et_pb_use_builder":"on","_et_pb_old_content":"","_et_gb_content_width":"","footnotes":""},"class_list":["post-27557","page","type-page","status-publish","hentry"],"yoast_head":"<!-- This site is optimized with the Yoast SEO plugin v27.4 - https:\/\/yoast.com\/product\/yoast-seo-wordpress\/ -->\n<title>Formulaire de retour | NightWatch<\/title>\n<meta name=\"robots\" content=\"index, nofollow, max-snippet:-1, max-image-preview:large, max-video-preview:-1\" \/>\n<link rel=\"canonical\" href=\"https:\/\/nightwatchepilepsy.com\/fr\/retour-fr\/\" \/>\n<meta property=\"og:locale\" content=\"fr_FR\" \/>\n<meta property=\"og:type\" content=\"article\" \/>\n<meta property=\"og:title\" content=\"Formulaire de retour | NightWatch\" \/>\n<meta property=\"og:description\" content=\"Formulaire de retour Nous vous remercions d&#039;avoir essay\u00e9 NightWatch+. Nous aimerions conna\u00eetre vos exp\u00e9riences afin que nous puissions les utiliser pour d\u00e9velopper davantage NightWatch. Nous vous invitons \u00e0 remplir le questionnaire ci-dessous. Vous recevrez ensuite un e-mail contenant les instructions \u00e0 suivre pour retourner NightWatch+.\" \/>\n<meta property=\"og:url\" content=\"https:\/\/nightwatchepilepsy.com\/fr\/retour-fr\/\" \/>\n<meta property=\"og:site_name\" content=\"NightWatch\" \/>\n<meta property=\"article:publisher\" content=\"https:\/\/www.facebook.com\/EpilepsySeizureDetectionEN\" \/>\n<meta property=\"article:modified_time\" content=\"2025-04-09T10:03:04+00:00\" \/>\n<meta name=\"twitter:card\" content=\"summary_large_image\" \/>\n<meta name=\"twitter:site\" content=\"@NightWatchAlarm\" \/>\n<meta name=\"twitter:label1\" content=\"Dur\u00e9e de lecture estim\u00e9e\" \/>\n\t<meta name=\"twitter:data1\" content=\"1 minute\" \/>\n<script type=\"application\/ld+json\" class=\"yoast-schema-graph\">{\"@context\":\"https:\\\/\\\/schema.org\",\"@graph\":[{\"@type\":\"WebPage\",\"@id\":\"https:\\\/\\\/nightwatchepilepsy.com\\\/fr\\\/retour-fr\\\/\",\"url\":\"https:\\\/\\\/nightwatchepilepsy.com\\\/fr\\\/retour-fr\\\/\",\"name\":\"Formulaire de retour | NightWatch\",\"isPartOf\":{\"@id\":\"https:\\\/\\\/nightwatchepilepsy.com\\\/fr\\\/#website\"},\"datePublished\":\"2021-11-07T15:29:07+00:00\",\"dateModified\":\"2025-04-09T10:03:04+00:00\",\"breadcrumb\":{\"@id\":\"https:\\\/\\\/nightwatchepilepsy.com\\\/fr\\\/retour-fr\\\/#breadcrumb\"},\"inLanguage\":\"fr-FR\",\"potentialAction\":[{\"@type\":\"ReadAction\",\"target\":[\"https:\\\/\\\/nightwatchepilepsy.com\\\/fr\\\/retour-fr\\\/\"]}]},{\"@type\":\"BreadcrumbList\",\"@id\":\"https:\\\/\\\/nightwatchepilepsy.com\\\/fr\\\/retour-fr\\\/#breadcrumb\",\"itemListElement\":[{\"@type\":\"ListItem\",\"position\":1,\"name\":\"Home\",\"item\":\"https:\\\/\\\/nightwatchepilepsy.com\\\/fr\\\/\"},{\"@type\":\"ListItem\",\"position\":2,\"name\":\"Retour FR\"}]},{\"@type\":\"WebSite\",\"@id\":\"https:\\\/\\\/nightwatchepilepsy.com\\\/fr\\\/#website\",\"url\":\"https:\\\/\\\/nightwatchepilepsy.com\\\/fr\\\/\",\"name\":\"NightWatch\",\"description\":\"Epilepsy seizure detection | Warns during sleep\",\"publisher\":{\"@id\":\"https:\\\/\\\/nightwatchepilepsy.com\\\/fr\\\/#organization\"},\"potentialAction\":[{\"@type\":\"SearchAction\",\"target\":{\"@type\":\"EntryPoint\",\"urlTemplate\":\"https:\\\/\\\/nightwatchepilepsy.com\\\/fr\\\/?s={search_term_string}\"},\"query-input\":{\"@type\":\"PropertyValueSpecification\",\"valueRequired\":true,\"valueName\":\"search_term_string\"}}],\"inLanguage\":\"fr-FR\"},{\"@type\":\"Organization\",\"@id\":\"https:\\\/\\\/nightwatchepilepsy.com\\\/fr\\\/#organization\",\"name\":\"NightWatch Epilepsy Seizure Detection\",\"alternateName\":\"NightWatch\",\"url\":\"https:\\\/\\\/nightwatchepilepsy.com\\\/fr\\\/\",\"logo\":{\"@type\":\"ImageObject\",\"inLanguage\":\"fr-FR\",\"@id\":\"https:\\\/\\\/nightwatchepilepsy.com\\\/fr\\\/#\\\/schema\\\/logo\\\/image\\\/\",\"url\":\"https:\\\/\\\/nightwatchepilepsy.com\\\/wp-content\\\/uploads\\\/2023\\\/02\\\/NightWatch-Logo.png\",\"contentUrl\":\"https:\\\/\\\/nightwatchepilepsy.com\\\/wp-content\\\/uploads\\\/2023\\\/02\\\/NightWatch-Logo.png\",\"width\":696,\"height\":696,\"caption\":\"NightWatch Epilepsy Seizure Detection\"},\"image\":{\"@id\":\"https:\\\/\\\/nightwatchepilepsy.com\\\/fr\\\/#\\\/schema\\\/logo\\\/image\\\/\"},\"sameAs\":[\"https:\\\/\\\/www.facebook.com\\\/EpilepsySeizureDetectionEN\",\"https:\\\/\\\/x.com\\\/NightWatchAlarm\",\"https:\\\/\\\/www.linkedin.com\\\/company\\\/nightwatch-epilepsy-detection\\\/\",\"https:\\\/\\\/www.instagram.com\\\/nightwatch_epilepsie_detectie\\\/\"]}]}<\/script>\n<!-- \/ Yoast SEO plugin. -->","yoast_head_json":{"title":"Formulaire de retour | NightWatch","robots":{"index":"index","follow":"nofollow","max-snippet":"max-snippet:-1","max-image-preview":"max-image-preview:large","max-video-preview":"max-video-preview:-1"},"canonical":"https:\/\/nightwatchepilepsy.com\/fr\/retour-fr\/","og_locale":"fr_FR","og_type":"article","og_title":"Formulaire de retour | NightWatch","og_description":"Formulaire de retour Nous vous remercions d'avoir essay\u00e9 NightWatch+. Nous aimerions conna\u00eetre vos exp\u00e9riences afin que nous puissions les utiliser pour d\u00e9velopper davantage NightWatch. Nous vous invitons \u00e0 remplir le questionnaire ci-dessous. Vous recevrez ensuite un e-mail contenant les instructions \u00e0 suivre pour retourner NightWatch+.","og_url":"https:\/\/nightwatchepilepsy.com\/fr\/retour-fr\/","og_site_name":"NightWatch","article_publisher":"https:\/\/www.facebook.com\/EpilepsySeizureDetectionEN","article_modified_time":"2025-04-09T10:03:04+00:00","twitter_card":"summary_large_image","twitter_site":"@NightWatchAlarm","twitter_misc":{"Dur\u00e9e de lecture estim\u00e9e":"1 minute"},"schema":{"@context":"https:\/\/schema.org","@graph":[{"@type":"WebPage","@id":"https:\/\/nightwatchepilepsy.com\/fr\/retour-fr\/","url":"https:\/\/nightwatchepilepsy.com\/fr\/retour-fr\/","name":"Formulaire de retour | NightWatch","isPartOf":{"@id":"https:\/\/nightwatchepilepsy.com\/fr\/#website"},"datePublished":"2021-11-07T15:29:07+00:00","dateModified":"2025-04-09T10:03:04+00:00","breadcrumb":{"@id":"https:\/\/nightwatchepilepsy.com\/fr\/retour-fr\/#breadcrumb"},"inLanguage":"fr-FR","potentialAction":[{"@type":"ReadAction","target":["https:\/\/nightwatchepilepsy.com\/fr\/retour-fr\/"]}]},{"@type":"BreadcrumbList","@id":"https:\/\/nightwatchepilepsy.com\/fr\/retour-fr\/#breadcrumb","itemListElement":[{"@type":"ListItem","position":1,"name":"Home","item":"https:\/\/nightwatchepilepsy.com\/fr\/"},{"@type":"ListItem","position":2,"name":"Retour FR"}]},{"@type":"WebSite","@id":"https:\/\/nightwatchepilepsy.com\/fr\/#website","url":"https:\/\/nightwatchepilepsy.com\/fr\/","name":"NightWatch","description":"Epilepsy seizure detection | Warns during sleep","publisher":{"@id":"https:\/\/nightwatchepilepsy.com\/fr\/#organization"},"potentialAction":[{"@type":"SearchAction","target":{"@type":"EntryPoint","urlTemplate":"https:\/\/nightwatchepilepsy.com\/fr\/?s={search_term_string}"},"query-input":{"@type":"PropertyValueSpecification","valueRequired":true,"valueName":"search_term_string"}}],"inLanguage":"fr-FR"},{"@type":"Organization","@id":"https:\/\/nightwatchepilepsy.com\/fr\/#organization","name":"NightWatch Epilepsy Seizure Detection","alternateName":"NightWatch","url":"https:\/\/nightwatchepilepsy.com\/fr\/","logo":{"@type":"ImageObject","inLanguage":"fr-FR","@id":"https:\/\/nightwatchepilepsy.com\/fr\/#\/schema\/logo\/image\/","url":"https:\/\/nightwatchepilepsy.com\/wp-content\/uploads\/2023\/02\/NightWatch-Logo.png","contentUrl":"https:\/\/nightwatchepilepsy.com\/wp-content\/uploads\/2023\/02\/NightWatch-Logo.png","width":696,"height":696,"caption":"NightWatch Epilepsy Seizure Detection"},"image":{"@id":"https:\/\/nightwatchepilepsy.com\/fr\/#\/schema\/logo\/image\/"},"sameAs":["https:\/\/www.facebook.com\/EpilepsySeizureDetectionEN","https:\/\/x.com\/NightWatchAlarm","https:\/\/www.linkedin.com\/company\/nightwatch-epilepsy-detection\/","https:\/\/www.instagram.com\/nightwatch_epilepsie_detectie\/"]}]}},"_links":{"self":[{"href":"https:\/\/nightwatchepilepsy.com\/fr\/wp-json\/wp\/v2\/pages\/27557","targetHints":{"allow":["GET"]}}],"collection":[{"href":"https:\/\/nightwatchepilepsy.com\/fr\/wp-json\/wp\/v2\/pages"}],"about":[{"href":"https:\/\/nightwatchepilepsy.com\/fr\/wp-json\/wp\/v2\/types\/page"}],"author":[{"embeddable":true,"href":"https:\/\/nightwatchepilepsy.com\/fr\/wp-json\/wp\/v2\/users\/1"}],"replies":[{"embeddable":true,"href":"https:\/\/nightwatchepilepsy.com\/fr\/wp-json\/wp\/v2\/comments?post=27557"}],"version-history":[{"count":8,"href":"https:\/\/nightwatchepilepsy.com\/fr\/wp-json\/wp\/v2\/pages\/27557\/revisions"}],"predecessor-version":[{"id":40994,"href":"https:\/\/nightwatchepilepsy.com\/fr\/wp-json\/wp\/v2\/pages\/27557\/revisions\/40994"}],"wp:attachment":[{"href":"https:\/\/nightwatchepilepsy.com\/fr\/wp-json\/wp\/v2\/media?parent=27557"}],"curies":[{"name":"wp","href":"https:\/\/api.w.org\/{rel}","templated":true}]}}