{"id":27547,"date":"2021-10-23T13:29:33","date_gmt":"2021-10-23T12:29:33","guid":{"rendered":"https:\/\/nightwatchepilepsy.com\/return-policy\/"},"modified":"2025-11-26T16:35:03","modified_gmt":"2025-11-26T15:35:03","slug":"conditions-de-retour","status":"publish","type":"page","link":"https:\/\/nightwatchepilepsy.com\/fr\/conditions-de-retour\/","title":{"rendered":"Politique de retour"},"content":{"rendered":"<p>[et_pb_section fb_built=\u00a0\u00bb1&Prime; _builder_version=\u00a0\u00bb4.16&Prime; _module_preset=\u00a0\u00bbdefault\u00a0\u00bb global_colors_info=\u00a0\u00bb{}\u00a0\u00bb][et_pb_row _builder_version=\u00a0\u00bb4.16&Prime; _module_preset=\u00a0\u00bbdefault\u00a0\u00bb global_colors_info=\u00a0\u00bb{}\u00a0\u00bb][et_pb_column type=\u00a0\u00bb4_4&Prime; _builder_version=\u00a0\u00bb4.16&Prime; _module_preset=\u00a0\u00bbdefault\u00a0\u00bb global_colors_info=\u00a0\u00bb{}\u00a0\u00bb][et_pb_text _builder_version=\u00a0\u00bb4.27.4&Prime; _module_preset=\u00a0\u00bbdefault\u00a0\u00bb hover_enabled=\u00a0\u00bb0&Prime; global_colors_info=\u00a0\u00bb{}\u00a0\u00bb sticky_enabled=\u00a0\u00bb0&Prime;]<\/p>\n<div id=\"comp-kdk2ziwb1\" class=\"_1Q9if\" data-testid=\"richTextElement\">\n<h1 class=\"font_2\"><span>Politique de retour NightWatch+, LivAssured B.V.<\/span><\/h1>\n<\/div>\n<div id=\"comp-kdk2ziwk\" class=\"_1Q9if\" data-testid=\"richTextElement\">\n<p class=\"font_8\"><span>NightWatch+ peut \u00eatre retourn\u00e9e, et les remboursements seront bas\u00e9s sur les conditions suivantes \u00e9num\u00e9r\u00e9es ci-dessous :<\/span><\/p>\n<\/div>\n<p>[\/et_pb_text][et_pb_text _builder_version=\u00a0\u00bb4.16&Prime; _module_preset=\u00a0\u00bbdefault\u00a0\u00bb global_colors_info=\u00a0\u00bb{}\u00a0\u00bb]<\/p>\n<table border=\"0\" style=\"border-collapse: collapse; width: 100%; height: 96px; border: 0;\">\n<tbody>\n<tr style=\"height: 24px; background-color: #3d487e; color: #fff;\">\n<td style=\"width: 20%; height: 24px;\">P\u00e9riode de retour <\/td>\n<td style=\"height: 24px;\">% de remboursement<\/td>\n<\/tr>\n<tr style=\"height: 24px;\">\n<td style=\"height: 24px;\"><span>Dans les 30 jours <\/span><\/td>\n<td style=\"height: 24px;\">100%<\/td>\n<\/tr>\n<tr style=\"height: 24px;\">\n<td style=\"height: 24px;\"><span>1 \u00e0 3 mois<\/span><\/td>\n<td>70%<\/td>\n<\/tr>\n<tr style=\"height: 24px;\">\n<td style=\"height: 24px;\"><span>4 \u00e0 6 mois <\/span><\/td>\n<td style=\"height: 24px;\">50%<\/td>\n<\/tr>\n<\/tbody>\n<\/table>\n<p>[\/et_pb_text][et_pb_text _builder_version=\u00a0\u00bb4.27.4&Prime; _module_preset=\u00a0\u00bbdefault\u00a0\u00bb hover_enabled=\u00a0\u00bb0&Prime; global_colors_info=\u00a0\u00bb{}\u00a0\u00bb sticky_enabled=\u00a0\u00bb0&Prime;]<\/p>\n<p>Si vous choisissez de payer NightWatch+ apr\u00e8s la p\u00e9riode d&rsquo;essai de 30 jours, le paiement doit \u00eatre effectu\u00e9 en totalit\u00e9 \u00e0 la date des 30 jours.<\/p>\n<p>Si vous d\u00e9cidez de retourner NightWatch+, vous devez vous inscrire pour retourner NightWatch+ par t\u00e9l\u00e9phone ou par e-mail. Vous recevrez alors des instructions d\u00e9taill\u00e9es sur la proc\u00e9dure de retour par courrier \u00e9lectronique.<\/p>\n<p>Conditions de remboursement :<\/p>\n<ul>\n<li>NightWatch+ doit \u00eatre retourn\u00e9e en parfait \u00e9tat de fonctionnement, avec tous les accessoires inclus, la mallette, le manuel et les cartes plastifi\u00e9es. Ne retirez pas les \u00e9tiquettes du capteur ou de la station d&rsquo;alarme pendant la p\u00e9riode d&rsquo;essai.<\/li>\n<li>Assurez-vous que le capteur NightWatch+ est \u00e9teint avant de le placer dans la mallette. Laisser le capteur en mode \u00ab\u00a0allum\u00e9\u00a0\u00bb pendant de longues p\u00e9riodes sans le charger peut endommager la batterie, en particulier pendant le transport. Dans ce cas, des frais peuvent vous \u00eatre factur\u00e9s.<\/li>\n<li>Si une ou plusieurs pi\u00e8ces du syst\u00e8me NightWatch+ sont manquantes ou endommag\u00e9es, elles peuvent vous \u00eatre factur\u00e9es. Ceci ne s&rsquo;applique pas \u00e0 la bande \u00e9lastique, qui aura \u00e9t\u00e9 coup\u00e9e \u00e0 la bonne taille.<\/li>\n<li>L&rsquo;acheteur est responsable du retour de NightWatch+ \u00e0 l&rsquo;adresse de retour fournie par LivAssured. Nous vous recommandons vivement d&rsquo;utiliser un service de colis r\u00e9put\u00e9 ou l&rsquo;option \u00ab\u00a0\u00e0 signer\u00a0\u00bb au bureau de poste, car vous serez responsable de toute perte ou dommage.<\/li>\n<li>Veillez \u00e0 ce que NightWatch+ soit emball\u00e9e dans sa bo\u00eete d&rsquo;origine ou dans une bo\u00eete solide avec suffisamment de mat\u00e9riau de remplissage pour que l&rsquo;appareil ne se d\u00e9place pas et ne soit pas endommag\u00e9 pendant le transport.<\/li>\n<\/ul>\n<p>[\/et_pb_text][et_pb_text _builder_version=\u00a0\u00bb4.27.4&Prime; _module_preset=\u00a0\u00bbdefault\u00a0\u00bb hover_enabled=\u00a0\u00bb0&Prime; sticky_enabled=\u00a0\u00bb0&Prime;]<\/p>\n<p>Publi\u00e9 le : 29 octobre 2025, document CD_LEG12 v1.0<\/p>\n<p>[\/et_pb_text][\/et_pb_column][\/et_pb_row][\/et_pb_section]<\/p>\n","protected":false},"excerpt":{"rendered":"<p>Politique de retour NightWatch+, LivAssured B.V. NightWatch+ peut \u00eatre retourn\u00e9e, et les remboursements seront bas\u00e9s sur les conditions suivantes \u00e9num\u00e9r\u00e9es ci-dessous : P\u00e9riode de retour % de remboursement Dans les 30 jours 100% 1 \u00e0 3 mois 70% 4 \u00e0 6 mois 50% Si vous choisissez de payer NightWatch+ apr\u00e8s la p\u00e9riode d&rsquo;essai de 30 [&hellip;]<\/p>\n","protected":false},"author":1,"featured_media":0,"parent":0,"menu_order":0,"comment_status":"closed","ping_status":"closed","template":"","meta":{"_et_pb_use_builder":"on","_et_pb_old_content":"","_et_gb_content_width":"","footnotes":""},"class_list":["post-27547","page","type-page","status-publish","hentry"],"yoast_head":"<!-- This site is optimized with the Yoast SEO plugin v27.3 - https:\/\/yoast.com\/product\/yoast-seo-wordpress\/ -->\n<title>Politique de retour | NightWatch<\/title>\n<meta name=\"robots\" content=\"index, follow, max-snippet:-1, max-image-preview:large, max-video-preview:-1\" \/>\n<link rel=\"canonical\" href=\"https:\/\/nightwatchepilepsy.com\/fr\/conditions-de-retour\/\" \/>\n<meta property=\"og:locale\" content=\"fr_FR\" \/>\n<meta property=\"og:type\" content=\"article\" \/>\n<meta property=\"og:title\" content=\"Politique de retour | NightWatch\" \/>\n<meta property=\"og:description\" content=\"Politique de retour NightWatch+, LivAssured B.V. NightWatch+ peut \u00eatre retourn\u00e9e, et les remboursements seront bas\u00e9s sur les conditions suivantes \u00e9num\u00e9r\u00e9es ci-dessous : P\u00e9riode de retour % de remboursement Dans les 30 jours 100% 1 \u00e0 3 mois 70% 4 \u00e0 6 mois 50% Si vous choisissez de payer NightWatch+ apr\u00e8s la p\u00e9riode d&#039;essai de 30 [&hellip;]\" \/>\n<meta property=\"og:url\" content=\"https:\/\/nightwatchepilepsy.com\/fr\/conditions-de-retour\/\" \/>\n<meta property=\"og:site_name\" content=\"NightWatch\" \/>\n<meta property=\"article:publisher\" content=\"https:\/\/www.facebook.com\/EpilepsySeizureDetectionEN\" \/>\n<meta property=\"article:modified_time\" content=\"2025-11-26T15:35:03+00:00\" \/>\n<meta name=\"twitter:card\" content=\"summary_large_image\" \/>\n<meta name=\"twitter:site\" content=\"@NightWatchAlarm\" \/>\n<meta name=\"twitter:label1\" content=\"Dur\u00e9e de lecture estim\u00e9e\" \/>\n\t<meta name=\"twitter:data1\" content=\"2 minutes\" \/>\n<script type=\"application\/ld+json\" class=\"yoast-schema-graph\">{\"@context\":\"https:\\\/\\\/schema.org\",\"@graph\":[{\"@type\":\"WebPage\",\"@id\":\"https:\\\/\\\/nightwatchepilepsy.com\\\/fr\\\/conditions-de-retour\\\/\",\"url\":\"https:\\\/\\\/nightwatchepilepsy.com\\\/fr\\\/conditions-de-retour\\\/\",\"name\":\"Politique de retour | NightWatch\",\"isPartOf\":{\"@id\":\"https:\\\/\\\/nightwatchepilepsy.com\\\/fr\\\/#website\"},\"datePublished\":\"2021-10-23T12:29:33+00:00\",\"dateModified\":\"2025-11-26T15:35:03+00:00\",\"breadcrumb\":{\"@id\":\"https:\\\/\\\/nightwatchepilepsy.com\\\/fr\\\/conditions-de-retour\\\/#breadcrumb\"},\"inLanguage\":\"fr-FR\",\"potentialAction\":[{\"@type\":\"ReadAction\",\"target\":[\"https:\\\/\\\/nightwatchepilepsy.com\\\/fr\\\/conditions-de-retour\\\/\"]}]},{\"@type\":\"BreadcrumbList\",\"@id\":\"https:\\\/\\\/nightwatchepilepsy.com\\\/fr\\\/conditions-de-retour\\\/#breadcrumb\",\"itemListElement\":[{\"@type\":\"ListItem\",\"position\":1,\"name\":\"Home\",\"item\":\"https:\\\/\\\/nightwatchepilepsy.com\\\/fr\\\/\"},{\"@type\":\"ListItem\",\"position\":2,\"name\":\"Politique de retour\"}]},{\"@type\":\"WebSite\",\"@id\":\"https:\\\/\\\/nightwatchepilepsy.com\\\/fr\\\/#website\",\"url\":\"https:\\\/\\\/nightwatchepilepsy.com\\\/fr\\\/\",\"name\":\"NightWatch\",\"description\":\"Epilepsy seizure detection | Warns during sleep\",\"publisher\":{\"@id\":\"https:\\\/\\\/nightwatchepilepsy.com\\\/fr\\\/#organization\"},\"potentialAction\":[{\"@type\":\"SearchAction\",\"target\":{\"@type\":\"EntryPoint\",\"urlTemplate\":\"https:\\\/\\\/nightwatchepilepsy.com\\\/fr\\\/?s={search_term_string}\"},\"query-input\":{\"@type\":\"PropertyValueSpecification\",\"valueRequired\":true,\"valueName\":\"search_term_string\"}}],\"inLanguage\":\"fr-FR\"},{\"@type\":\"Organization\",\"@id\":\"https:\\\/\\\/nightwatchepilepsy.com\\\/fr\\\/#organization\",\"name\":\"NightWatch Epilepsy Seizure Detection\",\"alternateName\":\"NightWatch\",\"url\":\"https:\\\/\\\/nightwatchepilepsy.com\\\/fr\\\/\",\"logo\":{\"@type\":\"ImageObject\",\"inLanguage\":\"fr-FR\",\"@id\":\"https:\\\/\\\/nightwatchepilepsy.com\\\/fr\\\/#\\\/schema\\\/logo\\\/image\\\/\",\"url\":\"https:\\\/\\\/nightwatchepilepsy.com\\\/wp-content\\\/uploads\\\/2023\\\/02\\\/NightWatch-Logo.png\",\"contentUrl\":\"https:\\\/\\\/nightwatchepilepsy.com\\\/wp-content\\\/uploads\\\/2023\\\/02\\\/NightWatch-Logo.png\",\"width\":696,\"height\":696,\"caption\":\"NightWatch Epilepsy Seizure Detection\"},\"image\":{\"@id\":\"https:\\\/\\\/nightwatchepilepsy.com\\\/fr\\\/#\\\/schema\\\/logo\\\/image\\\/\"},\"sameAs\":[\"https:\\\/\\\/www.facebook.com\\\/EpilepsySeizureDetectionEN\",\"https:\\\/\\\/x.com\\\/NightWatchAlarm\",\"https:\\\/\\\/www.linkedin.com\\\/company\\\/nightwatch-epilepsy-detection\\\/\",\"https:\\\/\\\/www.instagram.com\\\/nightwatch_epilepsie_detectie\\\/\"]}]}<\/script>\n<!-- \/ Yoast SEO plugin. -->","yoast_head_json":{"title":"Politique de retour | NightWatch","robots":{"index":"index","follow":"follow","max-snippet":"max-snippet:-1","max-image-preview":"max-image-preview:large","max-video-preview":"max-video-preview:-1"},"canonical":"https:\/\/nightwatchepilepsy.com\/fr\/conditions-de-retour\/","og_locale":"fr_FR","og_type":"article","og_title":"Politique de retour | NightWatch","og_description":"Politique de retour NightWatch+, LivAssured B.V. NightWatch+ peut \u00eatre retourn\u00e9e, et les remboursements seront bas\u00e9s sur les conditions suivantes \u00e9num\u00e9r\u00e9es ci-dessous : P\u00e9riode de retour % de remboursement Dans les 30 jours 100% 1 \u00e0 3 mois 70% 4 \u00e0 6 mois 50% Si vous choisissez de payer NightWatch+ apr\u00e8s la p\u00e9riode d'essai de 30 [&hellip;]","og_url":"https:\/\/nightwatchepilepsy.com\/fr\/conditions-de-retour\/","og_site_name":"NightWatch","article_publisher":"https:\/\/www.facebook.com\/EpilepsySeizureDetectionEN","article_modified_time":"2025-11-26T15:35:03+00:00","twitter_card":"summary_large_image","twitter_site":"@NightWatchAlarm","twitter_misc":{"Dur\u00e9e de lecture estim\u00e9e":"2 minutes"},"schema":{"@context":"https:\/\/schema.org","@graph":[{"@type":"WebPage","@id":"https:\/\/nightwatchepilepsy.com\/fr\/conditions-de-retour\/","url":"https:\/\/nightwatchepilepsy.com\/fr\/conditions-de-retour\/","name":"Politique de retour | NightWatch","isPartOf":{"@id":"https:\/\/nightwatchepilepsy.com\/fr\/#website"},"datePublished":"2021-10-23T12:29:33+00:00","dateModified":"2025-11-26T15:35:03+00:00","breadcrumb":{"@id":"https:\/\/nightwatchepilepsy.com\/fr\/conditions-de-retour\/#breadcrumb"},"inLanguage":"fr-FR","potentialAction":[{"@type":"ReadAction","target":["https:\/\/nightwatchepilepsy.com\/fr\/conditions-de-retour\/"]}]},{"@type":"BreadcrumbList","@id":"https:\/\/nightwatchepilepsy.com\/fr\/conditions-de-retour\/#breadcrumb","itemListElement":[{"@type":"ListItem","position":1,"name":"Home","item":"https:\/\/nightwatchepilepsy.com\/fr\/"},{"@type":"ListItem","position":2,"name":"Politique de retour"}]},{"@type":"WebSite","@id":"https:\/\/nightwatchepilepsy.com\/fr\/#website","url":"https:\/\/nightwatchepilepsy.com\/fr\/","name":"NightWatch","description":"Epilepsy seizure detection | Warns during sleep","publisher":{"@id":"https:\/\/nightwatchepilepsy.com\/fr\/#organization"},"potentialAction":[{"@type":"SearchAction","target":{"@type":"EntryPoint","urlTemplate":"https:\/\/nightwatchepilepsy.com\/fr\/?s={search_term_string}"},"query-input":{"@type":"PropertyValueSpecification","valueRequired":true,"valueName":"search_term_string"}}],"inLanguage":"fr-FR"},{"@type":"Organization","@id":"https:\/\/nightwatchepilepsy.com\/fr\/#organization","name":"NightWatch Epilepsy Seizure Detection","alternateName":"NightWatch","url":"https:\/\/nightwatchepilepsy.com\/fr\/","logo":{"@type":"ImageObject","inLanguage":"fr-FR","@id":"https:\/\/nightwatchepilepsy.com\/fr\/#\/schema\/logo\/image\/","url":"https:\/\/nightwatchepilepsy.com\/wp-content\/uploads\/2023\/02\/NightWatch-Logo.png","contentUrl":"https:\/\/nightwatchepilepsy.com\/wp-content\/uploads\/2023\/02\/NightWatch-Logo.png","width":696,"height":696,"caption":"NightWatch Epilepsy Seizure Detection"},"image":{"@id":"https:\/\/nightwatchepilepsy.com\/fr\/#\/schema\/logo\/image\/"},"sameAs":["https:\/\/www.facebook.com\/EpilepsySeizureDetectionEN","https:\/\/x.com\/NightWatchAlarm","https:\/\/www.linkedin.com\/company\/nightwatch-epilepsy-detection\/","https:\/\/www.instagram.com\/nightwatch_epilepsie_detectie\/"]}]}},"_links":{"self":[{"href":"https:\/\/nightwatchepilepsy.com\/fr\/wp-json\/wp\/v2\/pages\/27547","targetHints":{"allow":["GET"]}}],"collection":[{"href":"https:\/\/nightwatchepilepsy.com\/fr\/wp-json\/wp\/v2\/pages"}],"about":[{"href":"https:\/\/nightwatchepilepsy.com\/fr\/wp-json\/wp\/v2\/types\/page"}],"author":[{"embeddable":true,"href":"https:\/\/nightwatchepilepsy.com\/fr\/wp-json\/wp\/v2\/users\/1"}],"replies":[{"embeddable":true,"href":"https:\/\/nightwatchepilepsy.com\/fr\/wp-json\/wp\/v2\/comments?post=27547"}],"version-history":[{"count":8,"href":"https:\/\/nightwatchepilepsy.com\/fr\/wp-json\/wp\/v2\/pages\/27547\/revisions"}],"predecessor-version":[{"id":43773,"href":"https:\/\/nightwatchepilepsy.com\/fr\/wp-json\/wp\/v2\/pages\/27547\/revisions\/43773"}],"wp:attachment":[{"href":"https:\/\/nightwatchepilepsy.com\/fr\/wp-json\/wp\/v2\/media?parent=27547"}],"curies":[{"name":"wp","href":"https:\/\/api.w.org\/{rel}","templated":true}]}}