{"id":27367,"date":"2021-04-25T15:10:11","date_gmt":"2021-04-25T14:10:11","guid":{"rendered":"https:\/\/nightwatchepilepsy.com\/order\/"},"modified":"2026-01-02T11:17:04","modified_gmt":"2026-01-02T10:17:04","slug":"commander","status":"publish","type":"page","link":"https:\/\/nightwatchepilepsy.com\/fr\/commander\/","title":{"rendered":"Commander domicile"},"content":{"rendered":"<p>[et_pb_section fb_built=\u00a0\u00bb1&Prime; _builder_version=\u00a0\u00bb4.16&Prime; _module_preset=\u00a0\u00bbdefault\u00a0\u00bb background_color=\u00a0\u00bb#f7f9fd\u00a0\u00bb global_colors_info=\u00a0\u00bb{}\u00a0\u00bb][et_pb_row _builder_version=\u00a0\u00bb4.16&Prime; _module_preset=\u00a0\u00bbdefault\u00a0\u00bb global_colors_info=\u00a0\u00bb{}\u00a0\u00bb][et_pb_column type=\u00a0\u00bb4_4&Prime; _builder_version=\u00a0\u00bb4.16&Prime; _module_preset=\u00a0\u00bbdefault\u00a0\u00bb global_colors_info=\u00a0\u00bb{}\u00a0\u00bb][et_pb_text _builder_version=\u00a0\u00bb4.27.5&Prime; _module_preset=\u00a0\u00bbdefault\u00a0\u00bb hover_enabled=\u00a0\u00bb0&Prime; global_colors_info=\u00a0\u00bb{}\u00a0\u00bb sticky_enabled=\u00a0\u00bb0&Prime;]<\/p>\n<div id=\"comp-k9e9w7b01\" class=\"_1Q9if\" data-testid=\"richTextElement\">\n<div id=\"bgLayers_comp-k8hdl8rz\" data-hook=\"bgLayers\" class=\"_3wnIc\">\n<div id=\"bgMedia_comp-k8hdl8rz\" class=\"_2GUhU\"><\/div>\n<\/div>\n<div data-mesh-id=\"comp-k8hdl8rzinlineContent\" data-testid=\"inline-content\" class=\"\">\n<div data-mesh-id=\"comp-k8hdl8rzinlineContent-gridContainer\" data-testid=\"mesh-container-content\">\n<div id=\"comp-k8hdl8s1\" class=\"_1Q9if\" data-testid=\"richTextElement\">\n<h2 class=\"font_2\"><span>Essayez NightWatch+ chez vous<\/span><\/h2>\n<\/div>\n<div id=\"comp-k8hdl8s3\" class=\"_1Q9if\" data-testid=\"richTextElement\">\n<h3 class=\"font_2\"><span><\/span><\/h3>\n<h3 class=\"font_2\"><span>Achetez NightWatch+ avec une p\u00e9riode d&rsquo;essai de 30 jours<\/span>\u200b<\/h3>\n<p class=\"font_8\"><strong><\/strong><\/p>\n<p class=\"font_8\"><strong>Prix :<\/strong><\/p>\n<p class=\"font_8\"><span>NightWatch+ co\u00fbte 1890 \u20ac. <\/span><span>Vous pouvez toujours essayer NightWatch+ pendant 30 jours. Nous demandons un acompte de 300 euros. Si vous n&rsquo;\u00eates pas satisfait(e) de NightWatch+ apr\u00e8s la p\u00e9riode d&rsquo;essai, nous vous rembourserons votre acompte d\u00e8s que nous aurons re\u00e7u le dispositif en retour.<\/span><\/p>\n<p class=\"font_8\"><strong>Vous recevrez :<\/strong><\/p>\n<ul>\n<li>Un syst\u00e8me NightWatch+ complet<\/li>\n<\/ul>\n<ul class=\"font_8\">\n<li>\n<p class=\"font_8\">Mallette de voyage gratuite<\/p>\n<\/li>\n<li>\n<p class=\"font_8\">Garantie de 2 ans<\/p>\n<\/li>\n<li>\n<p class=\"font_8\">Exp\u00e9dition gratuite<\/p>\n<\/li>\n<li>\n<p class=\"font_8\">Possibilit\u00e9 d&rsquo;utiliser gratuitement le portail NightWatch (version b\u00eata)<\/p>\n<\/li>\n<li>\n<p class=\"font_8\">Assistance gratuite en ligne et par t\u00e9l\u00e9phone de notre service d&rsquo;assistance.<\/p>\n<\/li>\n<\/ul>\n<p class=\"font_8\"><span><br \/>Si vous n&rsquo;\u00eates pas tout \u00e0 fait convaincu(e) apr\u00e8s la p\u00e9riode d&rsquo;essai de 30 jours ? Aucun probl\u00e8me ! Vous pouvez toujours retourner votre NightWatch+ au plus tard 6 mois apr\u00e8s la r\u00e9ception du dispositif et recevoir ainsi un remboursement partiel. <a href=\"\/fr\/conditions-de-retour\" data-kmt=\"1\">Lisez ici<\/a>\u00a0pour plus d&rsquo;informations sur la p\u00e9riode d&rsquo;essai et les conditions de retour.<\/span><\/p>\n<p class=\"font_8\"><span><span class=\"wixGuard\">\u200b<\/span>\u200b<\/span><span>Remplissez le formulaire ci-dessous pour demander un essai de votre NightWatch+. Normalement, votre commande est exp\u00e9di\u00e9e dans les 5 jours ouvrables. Nous vous contacterons, avant l&rsquo;envoi de votre commande, par t\u00e9l\u00e9phone pour planifier l&rsquo;envoi et r\u00e9pondre \u00e0 toutes vos questions.<\/span><\/p>\n<p class=\"font_8\"><strong><span class=\"wixGuard\">\u200b<\/span><\/strong><span><strong>Nous contacter :<\/strong><br \/><\/span><span>Si vous avez des questions, veuillez nous contacter au\u00a0<a href=\"tel:+33985401571\" data-kmt=\"1\" target=\"_blank\" rel=\"noopener\">+33 (0)9 85 40 15 71<\/a>\u00a0ou envoyer un e-mail \u00e0\u00a0<a href=\"mailto:info@nightwatch.fr\" target=\"_blank\" data-kmt=\"1\" rel=\"noopener\">info@nightwatch.fr<\/a><\/span><\/p>\n<\/div>\n<\/div>\n<\/div>\n<\/div>\n<p>[\/et_pb_text][\/et_pb_column][\/et_pb_row][\/et_pb_section][et_pb_section fb_built=\u00a0\u00bb1&Prime; _builder_version=\u00a0\u00bb4.16&Prime; _module_preset=\u00a0\u00bbdefault\u00a0\u00bb background_color=\u00a0\u00bb#eef7ea\u00a0\u00bb global_colors_info=\u00a0\u00bb{}\u00a0\u00bb][et_pb_row column_structure=\u00a0\u00bb2_3,1_3&Prime; _builder_version=\u00a0\u00bb4.16&Prime; _module_preset=\u00a0\u00bbdefault\u00a0\u00bb vertical_offset=\u00a0\u00bb-20px\u00a0\u00bb custom_margin=\u00a0\u00bb0px||||false|false\u00a0\u00bb custom_padding=\u00a0\u00bb0px||||false|false\u00a0\u00bb global_colors_info=\u00a0\u00bb{}\u00a0\u00bb][et_pb_column type=\u00a0\u00bb2_3&Prime; _builder_version=\u00a0\u00bb4.16&Prime; _module_preset=\u00a0\u00bbdefault\u00a0\u00bb global_colors_info=\u00a0\u00bb{}\u00a0\u00bb][et_pb_code _builder_version=\u00a0\u00bb4.16&Prime; _module_preset=\u00a0\u00bbdefault\u00a0\u00bb text_orientation=\u00a0\u00bbcenter\u00a0\u00bb global_colors_info=\u00a0\u00bb{}\u00a0\u00bb]<\/p>\n<div><!-- [et_pb_line_break_holder] --><!-- form.123formbuilder.com script begins here --><script type=\"text\/javascript\" defer src=\"https:\/\/form.123formbuilder.com\/embed\/6065144.js\" data-role=\"form\" data-default-width=\"650px\"><\/script><!-- form.123formbuilder.com script ends here --><!-- [et_pb_line_break_holder] --><\/div>\n<p><!-- [et_pb_line_break_holder] -->[\/et_pb_code][\/et_pb_column][et_pb_column type=\u00a0\u00bb1_3&Prime; _builder_version=\u00a0\u00bb4.16&Prime; _module_preset=\u00a0\u00bbdefault\u00a0\u00bb global_colors_info=\u00a0\u00bb{}\u00a0\u00bb][\/et_pb_column][\/et_pb_row][et_pb_row _builder_version=\u00a0\u00bb4.16&Prime; _module_preset=\u00a0\u00bbdefault\u00a0\u00bb custom_padding=\u00a0\u00bb0px||||false|false\u00a0\u00bb global_colors_info=\u00a0\u00bb{}\u00a0\u00bb][et_pb_column type=\u00a0\u00bb4_4&Prime; _builder_version=\u00a0\u00bb4.16&Prime; _module_preset=\u00a0\u00bbdefault\u00a0\u00bb global_colors_info=\u00a0\u00bb{}\u00a0\u00bb][et_pb_text _builder_version=\u00a0\u00bb4.27.4&Prime; _module_preset=\u00a0\u00bbdefault\u00a0\u00bb global_colors_info=\u00a0\u00bb{}\u00a0\u00bb]<\/p>\n<p class=\"font_8\">Si vous souhaitez utiliser NightWatch+ dans un environnement professionnel de sant\u00e9,<span>\u00a0<\/span><span><a href=\"https:\/\/www.afevi.eu\/accueil\/62-nightwatch-pour-%C3%A9tablissements-d-accueil-et-de-soins.html\" target=\"_blank\" rel=\"noopener noreferrer\" data-kmt=\"1\">cliquez ici<\/a><\/span><\/p>\n<p class=\"font_8\"><span class=\"wixGuard\">\u200b<\/span>LivAssured B.V. Num\u00e9ro de TVA : NL852748450B01<\/p>\n<p>[\/et_pb_text][\/et_pb_column][\/et_pb_row][\/et_pb_section]<\/p>\n","protected":false},"excerpt":{"rendered":"<p>Essayez NightWatch+ chez vous Achetez NightWatch+ avec une p\u00e9riode d&rsquo;essai de 30 jours\u200b Prix : NightWatch+ co\u00fbte 1890 \u20ac. Vous pouvez toujours essayer NightWatch+ pendant 30 jours. Nous demandons un acompte de 300 euros. Si vous n&rsquo;\u00eates pas satisfait(e) de NightWatch+ apr\u00e8s la p\u00e9riode d&rsquo;essai, nous vous rembourserons votre acompte d\u00e8s que nous aurons re\u00e7u [&hellip;]<\/p>\n","protected":false},"author":1,"featured_media":40222,"parent":0,"menu_order":0,"comment_status":"closed","ping_status":"closed","template":"","meta":{"_et_pb_use_builder":"on","_et_pb_old_content":"","_et_gb_content_width":"","footnotes":""},"class_list":["post-27367","page","type-page","status-publish","has-post-thumbnail","hentry"],"yoast_head":"<!-- This site is optimized with the Yoast SEO plugin v27.3 - https:\/\/yoast.com\/product\/yoast-seo-wordpress\/ -->\n<title>Commander | NightWatch+ | Utilisation \u00e0 domicile<\/title>\n<meta name=\"description\" content=\"Commandez NightWatch+ pour un usage domestique.\" \/>\n<meta name=\"robots\" content=\"index, nofollow, max-snippet:-1, max-image-preview:large, max-video-preview:-1\" \/>\n<link rel=\"canonical\" href=\"https:\/\/nightwatchepilepsy.com\/fr\/commander\/\" \/>\n<meta property=\"og:locale\" content=\"fr_FR\" \/>\n<meta property=\"og:type\" content=\"article\" \/>\n<meta property=\"og:title\" content=\"Commander | NightWatch+ | Utilisation \u00e0 domicile\" \/>\n<meta property=\"og:description\" content=\"Commandez NightWatch+ pour un usage domestique.\" \/>\n<meta property=\"og:url\" content=\"https:\/\/nightwatchepilepsy.com\/fr\/commander\/\" \/>\n<meta property=\"og:site_name\" content=\"NightWatch\" \/>\n<meta property=\"article:publisher\" content=\"https:\/\/www.facebook.com\/EpilepsySeizureDetectionEN\" \/>\n<meta property=\"article:modified_time\" content=\"2026-01-02T10:17:04+00:00\" \/>\n<meta property=\"og:image\" content=\"https:\/\/nightwatchepilepsy.com\/wp-content\/uploads\/2024\/12\/NightWatch_arm-modulebase-station_medium-shadow_cut.png\" \/>\n\t<meta property=\"og:image:width\" content=\"822\" \/>\n\t<meta property=\"og:image:height\" content=\"720\" \/>\n\t<meta property=\"og:image:type\" content=\"image\/png\" \/>\n<meta name=\"twitter:card\" content=\"summary_large_image\" \/>\n<meta name=\"twitter:image\" content=\"https:\/\/nightwatchepilepsy.com\/wp-content\/uploads\/2022\/02\/NightWatch_basisstationarmmodule.png\" \/>\n<meta name=\"twitter:site\" content=\"@NightWatchAlarm\" \/>\n<meta name=\"twitter:label1\" content=\"Dur\u00e9e de lecture estim\u00e9e\" \/>\n\t<meta name=\"twitter:data1\" content=\"2 minutes\" \/>\n<script type=\"application\/ld+json\" class=\"yoast-schema-graph\">{\"@context\":\"https:\\\/\\\/schema.org\",\"@graph\":[{\"@type\":\"WebPage\",\"@id\":\"https:\\\/\\\/nightwatchepilepsy.com\\\/fr\\\/commander\\\/\",\"url\":\"https:\\\/\\\/nightwatchepilepsy.com\\\/fr\\\/commander\\\/\",\"name\":\"Commander | NightWatch+ | Utilisation \u00e0 domicile\",\"isPartOf\":{\"@id\":\"https:\\\/\\\/nightwatchepilepsy.com\\\/fr\\\/#website\"},\"primaryImageOfPage\":{\"@id\":\"https:\\\/\\\/nightwatchepilepsy.com\\\/fr\\\/commander\\\/#primaryimage\"},\"image\":{\"@id\":\"https:\\\/\\\/nightwatchepilepsy.com\\\/fr\\\/commander\\\/#primaryimage\"},\"thumbnailUrl\":\"https:\\\/\\\/nightwatchepilepsy.com\\\/wp-content\\\/uploads\\\/2025\\\/02\\\/NW_arm-module_light-shadow_small.png\",\"datePublished\":\"2021-04-25T14:10:11+00:00\",\"dateModified\":\"2026-01-02T10:17:04+00:00\",\"description\":\"Commandez NightWatch+ pour un usage domestique.\",\"breadcrumb\":{\"@id\":\"https:\\\/\\\/nightwatchepilepsy.com\\\/fr\\\/commander\\\/#breadcrumb\"},\"inLanguage\":\"fr-FR\",\"potentialAction\":[{\"@type\":\"ReadAction\",\"target\":[\"https:\\\/\\\/nightwatchepilepsy.com\\\/fr\\\/commander\\\/\"]}]},{\"@type\":\"ImageObject\",\"inLanguage\":\"fr-FR\",\"@id\":\"https:\\\/\\\/nightwatchepilepsy.com\\\/fr\\\/commander\\\/#primaryimage\",\"url\":\"https:\\\/\\\/nightwatchepilepsy.com\\\/wp-content\\\/uploads\\\/2025\\\/02\\\/NW_arm-module_light-shadow_small.png\",\"contentUrl\":\"https:\\\/\\\/nightwatchepilepsy.com\\\/wp-content\\\/uploads\\\/2025\\\/02\\\/NW_arm-module_light-shadow_small.png\",\"width\":720,\"height\":720},{\"@type\":\"BreadcrumbList\",\"@id\":\"https:\\\/\\\/nightwatchepilepsy.com\\\/fr\\\/commander\\\/#breadcrumb\",\"itemListElement\":[{\"@type\":\"ListItem\",\"position\":1,\"name\":\"Home\",\"item\":\"https:\\\/\\\/nightwatchepilepsy.com\\\/fr\\\/\"},{\"@type\":\"ListItem\",\"position\":2,\"name\":\"Commander domicile\"}]},{\"@type\":\"WebSite\",\"@id\":\"https:\\\/\\\/nightwatchepilepsy.com\\\/fr\\\/#website\",\"url\":\"https:\\\/\\\/nightwatchepilepsy.com\\\/fr\\\/\",\"name\":\"NightWatch\",\"description\":\"Epilepsy seizure detection | Warns during sleep\",\"publisher\":{\"@id\":\"https:\\\/\\\/nightwatchepilepsy.com\\\/fr\\\/#organization\"},\"potentialAction\":[{\"@type\":\"SearchAction\",\"target\":{\"@type\":\"EntryPoint\",\"urlTemplate\":\"https:\\\/\\\/nightwatchepilepsy.com\\\/fr\\\/?s={search_term_string}\"},\"query-input\":{\"@type\":\"PropertyValueSpecification\",\"valueRequired\":true,\"valueName\":\"search_term_string\"}}],\"inLanguage\":\"fr-FR\"},{\"@type\":\"Organization\",\"@id\":\"https:\\\/\\\/nightwatchepilepsy.com\\\/fr\\\/#organization\",\"name\":\"NightWatch Epilepsy Seizure Detection\",\"alternateName\":\"NightWatch\",\"url\":\"https:\\\/\\\/nightwatchepilepsy.com\\\/fr\\\/\",\"logo\":{\"@type\":\"ImageObject\",\"inLanguage\":\"fr-FR\",\"@id\":\"https:\\\/\\\/nightwatchepilepsy.com\\\/fr\\\/#\\\/schema\\\/logo\\\/image\\\/\",\"url\":\"https:\\\/\\\/nightwatchepilepsy.com\\\/wp-content\\\/uploads\\\/2023\\\/02\\\/NightWatch-Logo.png\",\"contentUrl\":\"https:\\\/\\\/nightwatchepilepsy.com\\\/wp-content\\\/uploads\\\/2023\\\/02\\\/NightWatch-Logo.png\",\"width\":696,\"height\":696,\"caption\":\"NightWatch Epilepsy Seizure Detection\"},\"image\":{\"@id\":\"https:\\\/\\\/nightwatchepilepsy.com\\\/fr\\\/#\\\/schema\\\/logo\\\/image\\\/\"},\"sameAs\":[\"https:\\\/\\\/www.facebook.com\\\/EpilepsySeizureDetectionEN\",\"https:\\\/\\\/x.com\\\/NightWatchAlarm\",\"https:\\\/\\\/www.linkedin.com\\\/company\\\/nightwatch-epilepsy-detection\\\/\",\"https:\\\/\\\/www.instagram.com\\\/nightwatch_epilepsie_detectie\\\/\"]}]}<\/script>\n<!-- \/ Yoast SEO plugin. -->","yoast_head_json":{"title":"Commander | NightWatch+ | Utilisation \u00e0 domicile","description":"Commandez NightWatch+ pour un usage domestique.","robots":{"index":"index","follow":"nofollow","max-snippet":"max-snippet:-1","max-image-preview":"max-image-preview:large","max-video-preview":"max-video-preview:-1"},"canonical":"https:\/\/nightwatchepilepsy.com\/fr\/commander\/","og_locale":"fr_FR","og_type":"article","og_title":"Commander | NightWatch+ | Utilisation \u00e0 domicile","og_description":"Commandez NightWatch+ pour un usage domestique.","og_url":"https:\/\/nightwatchepilepsy.com\/fr\/commander\/","og_site_name":"NightWatch","article_publisher":"https:\/\/www.facebook.com\/EpilepsySeizureDetectionEN","article_modified_time":"2026-01-02T10:17:04+00:00","og_image":[{"width":822,"height":720,"url":"https:\/\/nightwatchepilepsy.com\/wp-content\/uploads\/2024\/12\/NightWatch_arm-modulebase-station_medium-shadow_cut.png","type":"image\/png"}],"twitter_card":"summary_large_image","twitter_image":"https:\/\/nightwatchepilepsy.com\/wp-content\/uploads\/2022\/02\/NightWatch_basisstationarmmodule.png","twitter_site":"@NightWatchAlarm","twitter_misc":{"Dur\u00e9e de lecture estim\u00e9e":"2 minutes"},"schema":{"@context":"https:\/\/schema.org","@graph":[{"@type":"WebPage","@id":"https:\/\/nightwatchepilepsy.com\/fr\/commander\/","url":"https:\/\/nightwatchepilepsy.com\/fr\/commander\/","name":"Commander | NightWatch+ | Utilisation \u00e0 domicile","isPartOf":{"@id":"https:\/\/nightwatchepilepsy.com\/fr\/#website"},"primaryImageOfPage":{"@id":"https:\/\/nightwatchepilepsy.com\/fr\/commander\/#primaryimage"},"image":{"@id":"https:\/\/nightwatchepilepsy.com\/fr\/commander\/#primaryimage"},"thumbnailUrl":"https:\/\/nightwatchepilepsy.com\/wp-content\/uploads\/2025\/02\/NW_arm-module_light-shadow_small.png","datePublished":"2021-04-25T14:10:11+00:00","dateModified":"2026-01-02T10:17:04+00:00","description":"Commandez NightWatch+ pour un usage domestique.","breadcrumb":{"@id":"https:\/\/nightwatchepilepsy.com\/fr\/commander\/#breadcrumb"},"inLanguage":"fr-FR","potentialAction":[{"@type":"ReadAction","target":["https:\/\/nightwatchepilepsy.com\/fr\/commander\/"]}]},{"@type":"ImageObject","inLanguage":"fr-FR","@id":"https:\/\/nightwatchepilepsy.com\/fr\/commander\/#primaryimage","url":"https:\/\/nightwatchepilepsy.com\/wp-content\/uploads\/2025\/02\/NW_arm-module_light-shadow_small.png","contentUrl":"https:\/\/nightwatchepilepsy.com\/wp-content\/uploads\/2025\/02\/NW_arm-module_light-shadow_small.png","width":720,"height":720},{"@type":"BreadcrumbList","@id":"https:\/\/nightwatchepilepsy.com\/fr\/commander\/#breadcrumb","itemListElement":[{"@type":"ListItem","position":1,"name":"Home","item":"https:\/\/nightwatchepilepsy.com\/fr\/"},{"@type":"ListItem","position":2,"name":"Commander domicile"}]},{"@type":"WebSite","@id":"https:\/\/nightwatchepilepsy.com\/fr\/#website","url":"https:\/\/nightwatchepilepsy.com\/fr\/","name":"NightWatch","description":"Epilepsy seizure detection | Warns during sleep","publisher":{"@id":"https:\/\/nightwatchepilepsy.com\/fr\/#organization"},"potentialAction":[{"@type":"SearchAction","target":{"@type":"EntryPoint","urlTemplate":"https:\/\/nightwatchepilepsy.com\/fr\/?s={search_term_string}"},"query-input":{"@type":"PropertyValueSpecification","valueRequired":true,"valueName":"search_term_string"}}],"inLanguage":"fr-FR"},{"@type":"Organization","@id":"https:\/\/nightwatchepilepsy.com\/fr\/#organization","name":"NightWatch Epilepsy Seizure Detection","alternateName":"NightWatch","url":"https:\/\/nightwatchepilepsy.com\/fr\/","logo":{"@type":"ImageObject","inLanguage":"fr-FR","@id":"https:\/\/nightwatchepilepsy.com\/fr\/#\/schema\/logo\/image\/","url":"https:\/\/nightwatchepilepsy.com\/wp-content\/uploads\/2023\/02\/NightWatch-Logo.png","contentUrl":"https:\/\/nightwatchepilepsy.com\/wp-content\/uploads\/2023\/02\/NightWatch-Logo.png","width":696,"height":696,"caption":"NightWatch Epilepsy Seizure Detection"},"image":{"@id":"https:\/\/nightwatchepilepsy.com\/fr\/#\/schema\/logo\/image\/"},"sameAs":["https:\/\/www.facebook.com\/EpilepsySeizureDetectionEN","https:\/\/x.com\/NightWatchAlarm","https:\/\/www.linkedin.com\/company\/nightwatch-epilepsy-detection\/","https:\/\/www.instagram.com\/nightwatch_epilepsie_detectie\/"]}]}},"_links":{"self":[{"href":"https:\/\/nightwatchepilepsy.com\/fr\/wp-json\/wp\/v2\/pages\/27367","targetHints":{"allow":["GET"]}}],"collection":[{"href":"https:\/\/nightwatchepilepsy.com\/fr\/wp-json\/wp\/v2\/pages"}],"about":[{"href":"https:\/\/nightwatchepilepsy.com\/fr\/wp-json\/wp\/v2\/types\/page"}],"author":[{"embeddable":true,"href":"https:\/\/nightwatchepilepsy.com\/fr\/wp-json\/wp\/v2\/users\/1"}],"replies":[{"embeddable":true,"href":"https:\/\/nightwatchepilepsy.com\/fr\/wp-json\/wp\/v2\/comments?post=27367"}],"version-history":[{"count":24,"href":"https:\/\/nightwatchepilepsy.com\/fr\/wp-json\/wp\/v2\/pages\/27367\/revisions"}],"predecessor-version":[{"id":44010,"href":"https:\/\/nightwatchepilepsy.com\/fr\/wp-json\/wp\/v2\/pages\/27367\/revisions\/44010"}],"wp:featuredmedia":[{"embeddable":true,"href":"https:\/\/nightwatchepilepsy.com\/fr\/wp-json\/wp\/v2\/media\/40222"}],"wp:attachment":[{"href":"https:\/\/nightwatchepilepsy.com\/fr\/wp-json\/wp\/v2\/media?parent=27367"}],"curies":[{"name":"wp","href":"https:\/\/api.w.org\/{rel}","templated":true}]}}