{"id":27354,"date":"2021-04-25T15:47:50","date_gmt":"2021-04-25T14:47:50","guid":{"rendered":"https:\/\/nightwatchepilepsy.com\/aanvragen\/"},"modified":"2025-11-01T10:23:59","modified_gmt":"2025-11-01T09:23:59","slug":"demander","status":"publish","type":"page","link":"https:\/\/nightwatchepilepsy.com\/fr\/demander\/","title":{"rendered":"Demander"},"content":{"rendered":"<p>[et_pb_section fb_built=\u00a0\u00bb1&Prime; _builder_version=\u00a0\u00bb4.16&Prime; _module_preset=\u00a0\u00bbdefault\u00a0\u00bb custom_padding=\u00a0\u00bb50px||30px||false|false\u00a0\u00bb global_colors_info=\u00a0\u00bb{}\u00a0\u00bb][et_pb_row _builder_version=\u00a0\u00bb4.27.4&Prime; _module_preset=\u00a0\u00bbdefault\u00a0\u00bb][et_pb_column _builder_version=\u00a0\u00bb4.27.4&Prime; _module_preset=\u00a0\u00bbdefault\u00a0\u00bb type=\u00a0\u00bb4_4&Prime;][et_pb_text _builder_version=\u00a0\u00bb4.27.4&Prime; _module_preset=\u00a0\u00bbdefault\u00a0\u00bb hover_enabled=\u00a0\u00bb0&Prime; sticky_enabled=\u00a0\u00bb0&Prime;]<\/p>\n<h1>Essai NightWatch+<\/h1>\n<p>[\/et_pb_text][\/et_pb_column][\/et_pb_row][et_pb_row column_structure=\u00a0\u00bb3_5,2_5&Prime; _builder_version=\u00a0\u00bb4.16&Prime; _module_preset=\u00a0\u00bbdefault\u00a0\u00bb custom_padding=\u00a0\u00bb||0px||false|false\u00a0\u00bb locked=\u00a0\u00bboff\u00a0\u00bb global_colors_info=\u00a0\u00bb{}\u00a0\u00bb][et_pb_column type=\u00a0\u00bb3_5&Prime; _builder_version=\u00a0\u00bb4.16&Prime; _module_preset=\u00a0\u00bbdefault\u00a0\u00bb global_colors_info=\u00a0\u00bb{}\u00a0\u00bb][et_pb_text content_tablet=\u00a0\u00bb<\/p>\n<p class=%22font_2%22>\n<div id=%22bgLayers_comp-ju4fjlcr%22 data-hook=%22bgLayers%22 class=%22_3wnIc%22>\n<div id=%22bgMedia_comp-ju4fjlcr%22 class=%22_2GUhU%22><\/div>\n<\/div>\n<table border=%220%22 style=%22border-collapse: collapse; width: 100%; height: 106px; border: 0px;%22>\n<tbody>\n<tr style=%22height: 24px;%22>\n<td style=%22width: 14%; height: 24px; border: 0;%22><a href=%22\/nightwatch_ico_lightning\/%22><img src=%22\/nightwatch_ico_lightning\/%22 width=%22300%22 height=%22300%22 alt=%22%22 class=%22wp-image-26113 alignnone size-medium%22 \/><\/a><\/td>\n<td style=%22width: 90%; height: 24px; border: 0;%22>\n<p>Alarmes sonores et visuelles en cas d&rsquo;\u00e9ventuelle crise d&rsquo;\u00e9pilepsie<\/p>\n<\/td>\n<\/tr>\n<tr style=%22height: 24px;%22>\n<td style=%22height: 24px; border: 0;%22><img src=%22\/nightwatch_ico_ready\/%22 width=%22300%22 height=%22300%22 alt=%22%22 class=%22wp-image-26093 alignnone size-medium%22 \/><\/td>\n<td style=%22height: 24px; border: 0;%22>\n<p>Pr\u00eat \u00e0 l&#8217;emploi, aucune configuration n&rsquo;est requise<\/p>\n<\/td>\n<\/tr>\n<tr style=%22height: 24px;%22>\n<td style=%22height: 24px; border: 0;%22><img src=%22\/nightwatch_ico_transfer\/%22 width=%22300%22 height=%22300%22 alt=%22%22 class=%22wp-image-26089 alignnone size-medium%22 \/><\/td>\n<td style=%22height: 24px; border: 0;%22>Les alarmes peuvent \u00eatre transmises aux syst\u00e8mes d&rsquo;appel infirmier<\/td>\n<\/tr>\n<tr style=%22height: 24px;%22>\n<td style=%22height: 24px; border: 0;%22><img src=%22\/nightwatch_ico_wifi\/%22 width=%22300%22 height=%22300%22 alt=%22%22 class=%22wp-image-26097 alignnone size-medium%22 \/><\/td>\n<td style=%22height: 24px; border: 0;%22>\n<p><span style=%22font-weight: 400;%22>Acc\u00e8s gratuit au portail NightWatch pour le suivi des crises<\/span><\/p>\n<\/td>\n<\/tr>\n<tr style=%22height: 24px;%22>\n<td style=%22height: 24px; border: 0px; width: 14%;%22><img src=%22\/nightwatch_ico_configure\/%22 width=%22300%22 height=%22300%22 alt=%22%22 class=%22wp-image-26097 alignnone size-medium%22 \/><\/td>\n<td style=%22height: 24px; border: 0px; width: 90%;%22>\n<p>Sans entretien pour une utilisation quotidienne<\/p>\n<\/td>\n<\/tr>\n<\/tbody>\n<\/table>\n<p>\u00a0\u00bb content_phone=\u00a0\u00bb<\/p>\n<p class=%22font_2%22>\n<div id=%22bgLayers_comp-ju4fjlcr%22 data-hook=%22bgLayers%22 class=%22_3wnIc%22>\n<div id=%22bgMedia_comp-ju4fjlcr%22 class=%22_2GUhU%22><\/div>\n<\/div>\n<table border=%220%22 style=%22border-collapse: collapse; width: 100%; height: 96px; border: 0;%22>\n<tbody>\n<tr style=%22height: 24px;%22>\n<td style=%22width: 24%; height: 24px; border: 0;%22><a href=%22\/nightwatch_ico_lightning\/%22><img src=%22\/nightwatch_ico_lightning\/%22 width=%22300%22 height=%22300%22 alt=%22%22 class=%22wp-image-26113 alignnone size-medium%22 \/><\/a><\/td>\n<td style=%22width: 90%; height: 24px; border: 0;%22>\n<p>Alarmes sonores et visuelles en cas d&rsquo;\u00e9ventuelle crise d&rsquo;\u00e9pilepsie<\/p>\n<\/td>\n<\/tr>\n<tr style=%22height: 24px;%22>\n<td style=%22height: 24px; border: 0;%22><img src=%22\/nightwatch_ico_ready\/%22 width=%22300%22 height=%22300%22 alt=%22%22 class=%22wp-image-26093 alignnone size-medium%22 \/><\/td>\n<td style=%22height: 24px; border: 0;%22>\n<p>Pr\u00eat \u00e0 l&#8217;emploi, aucune configuration n&rsquo;est requise<\/p>\n<\/td>\n<\/tr>\n<tr style=%22height: 24px;%22>\n<td style=%22height: 24px; border: 0;%22><img src=%22\/nightwatch_ico_transfer\/%22 width=%22300%22 height=%22300%22 alt=%22%22 class=%22wp-image-26089 alignnone size-medium%22 \/><\/td>\n<td style=%22height: 24px; border: 0;%22>Les alarmes peuvent \u00eatre transmises aux syst\u00e8mes d&rsquo;appel infirmier<\/td>\n<\/tr>\n<tr style=%22height: 24px;%22>\n<td style=%22height: 24px; border: 0;%22><img src=%22\/nightwatch_ico_wifi\/%22 width=%22300%22 height=%22300%22 alt=%22%22 class=%22wp-image-26097 alignnone size-medium%22 \/><\/td>\n<td style=%22height: 24px; border: 0;%22>\n<p><span style=%22font-weight: 400;%22>Acc\u00e8s gratuit au portail NightWatch pour le suivi des crises<\/span><\/p>\n<\/td>\n<\/tr>\n<tr style=%22height: 24px;%22>\n<td style=%22height: 24px; border: 0px; width: 14%;%22><img src=%22\/nightwatch_ico_configure\/%22 width=%22300%22 height=%22300%22 alt=%22%22 class=%22wp-image-26097 alignnone size-medium%22 \/><\/td>\n<td style=%22height: 24px; border: 0px; width: 90%;%22>\n<p>Sans entretien pour une utilisation quotidienne<\/p>\n<\/td>\n<\/tr>\n<\/tbody>\n<\/table>\n<p>\u00a0\u00bb content_last_edited=\u00a0\u00bbon|phone\u00a0\u00bb _builder_version=\u00a0\u00bb4.27.4&Prime; _module_preset=\u00a0\u00bbdefault\u00a0\u00bb width=\u00a0\u00bb105%\u00a0\u00bb width_tablet=\u00a0\u00bb105%\u00a0\u00bb width_phone=\u00a0\u00bb105%\u00a0\u00bb width_last_edited=\u00a0\u00bbon|desktop\u00a0\u00bb custom_padding=\u00a0\u00bb|0px||||\u00a0\u00bb hover_enabled=\u00a0\u00bb0&Prime; locked=\u00a0\u00bboff\u00a0\u00bb global_colors_info=\u00a0\u00bb{}\u00a0\u00bb sticky_enabled=\u00a0\u00bb0&Prime;]<\/p>\n<p class=\"font_2\">\n<table border=\"0\" style=\"border-collapse: collapse; width: 100%; height: 96px; border: 0;\">\n<tbody>\n<tr style=\"height: 24px;\">\n<td style=\"width: 14%; height: 24px; border: 0;\"><a href=\"\/nightwatch_ico_lightning\/\"><img loading=\"lazy\" decoding=\"async\" src=\"\/nightwatch_ico_lightning\/\" width=\"300\" height=\"300\" alt=\"\" class=\"wp-image-26113 alignnone size-medium\" \/><\/a><\/td>\n<td style=\"width: 90%; height: 24px; border: 0;\">Alarmes sonores et visuelles en cas d&rsquo;\u00e9ventuelle crise d&rsquo;\u00e9pilepsie<\/td>\n<\/tr>\n<tr style=\"height: 24px;\">\n<td style=\"height: 24px; border: 0px; width: 14%;\"><img loading=\"lazy\" decoding=\"async\" src=\"\/nightwatch_ico_ready\/\" width=\"300\" height=\"300\" alt=\"\" class=\"wp-image-26093 alignnone size-medium\" \/><\/td>\n<td style=\"height: 24px; border: 0px; width: 90%;\">Pr\u00eat \u00e0 l&#8217;emploi, aucune configuration n&rsquo;est requise<\/td>\n<\/tr>\n<tr style=\"height: 24px;\">\n<td style=\"height: 24px; border: 0px; width: 14%;\"><img loading=\"lazy\" decoding=\"async\" src=\"\/nightwatch_ico_transfer\/\" width=\"300\" height=\"300\" alt=\"\" class=\"wp-image-26089 alignnone size-medium\" \/><\/td>\n<td style=\"height: 24px; border: 0px; width: 90%;\">Les alarmes peuvent \u00eatre transmises aux syst\u00e8mes d&rsquo;appel<br \/>infirmier<\/td>\n<\/tr>\n<tr style=\"height: 24px;\">\n<td style=\"height: 24px; border: 0px; width: 14%;\"><img loading=\"lazy\" decoding=\"async\" src=\"\/nightwatch_ico_wifi\/\" width=\"300\" height=\"300\" alt=\"\" class=\"wp-image-26097 alignnone size-medium\" \/><\/td>\n<td style=\"height: 24px; border: 0px; width: 90%;\"><span style=\"font-weight: 400;\">Acc\u00e8s gratuit au portail NightWatch pour le suivi des crises<\/span><\/td>\n<\/tr>\n<tr style=\"height: 24px;\">\n<td style=\"height: 24px; border: 0px; width: 14%;\"><img loading=\"lazy\" decoding=\"async\" src=\"\/nightwatch_ico_configure\/\" width=\"300\" height=\"300\" alt=\"\" class=\"wp-image-26097 alignnone size-medium\" \/><\/td>\n<td style=\"height: 24px; border: 0px; width: 90%;\">Sans entretien pour une utilisation quotidienne<\/td>\n<\/tr>\n<\/tbody>\n<\/table>\n<p>&nbsp;<\/p>\n<p>[\/et_pb_text][\/et_pb_column][et_pb_column type=\u00a0\u00bb2_5&Prime; _builder_version=\u00a0\u00bb4.16&Prime; _module_preset=\u00a0\u00bbdefault\u00a0\u00bb global_colors_info=\u00a0\u00bb{}\u00a0\u00bb][et_pb_image src=\u00a0\u00bbhttps:\/\/nightwatchepilepsy.com\/wp-content\/uploads\/2024\/12\/NightWatch_travelcase.jpg\u00a0\u00bb title_text=\u00a0\u00bbNightWatch+_travelcase\u00a0\u00bb _builder_version=\u00a0\u00bb4.27.4&Prime; _module_preset=\u00a0\u00bbdefault\u00a0\u00bb custom_margin=\u00a0\u00bb||||false|false\u00a0\u00bb custom_margin_tablet=\u00a0\u00bb50px||||false|false\u00a0\u00bb custom_margin_phone=\u00a0\u00bb0px||||false|false\u00a0\u00bb custom_margin_last_edited=\u00a0\u00bboff|desktop\u00a0\u00bb hover_enabled=\u00a0\u00bb0&Prime; global_colors_info=\u00a0\u00bb{}\u00a0\u00bb sticky_enabled=\u00a0\u00bb0&Prime;][\/et_pb_image][\/et_pb_column][\/et_pb_row][\/et_pb_section][et_pb_section fb_built=\u00a0\u00bb1&Prime; _builder_version=\u00a0\u00bb4.16&Prime; _module_preset=\u00a0\u00bbdefault\u00a0\u00bb custom_margin=\u00a0\u00bb0px||0px||false|false\u00a0\u00bb custom_padding=\u00a0\u00bb0px||50px||false|false\u00a0\u00bb global_colors_info=\u00a0\u00bb{}\u00a0\u00bb][et_pb_row _builder_version=\u00a0\u00bb4.27.4&Prime; _module_preset=\u00a0\u00bbdefault\u00a0\u00bb custom_padding=\u00a0\u00bb0px||||false|false\u00a0\u00bb global_colors_info=\u00a0\u00bb{}\u00a0\u00bb][et_pb_column type=\u00a0\u00bb4_4&Prime; _builder_version=\u00a0\u00bb4.16&Prime; _module_preset=\u00a0\u00bbdefault\u00a0\u00bb global_colors_info=\u00a0\u00bb{}\u00a0\u00bb][et_pb_text _builder_version=\u00a0\u00bb4.27.4&Prime; _module_preset=\u00a0\u00bbdefault\u00a0\u00bb custom_margin=\u00a0\u00bb||||false|false\u00a0\u00bb custom_padding=\u00a0\u00bb||||false|false\u00a0\u00bb global_colors_info=\u00a0\u00bb{}\u00a0\u00bb]<\/p>\n<div id=\"comp-k8ammpn9\" class=\"_2bafp\" data-testid=\"richTextElement\">\n<div id=\"bgLayers_comp-k8amsfj2\" data-hook=\"bgLayers\" class=\"_3wnIc\">\n<div id=\"bgMedia_comp-k8amsfj2\" class=\"_2GUhU\">\n<p dir=\"ltr\"><span>En France, un dispositif de d\u00e9tection d&rsquo;\u00e9pilepsie n&rsquo;est pas encore syst\u00e9matiquement rembours\u00e9 par les assurances maladie, mais vous pourriez b\u00e9n\u00e9ficier d&rsquo;une compensation. Notre sp\u00e9cialiste est \u00e0 votre disposition pour vous aider dans vos d\u00e9marches.\u00a0<\/span><\/p>\n<p dir=\"ltr\"><span>Remplissez le formulaire ci-dessous afin que nous puissions vous contacter pour un conseil personnalis\u00e9. <\/span><span>Notre sp\u00e9cialiste NightWatch, Caecilia Smit, vous contactera par t\u00e9l\u00e9phone dans les jours qui suivent au <a href=\"Tel:+33985401571\">+33 (0)985401571<\/a>.\u00a0<\/span><\/p>\n<p dir=\"ltr\"><span>Lors de cet entretien, nous vous informerons de mani\u00e8re optimale sur l&rsquo;utilisation, la p\u00e9riode d&rsquo;essai de 30 jours et les possibilit\u00e9s de remboursement de NightWatch+.<\/span><\/p>\n<\/div>\n<\/div>\n<\/div>\n<p>[\/et_pb_text][\/et_pb_column][\/et_pb_row][et_pb_row _builder_version=\u00a0\u00bb4.16&Prime; _module_preset=\u00a0\u00bbdefault\u00a0\u00bb custom_padding=\u00a0\u00bb0px||||false|false\u00a0\u00bb global_colors_info=\u00a0\u00bb{}\u00a0\u00bb][et_pb_column type=\u00a0\u00bb4_4&Prime; _builder_version=\u00a0\u00bb4.16&Prime; _module_preset=\u00a0\u00bbdefault\u00a0\u00bb global_colors_info=\u00a0\u00bb{}\u00a0\u00bb][et_pb_code _builder_version=\u00a0\u00bb4.16&Prime; _module_preset=\u00a0\u00bbdefault\u00a0\u00bb global_colors_info=\u00a0\u00bb{}\u00a0\u00bb]<!-- form.123formbuilder.com script begins here --><script type=\"text\/javascript\" defer src=\"https:\/\/form.123formbuilder.com\/embed\/5780900.js\" data-role=\"form\" data-default-width=\"650px\"><\/script><!-- form.123formbuilder.com script ends here -->[\/et_pb_code][\/et_pb_column][\/et_pb_row][et_pb_row _builder_version=\u00a0\u00bb4.16&Prime; _module_preset=\u00a0\u00bbdefault\u00a0\u00bb global_colors_info=\u00a0\u00bb{}\u00a0\u00bb][et_pb_column type=\u00a0\u00bb4_4&Prime; _builder_version=\u00a0\u00bb4.16&Prime; _module_preset=\u00a0\u00bbdefault\u00a0\u00bb global_colors_info=\u00a0\u00bb{}\u00a0\u00bb][et_pb_text _builder_version=\u00a0\u00bb4.27.0&Prime; _module_preset=\u00a0\u00bbdefault\u00a0\u00bb global_colors_info=\u00a0\u00bb{}\u00a0\u00bb]<\/p>\n<div id=\"bgLayers_comp-kjy38c2v\" data-hook=\"bgLayers\" class=\"_3wnIc\"><\/div>\n<div data-mesh-id=\"comp-kjy38c2vinlineContent\" data-testid=\"inline-content\" class=\"\">\n<div data-mesh-id=\"comp-kjy38c2vinlineContent-gridContainer\" data-testid=\"mesh-container-content\">\n<div id=\"comp-kjy38c3l\" class=\"_1Q9if\" data-testid=\"richTextElement\">\n<p class=\"font_8\"><span>Lisez notre\u00a0<a href=\"https:\/\/nightwatchepilepsy.com\/wp-content\/uploads\/2024\/01\/LivAssured_Declaration-de-confidentialite_FR.pdf\" target=\"_blank\" data-kmt=\"1\" rel=\"noopener\">d\u00e9claration de confidentialit\u00e9<\/a>\u00a0pour voir comment nous traitons vos donn\u00e9es.<\/span><\/p>\n<\/div>\n<\/div>\n<\/div>\n<p>[\/et_pb_text][\/et_pb_column][\/et_pb_row][\/et_pb_section]<\/p>\n","protected":false},"excerpt":{"rendered":"<p>Essai NightWatch+ Alarmes sonores et visuelles en cas d&rsquo;\u00e9ventuelle crise d&rsquo;\u00e9pilepsie Pr\u00eat \u00e0 l&#8217;emploi, aucune configuration n&rsquo;est requise Les alarmes peuvent \u00eatre transmises aux syst\u00e8mes d&rsquo;appelinfirmier Acc\u00e8s gratuit au portail NightWatch pour le suivi des crises Sans entretien pour une utilisation quotidienne &nbsp; En France, un dispositif de d\u00e9tection d&rsquo;\u00e9pilepsie n&rsquo;est pas encore syst\u00e9matiquement rembours\u00e9 [&hellip;]<\/p>\n","protected":false},"author":1,"featured_media":40222,"parent":0,"menu_order":0,"comment_status":"closed","ping_status":"closed","template":"","meta":{"_et_pb_use_builder":"on","_et_pb_old_content":"","_et_gb_content_width":"","footnotes":""},"class_list":["post-27354","page","type-page","status-publish","has-post-thumbnail","hentry"],"yoast_head":"<!-- This site is optimized with the Yoast SEO plugin v27.4 - https:\/\/yoast.com\/product\/yoast-seo-wordpress\/ -->\n<title>Commandez votre NightWatch+ maintenant<\/title>\n<meta name=\"description\" content=\"Veuillez remplir ce formulaire si vous souhaitez commander NightWatch+. Vous recevrez un email contenant des informations suppl\u00e9mentaires concernant le prix, le processus de commande, et la p\u00e9riode d\u2019essai.\" \/>\n<meta name=\"robots\" content=\"index, follow, max-snippet:-1, max-image-preview:large, max-video-preview:-1\" \/>\n<link rel=\"canonical\" href=\"https:\/\/nightwatchepilepsy.com\/fr\/demander\/\" \/>\n<meta property=\"og:locale\" content=\"fr_FR\" \/>\n<meta property=\"og:type\" content=\"article\" \/>\n<meta property=\"og:title\" content=\"Commandez votre NightWatch+ maintenant\" \/>\n<meta property=\"og:description\" content=\"Veuillez remplir ce formulaire si vous souhaitez commander NightWatch+. Vous recevrez un email contenant des informations suppl\u00e9mentaires concernant le prix, le processus de commande, et la p\u00e9riode d\u2019essai.\" \/>\n<meta property=\"og:url\" content=\"https:\/\/nightwatchepilepsy.com\/fr\/demander\/\" \/>\n<meta property=\"og:site_name\" content=\"NightWatch\" \/>\n<meta property=\"article:publisher\" content=\"https:\/\/www.facebook.com\/EpilepsySeizureDetectionEN\" \/>\n<meta property=\"article:modified_time\" content=\"2025-11-01T09:23:59+00:00\" \/>\n<meta property=\"og:image\" content=\"https:\/\/nightwatchepilepsy.com\/wp-content\/uploads\/2024\/10\/NightWatch_arm-modulebase-station_medium-shadow.png\" \/>\n\t<meta property=\"og:image:width\" content=\"1280\" \/>\n\t<meta property=\"og:image:height\" content=\"720\" \/>\n\t<meta property=\"og:image:type\" content=\"image\/png\" \/>\n<meta name=\"twitter:card\" content=\"summary_large_image\" \/>\n<meta name=\"twitter:title\" content=\"Commandez votre NightWatch maintenant\" \/>\n<meta name=\"twitter:description\" content=\"Veuillez remplir ce formulaire si vous souhaitez commander NightWatch. Vous recevrez un email contenant des informations suppl\u00e9mentaires concernant le prix, le processus de commande, et la p\u00e9riode d\u2019essai.\" \/>\n<meta name=\"twitter:image\" content=\"https:\/\/nightwatchepilepsy.com\/wp-content\/uploads\/2022\/02\/NightWatch_basisstationarmmodule.png\" \/>\n<meta name=\"twitter:site\" content=\"@NightWatchAlarm\" \/>\n<meta name=\"twitter:label1\" content=\"Dur\u00e9e de lecture estim\u00e9e\" \/>\n\t<meta name=\"twitter:data1\" content=\"4 minutes\" \/>\n<script type=\"application\/ld+json\" class=\"yoast-schema-graph\">{\"@context\":\"https:\\\/\\\/schema.org\",\"@graph\":[{\"@type\":\"WebPage\",\"@id\":\"https:\\\/\\\/nightwatchepilepsy.com\\\/fr\\\/demander\\\/\",\"url\":\"https:\\\/\\\/nightwatchepilepsy.com\\\/fr\\\/demander\\\/\",\"name\":\"Commandez votre NightWatch+ maintenant\",\"isPartOf\":{\"@id\":\"https:\\\/\\\/nightwatchepilepsy.com\\\/fr\\\/#website\"},\"primaryImageOfPage\":{\"@id\":\"https:\\\/\\\/nightwatchepilepsy.com\\\/fr\\\/demander\\\/#primaryimage\"},\"image\":{\"@id\":\"https:\\\/\\\/nightwatchepilepsy.com\\\/fr\\\/demander\\\/#primaryimage\"},\"thumbnailUrl\":\"https:\\\/\\\/nightwatchepilepsy.com\\\/wp-content\\\/uploads\\\/2025\\\/02\\\/NW_arm-module_light-shadow_small.png\",\"datePublished\":\"2021-04-25T14:47:50+00:00\",\"dateModified\":\"2025-11-01T09:23:59+00:00\",\"description\":\"Veuillez remplir ce formulaire si vous souhaitez commander NightWatch+. Vous recevrez un email contenant des informations suppl\u00e9mentaires concernant le prix, le processus de commande, et la p\u00e9riode d\u2019essai.\",\"breadcrumb\":{\"@id\":\"https:\\\/\\\/nightwatchepilepsy.com\\\/fr\\\/demander\\\/#breadcrumb\"},\"inLanguage\":\"fr-FR\",\"potentialAction\":[{\"@type\":\"ReadAction\",\"target\":[\"https:\\\/\\\/nightwatchepilepsy.com\\\/fr\\\/demander\\\/\"]}]},{\"@type\":\"ImageObject\",\"inLanguage\":\"fr-FR\",\"@id\":\"https:\\\/\\\/nightwatchepilepsy.com\\\/fr\\\/demander\\\/#primaryimage\",\"url\":\"https:\\\/\\\/nightwatchepilepsy.com\\\/wp-content\\\/uploads\\\/2025\\\/02\\\/NW_arm-module_light-shadow_small.png\",\"contentUrl\":\"https:\\\/\\\/nightwatchepilepsy.com\\\/wp-content\\\/uploads\\\/2025\\\/02\\\/NW_arm-module_light-shadow_small.png\",\"width\":720,\"height\":720},{\"@type\":\"BreadcrumbList\",\"@id\":\"https:\\\/\\\/nightwatchepilepsy.com\\\/fr\\\/demander\\\/#breadcrumb\",\"itemListElement\":[{\"@type\":\"ListItem\",\"position\":1,\"name\":\"Home\",\"item\":\"https:\\\/\\\/nightwatchepilepsy.com\\\/fr\\\/\"},{\"@type\":\"ListItem\",\"position\":2,\"name\":\"Demander\"}]},{\"@type\":\"WebSite\",\"@id\":\"https:\\\/\\\/nightwatchepilepsy.com\\\/fr\\\/#website\",\"url\":\"https:\\\/\\\/nightwatchepilepsy.com\\\/fr\\\/\",\"name\":\"NightWatch\",\"description\":\"Epilepsy seizure detection | Warns during sleep\",\"publisher\":{\"@id\":\"https:\\\/\\\/nightwatchepilepsy.com\\\/fr\\\/#organization\"},\"potentialAction\":[{\"@type\":\"SearchAction\",\"target\":{\"@type\":\"EntryPoint\",\"urlTemplate\":\"https:\\\/\\\/nightwatchepilepsy.com\\\/fr\\\/?s={search_term_string}\"},\"query-input\":{\"@type\":\"PropertyValueSpecification\",\"valueRequired\":true,\"valueName\":\"search_term_string\"}}],\"inLanguage\":\"fr-FR\"},{\"@type\":\"Organization\",\"@id\":\"https:\\\/\\\/nightwatchepilepsy.com\\\/fr\\\/#organization\",\"name\":\"NightWatch Epilepsy Seizure Detection\",\"alternateName\":\"NightWatch\",\"url\":\"https:\\\/\\\/nightwatchepilepsy.com\\\/fr\\\/\",\"logo\":{\"@type\":\"ImageObject\",\"inLanguage\":\"fr-FR\",\"@id\":\"https:\\\/\\\/nightwatchepilepsy.com\\\/fr\\\/#\\\/schema\\\/logo\\\/image\\\/\",\"url\":\"https:\\\/\\\/nightwatchepilepsy.com\\\/wp-content\\\/uploads\\\/2023\\\/02\\\/NightWatch-Logo.png\",\"contentUrl\":\"https:\\\/\\\/nightwatchepilepsy.com\\\/wp-content\\\/uploads\\\/2023\\\/02\\\/NightWatch-Logo.png\",\"width\":696,\"height\":696,\"caption\":\"NightWatch Epilepsy Seizure Detection\"},\"image\":{\"@id\":\"https:\\\/\\\/nightwatchepilepsy.com\\\/fr\\\/#\\\/schema\\\/logo\\\/image\\\/\"},\"sameAs\":[\"https:\\\/\\\/www.facebook.com\\\/EpilepsySeizureDetectionEN\",\"https:\\\/\\\/x.com\\\/NightWatchAlarm\",\"https:\\\/\\\/www.linkedin.com\\\/company\\\/nightwatch-epilepsy-detection\\\/\",\"https:\\\/\\\/www.instagram.com\\\/nightwatch_epilepsie_detectie\\\/\"]}]}<\/script>\n<!-- \/ Yoast SEO plugin. -->","yoast_head_json":{"title":"Commandez votre NightWatch+ maintenant","description":"Veuillez remplir ce formulaire si vous souhaitez commander NightWatch+. Vous recevrez un email contenant des informations suppl\u00e9mentaires concernant le prix, le processus de commande, et la p\u00e9riode d\u2019essai.","robots":{"index":"index","follow":"follow","max-snippet":"max-snippet:-1","max-image-preview":"max-image-preview:large","max-video-preview":"max-video-preview:-1"},"canonical":"https:\/\/nightwatchepilepsy.com\/fr\/demander\/","og_locale":"fr_FR","og_type":"article","og_title":"Commandez votre NightWatch+ maintenant","og_description":"Veuillez remplir ce formulaire si vous souhaitez commander NightWatch+. Vous recevrez un email contenant des informations suppl\u00e9mentaires concernant le prix, le processus de commande, et la p\u00e9riode d\u2019essai.","og_url":"https:\/\/nightwatchepilepsy.com\/fr\/demander\/","og_site_name":"NightWatch","article_publisher":"https:\/\/www.facebook.com\/EpilepsySeizureDetectionEN","article_modified_time":"2025-11-01T09:23:59+00:00","og_image":[{"width":1280,"height":720,"url":"https:\/\/nightwatchepilepsy.com\/wp-content\/uploads\/2024\/10\/NightWatch_arm-modulebase-station_medium-shadow.png","type":"image\/png"}],"twitter_card":"summary_large_image","twitter_title":"Commandez votre NightWatch maintenant","twitter_description":"Veuillez remplir ce formulaire si vous souhaitez commander NightWatch. Vous recevrez un email contenant des informations suppl\u00e9mentaires concernant le prix, le processus de commande, et la p\u00e9riode d\u2019essai.","twitter_image":"https:\/\/nightwatchepilepsy.com\/wp-content\/uploads\/2022\/02\/NightWatch_basisstationarmmodule.png","twitter_site":"@NightWatchAlarm","twitter_misc":{"Dur\u00e9e de lecture estim\u00e9e":"4 minutes"},"schema":{"@context":"https:\/\/schema.org","@graph":[{"@type":"WebPage","@id":"https:\/\/nightwatchepilepsy.com\/fr\/demander\/","url":"https:\/\/nightwatchepilepsy.com\/fr\/demander\/","name":"Commandez votre NightWatch+ maintenant","isPartOf":{"@id":"https:\/\/nightwatchepilepsy.com\/fr\/#website"},"primaryImageOfPage":{"@id":"https:\/\/nightwatchepilepsy.com\/fr\/demander\/#primaryimage"},"image":{"@id":"https:\/\/nightwatchepilepsy.com\/fr\/demander\/#primaryimage"},"thumbnailUrl":"https:\/\/nightwatchepilepsy.com\/wp-content\/uploads\/2025\/02\/NW_arm-module_light-shadow_small.png","datePublished":"2021-04-25T14:47:50+00:00","dateModified":"2025-11-01T09:23:59+00:00","description":"Veuillez remplir ce formulaire si vous souhaitez commander NightWatch+. Vous recevrez un email contenant des informations suppl\u00e9mentaires concernant le prix, le processus de commande, et la p\u00e9riode d\u2019essai.","breadcrumb":{"@id":"https:\/\/nightwatchepilepsy.com\/fr\/demander\/#breadcrumb"},"inLanguage":"fr-FR","potentialAction":[{"@type":"ReadAction","target":["https:\/\/nightwatchepilepsy.com\/fr\/demander\/"]}]},{"@type":"ImageObject","inLanguage":"fr-FR","@id":"https:\/\/nightwatchepilepsy.com\/fr\/demander\/#primaryimage","url":"https:\/\/nightwatchepilepsy.com\/wp-content\/uploads\/2025\/02\/NW_arm-module_light-shadow_small.png","contentUrl":"https:\/\/nightwatchepilepsy.com\/wp-content\/uploads\/2025\/02\/NW_arm-module_light-shadow_small.png","width":720,"height":720},{"@type":"BreadcrumbList","@id":"https:\/\/nightwatchepilepsy.com\/fr\/demander\/#breadcrumb","itemListElement":[{"@type":"ListItem","position":1,"name":"Home","item":"https:\/\/nightwatchepilepsy.com\/fr\/"},{"@type":"ListItem","position":2,"name":"Demander"}]},{"@type":"WebSite","@id":"https:\/\/nightwatchepilepsy.com\/fr\/#website","url":"https:\/\/nightwatchepilepsy.com\/fr\/","name":"NightWatch","description":"Epilepsy seizure detection | Warns during sleep","publisher":{"@id":"https:\/\/nightwatchepilepsy.com\/fr\/#organization"},"potentialAction":[{"@type":"SearchAction","target":{"@type":"EntryPoint","urlTemplate":"https:\/\/nightwatchepilepsy.com\/fr\/?s={search_term_string}"},"query-input":{"@type":"PropertyValueSpecification","valueRequired":true,"valueName":"search_term_string"}}],"inLanguage":"fr-FR"},{"@type":"Organization","@id":"https:\/\/nightwatchepilepsy.com\/fr\/#organization","name":"NightWatch Epilepsy Seizure Detection","alternateName":"NightWatch","url":"https:\/\/nightwatchepilepsy.com\/fr\/","logo":{"@type":"ImageObject","inLanguage":"fr-FR","@id":"https:\/\/nightwatchepilepsy.com\/fr\/#\/schema\/logo\/image\/","url":"https:\/\/nightwatchepilepsy.com\/wp-content\/uploads\/2023\/02\/NightWatch-Logo.png","contentUrl":"https:\/\/nightwatchepilepsy.com\/wp-content\/uploads\/2023\/02\/NightWatch-Logo.png","width":696,"height":696,"caption":"NightWatch Epilepsy Seizure Detection"},"image":{"@id":"https:\/\/nightwatchepilepsy.com\/fr\/#\/schema\/logo\/image\/"},"sameAs":["https:\/\/www.facebook.com\/EpilepsySeizureDetectionEN","https:\/\/x.com\/NightWatchAlarm","https:\/\/www.linkedin.com\/company\/nightwatch-epilepsy-detection\/","https:\/\/www.instagram.com\/nightwatch_epilepsie_detectie\/"]}]}},"_links":{"self":[{"href":"https:\/\/nightwatchepilepsy.com\/fr\/wp-json\/wp\/v2\/pages\/27354","targetHints":{"allow":["GET"]}}],"collection":[{"href":"https:\/\/nightwatchepilepsy.com\/fr\/wp-json\/wp\/v2\/pages"}],"about":[{"href":"https:\/\/nightwatchepilepsy.com\/fr\/wp-json\/wp\/v2\/types\/page"}],"author":[{"embeddable":true,"href":"https:\/\/nightwatchepilepsy.com\/fr\/wp-json\/wp\/v2\/users\/1"}],"replies":[{"embeddable":true,"href":"https:\/\/nightwatchepilepsy.com\/fr\/wp-json\/wp\/v2\/comments?post=27354"}],"version-history":[{"count":57,"href":"https:\/\/nightwatchepilepsy.com\/fr\/wp-json\/wp\/v2\/pages\/27354\/revisions"}],"predecessor-version":[{"id":43433,"href":"https:\/\/nightwatchepilepsy.com\/fr\/wp-json\/wp\/v2\/pages\/27354\/revisions\/43433"}],"wp:featuredmedia":[{"embeddable":true,"href":"https:\/\/nightwatchepilepsy.com\/fr\/wp-json\/wp\/v2\/media\/40222"}],"wp:attachment":[{"href":"https:\/\/nightwatchepilepsy.com\/fr\/wp-json\/wp\/v2\/media?parent=27354"}],"curies":[{"name":"wp","href":"https:\/\/api.w.org\/{rel}","templated":true}]}}