{"id":27325,"date":"2021-10-12T18:26:25","date_gmt":"2021-10-12T17:26:25","guid":{"rendered":"https:\/\/nightwatchepilepsy.com\/drawings\/"},"modified":"2023-10-24T13:35:38","modified_gmt":"2023-10-24T12:35:38","slug":"dessins","status":"publish","type":"page","link":"https:\/\/nightwatchepilepsy.com\/fr\/dessins\/","title":{"rendered":"Dessins"},"content":{"rendered":"<p>[et_pb_section fb_built=\u00a0\u00bb1&Prime; _builder_version=\u00a0\u00bb4.16&Prime; _module_preset=\u00a0\u00bbdefault\u00a0\u00bb global_colors_info=\u00a0\u00bb{}\u00a0\u00bb][et_pb_row _builder_version=\u00a0\u00bb4.16&Prime; _module_preset=\u00a0\u00bbdefault\u00a0\u00bb global_colors_info=\u00a0\u00bb{}\u00a0\u00bb][et_pb_column type=\u00a0\u00bb4_4&Prime; _builder_version=\u00a0\u00bb4.16&Prime; _module_preset=\u00a0\u00bbdefault\u00a0\u00bb global_colors_info=\u00a0\u00bb{}\u00a0\u00bb][et_pb_text _builder_version=\u00a0\u00bb4.16&Prime; _module_preset=\u00a0\u00bbdefault\u00a0\u00bb global_colors_info=\u00a0\u00bb{}\u00a0\u00bb]<\/p>\n<div id=\"comp-ktwq3vgt\" class=\"_1Q9if\" data-testid=\"richTextElement\">\n<h1 class=\"font_0\"><span>T\u00e9l\u00e9chargez votre dessin de NightWatch<\/span><\/h1>\n<\/div>\n<div id=\"comp-ktycku7a\" class=\"_1Q9if\" data-testid=\"richTextElement\">\n<p class=\"font_8\"><span>Pour tous les fans de chouettes \ud83d\ude0a : Imprimez-le, coloriez-le, donnez un nom \u00e0 la chouette et envoyez-le \u00e0<\/span> <span><a href=\"mailto:stories@nightwatch.nl\" target=\"_self\" rel=\"noopener\">stories@nightwatch.nl<\/a><\/span>.<\/p>\n<p class=\"font_8\"><span>N&rsquo;oubliez pas d&rsquo;y inscrire votre nom et votre \u00e2ge. Pour chaque chouette color\u00e9e que vous envoyez, vous recevrez une petite r\u00e9compense et nous pourrions m\u00eame la publier sur notre site web.<\/span><span><span class=\"wixGuard\">\u200b<\/span><\/span><\/p>\n<p class=\"font_8\"><span>Amusez-vous et salutations de l&rsquo;\u00e9quipe NightWatch.<\/span><\/p>\n<\/div>\n<p>[\/et_pb_text][\/et_pb_column][\/et_pb_row][et_pb_row column_structure=\u00a0\u00bb1_2,1_2&Prime; _builder_version=\u00a0\u00bb4.16&Prime; _module_preset=\u00a0\u00bbdefault\u00a0\u00bb global_colors_info=\u00a0\u00bb{}\u00a0\u00bb][et_pb_column type=\u00a0\u00bb1_2&Prime; _builder_version=\u00a0\u00bb4.16&Prime; _module_preset=\u00a0\u00bbdefault\u00a0\u00bb global_colors_info=\u00a0\u00bb{}\u00a0\u00bb][et_pb_image src=\u00a0\u00bbhttps:\/\/nightwatchepilepsy.com\/wp-content\/uploads\/2021\/10\/drawing1.png\u00a0\u00bb title_text=\u00a0\u00bbdrawing1&Prime; url=\u00a0\u00bbhttps:\/\/nightwatchepilepsy.com\/wp-content\/uploads\/2023\/10\/NightWatch_coloring_FR_v2.pdf\u00a0\u00bb _builder_version=\u00a0\u00bb4.23&Prime; _module_preset=\u00a0\u00bbdefault\u00a0\u00bb hover_enabled=\u00a0\u00bb0&Prime; global_colors_info=\u00a0\u00bb{}\u00a0\u00bb url_new_window=\u00a0\u00bbon\u00a0\u00bb sticky_enabled=\u00a0\u00bb0&Prime;][\/et_pb_image][\/et_pb_column][et_pb_column type=\u00a0\u00bb1_2&Prime; _builder_version=\u00a0\u00bb4.16&Prime; _module_preset=\u00a0\u00bbdefault\u00a0\u00bb global_colors_info=\u00a0\u00bb{}\u00a0\u00bb][et_pb_image src=\u00a0\u00bbhttps:\/\/nightwatchepilepsy.com\/wp-content\/uploads\/2021\/10\/drawing2.png\u00a0\u00bb title_text=\u00a0\u00bbdrawing2&Prime; url=\u00a0\u00bbhttps:\/\/nightwatchepilepsy.com\/wp-content\/uploads\/2023\/10\/NightWatch_dotted_NL_v2.pdf\u00a0\u00bb url_new_window=\u00a0\u00bbon\u00a0\u00bb _builder_version=\u00a0\u00bb4.23&Prime; _module_preset=\u00a0\u00bbdefault\u00a0\u00bb hover_enabled=\u00a0\u00bb0&Prime; global_colors_info=\u00a0\u00bb{}\u00a0\u00bb sticky_enabled=\u00a0\u00bb0&Prime;][\/et_pb_image][\/et_pb_column][\/et_pb_row][\/et_pb_section][et_pb_section fb_built=\u00a0\u00bb1&Prime; _builder_version=\u00a0\u00bb4.16&Prime; _module_preset=\u00a0\u00bbdefault\u00a0\u00bb background_color=\u00a0\u00bb#eef7ea\u00a0\u00bb global_colors_info=\u00a0\u00bb{}\u00a0\u00bb][et_pb_row _builder_version=\u00a0\u00bb4.16&Prime; _module_preset=\u00a0\u00bbdefault\u00a0\u00bb global_colors_info=\u00a0\u00bb{}\u00a0\u00bb][et_pb_column type=\u00a0\u00bb4_4&Prime; _builder_version=\u00a0\u00bb4.16&Prime; _module_preset=\u00a0\u00bbdefault\u00a0\u00bb global_colors_info=\u00a0\u00bb{}\u00a0\u00bb][et_pb_text _builder_version=\u00a0\u00bb4.16&Prime; _module_preset=\u00a0\u00bbdefault\u00a0\u00bb global_colors_info=\u00a0\u00bb{}\u00a0\u00bb]<\/p>\n<div id=\"comp-ktwq3vgt\" class=\"_1Q9if\" data-testid=\"richTextElement\">\n<h1 class=\"font_0\" style=\"text-align: center;\"><span>De beaux dessins de NightWatch<\/span><\/h1>\n<\/div>\n<p>[\/et_pb_text][\/et_pb_column][\/et_pb_row][et_pb_row column_structure=\u00a0\u00bb1_4,1_4,1_4,1_4&Prime; _builder_version=\u00a0\u00bb4.16&Prime; _module_preset=\u00a0\u00bbdefault\u00a0\u00bb global_colors_info=\u00a0\u00bb{}\u00a0\u00bb][et_pb_column type=\u00a0\u00bb1_4&Prime; _builder_version=\u00a0\u00bb4.16&Prime; _module_preset=\u00a0\u00bbdefault\u00a0\u00bb global_colors_info=\u00a0\u00bb{}\u00a0\u00bb][et_pb_image src=\u00a0\u00bbhttps:\/\/nightwatchepilepsy.com\/wp-content\/uploads\/2022\/01\/IMG_7207-1.jpg\u00a0\u00bb title_text=\u00a0\u00bbIMG_7207&Prime; _builder_version=\u00a0\u00bb4.16&Prime; _module_preset=\u00a0\u00bbdefault\u00a0\u00bb background_color=\u00a0\u00bb#FFFFFF\u00a0\u00bb global_colors_info=\u00a0\u00bb{}\u00a0\u00bb][\/et_pb_image][et_pb_image src=\u00a0\u00bbhttps:\/\/nightwatchepilepsy.com\/wp-content\/uploads\/2023\/08\/NightWatch_drawing_Nico-1.jpeg\u00a0\u00bb title_text=\u00a0\u00bbNightWatch_drawing_Nico\u00a0\u00bb _builder_version=\u00a0\u00bb4.20.2&Prime; _module_preset=\u00a0\u00bbdefault\u00a0\u00bb global_colors_info=\u00a0\u00bb{}\u00a0\u00bb][\/et_pb_image][\/et_pb_column][et_pb_column type=\u00a0\u00bb1_4&Prime; _builder_version=\u00a0\u00bb4.16&Prime; _module_preset=\u00a0\u00bbdefault\u00a0\u00bb global_colors_info=\u00a0\u00bb{}\u00a0\u00bb][et_pb_image src=\u00a0\u00bbhttps:\/\/nightwatchepilepsy.com\/wp-content\/uploads\/2022\/01\/Schermafbeelding-2021-12-17-om-15.19.05.png\u00a0\u00bb title_text=\u00a0\u00bbSchermafbeelding 2021-12-17 om 15.19.05&Prime; _builder_version=\u00a0\u00bb4.16&Prime; _module_preset=\u00a0\u00bbdefault\u00a0\u00bb global_colors_info=\u00a0\u00bb{}\u00a0\u00bb][\/et_pb_image][\/et_pb_column][et_pb_column type=\u00a0\u00bb1_4&Prime; _builder_version=\u00a0\u00bb4.16&Prime; _module_preset=\u00a0\u00bbdefault\u00a0\u00bb global_colors_info=\u00a0\u00bb{}\u00a0\u00bb][et_pb_image src=\u00a0\u00bbhttps:\/\/nightwatchepilepsy.com\/wp-content\/uploads\/2022\/01\/IMG_7206-1.jpg\u00a0\u00bb title_text=\u00a0\u00bbIMG_7206&Prime; _builder_version=\u00a0\u00bb4.16&Prime; _module_preset=\u00a0\u00bbdefault\u00a0\u00bb global_colors_info=\u00a0\u00bb{}\u00a0\u00bb][\/et_pb_image][\/et_pb_column][et_pb_column type=\u00a0\u00bb1_4&Prime; _builder_version=\u00a0\u00bb4.16&Prime; _module_preset=\u00a0\u00bbdefault\u00a0\u00bb global_colors_info=\u00a0\u00bb{}\u00a0\u00bb][et_pb_image src=\u00a0\u00bbhttps:\/\/nightwatchepilepsy.com\/wp-content\/uploads\/2022\/01\/Eule-Elsa-7-2.jpg\u00a0\u00bb title_text=\u00a0\u00bbEule Elsa, 7&Prime; _builder_version=\u00a0\u00bb4.16&Prime; _module_preset=\u00a0\u00bbdefault\u00a0\u00bb global_colors_info=\u00a0\u00bb{}\u00a0\u00bb][\/et_pb_image][\/et_pb_column][\/et_pb_row][\/et_pb_section]<\/p>\n","protected":false},"excerpt":{"rendered":"<p>T\u00e9l\u00e9chargez votre dessin de NightWatch Pour tous les fans de chouettes \ud83d\ude0a : Imprimez-le, coloriez-le, donnez un nom \u00e0 la chouette et envoyez-le \u00e0 stories@nightwatch.nl. N&rsquo;oubliez pas d&rsquo;y inscrire votre nom et votre \u00e2ge. Pour chaque chouette color\u00e9e que vous envoyez, vous recevrez une petite r\u00e9compense et nous pourrions m\u00eame la publier sur notre site [&hellip;]<\/p>\n","protected":false},"author":1,"featured_media":0,"parent":0,"menu_order":0,"comment_status":"closed","ping_status":"closed","template":"","meta":{"_et_pb_use_builder":"on","_et_pb_old_content":"","_et_gb_content_width":"","footnotes":""},"class_list":["post-27325","page","type-page","status-publish","hentry"],"yoast_head":"<!-- This site is optimized with the Yoast SEO plugin v27.3 - https:\/\/yoast.com\/product\/yoast-seo-wordpress\/ -->\n<title>T\u00e9l\u00e9charge ton coloriage NightWatch<\/title>\n<meta name=\"description\" content=\"Pour tous les fans de la chouette Plume : imprime, colorie et nomme ta chouette puis envoie-la \u00e0 stories@nightwatch.nl. N\u2019oublie pas d\u2019y inscrire ton nom et ton \u00e2ge. Pour chaque coloriage de chouette que tu envoyes, il y a une petite r\u00e9compense et nous pourrions m\u00eame la publier sur notre site web.\" \/>\n<meta name=\"robots\" content=\"index, follow, max-snippet:-1, max-image-preview:large, max-video-preview:-1\" \/>\n<link rel=\"canonical\" href=\"https:\/\/nightwatchepilepsy.com\/fr\/dessins\/\" \/>\n<meta property=\"og:locale\" content=\"fr_FR\" \/>\n<meta property=\"og:type\" content=\"article\" \/>\n<meta property=\"og:title\" content=\"T\u00e9l\u00e9charge ton coloriage NightWatch\" \/>\n<meta property=\"og:description\" content=\"Pour tous les fans de la chouette Plume : imprime, colorie et nomme ta chouette puis envoie-la \u00e0 stories@nightwatch.nl. N\u2019oublie pas d\u2019y inscrire ton nom et ton \u00e2ge. Pour chaque coloriage de chouette que tu envoyes, il y a une petite r\u00e9compense et nous pourrions m\u00eame la publier sur notre site web.\" \/>\n<meta property=\"og:url\" content=\"https:\/\/nightwatchepilepsy.com\/fr\/dessins\/\" \/>\n<meta property=\"og:site_name\" content=\"NightWatch\" \/>\n<meta property=\"article:publisher\" content=\"https:\/\/www.facebook.com\/EpilepsySeizureDetectionEN\" \/>\n<meta property=\"article:modified_time\" content=\"2023-10-24T12:35:38+00:00\" \/>\n<meta property=\"og:image\" content=\"https:\/\/nightwatchepilepsy.com\/wp-content\/uploads\/2021\/10\/drawing2.png\" \/>\n\t<meta property=\"og:image:width\" content=\"414\" \/>\n\t<meta property=\"og:image:height\" content=\"586\" \/>\n\t<meta property=\"og:image:type\" content=\"image\/png\" \/>\n<meta name=\"twitter:card\" content=\"summary_large_image\" \/>\n<meta name=\"twitter:title\" content=\"T\u00e9l\u00e9charge ton coloriage NightWatch\" \/>\n<meta name=\"twitter:description\" content=\"Pour tous les fans de la chouette Plume : imprime, colorie et nomme ta chouette puis envoie-la \u00e0 stories@nightwatch.nl. N\u2019oublie pas d\u2019y inscrire ton nom et ton \u00e2ge. Pour chaque coloriage de chouette que tu envoyes, il y a une petite r\u00e9compense et nous pourrions m\u00eame la publier sur notre site web.\" \/>\n<meta name=\"twitter:image\" content=\"https:\/\/nightwatchepilepsy.com\/wp-content\/uploads\/2021\/10\/drawing2.png\" \/>\n<meta name=\"twitter:site\" content=\"@NightWatchAlarm\" \/>\n<meta name=\"twitter:label1\" content=\"Dur\u00e9e de lecture estim\u00e9e\" \/>\n\t<meta name=\"twitter:data1\" content=\"1 minute\" \/>\n<script type=\"application\/ld+json\" class=\"yoast-schema-graph\">{\"@context\":\"https:\\\/\\\/schema.org\",\"@graph\":[{\"@type\":\"WebPage\",\"@id\":\"https:\\\/\\\/nightwatchepilepsy.com\\\/fr\\\/dessins\\\/\",\"url\":\"https:\\\/\\\/nightwatchepilepsy.com\\\/fr\\\/dessins\\\/\",\"name\":\"T\u00e9l\u00e9charge ton coloriage NightWatch\",\"isPartOf\":{\"@id\":\"https:\\\/\\\/nightwatchepilepsy.com\\\/fr\\\/#website\"},\"datePublished\":\"2021-10-12T17:26:25+00:00\",\"dateModified\":\"2023-10-24T12:35:38+00:00\",\"description\":\"Pour tous les fans de la chouette Plume : imprime, colorie et nomme ta chouette puis envoie-la \u00e0 stories@nightwatch.nl. N\u2019oublie pas d\u2019y inscrire ton nom et ton \u00e2ge. Pour chaque coloriage de chouette que tu envoyes, il y a une petite r\u00e9compense et nous pourrions m\u00eame la publier sur notre site web.\",\"breadcrumb\":{\"@id\":\"https:\\\/\\\/nightwatchepilepsy.com\\\/fr\\\/dessins\\\/#breadcrumb\"},\"inLanguage\":\"fr-FR\",\"potentialAction\":[{\"@type\":\"ReadAction\",\"target\":[\"https:\\\/\\\/nightwatchepilepsy.com\\\/fr\\\/dessins\\\/\"]}]},{\"@type\":\"BreadcrumbList\",\"@id\":\"https:\\\/\\\/nightwatchepilepsy.com\\\/fr\\\/dessins\\\/#breadcrumb\",\"itemListElement\":[{\"@type\":\"ListItem\",\"position\":1,\"name\":\"Home\",\"item\":\"https:\\\/\\\/nightwatchepilepsy.com\\\/fr\\\/\"},{\"@type\":\"ListItem\",\"position\":2,\"name\":\"Dessins\"}]},{\"@type\":\"WebSite\",\"@id\":\"https:\\\/\\\/nightwatchepilepsy.com\\\/fr\\\/#website\",\"url\":\"https:\\\/\\\/nightwatchepilepsy.com\\\/fr\\\/\",\"name\":\"NightWatch\",\"description\":\"Epilepsy seizure detection | Warns during sleep\",\"publisher\":{\"@id\":\"https:\\\/\\\/nightwatchepilepsy.com\\\/fr\\\/#organization\"},\"potentialAction\":[{\"@type\":\"SearchAction\",\"target\":{\"@type\":\"EntryPoint\",\"urlTemplate\":\"https:\\\/\\\/nightwatchepilepsy.com\\\/fr\\\/?s={search_term_string}\"},\"query-input\":{\"@type\":\"PropertyValueSpecification\",\"valueRequired\":true,\"valueName\":\"search_term_string\"}}],\"inLanguage\":\"fr-FR\"},{\"@type\":\"Organization\",\"@id\":\"https:\\\/\\\/nightwatchepilepsy.com\\\/fr\\\/#organization\",\"name\":\"NightWatch Epilepsy Seizure Detection\",\"alternateName\":\"NightWatch\",\"url\":\"https:\\\/\\\/nightwatchepilepsy.com\\\/fr\\\/\",\"logo\":{\"@type\":\"ImageObject\",\"inLanguage\":\"fr-FR\",\"@id\":\"https:\\\/\\\/nightwatchepilepsy.com\\\/fr\\\/#\\\/schema\\\/logo\\\/image\\\/\",\"url\":\"https:\\\/\\\/nightwatchepilepsy.com\\\/wp-content\\\/uploads\\\/2023\\\/02\\\/NightWatch-Logo.png\",\"contentUrl\":\"https:\\\/\\\/nightwatchepilepsy.com\\\/wp-content\\\/uploads\\\/2023\\\/02\\\/NightWatch-Logo.png\",\"width\":696,\"height\":696,\"caption\":\"NightWatch Epilepsy Seizure Detection\"},\"image\":{\"@id\":\"https:\\\/\\\/nightwatchepilepsy.com\\\/fr\\\/#\\\/schema\\\/logo\\\/image\\\/\"},\"sameAs\":[\"https:\\\/\\\/www.facebook.com\\\/EpilepsySeizureDetectionEN\",\"https:\\\/\\\/x.com\\\/NightWatchAlarm\",\"https:\\\/\\\/www.linkedin.com\\\/company\\\/nightwatch-epilepsy-detection\\\/\",\"https:\\\/\\\/www.instagram.com\\\/nightwatch_epilepsie_detectie\\\/\"]}]}<\/script>\n<!-- \/ Yoast SEO plugin. -->","yoast_head_json":{"title":"T\u00e9l\u00e9charge ton coloriage NightWatch","description":"Pour tous les fans de la chouette Plume : imprime, colorie et nomme ta chouette puis envoie-la \u00e0 stories@nightwatch.nl. N\u2019oublie pas d\u2019y inscrire ton nom et ton \u00e2ge. Pour chaque coloriage de chouette que tu envoyes, il y a une petite r\u00e9compense et nous pourrions m\u00eame la publier sur notre site web.","robots":{"index":"index","follow":"follow","max-snippet":"max-snippet:-1","max-image-preview":"max-image-preview:large","max-video-preview":"max-video-preview:-1"},"canonical":"https:\/\/nightwatchepilepsy.com\/fr\/dessins\/","og_locale":"fr_FR","og_type":"article","og_title":"T\u00e9l\u00e9charge ton coloriage NightWatch","og_description":"Pour tous les fans de la chouette Plume : imprime, colorie et nomme ta chouette puis envoie-la \u00e0 stories@nightwatch.nl. N\u2019oublie pas d\u2019y inscrire ton nom et ton \u00e2ge. Pour chaque coloriage de chouette que tu envoyes, il y a une petite r\u00e9compense et nous pourrions m\u00eame la publier sur notre site web.","og_url":"https:\/\/nightwatchepilepsy.com\/fr\/dessins\/","og_site_name":"NightWatch","article_publisher":"https:\/\/www.facebook.com\/EpilepsySeizureDetectionEN","article_modified_time":"2023-10-24T12:35:38+00:00","og_image":[{"width":414,"height":586,"url":"https:\/\/nightwatchepilepsy.com\/wp-content\/uploads\/2021\/10\/drawing2.png","type":"image\/png"}],"twitter_card":"summary_large_image","twitter_title":"T\u00e9l\u00e9charge ton coloriage NightWatch","twitter_description":"Pour tous les fans de la chouette Plume : imprime, colorie et nomme ta chouette puis envoie-la \u00e0 stories@nightwatch.nl. N\u2019oublie pas d\u2019y inscrire ton nom et ton \u00e2ge. Pour chaque coloriage de chouette que tu envoyes, il y a une petite r\u00e9compense et nous pourrions m\u00eame la publier sur notre site web.","twitter_image":"https:\/\/nightwatchepilepsy.com\/wp-content\/uploads\/2021\/10\/drawing2.png","twitter_site":"@NightWatchAlarm","twitter_misc":{"Dur\u00e9e de lecture estim\u00e9e":"1 minute"},"schema":{"@context":"https:\/\/schema.org","@graph":[{"@type":"WebPage","@id":"https:\/\/nightwatchepilepsy.com\/fr\/dessins\/","url":"https:\/\/nightwatchepilepsy.com\/fr\/dessins\/","name":"T\u00e9l\u00e9charge ton coloriage NightWatch","isPartOf":{"@id":"https:\/\/nightwatchepilepsy.com\/fr\/#website"},"datePublished":"2021-10-12T17:26:25+00:00","dateModified":"2023-10-24T12:35:38+00:00","description":"Pour tous les fans de la chouette Plume : imprime, colorie et nomme ta chouette puis envoie-la \u00e0 stories@nightwatch.nl. N\u2019oublie pas d\u2019y inscrire ton nom et ton \u00e2ge. Pour chaque coloriage de chouette que tu envoyes, il y a une petite r\u00e9compense et nous pourrions m\u00eame la publier sur notre site web.","breadcrumb":{"@id":"https:\/\/nightwatchepilepsy.com\/fr\/dessins\/#breadcrumb"},"inLanguage":"fr-FR","potentialAction":[{"@type":"ReadAction","target":["https:\/\/nightwatchepilepsy.com\/fr\/dessins\/"]}]},{"@type":"BreadcrumbList","@id":"https:\/\/nightwatchepilepsy.com\/fr\/dessins\/#breadcrumb","itemListElement":[{"@type":"ListItem","position":1,"name":"Home","item":"https:\/\/nightwatchepilepsy.com\/fr\/"},{"@type":"ListItem","position":2,"name":"Dessins"}]},{"@type":"WebSite","@id":"https:\/\/nightwatchepilepsy.com\/fr\/#website","url":"https:\/\/nightwatchepilepsy.com\/fr\/","name":"NightWatch","description":"Epilepsy seizure detection | Warns during sleep","publisher":{"@id":"https:\/\/nightwatchepilepsy.com\/fr\/#organization"},"potentialAction":[{"@type":"SearchAction","target":{"@type":"EntryPoint","urlTemplate":"https:\/\/nightwatchepilepsy.com\/fr\/?s={search_term_string}"},"query-input":{"@type":"PropertyValueSpecification","valueRequired":true,"valueName":"search_term_string"}}],"inLanguage":"fr-FR"},{"@type":"Organization","@id":"https:\/\/nightwatchepilepsy.com\/fr\/#organization","name":"NightWatch Epilepsy Seizure Detection","alternateName":"NightWatch","url":"https:\/\/nightwatchepilepsy.com\/fr\/","logo":{"@type":"ImageObject","inLanguage":"fr-FR","@id":"https:\/\/nightwatchepilepsy.com\/fr\/#\/schema\/logo\/image\/","url":"https:\/\/nightwatchepilepsy.com\/wp-content\/uploads\/2023\/02\/NightWatch-Logo.png","contentUrl":"https:\/\/nightwatchepilepsy.com\/wp-content\/uploads\/2023\/02\/NightWatch-Logo.png","width":696,"height":696,"caption":"NightWatch Epilepsy Seizure Detection"},"image":{"@id":"https:\/\/nightwatchepilepsy.com\/fr\/#\/schema\/logo\/image\/"},"sameAs":["https:\/\/www.facebook.com\/EpilepsySeizureDetectionEN","https:\/\/x.com\/NightWatchAlarm","https:\/\/www.linkedin.com\/company\/nightwatch-epilepsy-detection\/","https:\/\/www.instagram.com\/nightwatch_epilepsie_detectie\/"]}]}},"_links":{"self":[{"href":"https:\/\/nightwatchepilepsy.com\/fr\/wp-json\/wp\/v2\/pages\/27325","targetHints":{"allow":["GET"]}}],"collection":[{"href":"https:\/\/nightwatchepilepsy.com\/fr\/wp-json\/wp\/v2\/pages"}],"about":[{"href":"https:\/\/nightwatchepilepsy.com\/fr\/wp-json\/wp\/v2\/types\/page"}],"author":[{"embeddable":true,"href":"https:\/\/nightwatchepilepsy.com\/fr\/wp-json\/wp\/v2\/users\/1"}],"replies":[{"embeddable":true,"href":"https:\/\/nightwatchepilepsy.com\/fr\/wp-json\/wp\/v2\/comments?post=27325"}],"version-history":[{"count":12,"href":"https:\/\/nightwatchepilepsy.com\/fr\/wp-json\/wp\/v2\/pages\/27325\/revisions"}],"predecessor-version":[{"id":37258,"href":"https:\/\/nightwatchepilepsy.com\/fr\/wp-json\/wp\/v2\/pages\/27325\/revisions\/37258"}],"wp:attachment":[{"href":"https:\/\/nightwatchepilepsy.com\/fr\/wp-json\/wp\/v2\/media?parent=27325"}],"curies":[{"name":"wp","href":"https:\/\/api.w.org\/{rel}","templated":true}]}}