{"id":27244,"date":"2021-03-16T18:15:32","date_gmt":"2021-03-16T18:15:32","guid":{"rendered":"https:\/\/nightwatchepilepsy.com\/contact\/"},"modified":"2026-02-09T10:13:50","modified_gmt":"2026-02-09T09:13:50","slug":"contact","status":"publish","type":"page","link":"https:\/\/nightwatchepilepsy.com\/fr\/contact\/","title":{"rendered":"Contact"},"content":{"rendered":"<p>[et_pb_section fb_built=\u00a0\u00bb1&Prime; _builder_version=\u00a0\u00bb4.16&Prime; _module_preset=\u00a0\u00bbdefault\u00a0\u00bb global_colors_info=\u00a0\u00bb{}\u00a0\u00bb][et_pb_row _builder_version=\u00a0\u00bb4.16&Prime; _module_preset=\u00a0\u00bbdefault\u00a0\u00bb custom_padding=\u00a0\u00bb||0px||false|false\u00a0\u00bb global_colors_info=\u00a0\u00bb{}\u00a0\u00bb][et_pb_column type=\u00a0\u00bb4_4&Prime; _builder_version=\u00a0\u00bb4.16&Prime; _module_preset=\u00a0\u00bbdefault\u00a0\u00bb global_colors_info=\u00a0\u00bb{}\u00a0\u00bb][et_pb_text _builder_version=\u00a0\u00bb4.27.4&Prime; _module_preset=\u00a0\u00bbdefault\u00a0\u00bb global_colors_info=\u00a0\u00bb{}\u00a0\u00bb]<\/p>\n<div id=\"bgLayers_comp-k8il6bxm\" class=\"X-jRX\">\n<h1 id=\"bgMedia_comp-k8il6bxm\" class=\"_1J6n9\"><span style=\"font-size: 30px; color: #333333; font-family: Ubuntu, Helvetica, Arial, Lucida, sans-serif;\">Contact<\/span><\/h1>\n<p><span>Nous sommes heureux de vous aider dans la cadre de la d\u00e9tection de crises d\u2019\u00e9pilepsie. Consultez d&rsquo;abord la page de <a href=\"https:\/\/nightwatchepilepsy.com\/fr\/resoudre-les-problemes\/\">r\u00e9soudre les probl\u00e8mes<\/a><\/span><span>, vous y trouverez s\u00fbrement d\u00e9j\u00e0 votre r\u00e9ponse. Vous n\u2019avez pas trouv\u00e9 la r\u00e9ponse \u00e0 votre question ? Veuillez remplir le formulaire de contact ci-dessous ou choisir l\u2019un des options ci-dessous.<\/span><\/p>\n<p><strong><\/strong><\/p>\n<p><strong>T\u00e9l\u00e9phone<br \/><\/strong>Contactez-nous par t\u00e9l\u00e9phone au <a href=\"tel:+33985401571\">+33 (0)9 85 40 15 71<\/a><\/p>\n<\/div>\n<p class=\"font_8\"><strong><\/strong><\/p>\n<p class=\"font_8\"><strong>E-mail<br \/><\/strong><span>Envoyez-nous un e-mail \u00e0 l\u2019adresse <\/span><a href=\"mailto:info@nightwatch.fr\">info@nightwatch.fr<\/a><\/p>\n<p>[\/et_pb_text][et_pb_text _builder_version=\u00a0\u00bb4.27.4&Prime; _module_preset=\u00a0\u00bbdefault\u00a0\u00bb global_colors_info=\u00a0\u00bb{}\u00a0\u00bb]<\/p>\n<p class=\"font_8\"><span><strong>LivAssured B.V.<\/strong><br \/><\/span><span>Schipholweg 103<br \/><\/span><span>2316 XC\u00a0 LEIDEN<br \/><\/span>Pays-Bas<\/p>\n<p>[\/et_pb_text][et_pb_text _builder_version=\u00a0\u00bb4.27.4&Prime; _module_preset=\u00a0\u00bbdefault\u00a0\u00bb global_colors_info=\u00a0\u00bb{}\u00a0\u00bb]<\/p>\n<p><strong>Distributeurs NightWatch<\/strong><br \/>Vous trouverez <a href=\"\/fr\/distributeurs\/\">ici<\/a> la liste de nos <a href=\"\/fr\/distributeurs\/\">distributeurs NightWatch<\/a> et leurs coordonn\u00e9es.<\/p>\n<p>[\/et_pb_text][et_pb_text _builder_version=\u00a0\u00bb4.27.4&Prime; _module_preset=\u00a0\u00bbdefault\u00a0\u00bb global_colors_info=\u00a0\u00bb{}\u00a0\u00bb]<\/p>\n<div id=\"bgLayers_comp-k8il6bxm\" class=\"X-jRX\">\n<h2 id=\"bgMedia_comp-k8il6bxm\" class=\"_1J6n9\"><span style=\"font-size: 30px; color: #333333; font-family: Ubuntu, Helvetica, Arial, Lucida, sans-serif;\">Formulaire de contact<\/span><\/h2>\n<\/div>\n<p>[\/et_pb_text][\/et_pb_column][\/et_pb_row][et_pb_row _builder_version=\u00a0\u00bb4.16&Prime; _module_preset=\u00a0\u00bbdefault\u00a0\u00bb custom_padding=\u00a0\u00bb0px||||false|false\u00a0\u00bb locked=\u00a0\u00bboff\u00a0\u00bb global_colors_info=\u00a0\u00bb{}\u00a0\u00bb][et_pb_column type=\u00a0\u00bb4_4&Prime; _builder_version=\u00a0\u00bb4.16&Prime; _module_preset=\u00a0\u00bbdefault\u00a0\u00bb global_colors_info=\u00a0\u00bb{}\u00a0\u00bb][et_pb_code _builder_version=\u00a0\u00bb4.27.5&Prime; _module_preset=\u00a0\u00bbdefault\u00a0\u00bb hover_enabled=\u00a0\u00bb0&Prime; global_colors_info=\u00a0\u00bb{}\u00a0\u00bb sticky_enabled=\u00a0\u00bb0&Prime;]<!-- salesforce.123formbuilder.com script begins here --><!-- [et_pb_line_break_holder] --><script type=\"text\/javascript\" defer src=\"https:\/\/salesforce.123formbuilder.com\/embed\/6909038.js\" data-role=\"form\" data-default-width=\"800px\" data-custom-vars=\"hasEmbedFormStyle=1&#038;language=fr\"><\/script><!-- [et_pb_line_break_holder] --><!-- salesforce.123formbuilder.com script ends here -->[\/et_pb_code][\/et_pb_column][\/et_pb_row][\/et_pb_section]<\/p>\n","protected":false},"excerpt":{"rendered":"<p>Contact Nous sommes heureux de vous aider dans la cadre de la d\u00e9tection de crises d\u2019\u00e9pilepsie. Consultez d&rsquo;abord la page de r\u00e9soudre les probl\u00e8mes, vous y trouverez s\u00fbrement d\u00e9j\u00e0 votre r\u00e9ponse. Vous n\u2019avez pas trouv\u00e9 la r\u00e9ponse \u00e0 votre question ? Veuillez remplir le formulaire de contact ci-dessous ou choisir l\u2019un des options ci-dessous. T\u00e9l\u00e9phoneContactez-nous [&hellip;]<\/p>\n","protected":false},"author":1,"featured_media":0,"parent":0,"menu_order":0,"comment_status":"closed","ping_status":"closed","template":"","meta":{"_et_pb_use_builder":"on","_et_pb_old_content":"","_et_gb_content_width":"","footnotes":""},"class_list":["post-27244","page","type-page","status-publish","hentry"],"yoast_head":"<!-- This site is optimized with the Yoast SEO plugin v27.4 - https:\/\/yoast.com\/product\/yoast-seo-wordpress\/ -->\n<title>Contact | NightWatch | D\u00e9tection des crises d\u2019\u00e9pilepsie<\/title>\n<meta name=\"description\" content=\"Ici vous pouvez trouver nos coordonn\u00e9es et notre formulaire de contact\" \/>\n<meta name=\"robots\" content=\"index, follow, max-snippet:-1, max-image-preview:large, max-video-preview:-1\" \/>\n<link rel=\"canonical\" href=\"https:\/\/nightwatchepilepsy.com\/fr\/contact\/\" \/>\n<meta property=\"og:locale\" content=\"fr_FR\" \/>\n<meta property=\"og:type\" content=\"article\" \/>\n<meta property=\"og:title\" content=\"Contact | NightWatch | D\u00e9tection des crises d\u2019\u00e9pilepsie\" \/>\n<meta property=\"og:description\" content=\"Ici vous pouvez trouver nos coordonn\u00e9es et notre formulaire de contact\" \/>\n<meta property=\"og:url\" content=\"https:\/\/nightwatchepilepsy.com\/fr\/contact\/\" \/>\n<meta property=\"og:site_name\" content=\"NightWatch\" \/>\n<meta property=\"article:publisher\" content=\"https:\/\/www.facebook.com\/EpilepsySeizureDetectionEN\" \/>\n<meta property=\"article:modified_time\" content=\"2026-02-09T09:13:50+00:00\" \/>\n<meta property=\"og:image\" content=\"https:\/\/nightwatchepilepsy.com\/wp-content\/uploads\/2022\/03\/Team-NightWatch-original.png\" \/>\n\t<meta property=\"og:image:width\" content=\"1227\" \/>\n\t<meta property=\"og:image:height\" content=\"853\" \/>\n\t<meta property=\"og:image:type\" content=\"image\/png\" \/>\n<meta name=\"twitter:card\" content=\"summary_large_image\" \/>\n<meta name=\"twitter:title\" content=\"Contact | NightWatch | D\u00e9tection des crises d\u2019\u00e9pilepsie\" \/>\n<meta name=\"twitter:description\" content=\"Retrouvez ici nos coordonn\u00e9es et notre formulaire de contact.Ici vous pouvez trouver nos coordonn\u00e9es et notre formulaire de contact\" \/>\n<meta name=\"twitter:image\" content=\"https:\/\/nightwatchepilepsy.com\/wp-content\/uploads\/2022\/03\/Team-NightWatch-original.png\" \/>\n<meta name=\"twitter:site\" content=\"@NightWatchAlarm\" \/>\n<meta name=\"twitter:label1\" content=\"Dur\u00e9e de lecture estim\u00e9e\" \/>\n\t<meta name=\"twitter:data1\" content=\"1 minute\" \/>\n<script type=\"application\/ld+json\" class=\"yoast-schema-graph\">{\"@context\":\"https:\\\/\\\/schema.org\",\"@graph\":[{\"@type\":\"WebPage\",\"@id\":\"https:\\\/\\\/nightwatchepilepsy.com\\\/fr\\\/contact\\\/\",\"url\":\"https:\\\/\\\/nightwatchepilepsy.com\\\/fr\\\/contact\\\/\",\"name\":\"Contact | NightWatch | D\u00e9tection des crises d\u2019\u00e9pilepsie\",\"isPartOf\":{\"@id\":\"https:\\\/\\\/nightwatchepilepsy.com\\\/fr\\\/#website\"},\"datePublished\":\"2021-03-16T18:15:32+00:00\",\"dateModified\":\"2026-02-09T09:13:50+00:00\",\"description\":\"Ici vous pouvez trouver nos coordonn\u00e9es et notre formulaire de contact\",\"breadcrumb\":{\"@id\":\"https:\\\/\\\/nightwatchepilepsy.com\\\/fr\\\/contact\\\/#breadcrumb\"},\"inLanguage\":\"fr-FR\",\"potentialAction\":[{\"@type\":\"ReadAction\",\"target\":[\"https:\\\/\\\/nightwatchepilepsy.com\\\/fr\\\/contact\\\/\"]}]},{\"@type\":\"BreadcrumbList\",\"@id\":\"https:\\\/\\\/nightwatchepilepsy.com\\\/fr\\\/contact\\\/#breadcrumb\",\"itemListElement\":[{\"@type\":\"ListItem\",\"position\":1,\"name\":\"Home\",\"item\":\"https:\\\/\\\/nightwatchepilepsy.com\\\/fr\\\/\"},{\"@type\":\"ListItem\",\"position\":2,\"name\":\"Contact\"}]},{\"@type\":\"WebSite\",\"@id\":\"https:\\\/\\\/nightwatchepilepsy.com\\\/fr\\\/#website\",\"url\":\"https:\\\/\\\/nightwatchepilepsy.com\\\/fr\\\/\",\"name\":\"NightWatch\",\"description\":\"Epilepsy seizure detection | Warns during sleep\",\"publisher\":{\"@id\":\"https:\\\/\\\/nightwatchepilepsy.com\\\/fr\\\/#organization\"},\"potentialAction\":[{\"@type\":\"SearchAction\",\"target\":{\"@type\":\"EntryPoint\",\"urlTemplate\":\"https:\\\/\\\/nightwatchepilepsy.com\\\/fr\\\/?s={search_term_string}\"},\"query-input\":{\"@type\":\"PropertyValueSpecification\",\"valueRequired\":true,\"valueName\":\"search_term_string\"}}],\"inLanguage\":\"fr-FR\"},{\"@type\":\"Organization\",\"@id\":\"https:\\\/\\\/nightwatchepilepsy.com\\\/fr\\\/#organization\",\"name\":\"NightWatch Epilepsy Seizure Detection\",\"alternateName\":\"NightWatch\",\"url\":\"https:\\\/\\\/nightwatchepilepsy.com\\\/fr\\\/\",\"logo\":{\"@type\":\"ImageObject\",\"inLanguage\":\"fr-FR\",\"@id\":\"https:\\\/\\\/nightwatchepilepsy.com\\\/fr\\\/#\\\/schema\\\/logo\\\/image\\\/\",\"url\":\"https:\\\/\\\/nightwatchepilepsy.com\\\/wp-content\\\/uploads\\\/2023\\\/02\\\/NightWatch-Logo.png\",\"contentUrl\":\"https:\\\/\\\/nightwatchepilepsy.com\\\/wp-content\\\/uploads\\\/2023\\\/02\\\/NightWatch-Logo.png\",\"width\":696,\"height\":696,\"caption\":\"NightWatch Epilepsy Seizure Detection\"},\"image\":{\"@id\":\"https:\\\/\\\/nightwatchepilepsy.com\\\/fr\\\/#\\\/schema\\\/logo\\\/image\\\/\"},\"sameAs\":[\"https:\\\/\\\/www.facebook.com\\\/EpilepsySeizureDetectionEN\",\"https:\\\/\\\/x.com\\\/NightWatchAlarm\",\"https:\\\/\\\/www.linkedin.com\\\/company\\\/nightwatch-epilepsy-detection\\\/\",\"https:\\\/\\\/www.instagram.com\\\/nightwatch_epilepsie_detectie\\\/\"]}]}<\/script>\n<!-- \/ Yoast SEO plugin. -->","yoast_head_json":{"title":"Contact | NightWatch | D\u00e9tection des crises d\u2019\u00e9pilepsie","description":"Ici vous pouvez trouver nos coordonn\u00e9es et notre formulaire de contact","robots":{"index":"index","follow":"follow","max-snippet":"max-snippet:-1","max-image-preview":"max-image-preview:large","max-video-preview":"max-video-preview:-1"},"canonical":"https:\/\/nightwatchepilepsy.com\/fr\/contact\/","og_locale":"fr_FR","og_type":"article","og_title":"Contact | NightWatch | D\u00e9tection des crises d\u2019\u00e9pilepsie","og_description":"Ici vous pouvez trouver nos coordonn\u00e9es et notre formulaire de contact","og_url":"https:\/\/nightwatchepilepsy.com\/fr\/contact\/","og_site_name":"NightWatch","article_publisher":"https:\/\/www.facebook.com\/EpilepsySeizureDetectionEN","article_modified_time":"2026-02-09T09:13:50+00:00","og_image":[{"width":1227,"height":853,"url":"https:\/\/nightwatchepilepsy.com\/wp-content\/uploads\/2022\/03\/Team-NightWatch-original.png","type":"image\/png"}],"twitter_card":"summary_large_image","twitter_title":"Contact | NightWatch | D\u00e9tection des crises d\u2019\u00e9pilepsie","twitter_description":"Retrouvez ici nos coordonn\u00e9es et notre formulaire de contact.Ici vous pouvez trouver nos coordonn\u00e9es et notre formulaire de contact","twitter_image":"https:\/\/nightwatchepilepsy.com\/wp-content\/uploads\/2022\/03\/Team-NightWatch-original.png","twitter_site":"@NightWatchAlarm","twitter_misc":{"Dur\u00e9e de lecture estim\u00e9e":"1 minute"},"schema":{"@context":"https:\/\/schema.org","@graph":[{"@type":"WebPage","@id":"https:\/\/nightwatchepilepsy.com\/fr\/contact\/","url":"https:\/\/nightwatchepilepsy.com\/fr\/contact\/","name":"Contact | NightWatch | D\u00e9tection des crises d\u2019\u00e9pilepsie","isPartOf":{"@id":"https:\/\/nightwatchepilepsy.com\/fr\/#website"},"datePublished":"2021-03-16T18:15:32+00:00","dateModified":"2026-02-09T09:13:50+00:00","description":"Ici vous pouvez trouver nos coordonn\u00e9es et notre formulaire de contact","breadcrumb":{"@id":"https:\/\/nightwatchepilepsy.com\/fr\/contact\/#breadcrumb"},"inLanguage":"fr-FR","potentialAction":[{"@type":"ReadAction","target":["https:\/\/nightwatchepilepsy.com\/fr\/contact\/"]}]},{"@type":"BreadcrumbList","@id":"https:\/\/nightwatchepilepsy.com\/fr\/contact\/#breadcrumb","itemListElement":[{"@type":"ListItem","position":1,"name":"Home","item":"https:\/\/nightwatchepilepsy.com\/fr\/"},{"@type":"ListItem","position":2,"name":"Contact"}]},{"@type":"WebSite","@id":"https:\/\/nightwatchepilepsy.com\/fr\/#website","url":"https:\/\/nightwatchepilepsy.com\/fr\/","name":"NightWatch","description":"Epilepsy seizure detection | Warns during sleep","publisher":{"@id":"https:\/\/nightwatchepilepsy.com\/fr\/#organization"},"potentialAction":[{"@type":"SearchAction","target":{"@type":"EntryPoint","urlTemplate":"https:\/\/nightwatchepilepsy.com\/fr\/?s={search_term_string}"},"query-input":{"@type":"PropertyValueSpecification","valueRequired":true,"valueName":"search_term_string"}}],"inLanguage":"fr-FR"},{"@type":"Organization","@id":"https:\/\/nightwatchepilepsy.com\/fr\/#organization","name":"NightWatch Epilepsy Seizure Detection","alternateName":"NightWatch","url":"https:\/\/nightwatchepilepsy.com\/fr\/","logo":{"@type":"ImageObject","inLanguage":"fr-FR","@id":"https:\/\/nightwatchepilepsy.com\/fr\/#\/schema\/logo\/image\/","url":"https:\/\/nightwatchepilepsy.com\/wp-content\/uploads\/2023\/02\/NightWatch-Logo.png","contentUrl":"https:\/\/nightwatchepilepsy.com\/wp-content\/uploads\/2023\/02\/NightWatch-Logo.png","width":696,"height":696,"caption":"NightWatch Epilepsy Seizure Detection"},"image":{"@id":"https:\/\/nightwatchepilepsy.com\/fr\/#\/schema\/logo\/image\/"},"sameAs":["https:\/\/www.facebook.com\/EpilepsySeizureDetectionEN","https:\/\/x.com\/NightWatchAlarm","https:\/\/www.linkedin.com\/company\/nightwatch-epilepsy-detection\/","https:\/\/www.instagram.com\/nightwatch_epilepsie_detectie\/"]}]}},"_links":{"self":[{"href":"https:\/\/nightwatchepilepsy.com\/fr\/wp-json\/wp\/v2\/pages\/27244","targetHints":{"allow":["GET"]}}],"collection":[{"href":"https:\/\/nightwatchepilepsy.com\/fr\/wp-json\/wp\/v2\/pages"}],"about":[{"href":"https:\/\/nightwatchepilepsy.com\/fr\/wp-json\/wp\/v2\/types\/page"}],"author":[{"embeddable":true,"href":"https:\/\/nightwatchepilepsy.com\/fr\/wp-json\/wp\/v2\/users\/1"}],"replies":[{"embeddable":true,"href":"https:\/\/nightwatchepilepsy.com\/fr\/wp-json\/wp\/v2\/comments?post=27244"}],"version-history":[{"count":21,"href":"https:\/\/nightwatchepilepsy.com\/fr\/wp-json\/wp\/v2\/pages\/27244\/revisions"}],"predecessor-version":[{"id":44390,"href":"https:\/\/nightwatchepilepsy.com\/fr\/wp-json\/wp\/v2\/pages\/27244\/revisions\/44390"}],"wp:attachment":[{"href":"https:\/\/nightwatchepilepsy.com\/fr\/wp-json\/wp\/v2\/media?parent=27244"}],"curies":[{"name":"wp","href":"https:\/\/api.w.org\/{rel}","templated":true}]}}