{"id":43972,"date":"2025-12-05T10:46:54","date_gmt":"2025-12-05T09:46:54","guid":{"rendered":"https:\/\/nightwatchepilepsy.com\/?page_id=43972"},"modified":"2025-12-05T10:52:08","modified_gmt":"2025-12-05T09:52:08","slug":"asuntos-legales-y-cumplimiento","status":"publish","type":"page","link":"https:\/\/nightwatchepilepsy.com\/es\/asuntos-legales-y-cumplimiento\/","title":{"rendered":"Asuntos Legales y Cumplimiento"},"content":{"rendered":"<p>[et_pb_section fb_built=\u00bb1&#8243; _builder_version=\u00bb4.16&#8243; _module_preset=\u00bbdefault\u00bb custom_padding=\u00bb50px||50px||true|false\u00bb global_colors_info=\u00bb{}\u00bb][et_pb_row _builder_version=\u00bb4.16&#8243; _module_preset=\u00bbdefault\u00bb global_colors_info=\u00bb{}\u00bb][et_pb_column type=\u00bb4_4&#8243; _builder_version=\u00bb4.16&#8243; _module_preset=\u00bbdefault\u00bb global_colors_info=\u00bb{}\u00bb][et_pb_text _builder_version=\u00bb4.27.5&#8243; _module_preset=\u00bbdefault\u00bb hover_enabled=\u00bb0&#8243; global_colors_info=\u00bb{}\u00bb sticky_enabled=\u00bb0&#8243;]<\/p>\n<h1 style=\"text-align: left;\">Asuntos Legales y Cumplimiento<\/h1>\n<p>[\/et_pb_text][et_pb_text _builder_version=\u00bb4.27.5&#8243; _module_preset=\u00bbdefault\u00bb hover_enabled=\u00bb0&#8243; global_colors_info=\u00bb{}\u00bb sticky_enabled=\u00bb0&#8243;]<\/p>\n<p>Bienvenido a nuestra p\u00e1gina de Aviso legal y cumplimiento normativo. Aqu\u00ed encontrar\u00e1 todos los documentos esenciales, incluidos nuestros t\u00e9rminos y condiciones, nuestra declaraci\u00f3n de privacidad y nuestra pol\u00edtica de devoluciones. Proporcionamos esta informaci\u00f3n para garantizar una total transparencia y ayudarle a comprender sus derechos, responsabilidades y c\u00f3mo protegemos sus datos.<\/p>\n<p>[\/et_pb_text][\/et_pb_column][\/et_pb_row][et_pb_row _builder_version=\u00bb4.27.4&#8243; _module_preset=\u00bbdefault\u00bb global_colors_info=\u00bb{}\u00bb][et_pb_column type=\u00bb4_4&#8243; _builder_version=\u00bb4.27.4&#8243; _module_preset=\u00bbdefault\u00bb global_colors_info=\u00bb{}\u00bb][et_pb_button button_url=\u00bb\/livassured_general-terms-and-conditions_es\/\u00bb url_new_window=\u00bbon\u00bb button_text=\u00bbT\u00c9RMINOS Y CONDICIONES GENERALES DE ENTREGA Y PAGO DE LIVASSURED B.V.\u00bb button_alignment=\u00bbcenter\u00bb _builder_version=\u00bb4.27.5&#8243; _module_preset=\u00bbdefault\u00bb hover_enabled=\u00bb0&#8243; global_colors_info=\u00bb{}\u00bb sticky_enabled=\u00bb0&#8243;][\/et_pb_button][et_pb_button button_url=\u00bb@ET-DC@eyJkeW5hbWljIjp0cnVlLCJjb250ZW50IjoicG9zdF9saW5rX3VybF9wYWdlIiwic2V0dGluZ3MiOnsicG9zdF9pZCI6IjI2Mjk1In19@\u00bb button_text=\u00bbPOL\u00cdTICA DE DEVOLUCIONES NightWatch+, LivAssured B.V.\u00bb button_alignment=\u00bbcenter\u00bb _builder_version=\u00bb4.27.5&#8243; _dynamic_attributes=\u00bbbutton_url\u00bb _module_preset=\u00bbdefault\u00bb hover_enabled=\u00bb0&#8243; global_colors_info=\u00bb{}\u00bb sticky_enabled=\u00bb0&#8243;][\/et_pb_button][et_pb_button button_url=\u00bb\/livassured_privacy-statement-general_es\/\u00bb url_new_window=\u00bbon\u00bb button_text=\u00bbDECLARACI\u00d3N DE PRIVACIDAD, GENERAL\u00bb button_alignment=\u00bbcenter\u00bb _builder_version=\u00bb4.27.5&#8243; _module_preset=\u00bbdefault\u00bb hover_enabled=\u00bb0&#8243; global_colors_info=\u00bb{}\u00bb sticky_enabled=\u00bb0&#8243;][\/et_pb_button][\/et_pb_column][\/et_pb_row][\/et_pb_section]<\/p>\n","protected":false},"excerpt":{"rendered":"<p>Asuntos Legales y CumplimientoBienvenido a nuestra p\u00e1gina de Aviso legal y cumplimiento normativo. Aqu\u00ed encontrar\u00e1 todos los documentos esenciales, incluidos nuestros t\u00e9rminos y condiciones, nuestra declaraci\u00f3n de privacidad y nuestra pol\u00edtica de devoluciones. Proporcionamos esta informaci\u00f3n para garantizar una total transparencia y ayudarle a comprender sus derechos, responsabilidades y c\u00f3mo protegemos sus datos.<\/p>\n","protected":false},"author":3,"featured_media":0,"parent":0,"menu_order":0,"comment_status":"closed","ping_status":"closed","template":"","meta":{"_et_pb_use_builder":"on","_et_pb_old_content":"","_et_gb_content_width":"","footnotes":""},"class_list":["post-43972","page","type-page","status-publish","hentry"],"yoast_head":"<!-- This site is optimized with the Yoast SEO plugin v27.3 - https:\/\/yoast.com\/product\/yoast-seo-wordpress\/ -->\n<title>Asuntos Legales y Cumplimiento<\/title>\n<meta name=\"robots\" content=\"index, nofollow, max-snippet:-1, max-image-preview:large, max-video-preview:-1\" \/>\n<link rel=\"canonical\" href=\"https:\/\/nightwatchepilepsy.com\/es\/asuntos-legales-y-cumplimiento\/\" \/>\n<meta property=\"og:locale\" content=\"es_ES\" \/>\n<meta property=\"og:type\" content=\"article\" \/>\n<meta property=\"og:title\" content=\"Asuntos Legales y Cumplimiento\" \/>\n<meta property=\"og:description\" content=\"Asuntos Legales y CumplimientoBienvenido a nuestra p\u00e1gina de Aviso legal y cumplimiento normativo. Aqu\u00ed encontrar\u00e1 todos los documentos esenciales, incluidos nuestros t\u00e9rminos y condiciones, nuestra declaraci\u00f3n de privacidad y nuestra pol\u00edtica de devoluciones. Proporcionamos esta informaci\u00f3n para garantizar una total transparencia y ayudarle a comprender sus derechos, responsabilidades y c\u00f3mo protegemos sus datos.\" \/>\n<meta property=\"og:url\" content=\"https:\/\/nightwatchepilepsy.com\/es\/asuntos-legales-y-cumplimiento\/\" \/>\n<meta property=\"og:site_name\" content=\"NightWatch\" \/>\n<meta property=\"article:publisher\" content=\"https:\/\/www.facebook.com\/EpilepsySeizureDetectionEN\" \/>\n<meta property=\"article:modified_time\" content=\"2025-12-05T09:52:08+00:00\" \/>\n<meta name=\"twitter:card\" content=\"summary_large_image\" \/>\n<meta name=\"twitter:site\" content=\"@NightWatchAlarm\" \/>\n<meta name=\"twitter:label1\" content=\"Tiempo de lectura\" \/>\n\t<meta name=\"twitter:data1\" content=\"1 minuto\" \/>\n<script type=\"application\/ld+json\" class=\"yoast-schema-graph\">{\"@context\":\"https:\\\/\\\/schema.org\",\"@graph\":[{\"@type\":\"WebPage\",\"@id\":\"https:\\\/\\\/nightwatchepilepsy.com\\\/es\\\/asuntos-legales-y-cumplimiento\\\/\",\"url\":\"https:\\\/\\\/nightwatchepilepsy.com\\\/es\\\/asuntos-legales-y-cumplimiento\\\/\",\"name\":\"Asuntos Legales y Cumplimiento\",\"isPartOf\":{\"@id\":\"https:\\\/\\\/nightwatchepilepsy.com\\\/es\\\/#website\"},\"datePublished\":\"2025-12-05T09:46:54+00:00\",\"dateModified\":\"2025-12-05T09:52:08+00:00\",\"breadcrumb\":{\"@id\":\"https:\\\/\\\/nightwatchepilepsy.com\\\/es\\\/asuntos-legales-y-cumplimiento\\\/#breadcrumb\"},\"inLanguage\":\"es\",\"potentialAction\":[{\"@type\":\"ReadAction\",\"target\":[\"https:\\\/\\\/nightwatchepilepsy.com\\\/es\\\/asuntos-legales-y-cumplimiento\\\/\"]}]},{\"@type\":\"BreadcrumbList\",\"@id\":\"https:\\\/\\\/nightwatchepilepsy.com\\\/es\\\/asuntos-legales-y-cumplimiento\\\/#breadcrumb\",\"itemListElement\":[{\"@type\":\"ListItem\",\"position\":1,\"name\":\"Home\",\"item\":\"https:\\\/\\\/nightwatchepilepsy.com\\\/es\\\/\"},{\"@type\":\"ListItem\",\"position\":2,\"name\":\"Asuntos Legales y Cumplimiento\"}]},{\"@type\":\"WebSite\",\"@id\":\"https:\\\/\\\/nightwatchepilepsy.com\\\/es\\\/#website\",\"url\":\"https:\\\/\\\/nightwatchepilepsy.com\\\/es\\\/\",\"name\":\"NightWatch\",\"description\":\"Epilepsy seizure detection | Warns during sleep\",\"publisher\":{\"@id\":\"https:\\\/\\\/nightwatchepilepsy.com\\\/es\\\/#organization\"},\"potentialAction\":[{\"@type\":\"SearchAction\",\"target\":{\"@type\":\"EntryPoint\",\"urlTemplate\":\"https:\\\/\\\/nightwatchepilepsy.com\\\/es\\\/?s={search_term_string}\"},\"query-input\":{\"@type\":\"PropertyValueSpecification\",\"valueRequired\":true,\"valueName\":\"search_term_string\"}}],\"inLanguage\":\"es\"},{\"@type\":\"Organization\",\"@id\":\"https:\\\/\\\/nightwatchepilepsy.com\\\/es\\\/#organization\",\"name\":\"NightWatch Epilepsy Seizure Detection\",\"alternateName\":\"NightWatch\",\"url\":\"https:\\\/\\\/nightwatchepilepsy.com\\\/es\\\/\",\"logo\":{\"@type\":\"ImageObject\",\"inLanguage\":\"es\",\"@id\":\"https:\\\/\\\/nightwatchepilepsy.com\\\/es\\\/#\\\/schema\\\/logo\\\/image\\\/\",\"url\":\"https:\\\/\\\/nightwatchepilepsy.com\\\/wp-content\\\/uploads\\\/2023\\\/02\\\/NightWatch-Logo.png\",\"contentUrl\":\"https:\\\/\\\/nightwatchepilepsy.com\\\/wp-content\\\/uploads\\\/2023\\\/02\\\/NightWatch-Logo.png\",\"width\":696,\"height\":696,\"caption\":\"NightWatch Epilepsy Seizure Detection\"},\"image\":{\"@id\":\"https:\\\/\\\/nightwatchepilepsy.com\\\/es\\\/#\\\/schema\\\/logo\\\/image\\\/\"},\"sameAs\":[\"https:\\\/\\\/www.facebook.com\\\/EpilepsySeizureDetectionEN\",\"https:\\\/\\\/x.com\\\/NightWatchAlarm\",\"https:\\\/\\\/www.linkedin.com\\\/company\\\/nightwatch-epilepsy-detection\\\/\",\"https:\\\/\\\/www.instagram.com\\\/nightwatch_epilepsie_detectie\\\/\"]}]}<\/script>\n<!-- \/ Yoast SEO plugin. -->","yoast_head_json":{"title":"Asuntos Legales y Cumplimiento","robots":{"index":"index","follow":"nofollow","max-snippet":"max-snippet:-1","max-image-preview":"max-image-preview:large","max-video-preview":"max-video-preview:-1"},"canonical":"https:\/\/nightwatchepilepsy.com\/es\/asuntos-legales-y-cumplimiento\/","og_locale":"es_ES","og_type":"article","og_title":"Asuntos Legales y Cumplimiento","og_description":"Asuntos Legales y CumplimientoBienvenido a nuestra p\u00e1gina de Aviso legal y cumplimiento normativo. Aqu\u00ed encontrar\u00e1 todos los documentos esenciales, incluidos nuestros t\u00e9rminos y condiciones, nuestra declaraci\u00f3n de privacidad y nuestra pol\u00edtica de devoluciones. Proporcionamos esta informaci\u00f3n para garantizar una total transparencia y ayudarle a comprender sus derechos, responsabilidades y c\u00f3mo protegemos sus datos.","og_url":"https:\/\/nightwatchepilepsy.com\/es\/asuntos-legales-y-cumplimiento\/","og_site_name":"NightWatch","article_publisher":"https:\/\/www.facebook.com\/EpilepsySeizureDetectionEN","article_modified_time":"2025-12-05T09:52:08+00:00","twitter_card":"summary_large_image","twitter_site":"@NightWatchAlarm","twitter_misc":{"Tiempo de lectura":"1 minuto"},"schema":{"@context":"https:\/\/schema.org","@graph":[{"@type":"WebPage","@id":"https:\/\/nightwatchepilepsy.com\/es\/asuntos-legales-y-cumplimiento\/","url":"https:\/\/nightwatchepilepsy.com\/es\/asuntos-legales-y-cumplimiento\/","name":"Asuntos Legales y Cumplimiento","isPartOf":{"@id":"https:\/\/nightwatchepilepsy.com\/es\/#website"},"datePublished":"2025-12-05T09:46:54+00:00","dateModified":"2025-12-05T09:52:08+00:00","breadcrumb":{"@id":"https:\/\/nightwatchepilepsy.com\/es\/asuntos-legales-y-cumplimiento\/#breadcrumb"},"inLanguage":"es","potentialAction":[{"@type":"ReadAction","target":["https:\/\/nightwatchepilepsy.com\/es\/asuntos-legales-y-cumplimiento\/"]}]},{"@type":"BreadcrumbList","@id":"https:\/\/nightwatchepilepsy.com\/es\/asuntos-legales-y-cumplimiento\/#breadcrumb","itemListElement":[{"@type":"ListItem","position":1,"name":"Home","item":"https:\/\/nightwatchepilepsy.com\/es\/"},{"@type":"ListItem","position":2,"name":"Asuntos Legales y Cumplimiento"}]},{"@type":"WebSite","@id":"https:\/\/nightwatchepilepsy.com\/es\/#website","url":"https:\/\/nightwatchepilepsy.com\/es\/","name":"NightWatch","description":"Epilepsy seizure detection | Warns during sleep","publisher":{"@id":"https:\/\/nightwatchepilepsy.com\/es\/#organization"},"potentialAction":[{"@type":"SearchAction","target":{"@type":"EntryPoint","urlTemplate":"https:\/\/nightwatchepilepsy.com\/es\/?s={search_term_string}"},"query-input":{"@type":"PropertyValueSpecification","valueRequired":true,"valueName":"search_term_string"}}],"inLanguage":"es"},{"@type":"Organization","@id":"https:\/\/nightwatchepilepsy.com\/es\/#organization","name":"NightWatch Epilepsy Seizure Detection","alternateName":"NightWatch","url":"https:\/\/nightwatchepilepsy.com\/es\/","logo":{"@type":"ImageObject","inLanguage":"es","@id":"https:\/\/nightwatchepilepsy.com\/es\/#\/schema\/logo\/image\/","url":"https:\/\/nightwatchepilepsy.com\/wp-content\/uploads\/2023\/02\/NightWatch-Logo.png","contentUrl":"https:\/\/nightwatchepilepsy.com\/wp-content\/uploads\/2023\/02\/NightWatch-Logo.png","width":696,"height":696,"caption":"NightWatch Epilepsy Seizure Detection"},"image":{"@id":"https:\/\/nightwatchepilepsy.com\/es\/#\/schema\/logo\/image\/"},"sameAs":["https:\/\/www.facebook.com\/EpilepsySeizureDetectionEN","https:\/\/x.com\/NightWatchAlarm","https:\/\/www.linkedin.com\/company\/nightwatch-epilepsy-detection\/","https:\/\/www.instagram.com\/nightwatch_epilepsie_detectie\/"]}]}},"_links":{"self":[{"href":"https:\/\/nightwatchepilepsy.com\/es\/wp-json\/wp\/v2\/pages\/43972","targetHints":{"allow":["GET"]}}],"collection":[{"href":"https:\/\/nightwatchepilepsy.com\/es\/wp-json\/wp\/v2\/pages"}],"about":[{"href":"https:\/\/nightwatchepilepsy.com\/es\/wp-json\/wp\/v2\/types\/page"}],"author":[{"embeddable":true,"href":"https:\/\/nightwatchepilepsy.com\/es\/wp-json\/wp\/v2\/users\/3"}],"replies":[{"embeddable":true,"href":"https:\/\/nightwatchepilepsy.com\/es\/wp-json\/wp\/v2\/comments?post=43972"}],"version-history":[{"count":4,"href":"https:\/\/nightwatchepilepsy.com\/es\/wp-json\/wp\/v2\/pages\/43972\/revisions"}],"predecessor-version":[{"id":43977,"href":"https:\/\/nightwatchepilepsy.com\/es\/wp-json\/wp\/v2\/pages\/43972\/revisions\/43977"}],"wp:attachment":[{"href":"https:\/\/nightwatchepilepsy.com\/es\/wp-json\/wp\/v2\/media?parent=43972"}],"curies":[{"name":"wp","href":"https:\/\/api.w.org\/{rel}","templated":true}]}}