{"id":33512,"date":"2022-11-07T10:06:04","date_gmt":"2022-11-07T09:06:04","guid":{"rendered":"https:\/\/nightwatchepilepsy.com\/?page_id=33512"},"modified":"2026-01-02T11:18:48","modified_gmt":"2026-01-02T10:18:48","slug":"pedir","status":"publish","type":"page","link":"https:\/\/nightwatchepilepsy.com\/es\/pedir\/","title":{"rendered":"Pedir"},"content":{"rendered":"<p>[et_pb_section fb_built=\u00bb1&#8243; _builder_version=\u00bb4.16&#8243; _module_preset=\u00bbdefault\u00bb background_color=\u00bb#f7f9fd\u00bb global_colors_info=\u00bb{}\u00bb][et_pb_row _builder_version=\u00bb4.16&#8243; _module_preset=\u00bbdefault\u00bb global_colors_info=\u00bb{}\u00bb][et_pb_column type=\u00bb4_4&#8243; _builder_version=\u00bb4.16&#8243; _module_preset=\u00bbdefault\u00bb global_colors_info=\u00bb{}\u00bb][et_pb_text _builder_version=\u00bb4.27.5&#8243; _module_preset=\u00bbdefault\u00bb hover_enabled=\u00bb0&#8243; global_colors_info=\u00bb{}\u00bb sticky_enabled=\u00bb0&#8243;]<\/p>\n<div id=\"comp-k9e9w7b01\" class=\"_1Q9if\" data-testid=\"richTextElement\">\n<div id=\"bgLayers_comp-k8hdl8rz\" data-hook=\"bgLayers\" class=\"_3wnIc\">\n<div id=\"bgMedia_comp-k8hdl8rz\" class=\"_2GUhU\"><\/div>\n<\/div>\n<div data-mesh-id=\"comp-k8hdl8rzinlineContent\" data-testid=\"inline-content\" class=\"\">\n<div data-mesh-id=\"comp-k8hdl8rzinlineContent-gridContainer\" data-testid=\"mesh-container-content\">\n<div id=\"comp-k8hdl8s1\" class=\"_1Q9if\" data-testid=\"richTextElement\">\n<h2 class=\"font_2\"><span>Probar NightWatch+ en casa<\/span><\/h2>\n<\/div>\n<div id=\"comp-k8hdl8s3\" class=\"_1Q9if\" data-testid=\"richTextElement\">\n<h3 class=\"font_2\"><span><\/span><\/h3>\n<h3 class=\"font_2\"><span>Compre NightWatch+ con un per\u00edodo de prueba de 30 d\u00edas.<\/span>\u200b<\/h3>\n<p class=\"font_8\"><strong><\/strong><\/p>\n<p class=\"font_8\"><strong>Precio:<\/strong><\/p>\n<ul class=\"font_8\">\n<li>\n<p class=\"font_8\">NightWatch+ cuesta 1890 euros y se puede probar durante 30 d\u00edas.<\/p>\n<\/li>\n<\/ul>\n<p class=\"font_8\"><strong><\/strong><\/p>\n<p class=\"font_8\"><strong>Obtendr\u00e1:<\/strong><\/p>\n<ul class=\"font_8\">\n<li>\n<p class=\"font_8\">Un sistema NightWatch+ completo, compuesto por un m\u00f3dulo para el brazo y una estaci\u00f3n base<\/p>\n<\/li>\n<li>\n<p class=\"font_8\">Estuche de viaje gratuito<\/p>\n<\/li>\n<li>\n<p class=\"font_8\">2 a\u00f1os de garant\u00eda<\/p>\n<\/li>\n<li>\n<p class=\"font_8\">Env\u00edo gratuito<\/p>\n<\/li>\n<li>\n<p class=\"font_8\">Opci\u00f3n gratuita para utilizar el Portal NightWatch (versi\u00f3n beta)<\/p>\n<\/li>\n<li>\n<p class=\"font_8\">Asistencia telef\u00f3nica y online gratuita de nuestro servicio de soporte t\u00e9cnico<\/p>\n<\/li>\n<\/ul>\n<p class=\"font_8\"><span class=\"wixGuard\"><\/span><\/p>\n<p>\u00bfTodav\u00eda no est\u00e1 seguro despu\u00e9s de los 30 d\u00edas de prueba? \u00a1Ning\u00fan problema! Puede devolver su NightWatch+ hasta 6 meses despu\u00e9s de su adquisici\u00f3n y obtener un reembolso parcial. Haga clic <a href=\"\/es\/politica-de-devoluciones\">aqu\u00ed<\/a> para m\u00e1s informaci\u00f3n sobre el per\u00edodo de prueba y las condiciones de devoluci\u00f3n.<\/p>\n<p>Rellene el siguiente formulario para solicitar la prueba de su NightWatch+. Su pedido se enviar\u00e1 en un plazo aproximado de 5 d\u00edas laborables. Nos pondremos en contacto con usted por tel\u00e9fono para programar el env\u00edo y responder a cualquier pregunta que pueda tener.<\/p>\n<p>Cuando haya contacto telef\u00f3nico o por correo electr\u00f3nico con uno de nuestros especialistas de NightWatch, \u00e9ste hablar\u00e1 en ingl\u00e9s.<\/p>\n<\/div>\n<\/div>\n<\/div>\n<\/div>\n<p>[\/et_pb_text][\/et_pb_column][\/et_pb_row][\/et_pb_section][et_pb_section fb_built=\u00bb1&#8243; _builder_version=\u00bb4.16&#8243; _module_preset=\u00bbdefault\u00bb background_color=\u00bb#eef7ea\u00bb global_colors_info=\u00bb{}\u00bb][et_pb_row column_structure=\u00bb2_3,1_3&#8243; _builder_version=\u00bb4.16&#8243; _module_preset=\u00bbdefault\u00bb vertical_offset=\u00bb-20px\u00bb custom_margin=\u00bb0px||||false|false\u00bb custom_padding=\u00bb0px||||false|false\u00bb global_colors_info=\u00bb{}\u00bb][et_pb_column type=\u00bb2_3&#8243; _builder_version=\u00bb4.16&#8243; _module_preset=\u00bbdefault\u00bb global_colors_info=\u00bb{}\u00bb][et_pb_code _builder_version=\u00bb4.18.0&#8243; _module_preset=\u00bbdefault\u00bb text_orientation=\u00bbcenter\u00bb global_colors_info=\u00bb{}\u00bb]<\/p>\n<div><!-- [et_pb_line_break_holder] --><!-- form.123formbuilder.com script begins here --><script type=\"text\/javascript\" defer src=\"https:\/\/form.123formbuilder.com\/embed\/6281825.js\" data-role=\"form\" data-default-width=\"650px\"><\/script><!-- form.123formbuilder.com script ends here --><!-- [et_pb_line_break_holder] --><\/div>\n<p><!-- [et_pb_line_break_holder] -->[\/et_pb_code][\/et_pb_column][et_pb_column type=\u00bb1_3&#8243; _builder_version=\u00bb4.16&#8243; _module_preset=\u00bbdefault\u00bb global_colors_info=\u00bb{}\u00bb][\/et_pb_column][\/et_pb_row][et_pb_row _builder_version=\u00bb4.16&#8243; _module_preset=\u00bbdefault\u00bb custom_padding=\u00bb0px||||false|false\u00bb global_colors_info=\u00bb{}\u00bb][et_pb_column type=\u00bb4_4&#8243; _builder_version=\u00bb4.16&#8243; _module_preset=\u00bbdefault\u00bb global_colors_info=\u00bb{}\u00bb][et_pb_text _builder_version=\u00bb4.26.0&#8243; _module_preset=\u00bbdefault\u00bb global_colors_info=\u00bb{}\u00bb]<\/p>\n<p>\u200bLivAssured B.V. N\u00famero de identificaci\u00f3n fiscal: NL852748450B01<\/p>\n<p>[\/et_pb_text][\/et_pb_column][\/et_pb_row][\/et_pb_section]<\/p>\n","protected":false},"excerpt":{"rendered":"<p>Probar NightWatch+ en casa Compre NightWatch+ con un per\u00edodo de prueba de 30 d\u00edas.\u200b Precio: NightWatch+ cuesta 1890 euros y se puede probar durante 30 d\u00edas. Obtendr\u00e1: Un sistema NightWatch+ completo, compuesto por un m\u00f3dulo para el brazo y una estaci\u00f3n base Estuche de viaje gratuito 2 a\u00f1os de garant\u00eda Env\u00edo gratuito Opci\u00f3n gratuita para [&hellip;]<\/p>\n","protected":false},"author":2,"featured_media":40225,"parent":0,"menu_order":0,"comment_status":"closed","ping_status":"closed","template":"","meta":{"_et_pb_use_builder":"on","_et_pb_old_content":"","_et_gb_content_width":"","footnotes":""},"class_list":["post-33512","page","type-page","status-publish","has-post-thumbnail","hentry"],"yoast_head":"<!-- This site is optimized with the Yoast SEO plugin v27.3 - https:\/\/yoast.com\/product\/yoast-seo-wordpress\/ -->\n<title>Hacer un pedido | NightWatch+ | Uso dom\u00e9stico<\/title>\n<meta name=\"description\" content=\"Pedir NightWatch+ para uso dom\u00e9stico.\" \/>\n<meta name=\"robots\" content=\"index, nofollow, max-snippet:-1, max-image-preview:large, max-video-preview:-1\" \/>\n<link rel=\"canonical\" href=\"https:\/\/nightwatchepilepsy.com\/es\/pedir\/\" \/>\n<meta property=\"og:locale\" content=\"es_ES\" \/>\n<meta property=\"og:type\" content=\"article\" \/>\n<meta property=\"og:title\" content=\"Hacer un pedido | NightWatch | Uso dom\u00e9stico\" \/>\n<meta property=\"og:description\" content=\"Pedir NightWatch para uso dom\u00e9stico.\" \/>\n<meta property=\"og:url\" content=\"https:\/\/nightwatchepilepsy.com\/es\/pedir\/\" \/>\n<meta property=\"og:site_name\" content=\"NightWatch\" \/>\n<meta property=\"article:publisher\" content=\"https:\/\/www.facebook.com\/EpilepsySeizureDetectionEN\" \/>\n<meta property=\"article:modified_time\" content=\"2026-01-02T10:18:48+00:00\" \/>\n<meta property=\"og:image\" content=\"https:\/\/nightwatchepilepsy.com\/wp-content\/uploads\/2024\/10\/NightWatch_arm-modulebase-station_medium-shadow.png\" \/>\n\t<meta property=\"og:image:width\" content=\"1280\" \/>\n\t<meta property=\"og:image:height\" content=\"720\" \/>\n\t<meta property=\"og:image:type\" content=\"image\/png\" \/>\n<meta name=\"twitter:card\" content=\"summary_large_image\" \/>\n<meta name=\"twitter:title\" content=\"Hacer un pedido | NightWatch | Uso dom\u00e9stico\" \/>\n<meta name=\"twitter:description\" content=\"Pedir NightWatch para uso dom\u00e9stico.\" \/>\n<meta name=\"twitter:image\" content=\"https:\/\/nightwatchepilepsy.com\/wp-content\/uploads\/2022\/02\/NightWatch_basisstationarmmodule.png\" \/>\n<meta name=\"twitter:site\" content=\"@NightWatchAlarm\" \/>\n<meta name=\"twitter:label1\" content=\"Tiempo de lectura\" \/>\n\t<meta name=\"twitter:data1\" content=\"2 minutos\" \/>\n<script type=\"application\/ld+json\" class=\"yoast-schema-graph\">{\"@context\":\"https:\\\/\\\/schema.org\",\"@graph\":[{\"@type\":\"WebPage\",\"@id\":\"https:\\\/\\\/nightwatchepilepsy.com\\\/es\\\/pedir\\\/\",\"url\":\"https:\\\/\\\/nightwatchepilepsy.com\\\/es\\\/pedir\\\/\",\"name\":\"Hacer un pedido | NightWatch+ | Uso dom\u00e9stico\",\"isPartOf\":{\"@id\":\"https:\\\/\\\/nightwatchepilepsy.com\\\/es\\\/#website\"},\"primaryImageOfPage\":{\"@id\":\"https:\\\/\\\/nightwatchepilepsy.com\\\/es\\\/pedir\\\/#primaryimage\"},\"image\":{\"@id\":\"https:\\\/\\\/nightwatchepilepsy.com\\\/es\\\/pedir\\\/#primaryimage\"},\"thumbnailUrl\":\"https:\\\/\\\/nightwatchepilepsy.com\\\/wp-content\\\/uploads\\\/2025\\\/02\\\/NW_arm-module_light-shadow_small.png\",\"datePublished\":\"2022-11-07T09:06:04+00:00\",\"dateModified\":\"2026-01-02T10:18:48+00:00\",\"description\":\"Pedir NightWatch+ para uso dom\u00e9stico.\",\"breadcrumb\":{\"@id\":\"https:\\\/\\\/nightwatchepilepsy.com\\\/es\\\/pedir\\\/#breadcrumb\"},\"inLanguage\":\"es\",\"potentialAction\":[{\"@type\":\"ReadAction\",\"target\":[\"https:\\\/\\\/nightwatchepilepsy.com\\\/es\\\/pedir\\\/\"]}]},{\"@type\":\"ImageObject\",\"inLanguage\":\"es\",\"@id\":\"https:\\\/\\\/nightwatchepilepsy.com\\\/es\\\/pedir\\\/#primaryimage\",\"url\":\"https:\\\/\\\/nightwatchepilepsy.com\\\/wp-content\\\/uploads\\\/2025\\\/02\\\/NW_arm-module_light-shadow_small.png\",\"contentUrl\":\"https:\\\/\\\/nightwatchepilepsy.com\\\/wp-content\\\/uploads\\\/2025\\\/02\\\/NW_arm-module_light-shadow_small.png\",\"width\":720,\"height\":720},{\"@type\":\"BreadcrumbList\",\"@id\":\"https:\\\/\\\/nightwatchepilepsy.com\\\/es\\\/pedir\\\/#breadcrumb\",\"itemListElement\":[{\"@type\":\"ListItem\",\"position\":1,\"name\":\"Home\",\"item\":\"https:\\\/\\\/nightwatchepilepsy.com\\\/es\\\/\"},{\"@type\":\"ListItem\",\"position\":2,\"name\":\"Pedir\"}]},{\"@type\":\"WebSite\",\"@id\":\"https:\\\/\\\/nightwatchepilepsy.com\\\/es\\\/#website\",\"url\":\"https:\\\/\\\/nightwatchepilepsy.com\\\/es\\\/\",\"name\":\"NightWatch\",\"description\":\"Epilepsy seizure detection | Warns during sleep\",\"publisher\":{\"@id\":\"https:\\\/\\\/nightwatchepilepsy.com\\\/es\\\/#organization\"},\"potentialAction\":[{\"@type\":\"SearchAction\",\"target\":{\"@type\":\"EntryPoint\",\"urlTemplate\":\"https:\\\/\\\/nightwatchepilepsy.com\\\/es\\\/?s={search_term_string}\"},\"query-input\":{\"@type\":\"PropertyValueSpecification\",\"valueRequired\":true,\"valueName\":\"search_term_string\"}}],\"inLanguage\":\"es\"},{\"@type\":\"Organization\",\"@id\":\"https:\\\/\\\/nightwatchepilepsy.com\\\/es\\\/#organization\",\"name\":\"NightWatch Epilepsy Seizure Detection\",\"alternateName\":\"NightWatch\",\"url\":\"https:\\\/\\\/nightwatchepilepsy.com\\\/es\\\/\",\"logo\":{\"@type\":\"ImageObject\",\"inLanguage\":\"es\",\"@id\":\"https:\\\/\\\/nightwatchepilepsy.com\\\/es\\\/#\\\/schema\\\/logo\\\/image\\\/\",\"url\":\"https:\\\/\\\/nightwatchepilepsy.com\\\/wp-content\\\/uploads\\\/2023\\\/02\\\/NightWatch-Logo.png\",\"contentUrl\":\"https:\\\/\\\/nightwatchepilepsy.com\\\/wp-content\\\/uploads\\\/2023\\\/02\\\/NightWatch-Logo.png\",\"width\":696,\"height\":696,\"caption\":\"NightWatch Epilepsy Seizure Detection\"},\"image\":{\"@id\":\"https:\\\/\\\/nightwatchepilepsy.com\\\/es\\\/#\\\/schema\\\/logo\\\/image\\\/\"},\"sameAs\":[\"https:\\\/\\\/www.facebook.com\\\/EpilepsySeizureDetectionEN\",\"https:\\\/\\\/x.com\\\/NightWatchAlarm\",\"https:\\\/\\\/www.linkedin.com\\\/company\\\/nightwatch-epilepsy-detection\\\/\",\"https:\\\/\\\/www.instagram.com\\\/nightwatch_epilepsie_detectie\\\/\"]}]}<\/script>\n<!-- \/ Yoast SEO plugin. -->","yoast_head_json":{"title":"Hacer un pedido | NightWatch+ | Uso dom\u00e9stico","description":"Pedir NightWatch+ para uso dom\u00e9stico.","robots":{"index":"index","follow":"nofollow","max-snippet":"max-snippet:-1","max-image-preview":"max-image-preview:large","max-video-preview":"max-video-preview:-1"},"canonical":"https:\/\/nightwatchepilepsy.com\/es\/pedir\/","og_locale":"es_ES","og_type":"article","og_title":"Hacer un pedido | NightWatch | Uso dom\u00e9stico","og_description":"Pedir NightWatch para uso dom\u00e9stico.","og_url":"https:\/\/nightwatchepilepsy.com\/es\/pedir\/","og_site_name":"NightWatch","article_publisher":"https:\/\/www.facebook.com\/EpilepsySeizureDetectionEN","article_modified_time":"2026-01-02T10:18:48+00:00","og_image":[{"width":1280,"height":720,"url":"https:\/\/nightwatchepilepsy.com\/wp-content\/uploads\/2024\/10\/NightWatch_arm-modulebase-station_medium-shadow.png","type":"image\/png"}],"twitter_card":"summary_large_image","twitter_title":"Hacer un pedido | NightWatch | Uso dom\u00e9stico","twitter_description":"Pedir NightWatch para uso dom\u00e9stico.","twitter_image":"https:\/\/nightwatchepilepsy.com\/wp-content\/uploads\/2022\/02\/NightWatch_basisstationarmmodule.png","twitter_site":"@NightWatchAlarm","twitter_misc":{"Tiempo de lectura":"2 minutos"},"schema":{"@context":"https:\/\/schema.org","@graph":[{"@type":"WebPage","@id":"https:\/\/nightwatchepilepsy.com\/es\/pedir\/","url":"https:\/\/nightwatchepilepsy.com\/es\/pedir\/","name":"Hacer un pedido | NightWatch+ | Uso dom\u00e9stico","isPartOf":{"@id":"https:\/\/nightwatchepilepsy.com\/es\/#website"},"primaryImageOfPage":{"@id":"https:\/\/nightwatchepilepsy.com\/es\/pedir\/#primaryimage"},"image":{"@id":"https:\/\/nightwatchepilepsy.com\/es\/pedir\/#primaryimage"},"thumbnailUrl":"https:\/\/nightwatchepilepsy.com\/wp-content\/uploads\/2025\/02\/NW_arm-module_light-shadow_small.png","datePublished":"2022-11-07T09:06:04+00:00","dateModified":"2026-01-02T10:18:48+00:00","description":"Pedir NightWatch+ para uso dom\u00e9stico.","breadcrumb":{"@id":"https:\/\/nightwatchepilepsy.com\/es\/pedir\/#breadcrumb"},"inLanguage":"es","potentialAction":[{"@type":"ReadAction","target":["https:\/\/nightwatchepilepsy.com\/es\/pedir\/"]}]},{"@type":"ImageObject","inLanguage":"es","@id":"https:\/\/nightwatchepilepsy.com\/es\/pedir\/#primaryimage","url":"https:\/\/nightwatchepilepsy.com\/wp-content\/uploads\/2025\/02\/NW_arm-module_light-shadow_small.png","contentUrl":"https:\/\/nightwatchepilepsy.com\/wp-content\/uploads\/2025\/02\/NW_arm-module_light-shadow_small.png","width":720,"height":720},{"@type":"BreadcrumbList","@id":"https:\/\/nightwatchepilepsy.com\/es\/pedir\/#breadcrumb","itemListElement":[{"@type":"ListItem","position":1,"name":"Home","item":"https:\/\/nightwatchepilepsy.com\/es\/"},{"@type":"ListItem","position":2,"name":"Pedir"}]},{"@type":"WebSite","@id":"https:\/\/nightwatchepilepsy.com\/es\/#website","url":"https:\/\/nightwatchepilepsy.com\/es\/","name":"NightWatch","description":"Epilepsy seizure detection | Warns during sleep","publisher":{"@id":"https:\/\/nightwatchepilepsy.com\/es\/#organization"},"potentialAction":[{"@type":"SearchAction","target":{"@type":"EntryPoint","urlTemplate":"https:\/\/nightwatchepilepsy.com\/es\/?s={search_term_string}"},"query-input":{"@type":"PropertyValueSpecification","valueRequired":true,"valueName":"search_term_string"}}],"inLanguage":"es"},{"@type":"Organization","@id":"https:\/\/nightwatchepilepsy.com\/es\/#organization","name":"NightWatch Epilepsy Seizure Detection","alternateName":"NightWatch","url":"https:\/\/nightwatchepilepsy.com\/es\/","logo":{"@type":"ImageObject","inLanguage":"es","@id":"https:\/\/nightwatchepilepsy.com\/es\/#\/schema\/logo\/image\/","url":"https:\/\/nightwatchepilepsy.com\/wp-content\/uploads\/2023\/02\/NightWatch-Logo.png","contentUrl":"https:\/\/nightwatchepilepsy.com\/wp-content\/uploads\/2023\/02\/NightWatch-Logo.png","width":696,"height":696,"caption":"NightWatch Epilepsy Seizure Detection"},"image":{"@id":"https:\/\/nightwatchepilepsy.com\/es\/#\/schema\/logo\/image\/"},"sameAs":["https:\/\/www.facebook.com\/EpilepsySeizureDetectionEN","https:\/\/x.com\/NightWatchAlarm","https:\/\/www.linkedin.com\/company\/nightwatch-epilepsy-detection\/","https:\/\/www.instagram.com\/nightwatch_epilepsie_detectie\/"]}]}},"_links":{"self":[{"href":"https:\/\/nightwatchepilepsy.com\/es\/wp-json\/wp\/v2\/pages\/33512","targetHints":{"allow":["GET"]}}],"collection":[{"href":"https:\/\/nightwatchepilepsy.com\/es\/wp-json\/wp\/v2\/pages"}],"about":[{"href":"https:\/\/nightwatchepilepsy.com\/es\/wp-json\/wp\/v2\/types\/page"}],"author":[{"embeddable":true,"href":"https:\/\/nightwatchepilepsy.com\/es\/wp-json\/wp\/v2\/users\/2"}],"replies":[{"embeddable":true,"href":"https:\/\/nightwatchepilepsy.com\/es\/wp-json\/wp\/v2\/comments?post=33512"}],"version-history":[{"count":22,"href":"https:\/\/nightwatchepilepsy.com\/es\/wp-json\/wp\/v2\/pages\/33512\/revisions"}],"predecessor-version":[{"id":44013,"href":"https:\/\/nightwatchepilepsy.com\/es\/wp-json\/wp\/v2\/pages\/33512\/revisions\/44013"}],"wp:featuredmedia":[{"embeddable":true,"href":"https:\/\/nightwatchepilepsy.com\/es\/wp-json\/wp\/v2\/media\/40225"}],"wp:attachment":[{"href":"https:\/\/nightwatchepilepsy.com\/es\/wp-json\/wp\/v2\/media?parent=33512"}],"curies":[{"name":"wp","href":"https:\/\/api.w.org\/{rel}","templated":true}]}}