{"id":33484,"date":"2022-11-07T10:12:07","date_gmt":"2022-11-07T09:12:07","guid":{"rendered":"https:\/\/nightwatchepilepsy.com\/?page_id=33484"},"modified":"2024-06-26T16:33:54","modified_gmt":"2024-06-26T15:33:54","slug":"instrucciones-de-devolucion","status":"publish","type":"page","link":"https:\/\/nightwatchepilepsy.com\/es\/instrucciones-de-devolucion\/","title":{"rendered":"Instrucciones de devoluci\u00f3n"},"content":{"rendered":"<p>[et_pb_section fb_built=\u00bb1&#8243; _builder_version=\u00bb4.16&#8243; _module_preset=\u00bbdefault\u00bb global_colors_info=\u00bb{}\u00bb][et_pb_row _builder_version=\u00bb4.16&#8243; _module_preset=\u00bbdefault\u00bb global_colors_info=\u00bb{}\u00bb][et_pb_column type=\u00bb4_4&#8243; _builder_version=\u00bb4.16&#8243; _module_preset=\u00bbdefault\u00bb global_colors_info=\u00bb{}\u00bb][et_pb_text _builder_version=\u00bb4.18.0&#8243; _module_preset=\u00bbdefault\u00bb global_colors_info=\u00bb{}\u00bb]<\/p>\n<div id=\"comp-jww22r5k\" class=\"_1Q9if\" data-testid=\"richTextElement\">\n<p>desactivado<\/p>\n<h2 class=\"font_2\"><span>Instrucciones de devoluci\u00f3n<\/span><\/h2>\n<\/div>\n<div id=\"comp-jww22r67\" class=\"_1Q9if\" data-testid=\"richTextElement\">\n<p>Gracias por registrar su devoluci\u00f3n.<\/p>\n<p><strong>Por favor, siga estas instrucciones atentamente<\/strong> para evitar que su devoluci\u00f3n no se procese completamente incurriendo en gastos adicionales.<\/p>\n<ol>\n<li>Tras rellenar el formulario de devoluci\u00f3n, se debe devolver el sistema NightWatch lo antes posible y en un plazo m\u00e1ximo de 3 d\u00edas laborables.<\/li>\n<li>Debe devolver el sistema NightWatch lo m\u00e1s completo posible. Si en la devoluci\u00f3n faltan componentes, es posible que se cobren. Esto no se aplica a la banda el\u00e1stica para el brazo ni a los clips de sujeci\u00f3n.<\/li>\n<li>Debe embalar el sistema NightWatch en una caja resistente con suficiente material de relleno.<\/li>\n<li>Debe enviar el m\u00f3dulo de brazo desactivado.<\/li>\n<li>En el env\u00edo de devoluci\u00f3n se debe incluir el nombre con el que se solicit\u00f3 el sistema NightWatch.<\/li>\n<li>Si ha recibido productos adicionales, estos tambi\u00e9n se deben incluir en el env\u00edo de devoluci\u00f3n.<\/li>\n<\/ol>\n<p>&nbsp;<\/p>\n<p>El paquete se debe enviar por correo certificado a la direcci\u00f3n que figura a continuaci\u00f3n:<\/p>\n<p><strong>LivAssured BV<\/strong><br \/><strong>A\/A Devoluci\u00f3n NightWatch<\/strong><br \/><strong>Schipholweg 103<\/strong><br \/><strong>2316 XC LEIDEN<\/strong><br \/><strong>Pa\u00edses Bajos<\/strong><\/p>\n<p>\u200b\u00a1Muchas gracias!<\/p>\n<\/div>\n<p>[\/et_pb_text][\/et_pb_column][\/et_pb_row][\/et_pb_section]<\/p>\n","protected":false},"excerpt":{"rendered":"<p>desactivado Instrucciones de devoluci\u00f3n Gracias por registrar su devoluci\u00f3n. Por favor, siga estas instrucciones atentamente para evitar que su devoluci\u00f3n no se procese completamente incurriendo en gastos adicionales. Tras rellenar el formulario de devoluci\u00f3n, se debe devolver el sistema NightWatch lo antes posible y en un plazo m\u00e1ximo de 3 d\u00edas laborables. Debe devolver el [&hellip;]<\/p>\n","protected":false},"author":2,"featured_media":0,"parent":0,"menu_order":0,"comment_status":"closed","ping_status":"closed","template":"","meta":{"_et_pb_use_builder":"on","_et_pb_old_content":"","_et_gb_content_width":"","footnotes":""},"class_list":["post-33484","page","type-page","status-publish","hentry"],"yoast_head":"<!-- This site is optimized with the Yoast SEO plugin v27.4 - https:\/\/yoast.com\/product\/yoast-seo-wordpress\/ -->\n<title>Instrucciones de devoluci\u00f3n | NightWatch<\/title>\n<meta name=\"robots\" content=\"index, follow, max-snippet:-1, max-image-preview:large, max-video-preview:-1\" \/>\n<link rel=\"canonical\" href=\"https:\/\/nightwatchepilepsy.com\/es\/instrucciones-de-devolucion\/\" \/>\n<meta property=\"og:locale\" content=\"es_ES\" \/>\n<meta property=\"og:type\" content=\"article\" \/>\n<meta property=\"og:title\" content=\"Instrucciones de devoluci\u00f3n | NightWatch\" \/>\n<meta property=\"og:description\" content=\"desactivado Instrucciones de devoluci\u00f3n Gracias por registrar su devoluci\u00f3n. Por favor, siga estas instrucciones atentamente para evitar que su devoluci\u00f3n no se procese completamente incurriendo en gastos adicionales. Tras rellenar el formulario de devoluci\u00f3n, se debe devolver el sistema NightWatch lo antes posible y en un plazo m\u00e1ximo de 3 d\u00edas laborables. Debe devolver el [&hellip;]\" \/>\n<meta property=\"og:url\" content=\"https:\/\/nightwatchepilepsy.com\/es\/instrucciones-de-devolucion\/\" \/>\n<meta property=\"og:site_name\" content=\"NightWatch\" \/>\n<meta property=\"article:publisher\" content=\"https:\/\/www.facebook.com\/EpilepsySeizureDetectionEN\" \/>\n<meta property=\"article:modified_time\" content=\"2024-06-26T15:33:54+00:00\" \/>\n<meta name=\"twitter:card\" content=\"summary_large_image\" \/>\n<meta name=\"twitter:title\" content=\"Instrucciones de devoluci\u00f3n | NightWatch\" \/>\n<meta name=\"twitter:site\" content=\"@NightWatchAlarm\" \/>\n<meta name=\"twitter:label1\" content=\"Tiempo de lectura\" \/>\n\t<meta name=\"twitter:data1\" content=\"1 minuto\" \/>\n<script type=\"application\/ld+json\" class=\"yoast-schema-graph\">{\"@context\":\"https:\\\/\\\/schema.org\",\"@graph\":[{\"@type\":\"WebPage\",\"@id\":\"https:\\\/\\\/nightwatchepilepsy.com\\\/es\\\/instrucciones-de-devolucion\\\/\",\"url\":\"https:\\\/\\\/nightwatchepilepsy.com\\\/es\\\/instrucciones-de-devolucion\\\/\",\"name\":\"Instrucciones de devoluci\u00f3n | NightWatch\",\"isPartOf\":{\"@id\":\"https:\\\/\\\/nightwatchepilepsy.com\\\/es\\\/#website\"},\"datePublished\":\"2022-11-07T09:12:07+00:00\",\"dateModified\":\"2024-06-26T15:33:54+00:00\",\"breadcrumb\":{\"@id\":\"https:\\\/\\\/nightwatchepilepsy.com\\\/es\\\/instrucciones-de-devolucion\\\/#breadcrumb\"},\"inLanguage\":\"es\",\"potentialAction\":[{\"@type\":\"ReadAction\",\"target\":[\"https:\\\/\\\/nightwatchepilepsy.com\\\/es\\\/instrucciones-de-devolucion\\\/\"]}]},{\"@type\":\"BreadcrumbList\",\"@id\":\"https:\\\/\\\/nightwatchepilepsy.com\\\/es\\\/instrucciones-de-devolucion\\\/#breadcrumb\",\"itemListElement\":[{\"@type\":\"ListItem\",\"position\":1,\"name\":\"Home\",\"item\":\"https:\\\/\\\/nightwatchepilepsy.com\\\/es\\\/\"},{\"@type\":\"ListItem\",\"position\":2,\"name\":\"Instrucciones de devoluci\u00f3n\"}]},{\"@type\":\"WebSite\",\"@id\":\"https:\\\/\\\/nightwatchepilepsy.com\\\/es\\\/#website\",\"url\":\"https:\\\/\\\/nightwatchepilepsy.com\\\/es\\\/\",\"name\":\"NightWatch\",\"description\":\"Epilepsy seizure detection | Warns during sleep\",\"publisher\":{\"@id\":\"https:\\\/\\\/nightwatchepilepsy.com\\\/es\\\/#organization\"},\"potentialAction\":[{\"@type\":\"SearchAction\",\"target\":{\"@type\":\"EntryPoint\",\"urlTemplate\":\"https:\\\/\\\/nightwatchepilepsy.com\\\/es\\\/?s={search_term_string}\"},\"query-input\":{\"@type\":\"PropertyValueSpecification\",\"valueRequired\":true,\"valueName\":\"search_term_string\"}}],\"inLanguage\":\"es\"},{\"@type\":\"Organization\",\"@id\":\"https:\\\/\\\/nightwatchepilepsy.com\\\/es\\\/#organization\",\"name\":\"NightWatch Epilepsy Seizure Detection\",\"alternateName\":\"NightWatch\",\"url\":\"https:\\\/\\\/nightwatchepilepsy.com\\\/es\\\/\",\"logo\":{\"@type\":\"ImageObject\",\"inLanguage\":\"es\",\"@id\":\"https:\\\/\\\/nightwatchepilepsy.com\\\/es\\\/#\\\/schema\\\/logo\\\/image\\\/\",\"url\":\"https:\\\/\\\/nightwatchepilepsy.com\\\/wp-content\\\/uploads\\\/2023\\\/02\\\/NightWatch-Logo.png\",\"contentUrl\":\"https:\\\/\\\/nightwatchepilepsy.com\\\/wp-content\\\/uploads\\\/2023\\\/02\\\/NightWatch-Logo.png\",\"width\":696,\"height\":696,\"caption\":\"NightWatch Epilepsy Seizure Detection\"},\"image\":{\"@id\":\"https:\\\/\\\/nightwatchepilepsy.com\\\/es\\\/#\\\/schema\\\/logo\\\/image\\\/\"},\"sameAs\":[\"https:\\\/\\\/www.facebook.com\\\/EpilepsySeizureDetectionEN\",\"https:\\\/\\\/x.com\\\/NightWatchAlarm\",\"https:\\\/\\\/www.linkedin.com\\\/company\\\/nightwatch-epilepsy-detection\\\/\",\"https:\\\/\\\/www.instagram.com\\\/nightwatch_epilepsie_detectie\\\/\"]}]}<\/script>\n<!-- \/ Yoast SEO plugin. -->","yoast_head_json":{"title":"Instrucciones de devoluci\u00f3n | NightWatch","robots":{"index":"index","follow":"follow","max-snippet":"max-snippet:-1","max-image-preview":"max-image-preview:large","max-video-preview":"max-video-preview:-1"},"canonical":"https:\/\/nightwatchepilepsy.com\/es\/instrucciones-de-devolucion\/","og_locale":"es_ES","og_type":"article","og_title":"Instrucciones de devoluci\u00f3n | NightWatch","og_description":"desactivado Instrucciones de devoluci\u00f3n Gracias por registrar su devoluci\u00f3n. Por favor, siga estas instrucciones atentamente para evitar que su devoluci\u00f3n no se procese completamente incurriendo en gastos adicionales. Tras rellenar el formulario de devoluci\u00f3n, se debe devolver el sistema NightWatch lo antes posible y en un plazo m\u00e1ximo de 3 d\u00edas laborables. Debe devolver el [&hellip;]","og_url":"https:\/\/nightwatchepilepsy.com\/es\/instrucciones-de-devolucion\/","og_site_name":"NightWatch","article_publisher":"https:\/\/www.facebook.com\/EpilepsySeizureDetectionEN","article_modified_time":"2024-06-26T15:33:54+00:00","twitter_card":"summary_large_image","twitter_title":"Instrucciones de devoluci\u00f3n | NightWatch","twitter_site":"@NightWatchAlarm","twitter_misc":{"Tiempo de lectura":"1 minuto"},"schema":{"@context":"https:\/\/schema.org","@graph":[{"@type":"WebPage","@id":"https:\/\/nightwatchepilepsy.com\/es\/instrucciones-de-devolucion\/","url":"https:\/\/nightwatchepilepsy.com\/es\/instrucciones-de-devolucion\/","name":"Instrucciones de devoluci\u00f3n | NightWatch","isPartOf":{"@id":"https:\/\/nightwatchepilepsy.com\/es\/#website"},"datePublished":"2022-11-07T09:12:07+00:00","dateModified":"2024-06-26T15:33:54+00:00","breadcrumb":{"@id":"https:\/\/nightwatchepilepsy.com\/es\/instrucciones-de-devolucion\/#breadcrumb"},"inLanguage":"es","potentialAction":[{"@type":"ReadAction","target":["https:\/\/nightwatchepilepsy.com\/es\/instrucciones-de-devolucion\/"]}]},{"@type":"BreadcrumbList","@id":"https:\/\/nightwatchepilepsy.com\/es\/instrucciones-de-devolucion\/#breadcrumb","itemListElement":[{"@type":"ListItem","position":1,"name":"Home","item":"https:\/\/nightwatchepilepsy.com\/es\/"},{"@type":"ListItem","position":2,"name":"Instrucciones de devoluci\u00f3n"}]},{"@type":"WebSite","@id":"https:\/\/nightwatchepilepsy.com\/es\/#website","url":"https:\/\/nightwatchepilepsy.com\/es\/","name":"NightWatch","description":"Epilepsy seizure detection | Warns during sleep","publisher":{"@id":"https:\/\/nightwatchepilepsy.com\/es\/#organization"},"potentialAction":[{"@type":"SearchAction","target":{"@type":"EntryPoint","urlTemplate":"https:\/\/nightwatchepilepsy.com\/es\/?s={search_term_string}"},"query-input":{"@type":"PropertyValueSpecification","valueRequired":true,"valueName":"search_term_string"}}],"inLanguage":"es"},{"@type":"Organization","@id":"https:\/\/nightwatchepilepsy.com\/es\/#organization","name":"NightWatch Epilepsy Seizure Detection","alternateName":"NightWatch","url":"https:\/\/nightwatchepilepsy.com\/es\/","logo":{"@type":"ImageObject","inLanguage":"es","@id":"https:\/\/nightwatchepilepsy.com\/es\/#\/schema\/logo\/image\/","url":"https:\/\/nightwatchepilepsy.com\/wp-content\/uploads\/2023\/02\/NightWatch-Logo.png","contentUrl":"https:\/\/nightwatchepilepsy.com\/wp-content\/uploads\/2023\/02\/NightWatch-Logo.png","width":696,"height":696,"caption":"NightWatch Epilepsy Seizure Detection"},"image":{"@id":"https:\/\/nightwatchepilepsy.com\/es\/#\/schema\/logo\/image\/"},"sameAs":["https:\/\/www.facebook.com\/EpilepsySeizureDetectionEN","https:\/\/x.com\/NightWatchAlarm","https:\/\/www.linkedin.com\/company\/nightwatch-epilepsy-detection\/","https:\/\/www.instagram.com\/nightwatch_epilepsie_detectie\/"]}]}},"_links":{"self":[{"href":"https:\/\/nightwatchepilepsy.com\/es\/wp-json\/wp\/v2\/pages\/33484","targetHints":{"allow":["GET"]}}],"collection":[{"href":"https:\/\/nightwatchepilepsy.com\/es\/wp-json\/wp\/v2\/pages"}],"about":[{"href":"https:\/\/nightwatchepilepsy.com\/es\/wp-json\/wp\/v2\/types\/page"}],"author":[{"embeddable":true,"href":"https:\/\/nightwatchepilepsy.com\/es\/wp-json\/wp\/v2\/users\/2"}],"replies":[{"embeddable":true,"href":"https:\/\/nightwatchepilepsy.com\/es\/wp-json\/wp\/v2\/comments?post=33484"}],"version-history":[{"count":15,"href":"https:\/\/nightwatchepilepsy.com\/es\/wp-json\/wp\/v2\/pages\/33484\/revisions"}],"predecessor-version":[{"id":38697,"href":"https:\/\/nightwatchepilepsy.com\/es\/wp-json\/wp\/v2\/pages\/33484\/revisions\/38697"}],"wp:attachment":[{"href":"https:\/\/nightwatchepilepsy.com\/es\/wp-json\/wp\/v2\/media?parent=33484"}],"curies":[{"name":"wp","href":"https:\/\/api.w.org\/{rel}","templated":true}]}}