{"id":33466,"date":"2022-11-07T10:10:32","date_gmt":"2022-11-07T09:10:32","guid":{"rendered":"https:\/\/nightwatchepilepsy.com\/?page_id=33466"},"modified":"2025-11-26T16:41:36","modified_gmt":"2025-11-26T15:41:36","slug":"politica-de-devoluciones","status":"publish","type":"page","link":"https:\/\/nightwatchepilepsy.com\/es\/politica-de-devoluciones\/","title":{"rendered":"Pol\u00edtica de devoluciones"},"content":{"rendered":"<p>[et_pb_section fb_built=\u00bb1&#8243; _builder_version=\u00bb4.16&#8243; _module_preset=\u00bbdefault\u00bb global_colors_info=\u00bb{}\u00bb][et_pb_row _builder_version=\u00bb4.16&#8243; _module_preset=\u00bbdefault\u00bb global_colors_info=\u00bb{}\u00bb][et_pb_column type=\u00bb4_4&#8243; _builder_version=\u00bb4.16&#8243; _module_preset=\u00bbdefault\u00bb global_colors_info=\u00bb{}\u00bb][et_pb_text _builder_version=\u00bb4.27.4&#8243; _module_preset=\u00bbdefault\u00bb hover_enabled=\u00bb0&#8243; global_colors_info=\u00bb{}\u00bb sticky_enabled=\u00bb0&#8243;]<\/p>\n<div id=\"comp-kdk2ziwb1\" class=\"_1Q9if\" data-testid=\"richTextElement\">\n<h1 class=\"font_2\"><span>Pol\u00edtica de devoluciones NightWatch+, LivAssured B.V.<\/span><span><\/span><\/h1>\n<\/div>\n<div id=\"comp-kdk2ziwk\" class=\"_1Q9if\" data-testid=\"richTextElement\">\n<p class=\"font_8\"><span>El NightWatch+ se puede devolver y eleembolso se basar\u00e1 en los siguientes t\u00e9rminos que se indican a continuaci\u00f3n:<\/span><\/p>\n<\/div>\n<p>[\/et_pb_text][et_pb_text _builder_version=\u00bb4.18.0&#8243; _module_preset=\u00bbdefault\u00bb global_colors_info=\u00bb{}\u00bb]<\/p>\n<table border=\"0\" style=\"border-collapse: collapse; width: 100%; height: 96px; border: 0;\">\n<tbody>\n<tr style=\"height: 24px; background-color: #3d487e; color: #fff;\">\n<td style=\"width: 20%; height: 24px;\">Per\u00edodo de devoluci\u00f3n<\/td>\n<td style=\"height: 24px;\">% de reembolso<\/td>\n<\/tr>\n<tr style=\"height: 24px;\">\n<td style=\"height: 24px;\"><span>Dentro de 30 d\u00edas<\/span><\/td>\n<td style=\"height: 24px;\">100%<\/td>\n<\/tr>\n<tr style=\"height: 24px;\">\n<td style=\"height: 24px;\"><span>De 1 a 3 meses <\/span><\/td>\n<td>70%<\/td>\n<\/tr>\n<tr style=\"height: 24px;\">\n<td style=\"height: 24px;\"><span>De 4 a 6 meses<\/span><\/td>\n<td style=\"height: 24px;\">50%<\/td>\n<\/tr>\n<\/tbody>\n<\/table>\n<p>[\/et_pb_text][et_pb_text _builder_version=\u00bb4.27.4&#8243; _module_preset=\u00bbdefault\u00bb hover_enabled=\u00bb0&#8243; global_colors_info=\u00bb{}\u00bb sticky_enabled=\u00bb0&#8243;]<\/p>\n<p>Si decide pagar por el NightWatch+ despu\u00e9s del periodo de prueba de 30 d\u00edas, el pago deber\u00e1 realizarse en su totalidad al cabo de dichos 30 d\u00edas.<\/p>\n<p>Si decide devolver el NightWatch+, deber\u00e1 registrarse para devolver el NightWatch+ por tel\u00e9fono o correo electr\u00f3nico. A continuaci\u00f3n, recibir\u00e1 instrucciones detalladas sobre el proceso de devoluci\u00f3n por correo electr\u00f3nico.<\/p>\n<p>T\u00e9rminos y condiciones de reembolso:<\/p>\n<ul>\n<li>El NightWatch+ debe devolverse en perfecto estado de funcionamiento, con todos los accesorios incluidos, la funda de transporte, el manual y las tarjetas de notificaci\u00f3n laminadas. No retire las etiquetas del sensor ni de la estaci\u00f3n de alarma durante el periodo de prueba.<\/li>\n<li>Aseg\u00farese de que el sensor del NightWatch+ est\u00e9 apagado antes de guardarlo en la funda. Cuando deja el sensor en modo \u00abencendido\u00bb durante largos periodos de tiempo sin cargar, puede da\u00f1ar la bater\u00eda, especialmente durante el transporte. Si esto sucede, se le puede cobrar un cargo.<\/li>\n<li>Si algunos componentes del sistema NightWatch+ faltan o est\u00e1n da\u00f1ados, se le puede cobrar un cargo por dichas componentes. Esto no se aplica a la banda el\u00e1stica, la cual se habr\u00e1 cortado a medida.<\/li>\n<li>El comprador es responsable de devolver el NightWatch+ a la direcci\u00f3n de devoluci\u00f3n facilitada por LivAssured. Recomendamos encarecidamente que utilice un servicio de paqueter\u00eda de confianza o la opci\u00f3n \u00abcon firma\u00bb de la oficina de correos, ya que usted ser\u00e1 responsable de cualquier p\u00e9rdida o da\u00f1o.<\/li>\n<li>Aseg\u00farese de que el NightWatch+ est\u00e9 embalado en la caja original o en una caja resistente con suficiente material de relleno para evitar que la funda se mueva demasiado y cause da\u00f1os durante el transporte.<\/li>\n<\/ul>\n<p>[\/et_pb_text][et_pb_text _builder_version=\u00bb4.27.4&#8243; _module_preset=\u00bbdefault\u00bb hover_enabled=\u00bb0&#8243; sticky_enabled=\u00bb0&#8243;]<\/p>\n<p>Publicado el: 29 de octubre de 2025, documento CD_LEG16 v1.0<\/p>\n<p>[\/et_pb_text][\/et_pb_column][\/et_pb_row][\/et_pb_section]<\/p>\n","protected":false},"excerpt":{"rendered":"<p>Pol\u00edtica de devoluciones NightWatch+, LivAssured B.V. El NightWatch+ se puede devolver y eleembolso se basar\u00e1 en los siguientes t\u00e9rminos que se indican a continuaci\u00f3n: Per\u00edodo de devoluci\u00f3n % de reembolso Dentro de 30 d\u00edas 100% De 1 a 3 meses 70% De 4 a 6 meses 50% Si decide pagar por el NightWatch+ despu\u00e9s del [&hellip;]<\/p>\n","protected":false},"author":2,"featured_media":0,"parent":0,"menu_order":0,"comment_status":"closed","ping_status":"closed","template":"","meta":{"_et_pb_use_builder":"on","_et_pb_old_content":"","_et_gb_content_width":"","footnotes":""},"class_list":["post-33466","page","type-page","status-publish","hentry"],"yoast_head":"<!-- This site is optimized with the Yoast SEO plugin v27.3 - https:\/\/yoast.com\/product\/yoast-seo-wordpress\/ -->\n<title>Pol\u00edtica de devoluciones | NightWatch<\/title>\n<meta name=\"description\" content=\"Condiciones de devoluci\u00f3n\" \/>\n<meta name=\"robots\" content=\"index, follow, max-snippet:-1, max-image-preview:large, max-video-preview:-1\" \/>\n<link rel=\"canonical\" href=\"https:\/\/nightwatchepilepsy.com\/es\/politica-de-devoluciones\/\" \/>\n<meta property=\"og:locale\" content=\"es_ES\" \/>\n<meta property=\"og:type\" content=\"article\" \/>\n<meta property=\"og:title\" content=\"Pol\u00edtica de devoluciones | NightWatch\" \/>\n<meta property=\"og:description\" content=\"Condiciones de devoluci\u00f3n\" \/>\n<meta property=\"og:url\" content=\"https:\/\/nightwatchepilepsy.com\/es\/politica-de-devoluciones\/\" \/>\n<meta property=\"og:site_name\" content=\"NightWatch\" \/>\n<meta property=\"article:publisher\" content=\"https:\/\/www.facebook.com\/EpilepsySeizureDetectionEN\" \/>\n<meta property=\"article:modified_time\" content=\"2025-11-26T15:41:36+00:00\" \/>\n<meta name=\"twitter:card\" content=\"summary_large_image\" \/>\n<meta name=\"twitter:title\" content=\"Pol\u00edtica de devoluciones | NightWatch\" \/>\n<meta name=\"twitter:description\" content=\"Condiciones de devoluci\u00f3n\" \/>\n<meta name=\"twitter:site\" content=\"@NightWatchAlarm\" \/>\n<script type=\"application\/ld+json\" class=\"yoast-schema-graph\">{\"@context\":\"https:\\\/\\\/schema.org\",\"@graph\":[{\"@type\":\"WebPage\",\"@id\":\"https:\\\/\\\/nightwatchepilepsy.com\\\/es\\\/politica-de-devoluciones\\\/\",\"url\":\"https:\\\/\\\/nightwatchepilepsy.com\\\/es\\\/politica-de-devoluciones\\\/\",\"name\":\"Pol\u00edtica de devoluciones | NightWatch\",\"isPartOf\":{\"@id\":\"https:\\\/\\\/nightwatchepilepsy.com\\\/es\\\/#website\"},\"datePublished\":\"2022-11-07T09:10:32+00:00\",\"dateModified\":\"2025-11-26T15:41:36+00:00\",\"description\":\"Condiciones de devoluci\u00f3n\",\"breadcrumb\":{\"@id\":\"https:\\\/\\\/nightwatchepilepsy.com\\\/es\\\/politica-de-devoluciones\\\/#breadcrumb\"},\"inLanguage\":\"es\",\"potentialAction\":[{\"@type\":\"ReadAction\",\"target\":[\"https:\\\/\\\/nightwatchepilepsy.com\\\/es\\\/politica-de-devoluciones\\\/\"]}]},{\"@type\":\"BreadcrumbList\",\"@id\":\"https:\\\/\\\/nightwatchepilepsy.com\\\/es\\\/politica-de-devoluciones\\\/#breadcrumb\",\"itemListElement\":[{\"@type\":\"ListItem\",\"position\":1,\"name\":\"Home\",\"item\":\"https:\\\/\\\/nightwatchepilepsy.com\\\/es\\\/\"},{\"@type\":\"ListItem\",\"position\":2,\"name\":\"Pol\u00edtica de devoluciones\"}]},{\"@type\":\"WebSite\",\"@id\":\"https:\\\/\\\/nightwatchepilepsy.com\\\/es\\\/#website\",\"url\":\"https:\\\/\\\/nightwatchepilepsy.com\\\/es\\\/\",\"name\":\"NightWatch\",\"description\":\"Epilepsy seizure detection | Warns during sleep\",\"publisher\":{\"@id\":\"https:\\\/\\\/nightwatchepilepsy.com\\\/es\\\/#organization\"},\"potentialAction\":[{\"@type\":\"SearchAction\",\"target\":{\"@type\":\"EntryPoint\",\"urlTemplate\":\"https:\\\/\\\/nightwatchepilepsy.com\\\/es\\\/?s={search_term_string}\"},\"query-input\":{\"@type\":\"PropertyValueSpecification\",\"valueRequired\":true,\"valueName\":\"search_term_string\"}}],\"inLanguage\":\"es\"},{\"@type\":\"Organization\",\"@id\":\"https:\\\/\\\/nightwatchepilepsy.com\\\/es\\\/#organization\",\"name\":\"NightWatch Epilepsy Seizure Detection\",\"alternateName\":\"NightWatch\",\"url\":\"https:\\\/\\\/nightwatchepilepsy.com\\\/es\\\/\",\"logo\":{\"@type\":\"ImageObject\",\"inLanguage\":\"es\",\"@id\":\"https:\\\/\\\/nightwatchepilepsy.com\\\/es\\\/#\\\/schema\\\/logo\\\/image\\\/\",\"url\":\"https:\\\/\\\/nightwatchepilepsy.com\\\/wp-content\\\/uploads\\\/2023\\\/02\\\/NightWatch-Logo.png\",\"contentUrl\":\"https:\\\/\\\/nightwatchepilepsy.com\\\/wp-content\\\/uploads\\\/2023\\\/02\\\/NightWatch-Logo.png\",\"width\":696,\"height\":696,\"caption\":\"NightWatch Epilepsy Seizure Detection\"},\"image\":{\"@id\":\"https:\\\/\\\/nightwatchepilepsy.com\\\/es\\\/#\\\/schema\\\/logo\\\/image\\\/\"},\"sameAs\":[\"https:\\\/\\\/www.facebook.com\\\/EpilepsySeizureDetectionEN\",\"https:\\\/\\\/x.com\\\/NightWatchAlarm\",\"https:\\\/\\\/www.linkedin.com\\\/company\\\/nightwatch-epilepsy-detection\\\/\",\"https:\\\/\\\/www.instagram.com\\\/nightwatch_epilepsie_detectie\\\/\"]}]}<\/script>\n<!-- \/ Yoast SEO plugin. -->","yoast_head_json":{"title":"Pol\u00edtica de devoluciones | NightWatch","description":"Condiciones de devoluci\u00f3n","robots":{"index":"index","follow":"follow","max-snippet":"max-snippet:-1","max-image-preview":"max-image-preview:large","max-video-preview":"max-video-preview:-1"},"canonical":"https:\/\/nightwatchepilepsy.com\/es\/politica-de-devoluciones\/","og_locale":"es_ES","og_type":"article","og_title":"Pol\u00edtica de devoluciones | NightWatch","og_description":"Condiciones de devoluci\u00f3n","og_url":"https:\/\/nightwatchepilepsy.com\/es\/politica-de-devoluciones\/","og_site_name":"NightWatch","article_publisher":"https:\/\/www.facebook.com\/EpilepsySeizureDetectionEN","article_modified_time":"2025-11-26T15:41:36+00:00","twitter_card":"summary_large_image","twitter_title":"Pol\u00edtica de devoluciones | NightWatch","twitter_description":"Condiciones de devoluci\u00f3n","twitter_site":"@NightWatchAlarm","schema":{"@context":"https:\/\/schema.org","@graph":[{"@type":"WebPage","@id":"https:\/\/nightwatchepilepsy.com\/es\/politica-de-devoluciones\/","url":"https:\/\/nightwatchepilepsy.com\/es\/politica-de-devoluciones\/","name":"Pol\u00edtica de devoluciones | NightWatch","isPartOf":{"@id":"https:\/\/nightwatchepilepsy.com\/es\/#website"},"datePublished":"2022-11-07T09:10:32+00:00","dateModified":"2025-11-26T15:41:36+00:00","description":"Condiciones de devoluci\u00f3n","breadcrumb":{"@id":"https:\/\/nightwatchepilepsy.com\/es\/politica-de-devoluciones\/#breadcrumb"},"inLanguage":"es","potentialAction":[{"@type":"ReadAction","target":["https:\/\/nightwatchepilepsy.com\/es\/politica-de-devoluciones\/"]}]},{"@type":"BreadcrumbList","@id":"https:\/\/nightwatchepilepsy.com\/es\/politica-de-devoluciones\/#breadcrumb","itemListElement":[{"@type":"ListItem","position":1,"name":"Home","item":"https:\/\/nightwatchepilepsy.com\/es\/"},{"@type":"ListItem","position":2,"name":"Pol\u00edtica de devoluciones"}]},{"@type":"WebSite","@id":"https:\/\/nightwatchepilepsy.com\/es\/#website","url":"https:\/\/nightwatchepilepsy.com\/es\/","name":"NightWatch","description":"Epilepsy seizure detection | Warns during sleep","publisher":{"@id":"https:\/\/nightwatchepilepsy.com\/es\/#organization"},"potentialAction":[{"@type":"SearchAction","target":{"@type":"EntryPoint","urlTemplate":"https:\/\/nightwatchepilepsy.com\/es\/?s={search_term_string}"},"query-input":{"@type":"PropertyValueSpecification","valueRequired":true,"valueName":"search_term_string"}}],"inLanguage":"es"},{"@type":"Organization","@id":"https:\/\/nightwatchepilepsy.com\/es\/#organization","name":"NightWatch Epilepsy Seizure Detection","alternateName":"NightWatch","url":"https:\/\/nightwatchepilepsy.com\/es\/","logo":{"@type":"ImageObject","inLanguage":"es","@id":"https:\/\/nightwatchepilepsy.com\/es\/#\/schema\/logo\/image\/","url":"https:\/\/nightwatchepilepsy.com\/wp-content\/uploads\/2023\/02\/NightWatch-Logo.png","contentUrl":"https:\/\/nightwatchepilepsy.com\/wp-content\/uploads\/2023\/02\/NightWatch-Logo.png","width":696,"height":696,"caption":"NightWatch Epilepsy Seizure Detection"},"image":{"@id":"https:\/\/nightwatchepilepsy.com\/es\/#\/schema\/logo\/image\/"},"sameAs":["https:\/\/www.facebook.com\/EpilepsySeizureDetectionEN","https:\/\/x.com\/NightWatchAlarm","https:\/\/www.linkedin.com\/company\/nightwatch-epilepsy-detection\/","https:\/\/www.instagram.com\/nightwatch_epilepsie_detectie\/"]}]}},"_links":{"self":[{"href":"https:\/\/nightwatchepilepsy.com\/es\/wp-json\/wp\/v2\/pages\/33466","targetHints":{"allow":["GET"]}}],"collection":[{"href":"https:\/\/nightwatchepilepsy.com\/es\/wp-json\/wp\/v2\/pages"}],"about":[{"href":"https:\/\/nightwatchepilepsy.com\/es\/wp-json\/wp\/v2\/types\/page"}],"author":[{"embeddable":true,"href":"https:\/\/nightwatchepilepsy.com\/es\/wp-json\/wp\/v2\/users\/2"}],"replies":[{"embeddable":true,"href":"https:\/\/nightwatchepilepsy.com\/es\/wp-json\/wp\/v2\/comments?post=33466"}],"version-history":[{"count":11,"href":"https:\/\/nightwatchepilepsy.com\/es\/wp-json\/wp\/v2\/pages\/33466\/revisions"}],"predecessor-version":[{"id":43775,"href":"https:\/\/nightwatchepilepsy.com\/es\/wp-json\/wp\/v2\/pages\/33466\/revisions\/43775"}],"wp:attachment":[{"href":"https:\/\/nightwatchepilepsy.com\/es\/wp-json\/wp\/v2\/media?parent=33466"}],"curies":[{"name":"wp","href":"https:\/\/api.w.org\/{rel}","templated":true}]}}