{"id":33453,"date":"2022-11-07T10:08:54","date_gmt":"2022-11-07T09:08:54","guid":{"rendered":"https:\/\/nightwatchepilepsy.com\/?page_id=33453"},"modified":"2026-02-09T10:18:16","modified_gmt":"2026-02-09T09:18:16","slug":"contacto","status":"publish","type":"page","link":"https:\/\/nightwatchepilepsy.com\/es\/contacto\/","title":{"rendered":"Contacto"},"content":{"rendered":"<p>[et_pb_section fb_built=\u00bb1&#8243; _builder_version=\u00bb4.16&#8243; _module_preset=\u00bbdefault\u00bb global_colors_info=\u00bb{}\u00bb][et_pb_row _builder_version=\u00bb4.16&#8243; _module_preset=\u00bbdefault\u00bb custom_padding=\u00bb||0px||false|false\u00bb global_colors_info=\u00bb{}\u00bb][et_pb_column type=\u00bb4_4&#8243; _builder_version=\u00bb4.16&#8243; _module_preset=\u00bbdefault\u00bb global_colors_info=\u00bb{}\u00bb][et_pb_text _builder_version=\u00bb4.27.4&#8243; _module_preset=\u00bbdefault\u00bb global_colors_info=\u00bb{}\u00bb]<\/p>\n<div id=\"bgLayers_comp-k8il6bxm\" class=\"X-jRX\">\n<h1 id=\"bgMedia_comp-k8il6bxm\" class=\"_1J6n9\"><span style=\"font-size: 30px; color: #333333; font-family: Ubuntu, Helvetica, Arial, Lucida, sans-serif;\">Contacto<\/span><\/h1>\n<p>Estamos encantados de ayudarle con sus preguntas sobre la detecci\u00f3n de crisis epil\u00e9pticas. Para empezar, le recomendamos consultar la p\u00e1gina <a title=\"soluci\u00f3n de problemas\" href=\"\/es\/troubleshooting\/\">soluci\u00f3n de problemas<\/a><a href=\"https:\/\/nightwatchepilepsy.com\/es\/faq\/\"><\/a>. Lo m\u00e1s probable es que encuentre la respuesta en este apartado. \u00bfSu pregunta no est\u00e1 en la lista? En este caso, rellene nuestro formulario de contacto o elija una de las siguientes opciones alternativas de contacto.<\/p>\n<p><strong><span class=\"wixGuard\">\u200b<\/span>Por tel\u00e9fono<br \/><\/strong>Puede ponerse en contacto con nosotros por tel\u00e9fono en el\u00a0<a href=\"tel:+31850601252\">+31 (0)85 0601252<\/a><\/p>\n<\/div>\n<p class=\"font_8\"><strong><\/strong><\/p>\n<p class=\"font_8\"><strong>Por correo electr\u00f3nico<br \/><\/strong>Puede enviarnos un correo electr\u00f3nico a la siguiente direcci\u00f3n <a href=\"mailto:info@nightwatchepilepsy.com\">info@nightwatchepilepsy.com<\/a><\/p>\n<p>[\/et_pb_text][et_pb_text _builder_version=\u00bb4.18.0&#8243; _module_preset=\u00bbdefault\u00bb global_colors_info=\u00bb{}\u00bb]<\/p>\n<p class=\"font_8\"><span><strong>LivAssured B.V.<\/strong><br \/>\n<\/span><span>Schipholweg 103<br \/>\n<\/span><span>2316 XC\u00a0 LEIDEN<br \/>\n<\/span><span>Pa\u00edses Bajos<\/span><\/p>\n<p>[\/et_pb_text][et_pb_text _builder_version=\u00bb4.27.4&#8243; _module_preset=\u00bbdefault\u00bb global_colors_info=\u00bb{}\u00bb]<\/p>\n<p><strong>Distribuidores de NightWatch<\/strong><br \/><a href=\"\/es\/distributors\/\">Aqu\u00ed<\/a> puede encontrar una lista de nuestros <a href=\"\/es\/distributors\/\">distribuidores de NightWatch<\/a> y sus datos de contacto.<\/p>\n<p>[\/et_pb_text][et_pb_text _builder_version=\u00bb4.27.4&#8243; _module_preset=\u00bbdefault\u00bb global_colors_info=\u00bb{}\u00bb]<\/p>\n<div id=\"bgLayers_comp-k8il6bxm\" class=\"X-jRX\">\n<h2 id=\"bgMedia_comp-k8il6bxm\" class=\"_1J6n9\"><span style=\"font-size: 30px; color: #333333; font-family: Ubuntu, Helvetica, Arial, Lucida, sans-serif;\">Formulario de contacto<\/span><\/h2>\n<\/div>\n<p>[\/et_pb_text][\/et_pb_column][\/et_pb_row][et_pb_row _builder_version=\u00bb4.16&#8243; _module_preset=\u00bbdefault\u00bb custom_padding=\u00bb0px||||false|false\u00bb locked=\u00bboff\u00bb global_colors_info=\u00bb{}\u00bb][et_pb_column type=\u00bb4_4&#8243; _builder_version=\u00bb4.16&#8243; _module_preset=\u00bbdefault\u00bb global_colors_info=\u00bb{}\u00bb][et_pb_code _builder_version=\u00bb4.27.5&#8243; _module_preset=\u00bbdefault\u00bb hover_enabled=\u00bb0&#8243; global_colors_info=\u00bb{}\u00bb sticky_enabled=\u00bb0&#8243;]<!-- salesforce.123formbuilder.com script begins here --><!-- [et_pb_line_break_holder] --><script type=\"text\/javascript\" defer src=\"https:\/\/salesforce.123formbuilder.com\/embed\/6909038.js\" data-role=\"form\" data-default-width=\"800px\" data-custom-vars=\"hasEmbedFormStyle=1&#038;language=es\"><\/script><!-- [et_pb_line_break_holder] --><!-- salesforce.123formbuilder.com script ends here -->[\/et_pb_code][\/et_pb_column][\/et_pb_row][\/et_pb_section]<\/p>\n","protected":false},"excerpt":{"rendered":"<p>Contacto Estamos encantados de ayudarle con sus preguntas sobre la detecci\u00f3n de crisis epil\u00e9pticas. Para empezar, le recomendamos consultar la p\u00e1gina soluci\u00f3n de problemas. Lo m\u00e1s probable es que encuentre la respuesta en este apartado. \u00bfSu pregunta no est\u00e1 en la lista? En este caso, rellene nuestro formulario de contacto o elija una de las [&hellip;]<\/p>\n","protected":false},"author":2,"featured_media":0,"parent":0,"menu_order":0,"comment_status":"closed","ping_status":"closed","template":"","meta":{"_et_pb_use_builder":"on","_et_pb_old_content":"","_et_gb_content_width":"","footnotes":""},"class_list":["post-33453","page","type-page","status-publish","hentry"],"yoast_head":"<!-- This site is optimized with the Yoast SEO plugin v27.4 - https:\/\/yoast.com\/product\/yoast-seo-wordpress\/ -->\n<title>Contacto | NightWatch | Detecci\u00f3n de crisis epil\u00e9pticas<\/title>\n<meta name=\"description\" content=\"Aqu\u00ed encontrar\u00e1 nuestros datos de contacto y el formulario de contacto.\" \/>\n<meta name=\"robots\" content=\"index, follow, max-snippet:-1, max-image-preview:large, max-video-preview:-1\" \/>\n<link rel=\"canonical\" href=\"https:\/\/nightwatchepilepsy.com\/es\/contacto\/\" \/>\n<meta property=\"og:locale\" content=\"es_ES\" \/>\n<meta property=\"og:type\" content=\"article\" \/>\n<meta property=\"og:title\" content=\"Contacto | NightWatch | Detecci\u00f3n de crisis epil\u00e9pticas\" \/>\n<meta property=\"og:description\" content=\"Aqu\u00ed encontrar\u00e1 nuestros datos de contacto y el formulario de contacto.\" \/>\n<meta property=\"og:url\" content=\"https:\/\/nightwatchepilepsy.com\/es\/contacto\/\" \/>\n<meta property=\"og:site_name\" content=\"NightWatch\" \/>\n<meta property=\"article:publisher\" content=\"https:\/\/www.facebook.com\/EpilepsySeizureDetectionEN\" \/>\n<meta property=\"article:modified_time\" content=\"2026-02-09T09:18:16+00:00\" \/>\n<meta name=\"twitter:card\" content=\"summary_large_image\" \/>\n<meta name=\"twitter:title\" content=\"Contacto | NightWatch | Detecci\u00f3n de crisis epil\u00e9pticas\" \/>\n<meta name=\"twitter:description\" content=\"Aqu\u00ed encontrar\u00e1 nuestros datos de contacto y el formulario de contacto.\" \/>\n<meta name=\"twitter:site\" content=\"@NightWatchAlarm\" \/>\n<script type=\"application\/ld+json\" class=\"yoast-schema-graph\">{\"@context\":\"https:\\\/\\\/schema.org\",\"@graph\":[{\"@type\":\"WebPage\",\"@id\":\"https:\\\/\\\/nightwatchepilepsy.com\\\/es\\\/contacto\\\/\",\"url\":\"https:\\\/\\\/nightwatchepilepsy.com\\\/es\\\/contacto\\\/\",\"name\":\"Contacto | NightWatch | Detecci\u00f3n de crisis epil\u00e9pticas\",\"isPartOf\":{\"@id\":\"https:\\\/\\\/nightwatchepilepsy.com\\\/es\\\/#website\"},\"datePublished\":\"2022-11-07T09:08:54+00:00\",\"dateModified\":\"2026-02-09T09:18:16+00:00\",\"description\":\"Aqu\u00ed encontrar\u00e1 nuestros datos de contacto y el formulario de contacto.\",\"breadcrumb\":{\"@id\":\"https:\\\/\\\/nightwatchepilepsy.com\\\/es\\\/contacto\\\/#breadcrumb\"},\"inLanguage\":\"es\",\"potentialAction\":[{\"@type\":\"ReadAction\",\"target\":[\"https:\\\/\\\/nightwatchepilepsy.com\\\/es\\\/contacto\\\/\"]}]},{\"@type\":\"BreadcrumbList\",\"@id\":\"https:\\\/\\\/nightwatchepilepsy.com\\\/es\\\/contacto\\\/#breadcrumb\",\"itemListElement\":[{\"@type\":\"ListItem\",\"position\":1,\"name\":\"Home\",\"item\":\"https:\\\/\\\/nightwatchepilepsy.com\\\/es\\\/\"},{\"@type\":\"ListItem\",\"position\":2,\"name\":\"Contacto\"}]},{\"@type\":\"WebSite\",\"@id\":\"https:\\\/\\\/nightwatchepilepsy.com\\\/es\\\/#website\",\"url\":\"https:\\\/\\\/nightwatchepilepsy.com\\\/es\\\/\",\"name\":\"NightWatch\",\"description\":\"Epilepsy seizure detection | Warns during sleep\",\"publisher\":{\"@id\":\"https:\\\/\\\/nightwatchepilepsy.com\\\/es\\\/#organization\"},\"potentialAction\":[{\"@type\":\"SearchAction\",\"target\":{\"@type\":\"EntryPoint\",\"urlTemplate\":\"https:\\\/\\\/nightwatchepilepsy.com\\\/es\\\/?s={search_term_string}\"},\"query-input\":{\"@type\":\"PropertyValueSpecification\",\"valueRequired\":true,\"valueName\":\"search_term_string\"}}],\"inLanguage\":\"es\"},{\"@type\":\"Organization\",\"@id\":\"https:\\\/\\\/nightwatchepilepsy.com\\\/es\\\/#organization\",\"name\":\"NightWatch Epilepsy Seizure Detection\",\"alternateName\":\"NightWatch\",\"url\":\"https:\\\/\\\/nightwatchepilepsy.com\\\/es\\\/\",\"logo\":{\"@type\":\"ImageObject\",\"inLanguage\":\"es\",\"@id\":\"https:\\\/\\\/nightwatchepilepsy.com\\\/es\\\/#\\\/schema\\\/logo\\\/image\\\/\",\"url\":\"https:\\\/\\\/nightwatchepilepsy.com\\\/wp-content\\\/uploads\\\/2023\\\/02\\\/NightWatch-Logo.png\",\"contentUrl\":\"https:\\\/\\\/nightwatchepilepsy.com\\\/wp-content\\\/uploads\\\/2023\\\/02\\\/NightWatch-Logo.png\",\"width\":696,\"height\":696,\"caption\":\"NightWatch Epilepsy Seizure Detection\"},\"image\":{\"@id\":\"https:\\\/\\\/nightwatchepilepsy.com\\\/es\\\/#\\\/schema\\\/logo\\\/image\\\/\"},\"sameAs\":[\"https:\\\/\\\/www.facebook.com\\\/EpilepsySeizureDetectionEN\",\"https:\\\/\\\/x.com\\\/NightWatchAlarm\",\"https:\\\/\\\/www.linkedin.com\\\/company\\\/nightwatch-epilepsy-detection\\\/\",\"https:\\\/\\\/www.instagram.com\\\/nightwatch_epilepsie_detectie\\\/\"]}]}<\/script>\n<!-- \/ Yoast SEO plugin. -->","yoast_head_json":{"title":"Contacto | NightWatch | Detecci\u00f3n de crisis epil\u00e9pticas","description":"Aqu\u00ed encontrar\u00e1 nuestros datos de contacto y el formulario de contacto.","robots":{"index":"index","follow":"follow","max-snippet":"max-snippet:-1","max-image-preview":"max-image-preview:large","max-video-preview":"max-video-preview:-1"},"canonical":"https:\/\/nightwatchepilepsy.com\/es\/contacto\/","og_locale":"es_ES","og_type":"article","og_title":"Contacto | NightWatch | Detecci\u00f3n de crisis epil\u00e9pticas","og_description":"Aqu\u00ed encontrar\u00e1 nuestros datos de contacto y el formulario de contacto.","og_url":"https:\/\/nightwatchepilepsy.com\/es\/contacto\/","og_site_name":"NightWatch","article_publisher":"https:\/\/www.facebook.com\/EpilepsySeizureDetectionEN","article_modified_time":"2026-02-09T09:18:16+00:00","twitter_card":"summary_large_image","twitter_title":"Contacto | NightWatch | Detecci\u00f3n de crisis epil\u00e9pticas","twitter_description":"Aqu\u00ed encontrar\u00e1 nuestros datos de contacto y el formulario de contacto.","twitter_site":"@NightWatchAlarm","schema":{"@context":"https:\/\/schema.org","@graph":[{"@type":"WebPage","@id":"https:\/\/nightwatchepilepsy.com\/es\/contacto\/","url":"https:\/\/nightwatchepilepsy.com\/es\/contacto\/","name":"Contacto | NightWatch | Detecci\u00f3n de crisis epil\u00e9pticas","isPartOf":{"@id":"https:\/\/nightwatchepilepsy.com\/es\/#website"},"datePublished":"2022-11-07T09:08:54+00:00","dateModified":"2026-02-09T09:18:16+00:00","description":"Aqu\u00ed encontrar\u00e1 nuestros datos de contacto y el formulario de contacto.","breadcrumb":{"@id":"https:\/\/nightwatchepilepsy.com\/es\/contacto\/#breadcrumb"},"inLanguage":"es","potentialAction":[{"@type":"ReadAction","target":["https:\/\/nightwatchepilepsy.com\/es\/contacto\/"]}]},{"@type":"BreadcrumbList","@id":"https:\/\/nightwatchepilepsy.com\/es\/contacto\/#breadcrumb","itemListElement":[{"@type":"ListItem","position":1,"name":"Home","item":"https:\/\/nightwatchepilepsy.com\/es\/"},{"@type":"ListItem","position":2,"name":"Contacto"}]},{"@type":"WebSite","@id":"https:\/\/nightwatchepilepsy.com\/es\/#website","url":"https:\/\/nightwatchepilepsy.com\/es\/","name":"NightWatch","description":"Epilepsy seizure detection | Warns during sleep","publisher":{"@id":"https:\/\/nightwatchepilepsy.com\/es\/#organization"},"potentialAction":[{"@type":"SearchAction","target":{"@type":"EntryPoint","urlTemplate":"https:\/\/nightwatchepilepsy.com\/es\/?s={search_term_string}"},"query-input":{"@type":"PropertyValueSpecification","valueRequired":true,"valueName":"search_term_string"}}],"inLanguage":"es"},{"@type":"Organization","@id":"https:\/\/nightwatchepilepsy.com\/es\/#organization","name":"NightWatch Epilepsy Seizure Detection","alternateName":"NightWatch","url":"https:\/\/nightwatchepilepsy.com\/es\/","logo":{"@type":"ImageObject","inLanguage":"es","@id":"https:\/\/nightwatchepilepsy.com\/es\/#\/schema\/logo\/image\/","url":"https:\/\/nightwatchepilepsy.com\/wp-content\/uploads\/2023\/02\/NightWatch-Logo.png","contentUrl":"https:\/\/nightwatchepilepsy.com\/wp-content\/uploads\/2023\/02\/NightWatch-Logo.png","width":696,"height":696,"caption":"NightWatch Epilepsy Seizure Detection"},"image":{"@id":"https:\/\/nightwatchepilepsy.com\/es\/#\/schema\/logo\/image\/"},"sameAs":["https:\/\/www.facebook.com\/EpilepsySeizureDetectionEN","https:\/\/x.com\/NightWatchAlarm","https:\/\/www.linkedin.com\/company\/nightwatch-epilepsy-detection\/","https:\/\/www.instagram.com\/nightwatch_epilepsie_detectie\/"]}]}},"_links":{"self":[{"href":"https:\/\/nightwatchepilepsy.com\/es\/wp-json\/wp\/v2\/pages\/33453","targetHints":{"allow":["GET"]}}],"collection":[{"href":"https:\/\/nightwatchepilepsy.com\/es\/wp-json\/wp\/v2\/pages"}],"about":[{"href":"https:\/\/nightwatchepilepsy.com\/es\/wp-json\/wp\/v2\/types\/page"}],"author":[{"embeddable":true,"href":"https:\/\/nightwatchepilepsy.com\/es\/wp-json\/wp\/v2\/users\/2"}],"replies":[{"embeddable":true,"href":"https:\/\/nightwatchepilepsy.com\/es\/wp-json\/wp\/v2\/comments?post=33453"}],"version-history":[{"count":12,"href":"https:\/\/nightwatchepilepsy.com\/es\/wp-json\/wp\/v2\/pages\/33453\/revisions"}],"predecessor-version":[{"id":44393,"href":"https:\/\/nightwatchepilepsy.com\/es\/wp-json\/wp\/v2\/pages\/33453\/revisions\/44393"}],"wp:attachment":[{"href":"https:\/\/nightwatchepilepsy.com\/es\/wp-json\/wp\/v2\/media?parent=33453"}],"curies":[{"name":"wp","href":"https:\/\/api.w.org\/{rel}","templated":true}]}}