{"id":33337,"date":"2022-11-07T10:05:10","date_gmt":"2022-11-07T09:05:10","guid":{"rendered":"https:\/\/nightwatchepilepsy.com\/?page_id=33337"},"modified":"2025-11-01T10:28:59","modified_gmt":"2025-11-01T09:28:59","slug":"solicitar","status":"publish","type":"page","link":"https:\/\/nightwatchepilepsy.com\/es\/solicitar\/","title":{"rendered":"Solicitar"},"content":{"rendered":"<p>[et_pb_section fb_built=\u00bb1&#8243; _builder_version=\u00bb4.16&#8243; _module_preset=\u00bbdefault\u00bb custom_padding=\u00bb50px||30px||false|false\u00bb global_colors_info=\u00bb{}\u00bb][et_pb_row _builder_version=\u00bb4.27.4&#8243; _module_preset=\u00bbdefault\u00bb][et_pb_column _builder_version=\u00bb4.27.4&#8243; _module_preset=\u00bbdefault\u00bb type=\u00bb4_4&#8243;][et_pb_text _builder_version=\u00bb4.27.4&#8243; _module_preset=\u00bbdefault\u00bb hover_enabled=\u00bb0&#8243; sticky_enabled=\u00bb0&#8243;]<\/p>\n<h1>Pruebe NightWatch+<\/h1>\n<p>[\/et_pb_text][\/et_pb_column][\/et_pb_row][et_pb_row column_structure=\u00bb3_5,2_5&#8243; _builder_version=\u00bb4.16&#8243; _module_preset=\u00bbdefault\u00bb custom_padding=\u00bb||0px||false|false\u00bb locked=\u00bboff\u00bb global_colors_info=\u00bb{}\u00bb][et_pb_column type=\u00bb3_5&#8243; _builder_version=\u00bb4.16&#8243; _module_preset=\u00bbdefault\u00bb global_colors_info=\u00bb{}\u00bb][et_pb_text content_tablet=\u00bb<\/p>\n<p class=%22font_2%22>\n<div id=%22bgLayers_comp-ju4fjlcr%22 data-hook=%22bgLayers%22 class=%22_3wnIc%22>\n<div id=%22bgMedia_comp-ju4fjlcr%22 class=%22_2GUhU%22><\/div>\n<\/div>\n<table border=%220%22 style=%22border-collapse: collapse; width: 100%; height: 106px; border: 0px;%22>\n<tbody>\n<tr style=%22height: 24px;%22>\n<td style=%22width: 14%; height: 24px; border: 0;%22><a href=%22\/nightwatch_ico_lightning\/%22><img src=%22\/nightwatch_ico_lightning\/%22 width=%22300%22 height=%22300%22 alt=%22%22 class=%22wp-image-26113 alignnone size-medium%22 \/><\/a><\/td>\n<td style=%22width: 90%; height: 24px; border: 0;%22>\n<p>Alarmas <span>ac\u00fasticas y visuales en caso de una posible crisis epil\u00e9ptica<\/span><\/p>\n<\/td>\n<\/tr>\n<tr style=%22height: 24px;%22>\n<td style=%22height: 24px; border: 0;%22><img src=%22\/nightwatch_ico_ready\/%22 width=%22300%22 height=%22300%22 alt=%22%22 class=%22wp-image-26093 alignnone size-medium%22 \/><\/td>\n<td style=%22height: 24px; border: 0;%22>\n<p>Listo para usar sin necesidad de configuraci\u00f3n<\/p>\n<\/td>\n<\/tr>\n<tr style=%22height: 24px;%22>\n<td style=%22height: 24px; border: 0;%22><img src=%22\/nightwatch_ico_transfer\/%22 width=%22300%22 height=%22300%22 alt=%22%22 class=%22wp-image-26089 alignnone size-medium%22 \/><\/td>\n<td style=%22height: 24px; border: 0;%22>\n<p>Las alarmas pueden <span>ser enviadas a sistemas de llamada a enfermeras<\/span><\/p>\n<\/td>\n<\/tr>\n<tr style=%22height: 24px;%22>\n<td style=%22height: 24px; border: 0;%22><img src=%22\/nightwatch_ico_wifi\/%22 width=%22300%22 height=%22300%22 alt=%22%22 class=%22wp-image-26097 alignnone size-medium%22 \/><\/td>\n<td style=%22height: 24px; border: 0;%22>\n<p><span>Acceso gratuito al portal NightWatch para la monitorizaci\u00f3n de crisis<\/span><\/p>\n<\/td>\n<\/tr>\n<tr style=%22height: 24px;%22>\n<td style=%22height: 24px; border: 0px; width: 14%;%22><img src=%22\/nightwatch_ico_configure\/%22 width=%22300%22 height=%22300%22 alt=%22%22 class=%22wp-image-26097 alignnone size-medium%22 \/><\/td>\n<td style=%22height: 24px; border: 0px; width: 90%;%22>\n<p>Sin necesidad de mantenimiento para el uso diario<\/p>\n<\/td>\n<\/tr>\n<\/tbody>\n<\/table>\n<p>\u00bb content_phone=\u00bb<\/p>\n<p class=%22font_2%22>\n<div id=%22bgLayers_comp-ju4fjlcr%22 data-hook=%22bgLayers%22 class=%22_3wnIc%22>\n<div id=%22bgMedia_comp-ju4fjlcr%22 class=%22_2GUhU%22><\/div>\n<\/div>\n<table border=%220%22 style=%22border-collapse: collapse; width: 100%; height: 96px; border: 0;%22>\n<tbody>\n<tr style=%22height: 24px;%22>\n<td style=%22width: 24%; height: 24px; border: 0;%22><a href=%22\/nightwatch_ico_lightning\/%22><img src=%22\/nightwatch_ico_lightning\/%22 width=%22300%22 height=%22300%22 alt=%22%22 class=%22wp-image-26113 alignnone size-medium%22 \/><\/a><\/td>\n<td style=%22width: 90%; height: 24px; border: 0;%22>Alarmas <span>ac\u00fasticas y visuales en caso de una posible crisis epil\u00e9ptica<\/span><\/td>\n<\/tr>\n<tr style=%22height: 24px;%22>\n<td style=%22height: 24px; border: 0;%22><img src=%22\/nightwatch_ico_ready\/%22 width=%22300%22 height=%22300%22 alt=%22%22 class=%22wp-image-26093 alignnone size-medium%22 \/><\/td>\n<td style=%22height: 24px; border: 0;%22>Listo para usar sin necesidad de configuraci\u00f3n<\/td>\n<\/tr>\n<tr style=%22height: 24px;%22>\n<td style=%22height: 24px; border: 0;%22><img src=%22\/nightwatch_ico_transfer\/%22 width=%22300%22 height=%22300%22 alt=%22%22 class=%22wp-image-26089 alignnone size-medium%22 \/><\/td>\n<td style=%22height: 24px; border: 0;%22>\n<p>Las alarmas pueden <span>ser enviadas a sistemas de llamada a enfermeras<\/span><\/p>\n<\/td>\n<\/tr>\n<tr style=%22height: 24px;%22>\n<td style=%22height: 24px; border: 0;%22><img src=%22\/nightwatch_ico_wifi\/%22 width=%22300%22 height=%22300%22 alt=%22%22 class=%22wp-image-26097 alignnone size-medium%22 \/><\/td>\n<td style=%22height: 24px; border: 0;%22>\n<p><span>Acceso gratuito al portal NightWatch para la monitorizaci\u00f3n de crisis<\/span><\/p>\n<\/td>\n<\/tr>\n<tr style=%22height: 24px;%22>\n<td style=%22height: 24px; border: 0px; width: 14%;%22><img src=%22\/nightwatch_ico_configure\/%22 width=%22300%22 height=%22300%22 alt=%22%22 class=%22wp-image-26097 alignnone size-medium%22 \/><\/td>\n<td style=%22height: 24px; border: 0px; width: 90%;%22>\n<p>Sin necesidad de mantenimiento para el uso diario<\/p>\n<\/td>\n<\/tr>\n<\/tbody>\n<\/table>\n<p>\u00bb content_last_edited=\u00bbon|phone\u00bb _builder_version=\u00bb4.27.4&#8243; _module_preset=\u00bbdefault\u00bb width=\u00bb105%\u00bb width_tablet=\u00bb105%\u00bb width_phone=\u00bb105%\u00bb width_last_edited=\u00bbon|desktop\u00bb custom_padding=\u00bb|0px||||\u00bb hover_enabled=\u00bb0&#8243; locked=\u00bboff\u00bb global_colors_info=\u00bb{}\u00bb sticky_enabled=\u00bb0&#8243;]<\/p>\n<div id=\"bgLayers_comp-ju4fjlcr\" data-hook=\"bgLayers\" class=\"_3wnIc\">\n<div id=\"bgMedia_comp-ju4fjlcr\" class=\"_2GUhU\"><\/div>\n<\/div>\n<table border=\"0\" style=\"border-collapse: collapse; width: 100%; height: 96px; border: 0;\">\n<tbody>\n<tr style=\"height: 24px;\">\n<td style=\"width: 14%; height: 24px; border: 0;\"><a href=\"\/nightwatch_ico_lightning\/\"><img loading=\"lazy\" decoding=\"async\" src=\"\/nightwatch_ico_lightning\/\" width=\"300\" height=\"300\" alt=\"\" class=\"wp-image-26113 alignnone size-medium\" \/><\/a><\/td>\n<td style=\"width: 90%; height: 24px; border: 0;\">Alarmas <span>ac\u00fasticas y visuales en caso de una posible crisis epil\u00e9ptica<\/span><\/td>\n<\/tr>\n<tr style=\"height: 24px;\">\n<td style=\"height: 24px; border: 0px; width: 14%;\"><img loading=\"lazy\" decoding=\"async\" src=\"\/nightwatch_ico_ready\/\" width=\"300\" height=\"300\" alt=\"\" class=\"wp-image-26093 alignnone size-medium\" \/><\/td>\n<td style=\"height: 24px; border: 0px; width: 90%;\">Listo para usar sin necesidad de configuraci\u00f3n<\/td>\n<\/tr>\n<tr style=\"height: 24px;\">\n<td style=\"height: 24px; border: 0px; width: 14%;\"><img loading=\"lazy\" decoding=\"async\" src=\"\/nightwatch_ico_transfer\/\" width=\"300\" height=\"300\" alt=\"\" class=\"wp-image-26089 alignnone size-medium\" \/><\/td>\n<td style=\"height: 24px; border: 0px; width: 90%;\">Las alarmas pueden <span>ser enviadas a sistemas de llamada a enfermeras<\/span><\/td>\n<\/tr>\n<tr style=\"height: 24px;\">\n<td style=\"height: 24px; border: 0px; width: 14%;\"><img loading=\"lazy\" decoding=\"async\" src=\"\/nightwatch_ico_wifi\/\" width=\"300\" height=\"300\" alt=\"\" class=\"wp-image-26097 alignnone size-medium\" \/><\/td>\n<td style=\"height: 24px; border: 0px; width: 90%;\"><span>Acceso gratuito al portal NightWatch para la monitorizaci\u00f3n de crisis<\/span><\/td>\n<\/tr>\n<tr style=\"height: 24px;\">\n<td style=\"height: 24px; border: 0px; width: 14%;\"><img loading=\"lazy\" decoding=\"async\" src=\"\/nightwatch_ico_configure\/\" width=\"300\" height=\"300\" alt=\"\" class=\"wp-image-26097 alignnone size-medium\" \/><\/td>\n<td style=\"height: 24px; border: 0px; width: 90%;\">Sin necesidad de mantenimiento para el uso diario<\/td>\n<\/tr>\n<\/tbody>\n<\/table>\n<p>&nbsp;<\/p>\n<p>[\/et_pb_text][\/et_pb_column][et_pb_column type=\u00bb2_5&#8243; _builder_version=\u00bb4.16&#8243; _module_preset=\u00bbdefault\u00bb global_colors_info=\u00bb{}\u00bb][et_pb_image src=\u00bbhttps:\/\/nightwatchepilepsy.com\/wp-content\/uploads\/2024\/12\/NightWatch_travelcase.jpg\u00bb title_text=\u00bbNightWatch+_travelcase\u00bb align_tablet=\u00bb\u00bb align_phone=\u00bbcenter\u00bb align_last_edited=\u00bbon|phone\u00bb _builder_version=\u00bb4.27.4&#8243; _module_preset=\u00bbdefault\u00bb custom_margin=\u00bb||||false|false\u00bb custom_margin_tablet=\u00bb50px||||false|false\u00bb custom_margin_phone=\u00bb0px||||false|false\u00bb custom_margin_last_edited=\u00bboff|desktop\u00bb hover_enabled=\u00bb0&#8243; global_colors_info=\u00bb{}\u00bb sticky_enabled=\u00bb0&#8243;][\/et_pb_image][\/et_pb_column][\/et_pb_row][\/et_pb_section][et_pb_section fb_built=\u00bb1&#8243; _builder_version=\u00bb4.16&#8243; _module_preset=\u00bbdefault\u00bb custom_margin=\u00bb0px||0px||false|false\u00bb custom_padding=\u00bb0px||50px||false|false\u00bb global_colors_info=\u00bb{}\u00bb][et_pb_row _builder_version=\u00bb4.16&#8243; _module_preset=\u00bbdefault\u00bb custom_padding=\u00bb0px||0px||false|false\u00bb global_colors_info=\u00bb{}\u00bb][et_pb_column type=\u00bb4_4&#8243; _builder_version=\u00bb4.16&#8243; _module_preset=\u00bbdefault\u00bb global_colors_info=\u00bb{}\u00bb][et_pb_text _builder_version=\u00bb4.27.4&#8243; _module_preset=\u00bbdefault\u00bb custom_margin=\u00bb||||false|false\u00bb custom_padding=\u00bb||||false|false\u00bb global_colors_info=\u00bb{}\u00bb]<\/p>\n<div id=\"comp-k8ammpn9\" class=\"_2bafp\" data-testid=\"richTextElement\">\n<div id=\"bgLayers_comp-k8amsfj2\" data-hook=\"bgLayers\" class=\"_3wnIc\">\n<div id=\"bgMedia_comp-k8amsfj2\" class=\"_2GUhU\">\n<p><span>Si est\u00e1 interesado en utilizar el NightWatch+, rellene este formulario, por favor. A continuaci\u00f3n, le enviaremos m\u00e1s informaci\u00f3n sobre el precio, el proceso de pedido y el periodo de prueba.<\/span><\/p>\n<p>Cuando haya contacto telef\u00f3nico o por correo electr\u00f3nico con uno de nuestros especialistas de NightWatch, \u00e9ste hablar\u00e1 en ingl\u00e9s.<\/p>\n<\/div>\n<\/div>\n<\/div>\n<p>[\/et_pb_text][\/et_pb_column][\/et_pb_row][et_pb_row _builder_version=\u00bb4.16&#8243; _module_preset=\u00bbdefault\u00bb custom_padding=\u00bb0px||||false|false\u00bb global_colors_info=\u00bb{}\u00bb][et_pb_column type=\u00bb4_4&#8243; _builder_version=\u00bb4.16&#8243; _module_preset=\u00bbdefault\u00bb global_colors_info=\u00bb{}\u00bb][et_pb_code _builder_version=\u00bb4.27.0&#8243; _module_preset=\u00bbdefault\u00bb global_colors_info=\u00bb{}\u00bb]<!-- form.123formbuilder.com script begins here --><script type=\"text\/javascript\" defer src=\"https:\/\/form.123formbuilder.com\/embed\/6281759.js\" data-role=\"form\" data-default-width=\"650px\"><\/script><!-- form.123formbuilder.com script ends here -->[\/et_pb_code][\/et_pb_column][\/et_pb_row][et_pb_row _builder_version=\u00bb4.16&#8243; _module_preset=\u00bbdefault\u00bb global_colors_info=\u00bb{}\u00bb][et_pb_column type=\u00bb4_4&#8243; _builder_version=\u00bb4.16&#8243; _module_preset=\u00bbdefault\u00bb global_colors_info=\u00bb{}\u00bb][et_pb_text _builder_version=\u00bb4.27.4&#8243; _module_preset=\u00bbdefault\u00bb global_colors_info=\u00bb{}\u00bb]<\/p>\n<p>Lea nuestra <a href=\"https:\/\/nightwatchepilepsy.com\/wp-content\/uploads\/2024\/01\/LivAssured_Privacy-statement_EN-1.pdf\" target=\"_blank\" rel=\"noopener\">declaraci\u00f3n de privacidad<\/a> para saber c\u00f3mo gestionamos sus datos.<\/p>\n<p>[\/et_pb_text][\/et_pb_column][\/et_pb_row][\/et_pb_section]<\/p>\n","protected":false},"excerpt":{"rendered":"<p>Pruebe NightWatch+ Alarmas ac\u00fasticas y visuales en caso de una posible crisis epil\u00e9ptica Listo para usar sin necesidad de configuraci\u00f3n Las alarmas pueden ser enviadas a sistemas de llamada a enfermeras Acceso gratuito al portal NightWatch para la monitorizaci\u00f3n de crisis Sin necesidad de mantenimiento para el uso diario &nbsp; Si est\u00e1 interesado en utilizar [&hellip;]<\/p>\n","protected":false},"author":2,"featured_media":40225,"parent":0,"menu_order":0,"comment_status":"closed","ping_status":"closed","template":"","meta":{"_et_pb_use_builder":"on","_et_pb_old_content":"","_et_gb_content_width":"","footnotes":""},"class_list":["post-33337","page","type-page","status-publish","has-post-thumbnail","hentry"],"yoast_head":"<!-- This site is optimized with the Yoast SEO plugin v27.4 - https:\/\/yoast.com\/product\/yoast-seo-wordpress\/ -->\n<title>Pida ahora su NightWatch<\/title>\n<meta name=\"description\" content=\"Si desea utilizar NightWatch, rellene el siguiente formulario para recibir un correo electr\u00f3nico con m\u00e1s informaci\u00f3n sobre el precio, el proceso de pedido y el per\u00edodo de prueba.\" \/>\n<meta name=\"robots\" content=\"index, follow, max-snippet:-1, max-image-preview:large, max-video-preview:-1\" \/>\n<link rel=\"canonical\" href=\"https:\/\/nightwatchepilepsy.com\/es\/solicitar\/\" \/>\n<meta property=\"og:locale\" content=\"es_ES\" \/>\n<meta property=\"og:type\" content=\"article\" \/>\n<meta property=\"og:title\" content=\"Pida ahora su NightWatch\" \/>\n<meta property=\"og:description\" content=\"Si desea utilizar NightWatch, rellene el siguiente formulario para recibir un correo electr\u00f3nico con m\u00e1s informaci\u00f3n sobre el precio, el proceso de pedido y el per\u00edodo de prueba.\" \/>\n<meta property=\"og:url\" content=\"https:\/\/nightwatchepilepsy.com\/es\/solicitar\/\" \/>\n<meta property=\"og:site_name\" content=\"NightWatch\" \/>\n<meta property=\"article:publisher\" content=\"https:\/\/www.facebook.com\/EpilepsySeizureDetectionEN\" \/>\n<meta property=\"article:modified_time\" content=\"2025-11-01T09:28:59+00:00\" \/>\n<meta property=\"og:image\" content=\"https:\/\/nightwatchepilepsy.com\/wp-content\/uploads\/2022\/02\/NightWatch_basisstationarmmodule.png\" \/>\n<meta name=\"twitter:card\" content=\"summary_large_image\" \/>\n<meta name=\"twitter:title\" content=\"Pida ahora su NightWatch\" \/>\n<meta name=\"twitter:description\" content=\"Si desea utilizar NightWatch, rellene el siguiente formulario para recibir un correo electr\u00f3nico con m\u00e1s informaci\u00f3n sobre el precio, el proceso de pedido y el per\u00edodo de prueba.\" \/>\n<meta name=\"twitter:image\" content=\"https:\/\/nightwatchepilepsy.com\/wp-content\/uploads\/2022\/02\/NightWatch_basisstationarmmodule.png\" \/>\n<meta name=\"twitter:site\" content=\"@NightWatchAlarm\" \/>\n<meta name=\"twitter:label1\" content=\"Tiempo de lectura\" \/>\n\t<meta name=\"twitter:data1\" content=\"3 minutos\" \/>\n<script type=\"application\/ld+json\" class=\"yoast-schema-graph\">{\"@context\":\"https:\\\/\\\/schema.org\",\"@graph\":[{\"@type\":\"WebPage\",\"@id\":\"https:\\\/\\\/nightwatchepilepsy.com\\\/es\\\/solicitar\\\/\",\"url\":\"https:\\\/\\\/nightwatchepilepsy.com\\\/es\\\/solicitar\\\/\",\"name\":\"Pida ahora su NightWatch\",\"isPartOf\":{\"@id\":\"https:\\\/\\\/nightwatchepilepsy.com\\\/es\\\/#website\"},\"primaryImageOfPage\":{\"@id\":\"https:\\\/\\\/nightwatchepilepsy.com\\\/es\\\/solicitar\\\/#primaryimage\"},\"image\":{\"@id\":\"https:\\\/\\\/nightwatchepilepsy.com\\\/es\\\/solicitar\\\/#primaryimage\"},\"thumbnailUrl\":\"https:\\\/\\\/nightwatchepilepsy.com\\\/wp-content\\\/uploads\\\/2025\\\/02\\\/NW_arm-module_light-shadow_small.png\",\"datePublished\":\"2022-11-07T09:05:10+00:00\",\"dateModified\":\"2025-11-01T09:28:59+00:00\",\"description\":\"Si desea utilizar NightWatch, rellene el siguiente formulario para recibir un correo electr\u00f3nico con m\u00e1s informaci\u00f3n sobre el precio, el proceso de pedido y el per\u00edodo de prueba.\",\"breadcrumb\":{\"@id\":\"https:\\\/\\\/nightwatchepilepsy.com\\\/es\\\/solicitar\\\/#breadcrumb\"},\"inLanguage\":\"es\",\"potentialAction\":[{\"@type\":\"ReadAction\",\"target\":[\"https:\\\/\\\/nightwatchepilepsy.com\\\/es\\\/solicitar\\\/\"]}]},{\"@type\":\"ImageObject\",\"inLanguage\":\"es\",\"@id\":\"https:\\\/\\\/nightwatchepilepsy.com\\\/es\\\/solicitar\\\/#primaryimage\",\"url\":\"https:\\\/\\\/nightwatchepilepsy.com\\\/wp-content\\\/uploads\\\/2025\\\/02\\\/NW_arm-module_light-shadow_small.png\",\"contentUrl\":\"https:\\\/\\\/nightwatchepilepsy.com\\\/wp-content\\\/uploads\\\/2025\\\/02\\\/NW_arm-module_light-shadow_small.png\",\"width\":720,\"height\":720},{\"@type\":\"BreadcrumbList\",\"@id\":\"https:\\\/\\\/nightwatchepilepsy.com\\\/es\\\/solicitar\\\/#breadcrumb\",\"itemListElement\":[{\"@type\":\"ListItem\",\"position\":1,\"name\":\"Home\",\"item\":\"https:\\\/\\\/nightwatchepilepsy.com\\\/es\\\/\"},{\"@type\":\"ListItem\",\"position\":2,\"name\":\"Solicitar\"}]},{\"@type\":\"WebSite\",\"@id\":\"https:\\\/\\\/nightwatchepilepsy.com\\\/es\\\/#website\",\"url\":\"https:\\\/\\\/nightwatchepilepsy.com\\\/es\\\/\",\"name\":\"NightWatch\",\"description\":\"Epilepsy seizure detection | Warns during sleep\",\"publisher\":{\"@id\":\"https:\\\/\\\/nightwatchepilepsy.com\\\/es\\\/#organization\"},\"potentialAction\":[{\"@type\":\"SearchAction\",\"target\":{\"@type\":\"EntryPoint\",\"urlTemplate\":\"https:\\\/\\\/nightwatchepilepsy.com\\\/es\\\/?s={search_term_string}\"},\"query-input\":{\"@type\":\"PropertyValueSpecification\",\"valueRequired\":true,\"valueName\":\"search_term_string\"}}],\"inLanguage\":\"es\"},{\"@type\":\"Organization\",\"@id\":\"https:\\\/\\\/nightwatchepilepsy.com\\\/es\\\/#organization\",\"name\":\"NightWatch Epilepsy Seizure Detection\",\"alternateName\":\"NightWatch\",\"url\":\"https:\\\/\\\/nightwatchepilepsy.com\\\/es\\\/\",\"logo\":{\"@type\":\"ImageObject\",\"inLanguage\":\"es\",\"@id\":\"https:\\\/\\\/nightwatchepilepsy.com\\\/es\\\/#\\\/schema\\\/logo\\\/image\\\/\",\"url\":\"https:\\\/\\\/nightwatchepilepsy.com\\\/wp-content\\\/uploads\\\/2023\\\/02\\\/NightWatch-Logo.png\",\"contentUrl\":\"https:\\\/\\\/nightwatchepilepsy.com\\\/wp-content\\\/uploads\\\/2023\\\/02\\\/NightWatch-Logo.png\",\"width\":696,\"height\":696,\"caption\":\"NightWatch Epilepsy Seizure Detection\"},\"image\":{\"@id\":\"https:\\\/\\\/nightwatchepilepsy.com\\\/es\\\/#\\\/schema\\\/logo\\\/image\\\/\"},\"sameAs\":[\"https:\\\/\\\/www.facebook.com\\\/EpilepsySeizureDetectionEN\",\"https:\\\/\\\/x.com\\\/NightWatchAlarm\",\"https:\\\/\\\/www.linkedin.com\\\/company\\\/nightwatch-epilepsy-detection\\\/\",\"https:\\\/\\\/www.instagram.com\\\/nightwatch_epilepsie_detectie\\\/\"]}]}<\/script>\n<!-- \/ Yoast SEO plugin. -->","yoast_head_json":{"title":"Pida ahora su NightWatch","description":"Si desea utilizar NightWatch, rellene el siguiente formulario para recibir un correo electr\u00f3nico con m\u00e1s informaci\u00f3n sobre el precio, el proceso de pedido y el per\u00edodo de prueba.","robots":{"index":"index","follow":"follow","max-snippet":"max-snippet:-1","max-image-preview":"max-image-preview:large","max-video-preview":"max-video-preview:-1"},"canonical":"https:\/\/nightwatchepilepsy.com\/es\/solicitar\/","og_locale":"es_ES","og_type":"article","og_title":"Pida ahora su NightWatch","og_description":"Si desea utilizar NightWatch, rellene el siguiente formulario para recibir un correo electr\u00f3nico con m\u00e1s informaci\u00f3n sobre el precio, el proceso de pedido y el per\u00edodo de prueba.","og_url":"https:\/\/nightwatchepilepsy.com\/es\/solicitar\/","og_site_name":"NightWatch","article_publisher":"https:\/\/www.facebook.com\/EpilepsySeizureDetectionEN","article_modified_time":"2025-11-01T09:28:59+00:00","og_image":[{"url":"https:\/\/nightwatchepilepsy.com\/wp-content\/uploads\/2022\/02\/NightWatch_basisstationarmmodule.png","type":"","width":"","height":""}],"twitter_card":"summary_large_image","twitter_title":"Pida ahora su NightWatch","twitter_description":"Si desea utilizar NightWatch, rellene el siguiente formulario para recibir un correo electr\u00f3nico con m\u00e1s informaci\u00f3n sobre el precio, el proceso de pedido y el per\u00edodo de prueba.","twitter_image":"https:\/\/nightwatchepilepsy.com\/wp-content\/uploads\/2022\/02\/NightWatch_basisstationarmmodule.png","twitter_site":"@NightWatchAlarm","twitter_misc":{"Tiempo de lectura":"3 minutos"},"schema":{"@context":"https:\/\/schema.org","@graph":[{"@type":"WebPage","@id":"https:\/\/nightwatchepilepsy.com\/es\/solicitar\/","url":"https:\/\/nightwatchepilepsy.com\/es\/solicitar\/","name":"Pida ahora su NightWatch","isPartOf":{"@id":"https:\/\/nightwatchepilepsy.com\/es\/#website"},"primaryImageOfPage":{"@id":"https:\/\/nightwatchepilepsy.com\/es\/solicitar\/#primaryimage"},"image":{"@id":"https:\/\/nightwatchepilepsy.com\/es\/solicitar\/#primaryimage"},"thumbnailUrl":"https:\/\/nightwatchepilepsy.com\/wp-content\/uploads\/2025\/02\/NW_arm-module_light-shadow_small.png","datePublished":"2022-11-07T09:05:10+00:00","dateModified":"2025-11-01T09:28:59+00:00","description":"Si desea utilizar NightWatch, rellene el siguiente formulario para recibir un correo electr\u00f3nico con m\u00e1s informaci\u00f3n sobre el precio, el proceso de pedido y el per\u00edodo de prueba.","breadcrumb":{"@id":"https:\/\/nightwatchepilepsy.com\/es\/solicitar\/#breadcrumb"},"inLanguage":"es","potentialAction":[{"@type":"ReadAction","target":["https:\/\/nightwatchepilepsy.com\/es\/solicitar\/"]}]},{"@type":"ImageObject","inLanguage":"es","@id":"https:\/\/nightwatchepilepsy.com\/es\/solicitar\/#primaryimage","url":"https:\/\/nightwatchepilepsy.com\/wp-content\/uploads\/2025\/02\/NW_arm-module_light-shadow_small.png","contentUrl":"https:\/\/nightwatchepilepsy.com\/wp-content\/uploads\/2025\/02\/NW_arm-module_light-shadow_small.png","width":720,"height":720},{"@type":"BreadcrumbList","@id":"https:\/\/nightwatchepilepsy.com\/es\/solicitar\/#breadcrumb","itemListElement":[{"@type":"ListItem","position":1,"name":"Home","item":"https:\/\/nightwatchepilepsy.com\/es\/"},{"@type":"ListItem","position":2,"name":"Solicitar"}]},{"@type":"WebSite","@id":"https:\/\/nightwatchepilepsy.com\/es\/#website","url":"https:\/\/nightwatchepilepsy.com\/es\/","name":"NightWatch","description":"Epilepsy seizure detection | Warns during sleep","publisher":{"@id":"https:\/\/nightwatchepilepsy.com\/es\/#organization"},"potentialAction":[{"@type":"SearchAction","target":{"@type":"EntryPoint","urlTemplate":"https:\/\/nightwatchepilepsy.com\/es\/?s={search_term_string}"},"query-input":{"@type":"PropertyValueSpecification","valueRequired":true,"valueName":"search_term_string"}}],"inLanguage":"es"},{"@type":"Organization","@id":"https:\/\/nightwatchepilepsy.com\/es\/#organization","name":"NightWatch Epilepsy Seizure Detection","alternateName":"NightWatch","url":"https:\/\/nightwatchepilepsy.com\/es\/","logo":{"@type":"ImageObject","inLanguage":"es","@id":"https:\/\/nightwatchepilepsy.com\/es\/#\/schema\/logo\/image\/","url":"https:\/\/nightwatchepilepsy.com\/wp-content\/uploads\/2023\/02\/NightWatch-Logo.png","contentUrl":"https:\/\/nightwatchepilepsy.com\/wp-content\/uploads\/2023\/02\/NightWatch-Logo.png","width":696,"height":696,"caption":"NightWatch Epilepsy Seizure Detection"},"image":{"@id":"https:\/\/nightwatchepilepsy.com\/es\/#\/schema\/logo\/image\/"},"sameAs":["https:\/\/www.facebook.com\/EpilepsySeizureDetectionEN","https:\/\/x.com\/NightWatchAlarm","https:\/\/www.linkedin.com\/company\/nightwatch-epilepsy-detection\/","https:\/\/www.instagram.com\/nightwatch_epilepsie_detectie\/"]}]}},"_links":{"self":[{"href":"https:\/\/nightwatchepilepsy.com\/es\/wp-json\/wp\/v2\/pages\/33337","targetHints":{"allow":["GET"]}}],"collection":[{"href":"https:\/\/nightwatchepilepsy.com\/es\/wp-json\/wp\/v2\/pages"}],"about":[{"href":"https:\/\/nightwatchepilepsy.com\/es\/wp-json\/wp\/v2\/types\/page"}],"author":[{"embeddable":true,"href":"https:\/\/nightwatchepilepsy.com\/es\/wp-json\/wp\/v2\/users\/2"}],"replies":[{"embeddable":true,"href":"https:\/\/nightwatchepilepsy.com\/es\/wp-json\/wp\/v2\/comments?post=33337"}],"version-history":[{"count":28,"href":"https:\/\/nightwatchepilepsy.com\/es\/wp-json\/wp\/v2\/pages\/33337\/revisions"}],"predecessor-version":[{"id":43436,"href":"https:\/\/nightwatchepilepsy.com\/es\/wp-json\/wp\/v2\/pages\/33337\/revisions\/43436"}],"wp:featuredmedia":[{"embeddable":true,"href":"https:\/\/nightwatchepilepsy.com\/es\/wp-json\/wp\/v2\/media\/40225"}],"wp:attachment":[{"href":"https:\/\/nightwatchepilepsy.com\/es\/wp-json\/wp\/v2\/media?parent=33337"}],"curies":[{"name":"wp","href":"https:\/\/api.w.org\/{rel}","templated":true}]}}