{"id":40028,"date":"2025-01-23T16:46:24","date_gmt":"2025-01-23T15:46:24","guid":{"rendered":"https:\/\/nightwatchepilepsy.com\/?page_id=40028"},"modified":"2026-02-19T14:23:15","modified_gmt":"2026-02-19T13:23:15","slug":"bestellen-ablauf-at","status":"publish","type":"page","link":"https:\/\/nightwatchepilepsy.com\/de\/bestellen-ablauf-at\/","title":{"rendered":"Bestellen und Ablauf AT"},"content":{"rendered":"<p>[et_pb_section fb_built=&#8220;1&#8243; _builder_version=&#8220;4.20.2&#8243; _module_preset=&#8220;default&#8220; background_color=&#8220;#FFFFFF&#8220; global_colors_info=&#8220;{}&#8220;][et_pb_row _builder_version=&#8220;4.20.2&#8243; _module_preset=&#8220;default&#8220; custom_padding=&#8220;||0px||false|false&#8220; global_colors_info=&#8220;{}&#8220;][et_pb_column type=&#8220;4_4&#8243; _builder_version=&#8220;4.20.2&#8243; _module_preset=&#8220;default&#8220; global_colors_info=&#8220;{}&#8220;][et_pb_text _builder_version=&#8220;4.27.4&#8243; _module_preset=&#8220;default&#8220; global_colors_info=&#8220;{}&#8220;]<\/p>\n<h1 class=\"font_2\"><span>Bestellen Sie Ihre NightWatch+ (\u00d6sterreich)<\/span><\/h1>\n<p>[\/et_pb_text][\/et_pb_column][\/et_pb_row][et_pb_row _builder_version=&#8220;4.16&#8243; _module_preset=&#8220;default&#8220; global_colors_info=&#8220;{}&#8220;][et_pb_column type=&#8220;4_4&#8243; _builder_version=&#8220;4.16&#8243; _module_preset=&#8220;default&#8220; global_colors_info=&#8220;{}&#8220;][et_pb_text _builder_version=&#8220;4.27.4&#8243; _module_preset=&#8220;default&#8220; global_colors_info=&#8220;{}&#8220;]<\/p>\n<div id=\"comp-k9e9w7b01\" class=\"_1Q9if\" data-testid=\"richTextElement\">\n<div id=\"bgLayers_comp-k8hdl8rz\" data-hook=\"bgLayers\" class=\"_3wnIc\">\n<div id=\"bgLayers_comp-k8hdl8rz\" data-hook=\"bgLayers\" class=\"_3wnIc\">\n<h2 class=\"font_2\"><span>Ablauf der Bestellung<\/span><\/h2>\n<\/div>\n<div data-mesh-id=\"comp-k8hdl8rzinlineContent\" data-testid=\"inline-content\" class=\"\">\n<div data-mesh-id=\"comp-k8hdl8rzinlineContent-gridContainer\" data-testid=\"mesh-container-content\">\n<div id=\"comp-k8hdl8s3\" class=\"_1Q9if\" data-testid=\"richTextElement\">\n<p><span>Bitte f\u00fcllen Sie das Bestellformular vollst\u00e4ndig aus und laden Sie nach M\u00f6glichkeit das Genehmigungsschreiben hoch. Wenn Ihre Bestellung bei uns eingetroffen ist, kontaktieren wir Sie umgehend telefonisch, um die Bestellung abzuwickeln, Ihre Fragen zu kl\u00e4ren und Sie \u00fcber die Anwendung aufzukl\u00e4ren.<\/span><\/p>\n<p><strong>Was ist enthalten<\/strong><\/p>\n<\/div>\n<\/div>\n<\/div>\n<\/div>\n<div data-mesh-id=\"comp-k8hdl8rzinlineContent\" data-testid=\"inline-content\" class=\"\">\n<div data-mesh-id=\"comp-k8hdl8rzinlineContent-gridContainer\" data-testid=\"mesh-container-content\">\n<div id=\"comp-k8hdl8s3\" class=\"_1Q9if\" data-testid=\"richTextElement\">\n<ul class=\"font_8\">\n<li>\n<p class=\"font_8\"><span>1 komplettes NightWatch+-System<\/span><\/p>\n<\/li>\n<li>\n<p class=\"font_8\"><span>1 kostenloses Reiseetui<\/span><\/p>\n<\/li>\n<li>5 Jahre Nutzungsdauer, 2 Jahre Garantie<span> \u00a0 \u00a0 \u00a0\u00a0<\/span><\/li>\n<li>\n<p class=\"font_8\"><span>Kostenloser Versand<\/span><\/p>\n<\/li>\n<li>\n<p class=\"font_8\"><span>Kostenloser Nutzung des NightWatch-Portals (wahlweise)<\/span><\/p>\n<\/li>\n<li>\n<p class=\"font_8\"><span>Kostenlose Unterst\u00fctzung des Helpdesk per Telefon und Email<\/span><\/p>\n<\/li>\n<\/ul>\n<p class=\"font_8\"><strong><span class=\"wixGuard\"><\/span><\/strong><\/p>\n<p class=\"font_8\"><strong><span class=\"wixGuard\">\u200b<\/span><\/strong><span><strong>Kontakt:<\/strong><br \/><\/span><span>Kontaktieren Sie uns unter <a dataquery=\"dGV4dExpbmtfbDA5cW9rNTE=\" href=\"tel:+4921519716287\" target=\"_blank\" rel=\"noopener\">+49 (0)2151 9716287<\/a> oder schicken Sie uns eine E-mail an <a href=\"mailto:info@nightwatchepilepsy.com\" target=\"_blank\" rel=\"noopener\">info@nightwatchepilepsy.com<\/a><\/span><\/p>\n<\/div>\n<\/div>\n<\/div>\n<\/div>\n<p>[\/et_pb_text][\/et_pb_column][\/et_pb_row][\/et_pb_section][et_pb_section fb_built=&#8220;1&#8243; module_id=&#8220;DirektBestellen&#8220; _builder_version=&#8220;4.20.2&#8243; _module_preset=&#8220;default&#8220; background_color=&#8220;#eef7ea&#8220; global_colors_info=&#8220;{}&#8220;][et_pb_row column_structure=&#8220;2_3,1_3&#8243; _builder_version=&#8220;4.16&#8243; _module_preset=&#8220;default&#8220; vertical_offset=&#8220;-20px&#8220; custom_margin=&#8220;0px||||false|false&#8220; custom_padding=&#8220;0px||||false|false&#8220; global_colors_info=&#8220;{}&#8220;][et_pb_column type=&#8220;2_3&#8243; _builder_version=&#8220;4.16&#8243; _module_preset=&#8220;default&#8220; global_colors_info=&#8220;{}&#8220;][et_pb_code _builder_version=&#8220;4.27.0&#8243; _module_preset=&#8220;default&#8220; text_orientation=&#8220;center&#8220; global_colors_info=&#8220;{}&#8220;]<\/p>\n<div><!-- [et_pb_line_break_holder] -->  \u00a0<!-- form.123formbuilder.com script begins here --><script type=\"text\/javascript\" defer src=\"https:\/\/form.123formbuilder.com\/embed\/4810040.js\" data-role=\"form\" data-default-width=\"650px\"><\/script><!-- form.123formbuilder.com script ends here --><!-- [et_pb_line_break_holder] --><\/div>\n<p><!-- [et_pb_line_break_holder] -->[\/et_pb_code][\/et_pb_column][et_pb_column type=&#8220;1_3&#8243; _builder_version=&#8220;4.16&#8243; _module_preset=&#8220;default&#8220; global_colors_info=&#8220;{}&#8220;][\/et_pb_column][\/et_pb_row][et_pb_row _builder_version=&#8220;4.16&#8243; _module_preset=&#8220;default&#8220; custom_margin=&#8220;||||false|false&#8220; custom_padding=&#8220;0px||||false|false&#8220; global_colors_info=&#8220;{}&#8220;][et_pb_column type=&#8220;4_4&#8243; _builder_version=&#8220;4.16&#8243; _module_preset=&#8220;default&#8220; global_colors_info=&#8220;{}&#8220;][et_pb_text _builder_version=&#8220;4.27.4&#8243; _module_preset=&#8220;default&#8220; global_colors_info=&#8220;{}&#8220;]<\/p>\n<p class=\"font_8\"><span>M\u00f6chten Sie NightWatch+ in einer Pflegeeinrichtung oder einem Pflegeheim nutzen? Dann erfahren Sie <a dataquery=\"dGV4dExpbmtfa2ZyemZvM3M=\" href=\"\/de\/bestellenpro-de\">hier <\/a><a dataquery=\"dGV4dExpbmtfa2ZyemZvM3M=\">mehr.<\/a><\/span><\/p>\n<p class=\"font_8\"><span><span class=\"wixGuard\">\u200b<\/span><\/span><span>Die mit * gekennzeichneten Felder sind Pflichtfelder.<\/span><\/p>\n<p class=\"font_8\"><span><span class=\"wixGuard\">\u200b<\/span><\/span><span>LivAssured BV Ust. Id. Nr. NL852748450B01<\/span><\/p>\n<p>[\/et_pb_text][\/et_pb_column][\/et_pb_row][\/et_pb_section]<\/p>\n","protected":false},"excerpt":{"rendered":"<p>Bestellen Sie Ihre NightWatch+ (\u00d6sterreich) Ablauf der Bestellung Bitte f\u00fcllen Sie das Bestellformular vollst\u00e4ndig aus und laden Sie nach M\u00f6glichkeit das Genehmigungsschreiben hoch. Wenn Ihre Bestellung bei uns eingetroffen ist, kontaktieren wir Sie umgehend telefonisch, um die Bestellung abzuwickeln, Ihre Fragen zu kl\u00e4ren und Sie \u00fcber die Anwendung aufzukl\u00e4ren. Was ist enthalten 1 komplettes NightWatch+-System [&hellip;]<\/p>\n","protected":false},"author":3,"featured_media":0,"parent":0,"menu_order":0,"comment_status":"closed","ping_status":"closed","template":"","meta":{"_et_pb_use_builder":"on","_et_pb_old_content":"","_et_gb_content_width":"","footnotes":""},"class_list":["post-40028","page","type-page","status-publish","hentry"],"yoast_head":"<!-- This site is optimized with the Yoast SEO plugin v27.4 - https:\/\/yoast.com\/product\/yoast-seo-wordpress\/ -->\n<title>Bestellen | NightWatch | Privater Gebrauch<\/title>\n<meta name=\"description\" content=\"Bestellen von NightWatch f\u00fcr den privaten Gebrauch.\" \/>\n<meta name=\"robots\" content=\"index, nofollow, max-snippet:-1, max-image-preview:large, max-video-preview:-1\" \/>\n<link rel=\"canonical\" href=\"https:\/\/nightwatchepilepsy.com\/de\/bestellen-ablauf-at\/\" \/>\n<meta property=\"og:locale\" content=\"de_DE\" \/>\n<meta property=\"og:type\" content=\"article\" \/>\n<meta property=\"og:title\" content=\"Bestellen | NightWatch | Privater Gebrauch\" \/>\n<meta property=\"og:description\" content=\"Bestellen von NightWatch f\u00fcr den privaten Gebrauch.\" \/>\n<meta property=\"og:url\" content=\"https:\/\/nightwatchepilepsy.com\/de\/bestellen-ablauf-at\/\" \/>\n<meta property=\"og:site_name\" content=\"NightWatch\" \/>\n<meta property=\"article:publisher\" content=\"https:\/\/www.facebook.com\/EpilepsySeizureDetectionEN\" \/>\n<meta property=\"article:modified_time\" content=\"2026-02-19T13:23:15+00:00\" \/>\n<meta property=\"og:image\" content=\"https:\/\/nightwatchepilepsy.com\/wp-content\/uploads\/2022\/02\/NightWatch_basisstationarmmodule.png\" \/>\n\t<meta property=\"og:image:width\" content=\"1024\" \/>\n\t<meta property=\"og:image:height\" content=\"576\" \/>\n\t<meta property=\"og:image:type\" content=\"image\/png\" \/>\n<meta name=\"twitter:card\" content=\"summary_large_image\" \/>\n<meta name=\"twitter:image\" content=\"https:\/\/nightwatchepilepsy.com\/wp-content\/uploads\/2022\/02\/NightWatch_basisstationarmmodule.png\" \/>\n<meta name=\"twitter:site\" content=\"@NightWatchAlarm\" \/>\n<meta name=\"twitter:label1\" content=\"Gesch\u00e4tzte Lesezeit\" \/>\n\t<meta name=\"twitter:data1\" content=\"2\u00a0Minuten\" \/>\n<script type=\"application\/ld+json\" class=\"yoast-schema-graph\">{\"@context\":\"https:\\\/\\\/schema.org\",\"@graph\":[{\"@type\":\"WebPage\",\"@id\":\"https:\\\/\\\/nightwatchepilepsy.com\\\/de\\\/bestellen-ablauf-at\\\/\",\"url\":\"https:\\\/\\\/nightwatchepilepsy.com\\\/de\\\/bestellen-ablauf-at\\\/\",\"name\":\"Bestellen | NightWatch | Privater Gebrauch\",\"isPartOf\":{\"@id\":\"https:\\\/\\\/nightwatchepilepsy.com\\\/de\\\/#website\"},\"datePublished\":\"2025-01-23T15:46:24+00:00\",\"dateModified\":\"2026-02-19T13:23:15+00:00\",\"description\":\"Bestellen von NightWatch f\u00fcr den privaten Gebrauch.\",\"breadcrumb\":{\"@id\":\"https:\\\/\\\/nightwatchepilepsy.com\\\/de\\\/bestellen-ablauf-at\\\/#breadcrumb\"},\"inLanguage\":\"de\",\"potentialAction\":[{\"@type\":\"ReadAction\",\"target\":[\"https:\\\/\\\/nightwatchepilepsy.com\\\/de\\\/bestellen-ablauf-at\\\/\"]}]},{\"@type\":\"BreadcrumbList\",\"@id\":\"https:\\\/\\\/nightwatchepilepsy.com\\\/de\\\/bestellen-ablauf-at\\\/#breadcrumb\",\"itemListElement\":[{\"@type\":\"ListItem\",\"position\":1,\"name\":\"Home\",\"item\":\"https:\\\/\\\/nightwatchepilepsy.com\\\/de\\\/\"},{\"@type\":\"ListItem\",\"position\":2,\"name\":\"Bestellen und Ablauf AT\"}]},{\"@type\":\"WebSite\",\"@id\":\"https:\\\/\\\/nightwatchepilepsy.com\\\/de\\\/#website\",\"url\":\"https:\\\/\\\/nightwatchepilepsy.com\\\/de\\\/\",\"name\":\"NightWatch\",\"description\":\"Epilepsy seizure detection | Warns during sleep\",\"publisher\":{\"@id\":\"https:\\\/\\\/nightwatchepilepsy.com\\\/de\\\/#organization\"},\"potentialAction\":[{\"@type\":\"SearchAction\",\"target\":{\"@type\":\"EntryPoint\",\"urlTemplate\":\"https:\\\/\\\/nightwatchepilepsy.com\\\/de\\\/?s={search_term_string}\"},\"query-input\":{\"@type\":\"PropertyValueSpecification\",\"valueRequired\":true,\"valueName\":\"search_term_string\"}}],\"inLanguage\":\"de\"},{\"@type\":\"Organization\",\"@id\":\"https:\\\/\\\/nightwatchepilepsy.com\\\/de\\\/#organization\",\"name\":\"NightWatch Epilepsy Seizure Detection\",\"alternateName\":\"NightWatch\",\"url\":\"https:\\\/\\\/nightwatchepilepsy.com\\\/de\\\/\",\"logo\":{\"@type\":\"ImageObject\",\"inLanguage\":\"de\",\"@id\":\"https:\\\/\\\/nightwatchepilepsy.com\\\/de\\\/#\\\/schema\\\/logo\\\/image\\\/\",\"url\":\"https:\\\/\\\/nightwatchepilepsy.com\\\/wp-content\\\/uploads\\\/2023\\\/02\\\/NightWatch-Logo.png\",\"contentUrl\":\"https:\\\/\\\/nightwatchepilepsy.com\\\/wp-content\\\/uploads\\\/2023\\\/02\\\/NightWatch-Logo.png\",\"width\":696,\"height\":696,\"caption\":\"NightWatch Epilepsy Seizure Detection\"},\"image\":{\"@id\":\"https:\\\/\\\/nightwatchepilepsy.com\\\/de\\\/#\\\/schema\\\/logo\\\/image\\\/\"},\"sameAs\":[\"https:\\\/\\\/www.facebook.com\\\/EpilepsySeizureDetectionEN\",\"https:\\\/\\\/x.com\\\/NightWatchAlarm\",\"https:\\\/\\\/www.linkedin.com\\\/company\\\/nightwatch-epilepsy-detection\\\/\",\"https:\\\/\\\/www.instagram.com\\\/nightwatch_epilepsie_detectie\\\/\"]}]}<\/script>\n<!-- \/ Yoast SEO plugin. -->","yoast_head_json":{"title":"Bestellen | NightWatch | Privater Gebrauch","description":"Bestellen von NightWatch f\u00fcr den privaten Gebrauch.","robots":{"index":"index","follow":"nofollow","max-snippet":"max-snippet:-1","max-image-preview":"max-image-preview:large","max-video-preview":"max-video-preview:-1"},"canonical":"https:\/\/nightwatchepilepsy.com\/de\/bestellen-ablauf-at\/","og_locale":"de_DE","og_type":"article","og_title":"Bestellen | NightWatch | Privater Gebrauch","og_description":"Bestellen von NightWatch f\u00fcr den privaten Gebrauch.","og_url":"https:\/\/nightwatchepilepsy.com\/de\/bestellen-ablauf-at\/","og_site_name":"NightWatch","article_publisher":"https:\/\/www.facebook.com\/EpilepsySeizureDetectionEN","article_modified_time":"2026-02-19T13:23:15+00:00","og_image":[{"width":1024,"height":576,"url":"https:\/\/nightwatchepilepsy.com\/wp-content\/uploads\/2022\/02\/NightWatch_basisstationarmmodule.png","type":"image\/png"}],"twitter_card":"summary_large_image","twitter_image":"https:\/\/nightwatchepilepsy.com\/wp-content\/uploads\/2022\/02\/NightWatch_basisstationarmmodule.png","twitter_site":"@NightWatchAlarm","twitter_misc":{"Gesch\u00e4tzte Lesezeit":"2\u00a0Minuten"},"schema":{"@context":"https:\/\/schema.org","@graph":[{"@type":"WebPage","@id":"https:\/\/nightwatchepilepsy.com\/de\/bestellen-ablauf-at\/","url":"https:\/\/nightwatchepilepsy.com\/de\/bestellen-ablauf-at\/","name":"Bestellen | NightWatch | Privater Gebrauch","isPartOf":{"@id":"https:\/\/nightwatchepilepsy.com\/de\/#website"},"datePublished":"2025-01-23T15:46:24+00:00","dateModified":"2026-02-19T13:23:15+00:00","description":"Bestellen von NightWatch f\u00fcr den privaten Gebrauch.","breadcrumb":{"@id":"https:\/\/nightwatchepilepsy.com\/de\/bestellen-ablauf-at\/#breadcrumb"},"inLanguage":"de","potentialAction":[{"@type":"ReadAction","target":["https:\/\/nightwatchepilepsy.com\/de\/bestellen-ablauf-at\/"]}]},{"@type":"BreadcrumbList","@id":"https:\/\/nightwatchepilepsy.com\/de\/bestellen-ablauf-at\/#breadcrumb","itemListElement":[{"@type":"ListItem","position":1,"name":"Home","item":"https:\/\/nightwatchepilepsy.com\/de\/"},{"@type":"ListItem","position":2,"name":"Bestellen und Ablauf AT"}]},{"@type":"WebSite","@id":"https:\/\/nightwatchepilepsy.com\/de\/#website","url":"https:\/\/nightwatchepilepsy.com\/de\/","name":"NightWatch","description":"Epilepsy seizure detection | Warns during sleep","publisher":{"@id":"https:\/\/nightwatchepilepsy.com\/de\/#organization"},"potentialAction":[{"@type":"SearchAction","target":{"@type":"EntryPoint","urlTemplate":"https:\/\/nightwatchepilepsy.com\/de\/?s={search_term_string}"},"query-input":{"@type":"PropertyValueSpecification","valueRequired":true,"valueName":"search_term_string"}}],"inLanguage":"de"},{"@type":"Organization","@id":"https:\/\/nightwatchepilepsy.com\/de\/#organization","name":"NightWatch Epilepsy Seizure Detection","alternateName":"NightWatch","url":"https:\/\/nightwatchepilepsy.com\/de\/","logo":{"@type":"ImageObject","inLanguage":"de","@id":"https:\/\/nightwatchepilepsy.com\/de\/#\/schema\/logo\/image\/","url":"https:\/\/nightwatchepilepsy.com\/wp-content\/uploads\/2023\/02\/NightWatch-Logo.png","contentUrl":"https:\/\/nightwatchepilepsy.com\/wp-content\/uploads\/2023\/02\/NightWatch-Logo.png","width":696,"height":696,"caption":"NightWatch Epilepsy Seizure Detection"},"image":{"@id":"https:\/\/nightwatchepilepsy.com\/de\/#\/schema\/logo\/image\/"},"sameAs":["https:\/\/www.facebook.com\/EpilepsySeizureDetectionEN","https:\/\/x.com\/NightWatchAlarm","https:\/\/www.linkedin.com\/company\/nightwatch-epilepsy-detection\/","https:\/\/www.instagram.com\/nightwatch_epilepsie_detectie\/"]}]}},"_links":{"self":[{"href":"https:\/\/nightwatchepilepsy.com\/de\/wp-json\/wp\/v2\/pages\/40028","targetHints":{"allow":["GET"]}}],"collection":[{"href":"https:\/\/nightwatchepilepsy.com\/de\/wp-json\/wp\/v2\/pages"}],"about":[{"href":"https:\/\/nightwatchepilepsy.com\/de\/wp-json\/wp\/v2\/types\/page"}],"author":[{"embeddable":true,"href":"https:\/\/nightwatchepilepsy.com\/de\/wp-json\/wp\/v2\/users\/3"}],"replies":[{"embeddable":true,"href":"https:\/\/nightwatchepilepsy.com\/de\/wp-json\/wp\/v2\/comments?post=40028"}],"version-history":[{"count":7,"href":"https:\/\/nightwatchepilepsy.com\/de\/wp-json\/wp\/v2\/pages\/40028\/revisions"}],"predecessor-version":[{"id":44542,"href":"https:\/\/nightwatchepilepsy.com\/de\/wp-json\/wp\/v2\/pages\/40028\/revisions\/44542"}],"wp:attachment":[{"href":"https:\/\/nightwatchepilepsy.com\/de\/wp-json\/wp\/v2\/media?parent=40028"}],"curies":[{"name":"wp","href":"https:\/\/api.w.org\/{rel}","templated":true}]}}