{"id":39006,"date":"2024-07-26T09:06:03","date_gmt":"2024-07-26T08:06:03","guid":{"rendered":"https:\/\/nightwatchepilepsy.com\/?page_id=39006"},"modified":"2024-08-28T10:49:02","modified_gmt":"2024-08-28T09:49:02","slug":"hilfsmittel","status":"publish","type":"page","link":"https:\/\/nightwatchepilepsy.com\/de\/hilfsmittel\/","title":{"rendered":"Hilfsmittel"},"content":{"rendered":"<p>[et_pb_section fb_built=&#8220;1&#8243; _builder_version=&#8220;4.20.2&#8243; _module_preset=&#8220;default&#8220; background_color=&#8220;#FFFFFF&#8220; global_colors_info=&#8220;{}&#8220;][et_pb_row _builder_version=&#8220;4.20.2&#8243; _module_preset=&#8220;default&#8220; custom_padding=&#8220;||0px||false|false&#8220; global_colors_info=&#8220;{}&#8220;][et_pb_column type=&#8220;4_4&#8243; _builder_version=&#8220;4.20.2&#8243; _module_preset=&#8220;default&#8220; global_colors_info=&#8220;{}&#8220;][et_pb_text _builder_version=&#8220;4.23&#8243; _module_preset=&#8220;default&#8220; global_colors_info=&#8220;{}&#8220;]<\/p>\n<h1 class=\"font_2\"><span>Hilfsmittel<\/span><\/h1>\n<p>[\/et_pb_text][\/et_pb_column][\/et_pb_row][et_pb_row _builder_version=&#8220;4.16&#8243; _module_preset=&#8220;default&#8220; global_colors_info=&#8220;{}&#8220;][et_pb_column type=&#8220;4_4&#8243; _builder_version=&#8220;4.16&#8243; _module_preset=&#8220;default&#8220; global_colors_info=&#8220;{}&#8220;][et_pb_text _builder_version=&#8220;4.27.0&#8243; _module_preset=&#8220;default&#8220; hover_enabled=&#8220;0&#8243; global_colors_info=&#8220;{}&#8220; sticky_enabled=&#8220;0&#8243;]<\/p>\n<p>In Deutschland ist NightWatch als Hilfsmittel seit dem Fr\u00fchjahr 2024 im GKV-Hilfsmittelverzeichnis gelistet.<\/p>\n<p>Die Nummer ist <b>21.46.01.0005<\/b><\/p>\n<p><b><a href=\"https:\/\/hilfsmittel.gkv-spitzenverband.de\/home\/verzeichnis\/a55e11d1-f1eb-42f0-8773-de808d8bcc60\" target=\"_blank\" rel=\"noopener\">GKV-Hilfsmittelverzeichnis<\/a><\/b><\/p>\n<p>Gesetzlich Krankenversicherte haben einen Anspruch auf Hilfsmittelversorgung gegen\u00fcber ihrer Krankenkasse (\u00a7 33 SGB V). Die Krankenkassen realisieren diesen Versorgungsanspruch im Rahmen des Sachleistungsprinzips, indem sie Vertr\u00e4ge gem\u00e4\u00df \u00a7 127 SGB V mit Hilfsmittelleistungserbringern schlie\u00dfen. Dabei m\u00fcssen die Krankenkassen die Anforderungen des Hilfsmittelverzeichnisses (\u00a7139 SGB V) an die Qualit\u00e4t der Hilfsmittel und der Versorgung den Vertr\u00e4gen zugrunde legen.<\/p>\n<p>[\/et_pb_text][\/et_pb_column][\/et_pb_row][et_pb_row column_structure=&#8220;1_3,1_3,1_3&#8243; _builder_version=&#8220;4.27.0&#8243; _module_preset=&#8220;default&#8220; global_colors_info=&#8220;{}&#8220;][et_pb_column type=&#8220;1_3&#8243; _builder_version=&#8220;4.27.0&#8243; _module_preset=&#8220;default&#8220; global_colors_info=&#8220;{}&#8220;][et_pb_button button_url=&#8220;#Deutschland&#8220; button_text=&#8220;Deutschland&#8220; button_alignment=&#8220;center&#8220; _builder_version=&#8220;4.27.0&#8243; _module_preset=&#8220;default&#8220; global_colors_info=&#8220;{}&#8220;][\/et_pb_button][\/et_pb_column][et_pb_column type=&#8220;1_3&#8243; _builder_version=&#8220;4.27.0&#8243; _module_preset=&#8220;default&#8220; global_colors_info=&#8220;{}&#8220;][et_pb_button button_url=&#8220;#Osterreich&#8220; button_text=&#8220;\u00d6sterreich&#8220; button_alignment=&#8220;center&#8220; _builder_version=&#8220;4.27.0&#8243; _module_preset=&#8220;default&#8220; global_colors_info=&#8220;{}&#8220;][\/et_pb_button][\/et_pb_column][et_pb_column type=&#8220;1_3&#8243; _builder_version=&#8220;4.27.0&#8243; _module_preset=&#8220;default&#8220; global_colors_info=&#8220;{}&#8220;][et_pb_button button_url=&#8220;#Schweiz&#8220; button_text=&#8220;Schweiz&#8220; button_alignment=&#8220;center&#8220; _builder_version=&#8220;4.27.0&#8243; _module_preset=&#8220;default&#8220; global_colors_info=&#8220;{}&#8220;][\/et_pb_button][\/et_pb_column][\/et_pb_row][et_pb_row module_id=&#8220;Deutschland&#8220; _builder_version=&#8220;4.27.0&#8243; _module_preset=&#8220;default&#8220; global_colors_info=&#8220;{}&#8220;][et_pb_column type=&#8220;4_4&#8243; _builder_version=&#8220;4.27.0&#8243; _module_preset=&#8220;default&#8220; global_colors_info=&#8220;{}&#8220;][et_pb_text _builder_version=&#8220;4.27.0&#8243; _module_preset=&#8220;default&#8220; hover_enabled=&#8220;0&#8243; global_colors_info=&#8220;{}&#8220; sticky_enabled=&#8220;0&#8243;]<\/p>\n<h2 class=\"font_2\"><span>Deutschland<\/span><\/h2>\n<p style=\"font-weight: 400;\">Sie k\u00f6nnen bei Ihrer Krankenkasse einen Antrag auf Kostenerstattung stellen. Wenn die Kosten\u00fcbernahme genehmigt wird, liefern wir Ihnen das Hilfsmittel nach R\u00fccksprache mit Ihnen aus und kl\u00e4ren Sie \u00fcber die Anwendung auf. Bei der Antragstellung k\u00f6nnen wir Ihnen gerne behilflich sein.<\/p>\n<p style=\"font-weight: 400;\"><strong>Wir k\u00f6nnen bei allen gesetzlichen Krankenkassen Antr\u00e4ge einreichen.<\/strong><\/p>\n<p style=\"font-weight: 400;\"><strong>Beachte:\u00a0<\/strong>Bei allen privaten Krankenkassen m\u00fcssen Sie derzeit den Antrag selbst einbringen, Dazu ben\u00f6tigen Sie einen Kostenvoranschlag von uns.<\/p>\n<p>[\/et_pb_text][\/et_pb_column][\/et_pb_row][et_pb_row column_structure=&#8220;1_2,1_2&#8243; _builder_version=&#8220;4.27.0&#8243; _module_preset=&#8220;default&#8220; global_colors_info=&#8220;{}&#8220;][et_pb_column type=&#8220;1_2&#8243; _builder_version=&#8220;4.27.0&#8243; _module_preset=&#8220;default&#8220; global_colors_info=&#8220;{}&#8220;][et_pb_button button_url=&#8220;@ET-DC@eyJkeW5hbWljIjp0cnVlLCJjb250ZW50IjoicG9zdF9saW5rX3VybF9wYWdlIiwic2V0dGluZ3MiOnsicG9zdF9pZCI6IjM3MzM5In19@&#8220; button_text=&#8220;Ich bin gesetzlich versichert und m\u00f6chte einen Antrag auf Kostenerstattung einreichen&#8220; button_alignment=&#8220;center&#8220; _builder_version=&#8220;4.27.0&#8243; _dynamic_attributes=&#8220;button_url&#8220; _module_preset=&#8220;default&#8220; global_colors_info=&#8220;{}&#8220;][\/et_pb_button][\/et_pb_column][et_pb_column type=&#8220;1_2&#8243; _builder_version=&#8220;4.27.0&#8243; _module_preset=&#8220;default&#8220; global_colors_info=&#8220;{}&#8220;][et_pb_button button_url=&#8220;@ET-DC@eyJkeW5hbWljIjp0cnVlLCJjb250ZW50IjoicG9zdF9saW5rX3VybF9wYWdlIiwic2V0dGluZ3MiOnsicG9zdF9pZCI6IjM5MDQ3In19@&#8220; button_text=&#8220;Ich bin privat versichert und ben\u00f6tige einen Kostenvoranschlag&#8220; button_alignment=&#8220;center&#8220; _builder_version=&#8220;4.27.0&#8243; _dynamic_attributes=&#8220;button_url&#8220; _module_preset=&#8220;default&#8220; hover_enabled=&#8220;0&#8243; global_colors_info=&#8220;{}&#8220; sticky_enabled=&#8220;0&#8243;][\/et_pb_button][\/et_pb_column][\/et_pb_row][\/et_pb_section][et_pb_section fb_built=&#8220;1&#8243; module_id=&#8220;Osterreich&#8220; _builder_version=&#8220;4.27.0&#8243; _module_preset=&#8220;default&#8220; background_color=&#8220;#f7f9fd&#8220; custom_padding=&#8220;||50px||false|false&#8220; global_colors_info=&#8220;{}&#8220;][et_pb_row column_structure=&#8220;1_2,1_2&#8243; module_id=&#8220;Deutschland&#8220; _builder_version=&#8220;4.27.0&#8243; _module_preset=&#8220;default&#8220; global_colors_info=&#8220;{}&#8220;][et_pb_column type=&#8220;1_2&#8243; _builder_version=&#8220;4.27.0&#8243; _module_preset=&#8220;default&#8220; global_colors_info=&#8220;{}&#8220;][et_pb_text _builder_version=&#8220;4.27.0&#8243; _module_preset=&#8220;default&#8220; global_colors_info=&#8220;{}&#8220;]<\/p>\n<h2 class=\"font_2\"><span>\u00d6sterreich<\/span><\/h2>\n<p>Sie k\u00f6nnen bei Ihrer Krankenkasse einen Antrag auf Kostenerstattung stellen. Wenn die Kosten\u00fcbernahme genehmigt wird, bestellen Sie die NightWatch bei uns mit Vorauskasse. Wir liefern die NightWatch zu Ihnen und kl\u00e4ren Sie ausf\u00fchrlich \u00fcber die Anwendung auf. In Verbindung mit einem Antrag auf Kostenerstattung beraten wir Sie gerne.<\/p>\n<p><b>Beachte: <\/b>In \u00d6sterreich k\u00f6nnen \u00c4rzte\/Krankenh\u00e4user oder Sie selbst den Antrag einbringen. Dazu ben\u00f6tigen Sie einen Kostenvoranschlag von uns.<\/p>\n<p>Bitte f\u00fcllen Sie die dazu notwendigen Felder aus und laden die Verordnung des Arztes hoch, wenn Ihnen diese vorliegt. Wir setzen uns dann mit Ihnen in Verbindung und senden Ihnen den Kostenvoranschlag zu.<\/p>\n<p>[\/et_pb_text][\/et_pb_column][et_pb_column type=&#8220;1_2&#8243; _builder_version=&#8220;4.27.0&#8243; _module_preset=&#8220;default&#8220; global_colors_info=&#8220;{}&#8220;][et_pb_button button_url=&#8220;https:\/\/nightwatchepilepsy.com\/wp-content\/uploads\/2024\/05\/NightWatch_AT_Antrag-Kostenerstattung-mit-Schweigepflichtsentbindung_PDF-Formular.pdf&#8220; url_new_window=&#8220;on&#8220; button_text=&#8220;Antrag Kostenerstattung AT&#8220; _builder_version=&#8220;4.27.0&#8243; _module_preset=&#8220;default&#8220; global_colors_info=&#8220;{}&#8220;][\/et_pb_button][et_pb_button button_url=&#8220;https:\/\/nightwatchepilepsy.com\/wp-content\/uploads\/2024\/04\/Argumentationshilfe-AT-Verordnung-NightWatch-2024.pdf&#8220; url_new_window=&#8220;on&#8220; button_text=&#8220;Argumentationshilfe AT&#8220; _builder_version=&#8220;4.27.0&#8243; _module_preset=&#8220;default&#8220; global_colors_info=&#8220;{}&#8220;][\/et_pb_button][et_pb_button button_url=&#8220;https:\/\/nightwatchepilepsy.com\/wp-content\/uploads\/2023\/10\/NightWatch_SE-Schweigepflichtsentbindung-Vorlage.pdf&#8220; url_new_window=&#8220;on&#8220; button_text=&#8220;Schweigepflichtsentbindung&#8220; _builder_version=&#8220;4.27.0&#8243; _module_preset=&#8220;default&#8220; global_colors_info=&#8220;{}&#8220;][\/et_pb_button][et_pb_button button_url=&#8220;https:\/\/nightwatchepilepsy.com\/wp-content\/uploads\/2024\/06\/06_Checkliste-MedDienst-PG21_April24.pdf&#8220; url_new_window=&#8220;on&#8220; button_text=&#8220;Checkliste Medizinischer Dienst Hilfsmittel&#8220; _builder_version=&#8220;4.27.0&#8243; _module_preset=&#8220;default&#8220; global_colors_info=&#8220;{}&#8220;][\/et_pb_button][\/et_pb_column][\/et_pb_row][et_pb_row column_structure=&#8220;2_3,1_3&#8243; _builder_version=&#8220;4.16&#8243; _module_preset=&#8220;default&#8220; vertical_offset=&#8220;-20px&#8220; custom_margin=&#8220;0px||||false|false&#8220; custom_padding=&#8220;0px||||false|false&#8220; locked=&#8220;off&#8220; global_colors_info=&#8220;{}&#8220;][et_pb_column type=&#8220;2_3&#8243; _builder_version=&#8220;4.16&#8243; _module_preset=&#8220;default&#8220; global_colors_info=&#8220;{}&#8220;][et_pb_code _builder_version=&#8220;4.23&#8243; _module_preset=&#8220;default&#8220; text_orientation=&#8220;center&#8220; global_colors_info=&#8220;{}&#8220;]<\/p>\n<div><!-- [et_pb_line_break_holder] -->  \u00a0<!-- form.123formbuilder.com script begins here --><script type=\"text\/javascript\" defer src=\"https:\/\/form.123formbuilder.com\/embed\/6546201.js\" data-role=\"form\" data-default-width=\"650px\"><\/script><!-- form.123formbuilder.com script ends here --><!-- [et_pb_line_break_holder] --><\/div>\n<p><!-- [et_pb_line_break_holder] -->[\/et_pb_code][\/et_pb_column][et_pb_column type=&#8220;1_3&#8243; _builder_version=&#8220;4.16&#8243; _module_preset=&#8220;default&#8220; global_colors_info=&#8220;{}&#8220;][\/et_pb_column][\/et_pb_row][\/et_pb_section][et_pb_section fb_built=&#8220;1&#8243; module_id=&#8220;Schweiz&#8220; _builder_version=&#8220;4.27.0&#8243; _module_preset=&#8220;default&#8220; global_colors_info=&#8220;{}&#8220;][et_pb_row module_id=&#8220;Deutschland&#8220; _builder_version=&#8220;4.27.0&#8243; _module_preset=&#8220;default&#8220; global_colors_info=&#8220;{}&#8220;][et_pb_column type=&#8220;4_4&#8243; _builder_version=&#8220;4.27.0&#8243; _module_preset=&#8220;default&#8220; global_colors_info=&#8220;{}&#8220;][et_pb_text _builder_version=&#8220;4.27.0&#8243; _module_preset=&#8220;default&#8220; hover_enabled=&#8220;0&#8243; global_colors_info=&#8220;{}&#8220; sticky_enabled=&#8220;0&#8243;]<\/p>\n<h2 class=\"font_2\"><span>Schweiz<\/span><\/h2>\n<p>Sie k\u00f6nnen derzeit bei der IV-Stelle ein <span>Kostengutsprach<\/span><span>e<\/span><span>gesuch<\/span> stellen.<\/p>\n<p>Hier ist der Link zu einem neutralen <a href=\"https:\/\/www.vertrauensaerzte.ch\/tools\/dynaforms_kvv71\/\" target=\"_blank\" rel=\"noopener\">Kostengutsprache-Formular der SGV\/SSMC<\/a>.<\/p>\n<p><span>Bitte f\u00fcllen Sie das Formular vollst\u00e4ndig mit Ihren Daten aus und laden Sie alle verordnungsrelevanten Dokumente wie: Verordnung bzw. Rezept, Arztbrief (oder sozial-med. Begr\u00fcndung oder den vom Arzt ausgef\u00fcllten Antrag) sowie die unterzeichnete Schweigepflichtsentbindung hoch.\u00a0<\/span><span>Wenn die Voraussetzungen f\u00fcr einen Antrag erf\u00fcllt sind, stellen wir in Ihrem Namen einen Antrag auf Kostenerstattung und informieren Sie dar\u00fcber. Sollten Informationen nicht ausreichend oder fehlerhaft sein, nehmen wir mit Ihnen Kontakt auf.<\/span><\/p>\n<p>E-mail:\u00a0<a href=\"mailto:erik@nightwatchepilepsy.com\" target=\"_blank\" rel=\"noopener\">erik@nightwatchepilepsy.com<\/a><br \/>Tel. <a href=\"tel:+41794021992\">+41 (0)79 402 1992<\/a>\u00a0(f\u00fcr die Schweiz)<\/p>\n<p>Sie k\u00f6nnen gerne auch hier Ihre Daten f\u00fcr Kontaktaufnahme und einen Kostenvoranschlag hochladen, wir werden diese dann an unseren Vertragspartner weiterleiten.<\/p>\n<p>[\/et_pb_text][\/et_pb_column][\/et_pb_row][et_pb_row column_structure=&#8220;2_3,1_3&#8243; _builder_version=&#8220;4.16&#8243; _module_preset=&#8220;default&#8220; vertical_offset=&#8220;-20px&#8220; custom_margin=&#8220;0px||||false|false&#8220; custom_padding=&#8220;0px||||false|false&#8220; locked=&#8220;off&#8220; global_colors_info=&#8220;{}&#8220;][et_pb_column type=&#8220;2_3&#8243; _builder_version=&#8220;4.16&#8243; _module_preset=&#8220;default&#8220; global_colors_info=&#8220;{}&#8220;][et_pb_code _builder_version=&#8220;4.23&#8243; _module_preset=&#8220;default&#8220; text_orientation=&#8220;center&#8220; global_colors_info=&#8220;{}&#8220;]<\/p>\n<div><!-- [et_pb_line_break_holder] -->  \u00a0<!-- form.123formbuilder.com script begins here --><script type=\"text\/javascript\" defer src=\"https:\/\/form.123formbuilder.com\/embed\/6546201.js\" data-role=\"form\" data-default-width=\"650px\"><\/script><!-- form.123formbuilder.com script ends here --><!-- [et_pb_line_break_holder] --><\/div>\n<p><!-- [et_pb_line_break_holder] -->[\/et_pb_code][\/et_pb_column][et_pb_column type=&#8220;1_3&#8243; _builder_version=&#8220;4.16&#8243; _module_preset=&#8220;default&#8220; global_colors_info=&#8220;{}&#8220;][\/et_pb_column][\/et_pb_row][\/et_pb_section]<\/p>\n","protected":false},"excerpt":{"rendered":"<p>HilfsmittelIn Deutschland ist NightWatch als Hilfsmittel seit dem Fr\u00fchjahr 2024 im GKV-Hilfsmittelverzeichnis gelistet. Die Nummer ist 21.46.01.0005 GKV-Hilfsmittelverzeichnis Gesetzlich Krankenversicherte haben einen Anspruch auf Hilfsmittelversorgung gegen\u00fcber ihrer Krankenkasse (\u00a7 33 SGB V). Die Krankenkassen realisieren diesen Versorgungsanspruch im Rahmen des Sachleistungsprinzips, indem sie Vertr\u00e4ge gem\u00e4\u00df \u00a7 127 SGB V mit Hilfsmittelleistungserbringern schlie\u00dfen. Dabei m\u00fcssen die [&hellip;]<\/p>\n","protected":false},"author":3,"featured_media":0,"parent":0,"menu_order":0,"comment_status":"closed","ping_status":"closed","template":"","meta":{"_et_pb_use_builder":"on","_et_pb_old_content":"","_et_gb_content_width":"","footnotes":""},"class_list":["post-39006","page","type-page","status-publish","hentry"],"yoast_head":"<!-- This site is optimized with the Yoast SEO plugin v27.3 - https:\/\/yoast.com\/product\/yoast-seo-wordpress\/ -->\n<title>Ablauf | NightWatch<\/title>\n<meta name=\"robots\" content=\"index, nofollow, max-snippet:-1, max-image-preview:large, max-video-preview:-1\" \/>\n<link rel=\"canonical\" href=\"https:\/\/nightwatchepilepsy.com\/de\/hilfsmittel\/\" \/>\n<meta property=\"og:locale\" content=\"de_DE\" \/>\n<meta property=\"og:type\" content=\"article\" \/>\n<meta property=\"og:title\" content=\"Ablauf | NightWatch\" \/>\n<meta property=\"og:description\" content=\"HilfsmittelIn Deutschland ist NightWatch als Hilfsmittel seit dem Fr\u00fchjahr 2024 im GKV-Hilfsmittelverzeichnis gelistet. Die Nummer ist 21.46.01.0005 GKV-Hilfsmittelverzeichnis Gesetzlich Krankenversicherte haben einen Anspruch auf Hilfsmittelversorgung gegen\u00fcber ihrer Krankenkasse (\u00a7 33 SGB V). Die Krankenkassen realisieren diesen Versorgungsanspruch im Rahmen des Sachleistungsprinzips, indem sie Vertr\u00e4ge gem\u00e4\u00df \u00a7 127 SGB V mit Hilfsmittelleistungserbringern schlie\u00dfen. Dabei m\u00fcssen die [&hellip;]\" \/>\n<meta property=\"og:url\" content=\"https:\/\/nightwatchepilepsy.com\/de\/hilfsmittel\/\" \/>\n<meta property=\"og:site_name\" content=\"NightWatch\" \/>\n<meta property=\"article:publisher\" content=\"https:\/\/www.facebook.com\/EpilepsySeizureDetectionEN\" \/>\n<meta property=\"article:modified_time\" content=\"2024-08-28T09:49:02+00:00\" \/>\n<meta property=\"og:image\" content=\"https:\/\/nightwatchepilepsy.com\/wp-content\/uploads\/2022\/02\/NightWatch_basisstationarmmodule.png\" \/>\n\t<meta property=\"og:image:width\" content=\"1024\" \/>\n\t<meta property=\"og:image:height\" content=\"576\" \/>\n\t<meta property=\"og:image:type\" content=\"image\/png\" \/>\n<meta name=\"twitter:card\" content=\"summary_large_image\" \/>\n<meta name=\"twitter:image\" content=\"https:\/\/nightwatchepilepsy.com\/wp-content\/uploads\/2022\/02\/NightWatch_basisstationarmmodule.png\" \/>\n<meta name=\"twitter:site\" content=\"@NightWatchAlarm\" \/>\n<meta name=\"twitter:label1\" content=\"Gesch\u00e4tzte Lesezeit\" \/>\n\t<meta name=\"twitter:data1\" content=\"2\u00a0Minuten\" \/>\n<script type=\"application\/ld+json\" class=\"yoast-schema-graph\">{\"@context\":\"https:\\\/\\\/schema.org\",\"@graph\":[{\"@type\":\"WebPage\",\"@id\":\"https:\\\/\\\/nightwatchepilepsy.com\\\/de\\\/hilfsmittel\\\/\",\"url\":\"https:\\\/\\\/nightwatchepilepsy.com\\\/de\\\/hilfsmittel\\\/\",\"name\":\"Ablauf | NightWatch\",\"isPartOf\":{\"@id\":\"https:\\\/\\\/nightwatchepilepsy.com\\\/de\\\/#website\"},\"datePublished\":\"2024-07-26T08:06:03+00:00\",\"dateModified\":\"2024-08-28T09:49:02+00:00\",\"breadcrumb\":{\"@id\":\"https:\\\/\\\/nightwatchepilepsy.com\\\/de\\\/hilfsmittel\\\/#breadcrumb\"},\"inLanguage\":\"de\",\"potentialAction\":[{\"@type\":\"ReadAction\",\"target\":[\"https:\\\/\\\/nightwatchepilepsy.com\\\/de\\\/hilfsmittel\\\/\"]}]},{\"@type\":\"BreadcrumbList\",\"@id\":\"https:\\\/\\\/nightwatchepilepsy.com\\\/de\\\/hilfsmittel\\\/#breadcrumb\",\"itemListElement\":[{\"@type\":\"ListItem\",\"position\":1,\"name\":\"Home\",\"item\":\"https:\\\/\\\/nightwatchepilepsy.com\\\/de\\\/\"},{\"@type\":\"ListItem\",\"position\":2,\"name\":\"Hilfsmittel\"}]},{\"@type\":\"WebSite\",\"@id\":\"https:\\\/\\\/nightwatchepilepsy.com\\\/de\\\/#website\",\"url\":\"https:\\\/\\\/nightwatchepilepsy.com\\\/de\\\/\",\"name\":\"NightWatch\",\"description\":\"Epilepsy seizure detection | Warns during sleep\",\"publisher\":{\"@id\":\"https:\\\/\\\/nightwatchepilepsy.com\\\/de\\\/#organization\"},\"potentialAction\":[{\"@type\":\"SearchAction\",\"target\":{\"@type\":\"EntryPoint\",\"urlTemplate\":\"https:\\\/\\\/nightwatchepilepsy.com\\\/de\\\/?s={search_term_string}\"},\"query-input\":{\"@type\":\"PropertyValueSpecification\",\"valueRequired\":true,\"valueName\":\"search_term_string\"}}],\"inLanguage\":\"de\"},{\"@type\":\"Organization\",\"@id\":\"https:\\\/\\\/nightwatchepilepsy.com\\\/de\\\/#organization\",\"name\":\"NightWatch Epilepsy Seizure Detection\",\"alternateName\":\"NightWatch\",\"url\":\"https:\\\/\\\/nightwatchepilepsy.com\\\/de\\\/\",\"logo\":{\"@type\":\"ImageObject\",\"inLanguage\":\"de\",\"@id\":\"https:\\\/\\\/nightwatchepilepsy.com\\\/de\\\/#\\\/schema\\\/logo\\\/image\\\/\",\"url\":\"https:\\\/\\\/nightwatchepilepsy.com\\\/wp-content\\\/uploads\\\/2023\\\/02\\\/NightWatch-Logo.png\",\"contentUrl\":\"https:\\\/\\\/nightwatchepilepsy.com\\\/wp-content\\\/uploads\\\/2023\\\/02\\\/NightWatch-Logo.png\",\"width\":696,\"height\":696,\"caption\":\"NightWatch Epilepsy Seizure Detection\"},\"image\":{\"@id\":\"https:\\\/\\\/nightwatchepilepsy.com\\\/de\\\/#\\\/schema\\\/logo\\\/image\\\/\"},\"sameAs\":[\"https:\\\/\\\/www.facebook.com\\\/EpilepsySeizureDetectionEN\",\"https:\\\/\\\/x.com\\\/NightWatchAlarm\",\"https:\\\/\\\/www.linkedin.com\\\/company\\\/nightwatch-epilepsy-detection\\\/\",\"https:\\\/\\\/www.instagram.com\\\/nightwatch_epilepsie_detectie\\\/\"]}]}<\/script>\n<!-- \/ Yoast SEO plugin. -->","yoast_head_json":{"title":"Ablauf | NightWatch","robots":{"index":"index","follow":"nofollow","max-snippet":"max-snippet:-1","max-image-preview":"max-image-preview:large","max-video-preview":"max-video-preview:-1"},"canonical":"https:\/\/nightwatchepilepsy.com\/de\/hilfsmittel\/","og_locale":"de_DE","og_type":"article","og_title":"Ablauf | NightWatch","og_description":"HilfsmittelIn Deutschland ist NightWatch als Hilfsmittel seit dem Fr\u00fchjahr 2024 im GKV-Hilfsmittelverzeichnis gelistet. Die Nummer ist 21.46.01.0005 GKV-Hilfsmittelverzeichnis Gesetzlich Krankenversicherte haben einen Anspruch auf Hilfsmittelversorgung gegen\u00fcber ihrer Krankenkasse (\u00a7 33 SGB V). Die Krankenkassen realisieren diesen Versorgungsanspruch im Rahmen des Sachleistungsprinzips, indem sie Vertr\u00e4ge gem\u00e4\u00df \u00a7 127 SGB V mit Hilfsmittelleistungserbringern schlie\u00dfen. Dabei m\u00fcssen die [&hellip;]","og_url":"https:\/\/nightwatchepilepsy.com\/de\/hilfsmittel\/","og_site_name":"NightWatch","article_publisher":"https:\/\/www.facebook.com\/EpilepsySeizureDetectionEN","article_modified_time":"2024-08-28T09:49:02+00:00","og_image":[{"width":1024,"height":576,"url":"https:\/\/nightwatchepilepsy.com\/wp-content\/uploads\/2022\/02\/NightWatch_basisstationarmmodule.png","type":"image\/png"}],"twitter_card":"summary_large_image","twitter_image":"https:\/\/nightwatchepilepsy.com\/wp-content\/uploads\/2022\/02\/NightWatch_basisstationarmmodule.png","twitter_site":"@NightWatchAlarm","twitter_misc":{"Gesch\u00e4tzte Lesezeit":"2\u00a0Minuten"},"schema":{"@context":"https:\/\/schema.org","@graph":[{"@type":"WebPage","@id":"https:\/\/nightwatchepilepsy.com\/de\/hilfsmittel\/","url":"https:\/\/nightwatchepilepsy.com\/de\/hilfsmittel\/","name":"Ablauf | NightWatch","isPartOf":{"@id":"https:\/\/nightwatchepilepsy.com\/de\/#website"},"datePublished":"2024-07-26T08:06:03+00:00","dateModified":"2024-08-28T09:49:02+00:00","breadcrumb":{"@id":"https:\/\/nightwatchepilepsy.com\/de\/hilfsmittel\/#breadcrumb"},"inLanguage":"de","potentialAction":[{"@type":"ReadAction","target":["https:\/\/nightwatchepilepsy.com\/de\/hilfsmittel\/"]}]},{"@type":"BreadcrumbList","@id":"https:\/\/nightwatchepilepsy.com\/de\/hilfsmittel\/#breadcrumb","itemListElement":[{"@type":"ListItem","position":1,"name":"Home","item":"https:\/\/nightwatchepilepsy.com\/de\/"},{"@type":"ListItem","position":2,"name":"Hilfsmittel"}]},{"@type":"WebSite","@id":"https:\/\/nightwatchepilepsy.com\/de\/#website","url":"https:\/\/nightwatchepilepsy.com\/de\/","name":"NightWatch","description":"Epilepsy seizure detection | Warns during sleep","publisher":{"@id":"https:\/\/nightwatchepilepsy.com\/de\/#organization"},"potentialAction":[{"@type":"SearchAction","target":{"@type":"EntryPoint","urlTemplate":"https:\/\/nightwatchepilepsy.com\/de\/?s={search_term_string}"},"query-input":{"@type":"PropertyValueSpecification","valueRequired":true,"valueName":"search_term_string"}}],"inLanguage":"de"},{"@type":"Organization","@id":"https:\/\/nightwatchepilepsy.com\/de\/#organization","name":"NightWatch Epilepsy Seizure Detection","alternateName":"NightWatch","url":"https:\/\/nightwatchepilepsy.com\/de\/","logo":{"@type":"ImageObject","inLanguage":"de","@id":"https:\/\/nightwatchepilepsy.com\/de\/#\/schema\/logo\/image\/","url":"https:\/\/nightwatchepilepsy.com\/wp-content\/uploads\/2023\/02\/NightWatch-Logo.png","contentUrl":"https:\/\/nightwatchepilepsy.com\/wp-content\/uploads\/2023\/02\/NightWatch-Logo.png","width":696,"height":696,"caption":"NightWatch Epilepsy Seizure Detection"},"image":{"@id":"https:\/\/nightwatchepilepsy.com\/de\/#\/schema\/logo\/image\/"},"sameAs":["https:\/\/www.facebook.com\/EpilepsySeizureDetectionEN","https:\/\/x.com\/NightWatchAlarm","https:\/\/www.linkedin.com\/company\/nightwatch-epilepsy-detection\/","https:\/\/www.instagram.com\/nightwatch_epilepsie_detectie\/"]}]}},"_links":{"self":[{"href":"https:\/\/nightwatchepilepsy.com\/de\/wp-json\/wp\/v2\/pages\/39006","targetHints":{"allow":["GET"]}}],"collection":[{"href":"https:\/\/nightwatchepilepsy.com\/de\/wp-json\/wp\/v2\/pages"}],"about":[{"href":"https:\/\/nightwatchepilepsy.com\/de\/wp-json\/wp\/v2\/types\/page"}],"author":[{"embeddable":true,"href":"https:\/\/nightwatchepilepsy.com\/de\/wp-json\/wp\/v2\/users\/3"}],"replies":[{"embeddable":true,"href":"https:\/\/nightwatchepilepsy.com\/de\/wp-json\/wp\/v2\/comments?post=39006"}],"version-history":[{"count":16,"href":"https:\/\/nightwatchepilepsy.com\/de\/wp-json\/wp\/v2\/pages\/39006\/revisions"}],"predecessor-version":[{"id":39182,"href":"https:\/\/nightwatchepilepsy.com\/de\/wp-json\/wp\/v2\/pages\/39006\/revisions\/39182"}],"wp:attachment":[{"href":"https:\/\/nightwatchepilepsy.com\/de\/wp-json\/wp\/v2\/media?parent=39006"}],"curies":[{"name":"wp","href":"https:\/\/api.w.org\/{rel}","templated":true}]}}