{"id":37339,"date":"2023-10-30T16:29:04","date_gmt":"2023-10-30T15:29:04","guid":{"rendered":"https:\/\/nightwatchepilepsy.com\/?page_id=37339"},"modified":"2026-01-27T14:00:20","modified_gmt":"2026-01-27T13:00:20","slug":"ablauf","status":"publish","type":"page","link":"https:\/\/nightwatchepilepsy.com\/de\/ablauf\/","title":{"rendered":"Ablauf DE"},"content":{"rendered":"<p>[et_pb_section fb_built=&#8220;1&#8243; _builder_version=&#8220;4.20.2&#8243; _module_preset=&#8220;default&#8220; background_color=&#8220;#FFFFFF&#8220; global_colors_info=&#8220;{}&#8220;][et_pb_row _builder_version=&#8220;4.20.2&#8243; _module_preset=&#8220;default&#8220; custom_padding=&#8220;||0px||false|false&#8220; global_colors_info=&#8220;{}&#8220;][et_pb_column type=&#8220;4_4&#8243; _builder_version=&#8220;4.20.2&#8243; _module_preset=&#8220;default&#8220; global_colors_info=&#8220;{}&#8220;][et_pb_text _builder_version=&#8220;4.23&#8243; _module_preset=&#8220;default&#8220; global_colors_info=&#8220;{}&#8220;]<\/p>\n<h1 class=\"font_2\"><span>Antrag auf Kostenerstattung f\u00fcr Krankenkasse<\/span><\/h1>\n<p>[\/et_pb_text][\/et_pb_column][\/et_pb_row][et_pb_row column_structure=&#8220;1_2,1_2&#8243; _builder_version=&#8220;4.16&#8243; _module_preset=&#8220;default&#8220; global_colors_info=&#8220;{}&#8220;][et_pb_column type=&#8220;1_2&#8243; _builder_version=&#8220;4.16&#8243; _module_preset=&#8220;default&#8220; global_colors_info=&#8220;{}&#8220;][et_pb_text _builder_version=&#8220;4.27.0&#8243; _module_preset=&#8220;default&#8220; global_colors_info=&#8220;{}&#8220;]<\/p>\n<div id=\"comp-k9e9w7b01\" class=\"_1Q9if\" data-testid=\"richTextElement\">\n<div id=\"bgLayers_comp-k8hdl8rz\" data-hook=\"bgLayers\" class=\"_3wnIc\"><\/div>\n<div data-mesh-id=\"comp-k8hdl8rzinlineContent\" data-testid=\"inline-content\" class=\"\">\n<div data-mesh-id=\"comp-k8hdl8rzinlineContent-gridContainer\" data-testid=\"mesh-container-content\">\n<div id=\"comp-k8hdl8s3\" class=\"_1Q9if\" data-testid=\"richTextElement\">\n<p>Bitte f\u00fcllen Sie das Formular vollst\u00e4ndig mit Ihren Daten aus und laden Sie alle verordnungsrelevanten Dokumente wie: Verordnung bzw. Rezept, Arztbrief (oder sozial-med. Begr\u00fcndung oder den vom Arzt ausgef\u00fcllten Antrag) sowie die unterzeichnete Schweigepflichtsentbindung hoch. Nach Pr\u00fcfung der Dokumente werden wir uns umgehend mit Ihnen in Verbindung setzen.<\/p>\n<p>Bei Fragen nehmen Sie Kontakt auf mit uns:<\/p>\n<p class=\"font_8\"><span>Support Line: <\/span><span><a dataquery=\"dGV4dExpbmtfbDA5cW9rNTE=\" href=\"tel:+4921519716287\" target=\"_blank\" rel=\"noopener\">+49 (0)2151 9716287<\/a> oder schicken Sie uns eine E-mail an <a href=\"mailto:info@nightwatchepilepsy.com\" target=\"_blank\" rel=\"noopener\">info@nightwatchepilepsy.com<\/a><\/span><\/p>\n<\/div>\n<\/div>\n<\/div>\n<\/div>\n<p>[\/et_pb_text][\/et_pb_column][et_pb_column type=&#8220;1_2&#8243; _builder_version=&#8220;4.16&#8243; _module_preset=&#8220;default&#8220; global_colors_info=&#8220;{}&#8220;][et_pb_button button_url=&#8220;\/nightwatch_antrag-kostenerstattung-mit-se_de&#8220; url_new_window=&#8220;on&#8220; button_text=&#8220;Antrag Kostenerstattung DE&#8220; button_alignment=&#8220;left&#8220; _builder_version=&#8220;4.27.5&#8243; _module_preset=&#8220;default&#8220; hover_enabled=&#8220;0&#8243; global_colors_info=&#8220;{}&#8220; sticky_enabled=&#8220;0&#8243;][\/et_pb_button][et_pb_button button_url=&#8220;\/argumentationshilfe-verordnung-nightwatch_de&#8220; url_new_window=&#8220;on&#8220; button_text=&#8220;Argumentationshilfe DE&#8220; button_alignment=&#8220;left&#8220; _builder_version=&#8220;4.27.5&#8243; _module_preset=&#8220;default&#8220; hover_enabled=&#8220;0&#8243; global_colors_info=&#8220;{}&#8220; sticky_enabled=&#8220;0&#8243;][\/et_pb_button][et_pb_button button_url=&#8220;https:\/\/nightwatchepilepsy.com\/wp-content\/uploads\/DACH\/NightWatch_Schweigepflichtsentbindung.pdf&#8220; url_new_window=&#8220;on&#8220; button_text=&#8220;Schweigepflichtsentbindung&#8220; button_alignment=&#8220;left&#8220; _builder_version=&#8220;4.27.0&#8243; _module_preset=&#8220;default&#8220; global_colors_info=&#8220;{}&#8220;][\/et_pb_button][et_pb_button button_url=&#8220;https:\/\/nightwatchepilepsy.com\/wp-content\/uploads\/DACH\/NightWatch_Checkliste-MedDienst-PG21.pdf&#8220; url_new_window=&#8220;on&#8220; button_text=&#8220;Checkliste Medizinischer Dienst Hilfsmittel&#8220; button_alignment=&#8220;left&#8220; _builder_version=&#8220;4.27.0&#8243; _module_preset=&#8220;default&#8220; global_colors_info=&#8220;{}&#8220;][\/et_pb_button][\/et_pb_column][\/et_pb_row][\/et_pb_section][et_pb_section fb_built=&#8220;1&#8243; module_id=&#8220;DirektBestellen&#8220; _builder_version=&#8220;4.20.2&#8243; _module_preset=&#8220;default&#8220; background_color=&#8220;#eef7ea&#8220; global_colors_info=&#8220;{}&#8220;][et_pb_row column_structure=&#8220;2_3,1_3&#8243; _builder_version=&#8220;4.16&#8243; _module_preset=&#8220;default&#8220; vertical_offset=&#8220;-20px&#8220; custom_margin=&#8220;0px||||false|false&#8220; custom_padding=&#8220;0px||||false|false&#8220; global_colors_info=&#8220;{}&#8220;][et_pb_column type=&#8220;2_3&#8243; _builder_version=&#8220;4.16&#8243; _module_preset=&#8220;default&#8220; global_colors_info=&#8220;{}&#8220;][et_pb_code _builder_version=&#8220;4.23&#8243; _module_preset=&#8220;default&#8220; text_orientation=&#8220;center&#8220; global_colors_info=&#8220;{}&#8220;]<\/p>\n<div><!-- [et_pb_line_break_holder] -->  \u00a0<!-- form.123formbuilder.com script begins here --><script type=\"text\/javascript\" defer src=\"https:\/\/form.123formbuilder.com\/embed\/6546201.js\" data-role=\"form\" data-default-width=\"650px\"><\/script><!-- form.123formbuilder.com script ends here --><!-- [et_pb_line_break_holder] --><\/div>\n<p><!-- [et_pb_line_break_holder] -->[\/et_pb_code][\/et_pb_column][et_pb_column type=&#8220;1_3&#8243; _builder_version=&#8220;4.16&#8243; _module_preset=&#8220;default&#8220; global_colors_info=&#8220;{}&#8220;][\/et_pb_column][\/et_pb_row][et_pb_row _builder_version=&#8220;4.16&#8243; _module_preset=&#8220;default&#8220; custom_margin=&#8220;||||false|false&#8220; custom_padding=&#8220;0px||||false|false&#8220; global_colors_info=&#8220;{}&#8220;][et_pb_column type=&#8220;4_4&#8243; _builder_version=&#8220;4.16&#8243; _module_preset=&#8220;default&#8220; global_colors_info=&#8220;{}&#8220;][et_pb_text _builder_version=&#8220;4.23&#8243; _module_preset=&#8220;default&#8220; global_colors_info=&#8220;{}&#8220;]<\/p>\n<p class=\"font_8\"><span>Die mit * gekennzeichneten Felder sind Pflichtfelder.<\/span><\/p>\n<p class=\"font_8\"><span><span class=\"wixGuard\">\u200b<\/span><\/span><span>LivAssured BV Ust. Id. Nr. NL852748450B01<\/span><\/p>\n<p>[\/et_pb_text][\/et_pb_column][\/et_pb_row][\/et_pb_section]<\/p>\n","protected":false},"excerpt":{"rendered":"<p>Antrag auf Kostenerstattung f\u00fcr Krankenkasse Bitte f\u00fcllen Sie das Formular vollst\u00e4ndig mit Ihren Daten aus und laden Sie alle verordnungsrelevanten Dokumente wie: Verordnung bzw. Rezept, Arztbrief (oder sozial-med. Begr\u00fcndung oder den vom Arzt ausgef\u00fcllten Antrag) sowie die unterzeichnete Schweigepflichtsentbindung hoch. Nach Pr\u00fcfung der Dokumente werden wir uns umgehend mit Ihnen in Verbindung setzen. Bei Fragen [&hellip;]<\/p>\n","protected":false},"author":3,"featured_media":0,"parent":0,"menu_order":0,"comment_status":"closed","ping_status":"closed","template":"","meta":{"_et_pb_use_builder":"on","_et_pb_old_content":"","_et_gb_content_width":"","footnotes":""},"class_list":["post-37339","page","type-page","status-publish","hentry"],"yoast_head":"<!-- This site is optimized with the Yoast SEO plugin v27.3 - https:\/\/yoast.com\/product\/yoast-seo-wordpress\/ -->\n<title>Ablauf | NightWatch<\/title>\n<meta name=\"robots\" content=\"index, nofollow, max-snippet:-1, max-image-preview:large, max-video-preview:-1\" \/>\n<link rel=\"canonical\" href=\"https:\/\/nightwatchepilepsy.com\/de\/ablauf\/\" \/>\n<meta property=\"og:locale\" content=\"de_DE\" \/>\n<meta property=\"og:type\" content=\"article\" \/>\n<meta property=\"og:title\" content=\"Ablauf | NightWatch\" \/>\n<meta property=\"og:description\" content=\"Antrag auf Kostenerstattung f\u00fcr Krankenkasse Bitte f\u00fcllen Sie das Formular vollst\u00e4ndig mit Ihren Daten aus und laden Sie alle verordnungsrelevanten Dokumente wie: Verordnung bzw. Rezept, Arztbrief (oder sozial-med. Begr\u00fcndung oder den vom Arzt ausgef\u00fcllten Antrag) sowie die unterzeichnete Schweigepflichtsentbindung hoch. Nach Pr\u00fcfung der Dokumente werden wir uns umgehend mit Ihnen in Verbindung setzen. Bei Fragen [&hellip;]\" \/>\n<meta property=\"og:url\" content=\"https:\/\/nightwatchepilepsy.com\/de\/ablauf\/\" \/>\n<meta property=\"og:site_name\" content=\"NightWatch\" \/>\n<meta property=\"article:publisher\" content=\"https:\/\/www.facebook.com\/EpilepsySeizureDetectionEN\" \/>\n<meta property=\"article:modified_time\" content=\"2026-01-27T13:00:20+00:00\" \/>\n<meta property=\"og:image\" content=\"https:\/\/nightwatchepilepsy.com\/wp-content\/uploads\/2022\/02\/NightWatch_basisstationarmmodule.png\" \/>\n\t<meta property=\"og:image:width\" content=\"1024\" \/>\n\t<meta property=\"og:image:height\" content=\"576\" \/>\n\t<meta property=\"og:image:type\" content=\"image\/png\" \/>\n<meta name=\"twitter:card\" content=\"summary_large_image\" \/>\n<meta name=\"twitter:image\" content=\"https:\/\/nightwatchepilepsy.com\/wp-content\/uploads\/2022\/02\/NightWatch_basisstationarmmodule.png\" \/>\n<meta name=\"twitter:site\" content=\"@NightWatchAlarm\" \/>\n<meta name=\"twitter:label1\" content=\"Gesch\u00e4tzte Lesezeit\" \/>\n\t<meta name=\"twitter:data1\" content=\"1\u00a0Minute\" \/>\n<script type=\"application\/ld+json\" class=\"yoast-schema-graph\">{\"@context\":\"https:\\\/\\\/schema.org\",\"@graph\":[{\"@type\":\"WebPage\",\"@id\":\"https:\\\/\\\/nightwatchepilepsy.com\\\/de\\\/ablauf\\\/\",\"url\":\"https:\\\/\\\/nightwatchepilepsy.com\\\/de\\\/ablauf\\\/\",\"name\":\"Ablauf | NightWatch\",\"isPartOf\":{\"@id\":\"https:\\\/\\\/nightwatchepilepsy.com\\\/de\\\/#website\"},\"datePublished\":\"2023-10-30T15:29:04+00:00\",\"dateModified\":\"2026-01-27T13:00:20+00:00\",\"breadcrumb\":{\"@id\":\"https:\\\/\\\/nightwatchepilepsy.com\\\/de\\\/ablauf\\\/#breadcrumb\"},\"inLanguage\":\"de\",\"potentialAction\":[{\"@type\":\"ReadAction\",\"target\":[\"https:\\\/\\\/nightwatchepilepsy.com\\\/de\\\/ablauf\\\/\"]}]},{\"@type\":\"BreadcrumbList\",\"@id\":\"https:\\\/\\\/nightwatchepilepsy.com\\\/de\\\/ablauf\\\/#breadcrumb\",\"itemListElement\":[{\"@type\":\"ListItem\",\"position\":1,\"name\":\"Home\",\"item\":\"https:\\\/\\\/nightwatchepilepsy.com\\\/de\\\/\"},{\"@type\":\"ListItem\",\"position\":2,\"name\":\"Ablauf DE\"}]},{\"@type\":\"WebSite\",\"@id\":\"https:\\\/\\\/nightwatchepilepsy.com\\\/de\\\/#website\",\"url\":\"https:\\\/\\\/nightwatchepilepsy.com\\\/de\\\/\",\"name\":\"NightWatch\",\"description\":\"Epilepsy seizure detection | Warns during sleep\",\"publisher\":{\"@id\":\"https:\\\/\\\/nightwatchepilepsy.com\\\/de\\\/#organization\"},\"potentialAction\":[{\"@type\":\"SearchAction\",\"target\":{\"@type\":\"EntryPoint\",\"urlTemplate\":\"https:\\\/\\\/nightwatchepilepsy.com\\\/de\\\/?s={search_term_string}\"},\"query-input\":{\"@type\":\"PropertyValueSpecification\",\"valueRequired\":true,\"valueName\":\"search_term_string\"}}],\"inLanguage\":\"de\"},{\"@type\":\"Organization\",\"@id\":\"https:\\\/\\\/nightwatchepilepsy.com\\\/de\\\/#organization\",\"name\":\"NightWatch Epilepsy Seizure Detection\",\"alternateName\":\"NightWatch\",\"url\":\"https:\\\/\\\/nightwatchepilepsy.com\\\/de\\\/\",\"logo\":{\"@type\":\"ImageObject\",\"inLanguage\":\"de\",\"@id\":\"https:\\\/\\\/nightwatchepilepsy.com\\\/de\\\/#\\\/schema\\\/logo\\\/image\\\/\",\"url\":\"https:\\\/\\\/nightwatchepilepsy.com\\\/wp-content\\\/uploads\\\/2023\\\/02\\\/NightWatch-Logo.png\",\"contentUrl\":\"https:\\\/\\\/nightwatchepilepsy.com\\\/wp-content\\\/uploads\\\/2023\\\/02\\\/NightWatch-Logo.png\",\"width\":696,\"height\":696,\"caption\":\"NightWatch Epilepsy Seizure Detection\"},\"image\":{\"@id\":\"https:\\\/\\\/nightwatchepilepsy.com\\\/de\\\/#\\\/schema\\\/logo\\\/image\\\/\"},\"sameAs\":[\"https:\\\/\\\/www.facebook.com\\\/EpilepsySeizureDetectionEN\",\"https:\\\/\\\/x.com\\\/NightWatchAlarm\",\"https:\\\/\\\/www.linkedin.com\\\/company\\\/nightwatch-epilepsy-detection\\\/\",\"https:\\\/\\\/www.instagram.com\\\/nightwatch_epilepsie_detectie\\\/\"]}]}<\/script>\n<!-- \/ Yoast SEO plugin. -->","yoast_head_json":{"title":"Ablauf | NightWatch","robots":{"index":"index","follow":"nofollow","max-snippet":"max-snippet:-1","max-image-preview":"max-image-preview:large","max-video-preview":"max-video-preview:-1"},"canonical":"https:\/\/nightwatchepilepsy.com\/de\/ablauf\/","og_locale":"de_DE","og_type":"article","og_title":"Ablauf | NightWatch","og_description":"Antrag auf Kostenerstattung f\u00fcr Krankenkasse Bitte f\u00fcllen Sie das Formular vollst\u00e4ndig mit Ihren Daten aus und laden Sie alle verordnungsrelevanten Dokumente wie: Verordnung bzw. Rezept, Arztbrief (oder sozial-med. Begr\u00fcndung oder den vom Arzt ausgef\u00fcllten Antrag) sowie die unterzeichnete Schweigepflichtsentbindung hoch. Nach Pr\u00fcfung der Dokumente werden wir uns umgehend mit Ihnen in Verbindung setzen. Bei Fragen [&hellip;]","og_url":"https:\/\/nightwatchepilepsy.com\/de\/ablauf\/","og_site_name":"NightWatch","article_publisher":"https:\/\/www.facebook.com\/EpilepsySeizureDetectionEN","article_modified_time":"2026-01-27T13:00:20+00:00","og_image":[{"width":1024,"height":576,"url":"https:\/\/nightwatchepilepsy.com\/wp-content\/uploads\/2022\/02\/NightWatch_basisstationarmmodule.png","type":"image\/png"}],"twitter_card":"summary_large_image","twitter_image":"https:\/\/nightwatchepilepsy.com\/wp-content\/uploads\/2022\/02\/NightWatch_basisstationarmmodule.png","twitter_site":"@NightWatchAlarm","twitter_misc":{"Gesch\u00e4tzte Lesezeit":"1\u00a0Minute"},"schema":{"@context":"https:\/\/schema.org","@graph":[{"@type":"WebPage","@id":"https:\/\/nightwatchepilepsy.com\/de\/ablauf\/","url":"https:\/\/nightwatchepilepsy.com\/de\/ablauf\/","name":"Ablauf | NightWatch","isPartOf":{"@id":"https:\/\/nightwatchepilepsy.com\/de\/#website"},"datePublished":"2023-10-30T15:29:04+00:00","dateModified":"2026-01-27T13:00:20+00:00","breadcrumb":{"@id":"https:\/\/nightwatchepilepsy.com\/de\/ablauf\/#breadcrumb"},"inLanguage":"de","potentialAction":[{"@type":"ReadAction","target":["https:\/\/nightwatchepilepsy.com\/de\/ablauf\/"]}]},{"@type":"BreadcrumbList","@id":"https:\/\/nightwatchepilepsy.com\/de\/ablauf\/#breadcrumb","itemListElement":[{"@type":"ListItem","position":1,"name":"Home","item":"https:\/\/nightwatchepilepsy.com\/de\/"},{"@type":"ListItem","position":2,"name":"Ablauf DE"}]},{"@type":"WebSite","@id":"https:\/\/nightwatchepilepsy.com\/de\/#website","url":"https:\/\/nightwatchepilepsy.com\/de\/","name":"NightWatch","description":"Epilepsy seizure detection | Warns during sleep","publisher":{"@id":"https:\/\/nightwatchepilepsy.com\/de\/#organization"},"potentialAction":[{"@type":"SearchAction","target":{"@type":"EntryPoint","urlTemplate":"https:\/\/nightwatchepilepsy.com\/de\/?s={search_term_string}"},"query-input":{"@type":"PropertyValueSpecification","valueRequired":true,"valueName":"search_term_string"}}],"inLanguage":"de"},{"@type":"Organization","@id":"https:\/\/nightwatchepilepsy.com\/de\/#organization","name":"NightWatch Epilepsy Seizure Detection","alternateName":"NightWatch","url":"https:\/\/nightwatchepilepsy.com\/de\/","logo":{"@type":"ImageObject","inLanguage":"de","@id":"https:\/\/nightwatchepilepsy.com\/de\/#\/schema\/logo\/image\/","url":"https:\/\/nightwatchepilepsy.com\/wp-content\/uploads\/2023\/02\/NightWatch-Logo.png","contentUrl":"https:\/\/nightwatchepilepsy.com\/wp-content\/uploads\/2023\/02\/NightWatch-Logo.png","width":696,"height":696,"caption":"NightWatch Epilepsy Seizure Detection"},"image":{"@id":"https:\/\/nightwatchepilepsy.com\/de\/#\/schema\/logo\/image\/"},"sameAs":["https:\/\/www.facebook.com\/EpilepsySeizureDetectionEN","https:\/\/x.com\/NightWatchAlarm","https:\/\/www.linkedin.com\/company\/nightwatch-epilepsy-detection\/","https:\/\/www.instagram.com\/nightwatch_epilepsie_detectie\/"]}]}},"_links":{"self":[{"href":"https:\/\/nightwatchepilepsy.com\/de\/wp-json\/wp\/v2\/pages\/37339","targetHints":{"allow":["GET"]}}],"collection":[{"href":"https:\/\/nightwatchepilepsy.com\/de\/wp-json\/wp\/v2\/pages"}],"about":[{"href":"https:\/\/nightwatchepilepsy.com\/de\/wp-json\/wp\/v2\/types\/page"}],"author":[{"embeddable":true,"href":"https:\/\/nightwatchepilepsy.com\/de\/wp-json\/wp\/v2\/users\/3"}],"replies":[{"embeddable":true,"href":"https:\/\/nightwatchepilepsy.com\/de\/wp-json\/wp\/v2\/comments?post=37339"}],"version-history":[{"count":17,"href":"https:\/\/nightwatchepilepsy.com\/de\/wp-json\/wp\/v2\/pages\/37339\/revisions"}],"predecessor-version":[{"id":44311,"href":"https:\/\/nightwatchepilepsy.com\/de\/wp-json\/wp\/v2\/pages\/37339\/revisions\/44311"}],"wp:attachment":[{"href":"https:\/\/nightwatchepilepsy.com\/de\/wp-json\/wp\/v2\/media?parent=37339"}],"curies":[{"name":"wp","href":"https:\/\/api.w.org\/{rel}","templated":true}]}}