{"id":31198,"date":"2022-04-26T13:49:00","date_gmt":"2022-04-26T12:49:00","guid":{"rendered":"https:\/\/nightwatchepilepsy.com\/team-nightwatch-stories\/"},"modified":"2022-04-26T20:32:04","modified_gmt":"2022-04-26T19:32:04","slug":"team-nightwatch-stories","status":"publish","type":"page","link":"https:\/\/nightwatchepilepsy.com\/de\/team-nightwatch-stories\/","title":{"rendered":"Team NightWatch Stories"},"content":{"rendered":"<p>[et_pb_section fb_built=&#8220;1&#8243; module_id=&#8220;NightWatchStories&#8220; _builder_version=&#8220;4.16&#8243; _module_preset=&#8220;default&#8220; background_color=&#8220;#f8fafb&#8220; custom_margin=&#8220;1px|||||&#8220; global_colors_info=&#8220;{}&#8220;][et_pb_row _builder_version=&#8220;4.16&#8243; _module_preset=&#8220;default&#8220; global_colors_info=&#8220;{}&#8220;][et_pb_column type=&#8220;4_4&#8243; _builder_version=&#8220;4.16&#8243; _module_preset=&#8220;default&#8220; global_colors_info=&#8220;{}&#8220;][et_pb_blog fullwidth=&#8220;off&#8220; posts_number=&#8220;24&#8243; include_categories=&#8220;46&#8243; show_author=&#8220;off&#8220; show_date=&#8220;off&#8220; show_categories=&#8220;off&#8220; show_pagination=&#8220;off&#8220; module_class=&#8220;et_blog_grid_equal_height&#8220; _builder_version=&#8220;4.16.0&#8243; _module_preset=&#8220;default&#8220; border_radii=&#8220;on|10px|10px|10px|10px&#8220; global_colors_info=&#8220;{}&#8220;][\/et_pb_blog][\/et_pb_column][\/et_pb_row][\/et_pb_section]<\/p>\n","protected":false},"excerpt":{"rendered":"","protected":false},"author":2,"featured_media":0,"parent":0,"menu_order":0,"comment_status":"closed","ping_status":"closed","template":"","meta":{"_et_pb_use_builder":"on","_et_pb_old_content":"","_et_gb_content_width":"","footnotes":""},"class_list":["post-31198","page","type-page","status-publish","hentry"],"yoast_head":"<!-- This site is optimized with the Yoast SEO plugin v27.4 - https:\/\/yoast.com\/product\/yoast-seo-wordpress\/ -->\n<title>Geschichten von unserem eigenen NightWatch-Team<\/title>\n<meta name=\"description\" content=\"Hier finden Sie Geschichten von unseren NightWatch-Mitgliedern. Sie erkl\u00e4ren, wer sie sind und warum sie f\u00fcr NightWatch arbeiten.\" \/>\n<meta name=\"robots\" content=\"index, follow, max-snippet:-1, max-image-preview:large, max-video-preview:-1\" \/>\n<link rel=\"canonical\" href=\"https:\/\/nightwatchepilepsy.com\/de\/team-nightwatch-stories\/\" \/>\n<meta property=\"og:locale\" content=\"de_DE\" \/>\n<meta property=\"og:type\" content=\"article\" \/>\n<meta property=\"og:title\" content=\"Geschichten von unserem eigenen NightWatch-Team\" \/>\n<meta property=\"og:description\" content=\"Hier finden Sie Geschichten von unseren NightWatch-Mitgliedern. Sie erkl\u00e4ren, wer sie sind und warum sie f\u00fcr NightWatch arbeiten.\" \/>\n<meta property=\"og:url\" content=\"https:\/\/nightwatchepilepsy.com\/de\/team-nightwatch-stories\/\" \/>\n<meta property=\"og:site_name\" content=\"NightWatch\" \/>\n<meta property=\"article:publisher\" content=\"https:\/\/www.facebook.com\/EpilepsySeizureDetectionEN\" \/>\n<meta property=\"article:modified_time\" content=\"2022-04-26T19:32:04+00:00\" \/>\n<meta name=\"twitter:card\" content=\"summary_large_image\" \/>\n<meta name=\"twitter:title\" content=\"Geschichten von unserem eigenen NightWatch-Team\" \/>\n<meta name=\"twitter:description\" content=\"Hier finden Sie Geschichten von unseren NightWatch-Mitgliedern. Sie erkl\u00e4ren, wer sie sind und warum sie f\u00fcr NightWatch arbeiten.\" \/>\n<meta name=\"twitter:site\" content=\"@NightWatchAlarm\" \/>\n<meta name=\"twitter:label1\" content=\"Gesch\u00e4tzte Lesezeit\" \/>\n\t<meta name=\"twitter:data1\" content=\"1\u00a0Minute\" \/>\n<script type=\"application\/ld+json\" class=\"yoast-schema-graph\">{\"@context\":\"https:\\\/\\\/schema.org\",\"@graph\":[{\"@type\":\"WebPage\",\"@id\":\"https:\\\/\\\/nightwatchepilepsy.com\\\/de\\\/team-nightwatch-stories\\\/\",\"url\":\"https:\\\/\\\/nightwatchepilepsy.com\\\/de\\\/team-nightwatch-stories\\\/\",\"name\":\"Geschichten von unserem eigenen NightWatch-Team\",\"isPartOf\":{\"@id\":\"https:\\\/\\\/nightwatchepilepsy.com\\\/de\\\/#website\"},\"datePublished\":\"2022-04-26T12:49:00+00:00\",\"dateModified\":\"2022-04-26T19:32:04+00:00\",\"description\":\"Hier finden Sie Geschichten von unseren NightWatch-Mitgliedern. Sie erkl\u00e4ren, wer sie sind und warum sie f\u00fcr NightWatch arbeiten.\",\"breadcrumb\":{\"@id\":\"https:\\\/\\\/nightwatchepilepsy.com\\\/de\\\/team-nightwatch-stories\\\/#breadcrumb\"},\"inLanguage\":\"de\",\"potentialAction\":[{\"@type\":\"ReadAction\",\"target\":[\"https:\\\/\\\/nightwatchepilepsy.com\\\/de\\\/team-nightwatch-stories\\\/\"]}]},{\"@type\":\"BreadcrumbList\",\"@id\":\"https:\\\/\\\/nightwatchepilepsy.com\\\/de\\\/team-nightwatch-stories\\\/#breadcrumb\",\"itemListElement\":[{\"@type\":\"ListItem\",\"position\":1,\"name\":\"Home\",\"item\":\"https:\\\/\\\/nightwatchepilepsy.com\\\/de\\\/\"},{\"@type\":\"ListItem\",\"position\":2,\"name\":\"Team NightWatch Stories\"}]},{\"@type\":\"WebSite\",\"@id\":\"https:\\\/\\\/nightwatchepilepsy.com\\\/de\\\/#website\",\"url\":\"https:\\\/\\\/nightwatchepilepsy.com\\\/de\\\/\",\"name\":\"NightWatch\",\"description\":\"Epilepsy seizure detection | Warns during sleep\",\"publisher\":{\"@id\":\"https:\\\/\\\/nightwatchepilepsy.com\\\/de\\\/#organization\"},\"potentialAction\":[{\"@type\":\"SearchAction\",\"target\":{\"@type\":\"EntryPoint\",\"urlTemplate\":\"https:\\\/\\\/nightwatchepilepsy.com\\\/de\\\/?s={search_term_string}\"},\"query-input\":{\"@type\":\"PropertyValueSpecification\",\"valueRequired\":true,\"valueName\":\"search_term_string\"}}],\"inLanguage\":\"de\"},{\"@type\":\"Organization\",\"@id\":\"https:\\\/\\\/nightwatchepilepsy.com\\\/de\\\/#organization\",\"name\":\"NightWatch Epilepsy Seizure Detection\",\"alternateName\":\"NightWatch\",\"url\":\"https:\\\/\\\/nightwatchepilepsy.com\\\/de\\\/\",\"logo\":{\"@type\":\"ImageObject\",\"inLanguage\":\"de\",\"@id\":\"https:\\\/\\\/nightwatchepilepsy.com\\\/de\\\/#\\\/schema\\\/logo\\\/image\\\/\",\"url\":\"https:\\\/\\\/nightwatchepilepsy.com\\\/wp-content\\\/uploads\\\/2023\\\/02\\\/NightWatch-Logo.png\",\"contentUrl\":\"https:\\\/\\\/nightwatchepilepsy.com\\\/wp-content\\\/uploads\\\/2023\\\/02\\\/NightWatch-Logo.png\",\"width\":696,\"height\":696,\"caption\":\"NightWatch Epilepsy Seizure Detection\"},\"image\":{\"@id\":\"https:\\\/\\\/nightwatchepilepsy.com\\\/de\\\/#\\\/schema\\\/logo\\\/image\\\/\"},\"sameAs\":[\"https:\\\/\\\/www.facebook.com\\\/EpilepsySeizureDetectionEN\",\"https:\\\/\\\/x.com\\\/NightWatchAlarm\",\"https:\\\/\\\/www.linkedin.com\\\/company\\\/nightwatch-epilepsy-detection\\\/\",\"https:\\\/\\\/www.instagram.com\\\/nightwatch_epilepsie_detectie\\\/\"]}]}<\/script>\n<!-- \/ Yoast SEO plugin. -->","yoast_head_json":{"title":"Geschichten von unserem eigenen NightWatch-Team","description":"Hier finden Sie Geschichten von unseren NightWatch-Mitgliedern. Sie erkl\u00e4ren, wer sie sind und warum sie f\u00fcr NightWatch arbeiten.","robots":{"index":"index","follow":"follow","max-snippet":"max-snippet:-1","max-image-preview":"max-image-preview:large","max-video-preview":"max-video-preview:-1"},"canonical":"https:\/\/nightwatchepilepsy.com\/de\/team-nightwatch-stories\/","og_locale":"de_DE","og_type":"article","og_title":"Geschichten von unserem eigenen NightWatch-Team","og_description":"Hier finden Sie Geschichten von unseren NightWatch-Mitgliedern. Sie erkl\u00e4ren, wer sie sind und warum sie f\u00fcr NightWatch arbeiten.","og_url":"https:\/\/nightwatchepilepsy.com\/de\/team-nightwatch-stories\/","og_site_name":"NightWatch","article_publisher":"https:\/\/www.facebook.com\/EpilepsySeizureDetectionEN","article_modified_time":"2022-04-26T19:32:04+00:00","twitter_card":"summary_large_image","twitter_title":"Geschichten von unserem eigenen NightWatch-Team","twitter_description":"Hier finden Sie Geschichten von unseren NightWatch-Mitgliedern. Sie erkl\u00e4ren, wer sie sind und warum sie f\u00fcr NightWatch arbeiten.","twitter_site":"@NightWatchAlarm","twitter_misc":{"Gesch\u00e4tzte Lesezeit":"1\u00a0Minute"},"schema":{"@context":"https:\/\/schema.org","@graph":[{"@type":"WebPage","@id":"https:\/\/nightwatchepilepsy.com\/de\/team-nightwatch-stories\/","url":"https:\/\/nightwatchepilepsy.com\/de\/team-nightwatch-stories\/","name":"Geschichten von unserem eigenen NightWatch-Team","isPartOf":{"@id":"https:\/\/nightwatchepilepsy.com\/de\/#website"},"datePublished":"2022-04-26T12:49:00+00:00","dateModified":"2022-04-26T19:32:04+00:00","description":"Hier finden Sie Geschichten von unseren NightWatch-Mitgliedern. Sie erkl\u00e4ren, wer sie sind und warum sie f\u00fcr NightWatch arbeiten.","breadcrumb":{"@id":"https:\/\/nightwatchepilepsy.com\/de\/team-nightwatch-stories\/#breadcrumb"},"inLanguage":"de","potentialAction":[{"@type":"ReadAction","target":["https:\/\/nightwatchepilepsy.com\/de\/team-nightwatch-stories\/"]}]},{"@type":"BreadcrumbList","@id":"https:\/\/nightwatchepilepsy.com\/de\/team-nightwatch-stories\/#breadcrumb","itemListElement":[{"@type":"ListItem","position":1,"name":"Home","item":"https:\/\/nightwatchepilepsy.com\/de\/"},{"@type":"ListItem","position":2,"name":"Team NightWatch Stories"}]},{"@type":"WebSite","@id":"https:\/\/nightwatchepilepsy.com\/de\/#website","url":"https:\/\/nightwatchepilepsy.com\/de\/","name":"NightWatch","description":"Epilepsy seizure detection | Warns during sleep","publisher":{"@id":"https:\/\/nightwatchepilepsy.com\/de\/#organization"},"potentialAction":[{"@type":"SearchAction","target":{"@type":"EntryPoint","urlTemplate":"https:\/\/nightwatchepilepsy.com\/de\/?s={search_term_string}"},"query-input":{"@type":"PropertyValueSpecification","valueRequired":true,"valueName":"search_term_string"}}],"inLanguage":"de"},{"@type":"Organization","@id":"https:\/\/nightwatchepilepsy.com\/de\/#organization","name":"NightWatch Epilepsy Seizure Detection","alternateName":"NightWatch","url":"https:\/\/nightwatchepilepsy.com\/de\/","logo":{"@type":"ImageObject","inLanguage":"de","@id":"https:\/\/nightwatchepilepsy.com\/de\/#\/schema\/logo\/image\/","url":"https:\/\/nightwatchepilepsy.com\/wp-content\/uploads\/2023\/02\/NightWatch-Logo.png","contentUrl":"https:\/\/nightwatchepilepsy.com\/wp-content\/uploads\/2023\/02\/NightWatch-Logo.png","width":696,"height":696,"caption":"NightWatch Epilepsy Seizure Detection"},"image":{"@id":"https:\/\/nightwatchepilepsy.com\/de\/#\/schema\/logo\/image\/"},"sameAs":["https:\/\/www.facebook.com\/EpilepsySeizureDetectionEN","https:\/\/x.com\/NightWatchAlarm","https:\/\/www.linkedin.com\/company\/nightwatch-epilepsy-detection\/","https:\/\/www.instagram.com\/nightwatch_epilepsie_detectie\/"]}]}},"_links":{"self":[{"href":"https:\/\/nightwatchepilepsy.com\/de\/wp-json\/wp\/v2\/pages\/31198","targetHints":{"allow":["GET"]}}],"collection":[{"href":"https:\/\/nightwatchepilepsy.com\/de\/wp-json\/wp\/v2\/pages"}],"about":[{"href":"https:\/\/nightwatchepilepsy.com\/de\/wp-json\/wp\/v2\/types\/page"}],"author":[{"embeddable":true,"href":"https:\/\/nightwatchepilepsy.com\/de\/wp-json\/wp\/v2\/users\/2"}],"replies":[{"embeddable":true,"href":"https:\/\/nightwatchepilepsy.com\/de\/wp-json\/wp\/v2\/comments?post=31198"}],"version-history":[{"count":6,"href":"https:\/\/nightwatchepilepsy.com\/de\/wp-json\/wp\/v2\/pages\/31198\/revisions"}],"predecessor-version":[{"id":31230,"href":"https:\/\/nightwatchepilepsy.com\/de\/wp-json\/wp\/v2\/pages\/31198\/revisions\/31230"}],"wp:attachment":[{"href":"https:\/\/nightwatchepilepsy.com\/de\/wp-json\/wp\/v2\/media?parent=31198"}],"curies":[{"name":"wp","href":"https:\/\/api.w.org\/{rel}","templated":true}]}}