{"id":27581,"date":"2021-10-23T12:15:23","date_gmt":"2021-10-23T11:15:23","guid":{"rendered":"https:\/\/nightwatchepilepsy.com\/which-epilepsy-aids-are-there\/"},"modified":"2024-08-28T10:33:36","modified_gmt":"2024-08-28T09:33:36","slug":"welche-epilepsie-hilfsmittel-gibt-es","status":"publish","type":"page","link":"https:\/\/nightwatchepilepsy.com\/de\/welche-epilepsie-hilfsmittel-gibt-es\/","title":{"rendered":"Welche Epilepsie-Hilfsmittel gibt es?"},"content":{"rendered":"<p>[et_pb_section fb_built=&#8220;1&#8243; _builder_version=&#8220;4.16&#8243; _module_preset=&#8220;default&#8220; global_colors_info=&#8220;{}&#8220;][et_pb_row _builder_version=&#8220;4.16&#8243; _module_preset=&#8220;default&#8220; global_colors_info=&#8220;{}&#8220;][et_pb_column type=&#8220;4_4&#8243; _builder_version=&#8220;4.16&#8243; _module_preset=&#8220;default&#8220; global_colors_info=&#8220;{}&#8220;][et_pb_text _builder_version=&#8220;4.16&#8243; _module_preset=&#8220;default&#8220; global_colors_info=&#8220;{}&#8220;]<\/p>\n<div id=\"bgLayers_comp-kb0mrjog1\" data-hook=\"bgLayers\" class=\"_3wnIc\">\n<div id=\"bgMedia_comp-kb0mrjog1\" class=\"_2GUhU\"><\/div>\n<\/div>\n<div data-mesh-id=\"comp-kb0mrjog1inlineContent\" data-testid=\"inline-content\" class=\"\">\n<div data-mesh-id=\"comp-kb0mrjog1inlineContent-gridContainer\" data-testid=\"mesh-container-content\">\n<div id=\"comp-kb0mrjoj\" class=\"_1Q9if\" data-testid=\"richTextElement\">\n<h1 class=\"font_0\"><span>Wie kann ich im Falle eines epileptischen Anfalls gewarnt werden?<\/span><\/h1>\n<\/div>\n<div id=\"comp-kb0mrjol\" class=\"_1Q9if\" data-testid=\"richTextElement\">\n<h4 class=\"font_4\"><span>Epileptische Anf\u00e4lle treten h\u00e4ufig unerwartet auf und k\u00f6nnen Risiken nach sich ziehen.<\/span><\/h4>\n<\/div>\n<div id=\"comp-kb0p4a3m\" class=\"_1Q9if\" data-testid=\"richTextElement\"><span>Die Art und der Zeitpunkt des Anfalls bestimmen zudem das Risikoausma\u00df. Tritt der Anfall tags\u00fcber auf, wenn jemand in der N\u00e4he ist oder z. B. nachts, wenn Sie alleine im Bett liegen? Rechtzeitig Hilfe leisten ist in jedem Fall \u00e4u\u00dferst wichtig.\u00a0<\/span><a href=\"\/de\/wie-gefahrlich-ist-epilepsie\" data-kmt=\"1\"><span>Lesen Sie hier mehr \u00fcber die Gefahren von Epilepsie.<\/span><\/a><\/div>\n<\/div>\n<\/div>\n<p>[\/et_pb_text][\/et_pb_column][\/et_pb_row][\/et_pb_section][et_pb_section fb_built=&#8220;1&#8243; _builder_version=&#8220;4.16&#8243; _module_preset=&#8220;default&#8220; background_color=&#8220;#f7f9fd&#8220; global_colors_info=&#8220;{}&#8220;][et_pb_row _builder_version=&#8220;4.16&#8243; _module_preset=&#8220;default&#8220; global_colors_info=&#8220;{}&#8220;][et_pb_column type=&#8220;4_4&#8243; _builder_version=&#8220;4.16&#8243; _module_preset=&#8220;default&#8220; global_colors_info=&#8220;{}&#8220;][et_pb_text _builder_version=&#8220;4.16&#8243; _module_preset=&#8220;default&#8220; global_colors_info=&#8220;{}&#8220;]<\/p>\n<div id=\"comp-k9e9w7b01\" class=\"_1Q9if\" data-testid=\"richTextElement\">\n<div id=\"comp-kb0mrjox\" class=\"_1Q9if\" data-testid=\"richTextElement\">\n<h2 class=\"font_2\"><span>Epilepsie-Hilfsmittel<\/span><\/h2>\n<\/div>\n<div id=\"comp-kb0mrjoy\" class=\"_1Q9if\" data-testid=\"richTextElement\">\n<p class=\"font_8\"><span>Viele Menschen fragen sich, wie sie im Falle eines epileptischen Anfalls gewarnt werden k\u00f6nnen. Es sind heutzutage verschiedene Epilepsie-Hilfsmittel erh\u00e4ltlich, die dabei unterst\u00fctzen k\u00f6nnen gef\u00e4hrlichen Situationen vorzubeugen. Es empfiehlt sich, Epilepsie-Hilfsmittel wenn m\u00f6glich auszuprobieren und zu beurteilen, was f\u00fcr Sie am besten funktioniert. Auf dieser Seite werden mehrere Hilfsmittel erl\u00e4utert.<\/span><\/p>\n<\/div>\n<\/div>\n<p>[\/et_pb_text][\/et_pb_column][\/et_pb_row][\/et_pb_section][et_pb_section fb_built=&#8220;1&#8243; _builder_version=&#8220;4.16&#8243; _module_preset=&#8220;default&#8220; global_colors_info=&#8220;{}&#8220;][et_pb_row _builder_version=&#8220;4.16&#8243; _module_preset=&#8220;default&#8220; global_colors_info=&#8220;{}&#8220;][et_pb_column type=&#8220;4_4&#8243; _builder_version=&#8220;4.16&#8243; _module_preset=&#8220;default&#8220; global_colors_info=&#8220;{}&#8220;][et_pb_text _builder_version=&#8220;4.16&#8243; _module_preset=&#8220;default&#8220; global_colors_info=&#8220;{}&#8220;]<\/p>\n<div id=\"comp-kb0mrjp3\" class=\"_1Q9if\" data-testid=\"richTextElement\">\n<h2 class=\"font_2\"><span>Arzneimittelpass und Arzneimittelbox<\/span><\/h2>\n<\/div>\n<div id=\"comp-kb0mrjp4\" class=\"_1Q9if\" data-testid=\"richTextElement\">\n<p class=\"font_8\"><span>Wenn ein Epilepsiepatient mehrere Medikamente einnimmt, ist eine Arzneimittelbox ein praktischer Helfer. Solch eine Box ist oft in sieben F\u00e4cher unterteilt, mit einem Fach f\u00fcr jeden Tag. Die Box hilft Ihnen, \u00dcbersicht zu wahren und zu kontrollieren, ob die Arzneimittel eingenommen wurden. Die regelm\u00e4\u00dfige Einnahme der Arzneimittel ist wichtig. Nach dem \u00dcberspringen einer oder mehrerer Dosierungen ist das Risiko eines Anfalls h\u00f6her. Auch der Arzneimittelpass ist hilfreich, wenn Menschen mit Epilepsie verreisen. Der Pass enth\u00e4lt Informationen \u00fcber Epilepsie und die Arzneimittel, die der Betroffene einnimmt.<\/span><\/p>\n<\/div>\n<p>[\/et_pb_text][\/et_pb_column][\/et_pb_row][\/et_pb_section][et_pb_section fb_built=&#8220;1&#8243; _builder_version=&#8220;4.16&#8243; _module_preset=&#8220;default&#8220; background_color=&#8220;#f7f9fd&#8220; global_colors_info=&#8220;{}&#8220;][et_pb_row _builder_version=&#8220;4.16&#8243; _module_preset=&#8220;default&#8220; global_colors_info=&#8220;{}&#8220;][et_pb_column type=&#8220;4_4&#8243; _builder_version=&#8220;4.16&#8243; _module_preset=&#8220;default&#8220; global_colors_info=&#8220;{}&#8220;][et_pb_text _builder_version=&#8220;4.16&#8243; _module_preset=&#8220;default&#8220; global_colors_info=&#8220;{}&#8220;]<\/p>\n<div id=\"comp-k9e9w7b01\" class=\"_1Q9if\" data-testid=\"richTextElement\">\n<div id=\"comp-kb0mrjp91\" class=\"_1Q9if\" data-testid=\"richTextElement\">\n<h2 class=\"font_2\"><span>Epilepsie-Hunde<\/span><\/h2>\n<\/div>\n<div id=\"comp-kb0mrjpb\" class=\"_1Q9if\" data-testid=\"richTextElement\">\n<p class=\"font_8\">Viele Menschen, die selbstst\u00e4ndig wohnen und von Epilepsie betroffen sind, trauen sich oft kaum aus dem Haus. Sie haben Angst, dass sie au\u00dfer Haus Anf\u00e4lle erleiden, sch\u00e4men sich, oder f\u00fcrchten Verletzungen nach einem Anfall. Sie f\u00fchlen sich von anderen abh\u00e4ngig und das kann zu sozialer Isolation f\u00fchren. In solchen F\u00e4llen kann ein Epilepsie-Hund eine L\u00f6sung sein.<\/p>\n<p class=\"font_8\">Dieser Hund ist speziell trainiert und hilft Menschen vor, w\u00e4hrend und nach einem Anfall. Der Hund kann seinen Besitzer oder Menschen in der Umgebung rechtzeitig warnen, wenn ein Anfall auftritt. Das bietet ein gro\u00dfes Sicherheitsgef\u00fchl und verringert die Abh\u00e4ngigkeit von anderen.<\/p>\n<\/div>\n<\/div>\n<p>[\/et_pb_text][\/et_pb_column][\/et_pb_row][et_pb_row column_structure=&#8220;1_4,3_4&#8243; _builder_version=&#8220;4.16&#8243; _module_preset=&#8220;default&#8220; background_color=&#8220;#eef7ea&#8220; border_radii=&#8220;on|10px|10px|10px|10px&#8220; global_colors_info=&#8220;{}&#8220;][et_pb_column type=&#8220;1_4&#8243; _builder_version=&#8220;4.16&#8243; _module_preset=&#8220;default&#8220; global_colors_info=&#8220;{}&#8220;][et_pb_image src=&#8220;https:\/\/nightwatchepilepsy.com\/wp-content\/uploads\/2021\/10\/info.svg&#8220; title_text=&#8220;info&#8220; align_tablet=&#8220;&#8220; align_phone=&#8220;center&#8220; align_last_edited=&#8220;on|phone&#8220; _builder_version=&#8220;4.16&#8243; _module_preset=&#8220;default&#8220; width=&#8220;49.8%&#8220; min_height=&#8220;62.7px&#8220; custom_padding=&#8220;|0px||29px||&#8220; custom_padding_tablet=&#8220;|0px||29px||&#8220; custom_padding_phone=&#8220;|||0px|false|false&#8220; custom_padding_last_edited=&#8220;on|phone&#8220; global_colors_info=&#8220;{}&#8220;][\/et_pb_image][\/et_pb_column][et_pb_column type=&#8220;3_4&#8243; _builder_version=&#8220;4.16&#8243; _module_preset=&#8220;default&#8220; global_colors_info=&#8220;{}&#8220;][et_pb_text content_tablet=&#8220;<\/p>\n<p class=%22font_8%22><strong>Weitere Informationen<\/strong><\/p>\n<p class=%22font_8%22><span>F\u00fcr weitere Informationen \u00fcber Hilfsmittel k\u00f6nnen Sie sich an das <\/span><span><a href=%22http:\/\/www.assistenzhunde-zentrum.de\/%22 data-et-target-link=%22_blank%22 data-kmt=%221%22 rel=%22noopener%22>Deutsche Assistenzhunde-Zentrum <\/a><\/span><span>wenden.<\/span><\/p>\n<p>&#8220; content_phone=&#8220;<\/p>\n<p class=%22font_8%22 style=%22text-align: center;%22><strong>Weitere Informationen<\/strong><\/p>\n<p class=%22font_8%22 style=%22text-align: center;%22><span>F\u00fcr weitere Informationen \u00fcber Hilfsmittel k\u00f6nnen Sie sich an das <\/span><span><a href=%22http:\/\/www.assistenzhunde-zentrum.de\/%22 data-et-target-link=%22_blank%22 data-kmt=%221%22 rel=%22noopener%22>Deutsche Assistenzhunde-Zentrum <\/a><\/span><span>wenden.<\/span><\/p>\n<p>&#8220; content_last_edited=&#8220;on|phone&#8220; _builder_version=&#8220;4.16&#8243; _module_preset=&#8220;default&#8220; width=&#8220;96.9%&#8220; min_height=&#8220;36px&#8220; custom_margin=&#8220;10px||26px|-154px||&#8220; custom_margin_tablet=&#8220;10px||26px|-154px||&#8220; custom_margin_phone=&#8220;|10px||10px|false|false&#8220; custom_margin_last_edited=&#8220;on|phone&#8220; custom_padding=&#8220;|||0px||&#8220; global_colors_info=&#8220;{}&#8220;]<\/p>\n<p class=\"font_8\"><strong>Weitere Informationen<\/strong><\/p>\n<p class=\"font_8\"><span>F\u00fcr weitere Informationen \u00fcber Hilfsmittel k\u00f6nnen Sie sich an das\u00a0<\/span><span><a href=\"http:\/\/www.assistenzhunde-zentrum.de\/\" target=\"_blank\" data-kmt=\"1\" rel=\"noopener\">Deutsche Assistenzhunde-Zentrum\u00a0<\/a><\/span><span>wenden.<\/span><\/p>\n<p>[\/et_pb_text][\/et_pb_column][\/et_pb_row][\/et_pb_section][et_pb_section fb_built=&#8220;1&#8243; _builder_version=&#8220;4.16&#8243; _module_preset=&#8220;default&#8220; global_colors_info=&#8220;{}&#8220;][et_pb_row _builder_version=&#8220;4.16&#8243; _module_preset=&#8220;default&#8220; global_colors_info=&#8220;{}&#8220;][et_pb_column type=&#8220;4_4&#8243; _builder_version=&#8220;4.16&#8243; _module_preset=&#8220;default&#8220; global_colors_info=&#8220;{}&#8220;][et_pb_text _builder_version=&#8220;4.16&#8243; _module_preset=&#8220;default&#8220; global_colors_info=&#8220;{}&#8220;]<\/p>\n<div id=\"bgLayers_comp-kb0mrjpe\" data-hook=\"bgLayers\" class=\"_3wnIc\">\n<div id=\"bgMedia_comp-kb0mrjpe\" class=\"_2GUhU\"><\/div>\n<\/div>\n<div data-mesh-id=\"comp-kb0mrjpeinlineContent\" data-testid=\"inline-content\" class=\"\">\n<div data-mesh-id=\"comp-kb0mrjpeinlineContent-gridContainer\" data-testid=\"mesh-container-content\">\n<div id=\"comp-kb0mrjpf1\" class=\"_1Q9if\" data-testid=\"richTextElement\">\n<h2 class=\"font_2\"><span>Kopfschutzhelme<\/span><\/h2>\n<\/div>\n<div id=\"comp-kb0mrjpg3\" class=\"_1Q9if\" data-testid=\"richTextElement\">\n<p class=\"font_8\"><span>Wenn Epilepsiepatienten w\u00e4hrend eines Anfalls h\u00e4ufig fallen, kann ein Sturzhelm eine L\u00f6sung bieten. Ein Schutzhelm sch\u00fctzt den Kopf und das Gehirn vor Verletzungen infolge eines Anfalls. Diese Kopfschutzhelme wurden speziell f\u00fcr Epileptiker entworfen und eignen sich f\u00fcr den Einsatz im Alltag. Es gibt unterschiedliche Helme, z. B. Konfektionshelme, ma\u00dfgefertigte Helme,\u00a0<\/span><span><a href=\"https:\/\/ribcap.de\/\" target=\"_blank\" data-kmt=\"1\" rel=\"noopener\">Kappen<\/a><\/span><span>&#8211; bzw. Per\u00fcckenhelme.<\/span><\/p>\n<\/div>\n<\/div>\n<\/div>\n<p>[\/et_pb_text][\/et_pb_column][\/et_pb_row][\/et_pb_section][et_pb_section fb_built=&#8220;1&#8243; _builder_version=&#8220;4.16&#8243; _module_preset=&#8220;default&#8220; background_color=&#8220;#f7f9fd&#8220; global_colors_info=&#8220;{}&#8220;][et_pb_row _builder_version=&#8220;4.16&#8243; _module_preset=&#8220;default&#8220; custom_padding=&#8220;||0px||false|false&#8220; global_colors_info=&#8220;{}&#8220;][et_pb_column type=&#8220;4_4&#8243; _builder_version=&#8220;4.16&#8243; _module_preset=&#8220;default&#8220; global_colors_info=&#8220;{}&#8220;][et_pb_text _builder_version=&#8220;4.16&#8243; _module_preset=&#8220;default&#8220; global_colors_info=&#8220;{}&#8220;]<\/p>\n<div id=\"comp-k9e9w7b01\" class=\"_1Q9if\" data-testid=\"richTextElement\">\n<div id=\"bgLayers_comp-kb0mrjpj1\" data-hook=\"bgLayers\" class=\"_3wnIc\">\n<div id=\"bgMedia_comp-kb0mrjpj1\" class=\"_2GUhU\"><\/div>\n<\/div>\n<div data-mesh-id=\"comp-kb0mrjpj1inlineContent\" data-testid=\"inline-content\" class=\"\">\n<div data-mesh-id=\"comp-kb0mrjpj1inlineContent-gridContainer\" data-testid=\"mesh-container-content\">\n<div id=\"comp-kb0mrjpl\" class=\"_1Q9if\" data-testid=\"richTextElement\">\n<h2 class=\"font_2\"><span>Epilepsie-Alarm<\/span><\/h2>\n<\/div>\n<div id=\"comp-kb0mrjpm\" class=\"_1Q9if\" data-testid=\"richTextElement\">\n<p class=\"font_8\"><span>Es besteht ebenso die M\u00f6glichkeit, einen Anfall mithilfe eines Anfallserkennungs- und Alarmierungssystems zu registrieren. Sobald ein Anfall auftritt, l\u00f6st dieses System einen Alarm aus. Dadurch kann die Umgebung rechtzeitig Hilfe leisten und versuchen, lebensbedrohlichen Situationen vorzubeugen. Man denke z. B. an Bewusstlosigkeit, ver\u00e4ndertes Bewusstsein oder Anf\u00e4lle, die im Schlaf auftreten.<\/span><\/p>\n<\/div>\n<\/div>\n<\/div>\n<\/div>\n<p>[\/et_pb_text][\/et_pb_column][\/et_pb_row][et_pb_row column_structure=&#8220;1_2,1_2&#8243; _builder_version=&#8220;4.16&#8243; _module_preset=&#8220;default&#8220; global_colors_info=&#8220;{}&#8220;][et_pb_column type=&#8220;1_2&#8243; _builder_version=&#8220;4.16&#8243; _module_preset=&#8220;default&#8220; global_colors_info=&#8220;{}&#8220;][et_pb_text _builder_version=&#8220;4.16&#8243; _module_preset=&#8220;default&#8220; global_colors_info=&#8220;{}&#8220;]<\/p>\n<p class=\"font_8\">Es gibt zwei Arten der Alarmierung. Wenn jemand einen bevorstehenden Anfall sp\u00fcrt, kann er\/sie auf einen Knopf dr\u00fccken. Daraufhin wird beispielsweise im Pflegezentrum oder im Handy einer Pflegekraft ein Alarm ausgel\u00f6st. Wenn die Anf\u00e4lle nicht im Voraus gesp\u00fcrt werden, durch Bewusstseinsverlust oder weil der Anfall im Schlaf auftritt, k\u00f6nnen andere Hilfsmittel eingesetzt werden, wie z. B. das Epilepsie Erkennungssystem<span>\u00a0<\/span><span><a href=\"\/de\/nightwatch\" data-kmt=\"1\">NightWatch<\/a><\/span>.<\/p>\n<p class=\"font_8\">Ein Epilepsieerkennungs- oder anderes Alarmierungssystem bietet nie zu 100% die Garantie, dass alle Anf\u00e4lle rechtzeitig erkannt werden. Es sind viele verschiedene Systeme erh\u00e4ltlich und es ist nicht immer im Voraus klar, welches System sich am besten eignet. Besprechen Sie immer mit Ihrem Arzt, welches Hilfsmittel in Ihrer Situation geeignet und notwendig ist.<\/p>\n<p>[\/et_pb_text][\/et_pb_column][et_pb_column type=&#8220;1_2&#8243; _builder_version=&#8220;4.16&#8243; _module_preset=&#8220;default&#8220; global_colors_info=&#8220;{}&#8220;][et_pb_text _builder_version=&#8220;4.16&#8243; _module_preset=&#8220;default&#8220; global_colors_info=&#8220;{}&#8220;]<iframe loading=\"lazy\" width=\"560\" height=\"315\" src=\"https:\/\/www.youtube.com\/embed\/ysBUBx0EMnw\" title=\"YouTube video player\" frameborder=\"0\" allow=\"accelerometer; autoplay; clipboard-write; encrypted-media; gyroscope; picture-in-picture\" allowfullscreen=\"\"><\/iframe>[\/et_pb_text][\/et_pb_column][\/et_pb_row][\/et_pb_section]<\/p>\n","protected":false},"excerpt":{"rendered":"<p>Wie kann ich im Falle eines epileptischen Anfalls gewarnt werden? Epileptische Anf\u00e4lle treten h\u00e4ufig unerwartet auf und k\u00f6nnen Risiken nach sich ziehen. Die Art und der Zeitpunkt des Anfalls bestimmen zudem das Risikoausma\u00df. Tritt der Anfall tags\u00fcber auf, wenn jemand in der N\u00e4he ist oder z. B. nachts, wenn Sie alleine im Bett liegen? Rechtzeitig [&hellip;]<\/p>\n","protected":false},"author":1,"featured_media":0,"parent":0,"menu_order":0,"comment_status":"closed","ping_status":"closed","template":"","meta":{"_et_pb_use_builder":"on","_et_pb_old_content":"","_et_gb_content_width":"","footnotes":""},"class_list":["post-27581","page","type-page","status-publish","hentry"],"yoast_head":"<!-- This site is optimized with the Yoast SEO plugin v27.4 - https:\/\/yoast.com\/product\/yoast-seo-wordpress\/ -->\n<title>Wie kann ich im Falle eines epileptischen Anfalls gewarnt werden?<\/title>\n<meta name=\"description\" content=\"Epileptische Anf\u00e4lle k\u00f6nnen Risiken nach sich ziehen. Es gibt verschiedene Epilepsie-Hilfsmittel, die helfen k\u00f6nnen, gef\u00e4hrlichen Situationen vorzubeugen.\" \/>\n<meta name=\"robots\" content=\"index, follow, max-snippet:-1, max-image-preview:large, max-video-preview:-1\" \/>\n<link rel=\"canonical\" href=\"https:\/\/nightwatchepilepsy.com\/de\/welche-epilepsie-hilfsmittel-gibt-es\/\" \/>\n<meta property=\"og:locale\" content=\"de_DE\" \/>\n<meta property=\"og:type\" content=\"article\" \/>\n<meta property=\"og:title\" content=\"Wie kann ich im Falle eines epileptischen Anfalls gewarnt werden?\" \/>\n<meta property=\"og:description\" content=\"Epileptische Anf\u00e4lle k\u00f6nnen Risiken nach sich ziehen. Es gibt verschiedene Epilepsie-Hilfsmittel, die helfen k\u00f6nnen, gef\u00e4hrlichen Situationen vorzubeugen.\" \/>\n<meta property=\"og:url\" content=\"https:\/\/nightwatchepilepsy.com\/de\/welche-epilepsie-hilfsmittel-gibt-es\/\" \/>\n<meta property=\"og:site_name\" content=\"NightWatch\" \/>\n<meta property=\"article:publisher\" content=\"https:\/\/www.facebook.com\/EpilepsySeizureDetectionEN\" \/>\n<meta property=\"article:modified_time\" content=\"2024-08-28T09:33:36+00:00\" \/>\n<meta property=\"og:image\" content=\"https:\/\/nightwatchepilepsy.com\/wp-content\/uploads\/2021\/10\/doctor-brain.png\" \/>\n\t<meta property=\"og:image:width\" content=\"423\" \/>\n\t<meta property=\"og:image:height\" content=\"230\" \/>\n\t<meta property=\"og:image:type\" content=\"image\/png\" \/>\n<meta name=\"twitter:card\" content=\"summary_large_image\" \/>\n<meta name=\"twitter:title\" content=\"Wie kann ich im Falle eines epileptischen Anfalls gewarnt werden?\" \/>\n<meta name=\"twitter:description\" content=\"Epileptische Anf\u00e4lle k\u00f6nnen Risiken nach sich ziehen. Es gibt verschiedene Epilepsie-Hilfsmittel, die helfen k\u00f6nnen, gef\u00e4hrlichen Situationen vorzubeugen.\" \/>\n<meta name=\"twitter:image\" content=\"https:\/\/nightwatchepilepsy.com\/wp-content\/uploads\/2021\/10\/doctor-brain.png\" \/>\n<meta name=\"twitter:site\" content=\"@NightWatchAlarm\" \/>\n<meta name=\"twitter:label1\" content=\"Gesch\u00e4tzte Lesezeit\" \/>\n\t<meta name=\"twitter:data1\" content=\"4\u00a0Minuten\" \/>\n<script type=\"application\/ld+json\" class=\"yoast-schema-graph\">{\"@context\":\"https:\\\/\\\/schema.org\",\"@graph\":[{\"@type\":\"WebPage\",\"@id\":\"https:\\\/\\\/nightwatchepilepsy.com\\\/de\\\/welche-epilepsie-hilfsmittel-gibt-es\\\/\",\"url\":\"https:\\\/\\\/nightwatchepilepsy.com\\\/de\\\/welche-epilepsie-hilfsmittel-gibt-es\\\/\",\"name\":\"Wie kann ich im Falle eines epileptischen Anfalls gewarnt werden?\",\"isPartOf\":{\"@id\":\"https:\\\/\\\/nightwatchepilepsy.com\\\/de\\\/#website\"},\"datePublished\":\"2021-10-23T11:15:23+00:00\",\"dateModified\":\"2024-08-28T09:33:36+00:00\",\"description\":\"Epileptische Anf\u00e4lle k\u00f6nnen Risiken nach sich ziehen. Es gibt verschiedene Epilepsie-Hilfsmittel, die helfen k\u00f6nnen, gef\u00e4hrlichen Situationen vorzubeugen.\",\"breadcrumb\":{\"@id\":\"https:\\\/\\\/nightwatchepilepsy.com\\\/de\\\/welche-epilepsie-hilfsmittel-gibt-es\\\/#breadcrumb\"},\"inLanguage\":\"de\",\"potentialAction\":[{\"@type\":\"ReadAction\",\"target\":[\"https:\\\/\\\/nightwatchepilepsy.com\\\/de\\\/welche-epilepsie-hilfsmittel-gibt-es\\\/\"]}]},{\"@type\":\"BreadcrumbList\",\"@id\":\"https:\\\/\\\/nightwatchepilepsy.com\\\/de\\\/welche-epilepsie-hilfsmittel-gibt-es\\\/#breadcrumb\",\"itemListElement\":[{\"@type\":\"ListItem\",\"position\":1,\"name\":\"Home\",\"item\":\"https:\\\/\\\/nightwatchepilepsy.com\\\/de\\\/\"},{\"@type\":\"ListItem\",\"position\":2,\"name\":\"Welche Epilepsie-Hilfsmittel gibt es?\"}]},{\"@type\":\"WebSite\",\"@id\":\"https:\\\/\\\/nightwatchepilepsy.com\\\/de\\\/#website\",\"url\":\"https:\\\/\\\/nightwatchepilepsy.com\\\/de\\\/\",\"name\":\"NightWatch\",\"description\":\"Epilepsy seizure detection | Warns during sleep\",\"publisher\":{\"@id\":\"https:\\\/\\\/nightwatchepilepsy.com\\\/de\\\/#organization\"},\"potentialAction\":[{\"@type\":\"SearchAction\",\"target\":{\"@type\":\"EntryPoint\",\"urlTemplate\":\"https:\\\/\\\/nightwatchepilepsy.com\\\/de\\\/?s={search_term_string}\"},\"query-input\":{\"@type\":\"PropertyValueSpecification\",\"valueRequired\":true,\"valueName\":\"search_term_string\"}}],\"inLanguage\":\"de\"},{\"@type\":\"Organization\",\"@id\":\"https:\\\/\\\/nightwatchepilepsy.com\\\/de\\\/#organization\",\"name\":\"NightWatch Epilepsy Seizure Detection\",\"alternateName\":\"NightWatch\",\"url\":\"https:\\\/\\\/nightwatchepilepsy.com\\\/de\\\/\",\"logo\":{\"@type\":\"ImageObject\",\"inLanguage\":\"de\",\"@id\":\"https:\\\/\\\/nightwatchepilepsy.com\\\/de\\\/#\\\/schema\\\/logo\\\/image\\\/\",\"url\":\"https:\\\/\\\/nightwatchepilepsy.com\\\/wp-content\\\/uploads\\\/2023\\\/02\\\/NightWatch-Logo.png\",\"contentUrl\":\"https:\\\/\\\/nightwatchepilepsy.com\\\/wp-content\\\/uploads\\\/2023\\\/02\\\/NightWatch-Logo.png\",\"width\":696,\"height\":696,\"caption\":\"NightWatch Epilepsy Seizure Detection\"},\"image\":{\"@id\":\"https:\\\/\\\/nightwatchepilepsy.com\\\/de\\\/#\\\/schema\\\/logo\\\/image\\\/\"},\"sameAs\":[\"https:\\\/\\\/www.facebook.com\\\/EpilepsySeizureDetectionEN\",\"https:\\\/\\\/x.com\\\/NightWatchAlarm\",\"https:\\\/\\\/www.linkedin.com\\\/company\\\/nightwatch-epilepsy-detection\\\/\",\"https:\\\/\\\/www.instagram.com\\\/nightwatch_epilepsie_detectie\\\/\"]}]}<\/script>\n<!-- \/ Yoast SEO plugin. -->","yoast_head_json":{"title":"Wie kann ich im Falle eines epileptischen Anfalls gewarnt werden?","description":"Epileptische Anf\u00e4lle k\u00f6nnen Risiken nach sich ziehen. Es gibt verschiedene Epilepsie-Hilfsmittel, die helfen k\u00f6nnen, gef\u00e4hrlichen Situationen vorzubeugen.","robots":{"index":"index","follow":"follow","max-snippet":"max-snippet:-1","max-image-preview":"max-image-preview:large","max-video-preview":"max-video-preview:-1"},"canonical":"https:\/\/nightwatchepilepsy.com\/de\/welche-epilepsie-hilfsmittel-gibt-es\/","og_locale":"de_DE","og_type":"article","og_title":"Wie kann ich im Falle eines epileptischen Anfalls gewarnt werden?","og_description":"Epileptische Anf\u00e4lle k\u00f6nnen Risiken nach sich ziehen. Es gibt verschiedene Epilepsie-Hilfsmittel, die helfen k\u00f6nnen, gef\u00e4hrlichen Situationen vorzubeugen.","og_url":"https:\/\/nightwatchepilepsy.com\/de\/welche-epilepsie-hilfsmittel-gibt-es\/","og_site_name":"NightWatch","article_publisher":"https:\/\/www.facebook.com\/EpilepsySeizureDetectionEN","article_modified_time":"2024-08-28T09:33:36+00:00","og_image":[{"width":423,"height":230,"url":"https:\/\/nightwatchepilepsy.com\/wp-content\/uploads\/2021\/10\/doctor-brain.png","type":"image\/png"}],"twitter_card":"summary_large_image","twitter_title":"Wie kann ich im Falle eines epileptischen Anfalls gewarnt werden?","twitter_description":"Epileptische Anf\u00e4lle k\u00f6nnen Risiken nach sich ziehen. Es gibt verschiedene Epilepsie-Hilfsmittel, die helfen k\u00f6nnen, gef\u00e4hrlichen Situationen vorzubeugen.","twitter_image":"https:\/\/nightwatchepilepsy.com\/wp-content\/uploads\/2021\/10\/doctor-brain.png","twitter_site":"@NightWatchAlarm","twitter_misc":{"Gesch\u00e4tzte Lesezeit":"4\u00a0Minuten"},"schema":{"@context":"https:\/\/schema.org","@graph":[{"@type":"WebPage","@id":"https:\/\/nightwatchepilepsy.com\/de\/welche-epilepsie-hilfsmittel-gibt-es\/","url":"https:\/\/nightwatchepilepsy.com\/de\/welche-epilepsie-hilfsmittel-gibt-es\/","name":"Wie kann ich im Falle eines epileptischen Anfalls gewarnt werden?","isPartOf":{"@id":"https:\/\/nightwatchepilepsy.com\/de\/#website"},"datePublished":"2021-10-23T11:15:23+00:00","dateModified":"2024-08-28T09:33:36+00:00","description":"Epileptische Anf\u00e4lle k\u00f6nnen Risiken nach sich ziehen. Es gibt verschiedene Epilepsie-Hilfsmittel, die helfen k\u00f6nnen, gef\u00e4hrlichen Situationen vorzubeugen.","breadcrumb":{"@id":"https:\/\/nightwatchepilepsy.com\/de\/welche-epilepsie-hilfsmittel-gibt-es\/#breadcrumb"},"inLanguage":"de","potentialAction":[{"@type":"ReadAction","target":["https:\/\/nightwatchepilepsy.com\/de\/welche-epilepsie-hilfsmittel-gibt-es\/"]}]},{"@type":"BreadcrumbList","@id":"https:\/\/nightwatchepilepsy.com\/de\/welche-epilepsie-hilfsmittel-gibt-es\/#breadcrumb","itemListElement":[{"@type":"ListItem","position":1,"name":"Home","item":"https:\/\/nightwatchepilepsy.com\/de\/"},{"@type":"ListItem","position":2,"name":"Welche Epilepsie-Hilfsmittel gibt es?"}]},{"@type":"WebSite","@id":"https:\/\/nightwatchepilepsy.com\/de\/#website","url":"https:\/\/nightwatchepilepsy.com\/de\/","name":"NightWatch","description":"Epilepsy seizure detection | Warns during sleep","publisher":{"@id":"https:\/\/nightwatchepilepsy.com\/de\/#organization"},"potentialAction":[{"@type":"SearchAction","target":{"@type":"EntryPoint","urlTemplate":"https:\/\/nightwatchepilepsy.com\/de\/?s={search_term_string}"},"query-input":{"@type":"PropertyValueSpecification","valueRequired":true,"valueName":"search_term_string"}}],"inLanguage":"de"},{"@type":"Organization","@id":"https:\/\/nightwatchepilepsy.com\/de\/#organization","name":"NightWatch Epilepsy Seizure Detection","alternateName":"NightWatch","url":"https:\/\/nightwatchepilepsy.com\/de\/","logo":{"@type":"ImageObject","inLanguage":"de","@id":"https:\/\/nightwatchepilepsy.com\/de\/#\/schema\/logo\/image\/","url":"https:\/\/nightwatchepilepsy.com\/wp-content\/uploads\/2023\/02\/NightWatch-Logo.png","contentUrl":"https:\/\/nightwatchepilepsy.com\/wp-content\/uploads\/2023\/02\/NightWatch-Logo.png","width":696,"height":696,"caption":"NightWatch Epilepsy Seizure Detection"},"image":{"@id":"https:\/\/nightwatchepilepsy.com\/de\/#\/schema\/logo\/image\/"},"sameAs":["https:\/\/www.facebook.com\/EpilepsySeizureDetectionEN","https:\/\/x.com\/NightWatchAlarm","https:\/\/www.linkedin.com\/company\/nightwatch-epilepsy-detection\/","https:\/\/www.instagram.com\/nightwatch_epilepsie_detectie\/"]}]}},"_links":{"self":[{"href":"https:\/\/nightwatchepilepsy.com\/de\/wp-json\/wp\/v2\/pages\/27581","targetHints":{"allow":["GET"]}}],"collection":[{"href":"https:\/\/nightwatchepilepsy.com\/de\/wp-json\/wp\/v2\/pages"}],"about":[{"href":"https:\/\/nightwatchepilepsy.com\/de\/wp-json\/wp\/v2\/types\/page"}],"author":[{"embeddable":true,"href":"https:\/\/nightwatchepilepsy.com\/de\/wp-json\/wp\/v2\/users\/1"}],"replies":[{"embeddable":true,"href":"https:\/\/nightwatchepilepsy.com\/de\/wp-json\/wp\/v2\/comments?post=27581"}],"version-history":[{"count":15,"href":"https:\/\/nightwatchepilepsy.com\/de\/wp-json\/wp\/v2\/pages\/27581\/revisions"}],"predecessor-version":[{"id":39181,"href":"https:\/\/nightwatchepilepsy.com\/de\/wp-json\/wp\/v2\/pages\/27581\/revisions\/39181"}],"wp:attachment":[{"href":"https:\/\/nightwatchepilepsy.com\/de\/wp-json\/wp\/v2\/media?parent=27581"}],"curies":[{"name":"wp","href":"https:\/\/api.w.org\/{rel}","templated":true}]}}