{"id":27548,"date":"2021-10-23T13:29:33","date_gmt":"2021-10-23T12:29:33","guid":{"rendered":"https:\/\/nightwatchepilepsy.com\/return-policy\/"},"modified":"2025-11-26T16:31:48","modified_gmt":"2025-11-26T15:31:48","slug":"rueckgabebedingungen","status":"publish","type":"page","link":"https:\/\/nightwatchepilepsy.com\/de\/rueckgabebedingungen\/","title":{"rendered":"R\u00fcckgabepolitik"},"content":{"rendered":"<p>[et_pb_section fb_built=&#8220;1&#8243; _builder_version=&#8220;4.16&#8243; _module_preset=&#8220;default&#8220; global_colors_info=&#8220;{}&#8220;][et_pb_row _builder_version=&#8220;4.16&#8243; _module_preset=&#8220;default&#8220; global_colors_info=&#8220;{}&#8220;][et_pb_column type=&#8220;4_4&#8243; _builder_version=&#8220;4.16&#8243; _module_preset=&#8220;default&#8220; global_colors_info=&#8220;{}&#8220;][et_pb_text _builder_version=&#8220;4.27.4&#8243; _module_preset=&#8220;default&#8220; hover_enabled=&#8220;0&#8243; global_colors_info=&#8220;{}&#8220; sticky_enabled=&#8220;0&#8243;]<\/p>\n<div id=\"comp-kdk2ziwb1\" class=\"_1Q9if\" data-testid=\"richTextElement\">\n<h1 class=\"font_2\"><span>R\u00fcckgaberecht NightWatch+, LivAssured B.V.<\/span><\/h1>\n<\/div>\n<div id=\"comp-kdk2ziwk\" class=\"_1Q9if\" data-testid=\"richTextElement\">\n<p class=\"font_8\"><span>NightWatch+ kann zur\u00fcckgegeben werden, und R\u00fcckerstattungen erfolgen gem\u00e4\u00df den folgenden Bedingungen:<\/span><\/p>\n<\/div>\n<p>[\/et_pb_text][et_pb_text _builder_version=&#8220;4.27.4&#8243; _module_preset=&#8220;default&#8220; hover_enabled=&#8220;0&#8243; global_colors_info=&#8220;{}&#8220; sticky_enabled=&#8220;0&#8243;]<\/p>\n<table border=\"0\" style=\"border-collapse: collapse; width: 100%; height: 96px; border: 0;\">\n<tbody>\n<tr style=\"height: 24px; background-color: #3d487e; color: #fff;\">\n<td style=\"width: 20%; height: 24px;\">R\u00fcckgabefrist<\/td>\n<td style=\"height: 24px;\">% R\u00fcckerstattung<\/td>\n<\/tr>\n<tr style=\"height: 24px;\">\n<td style=\"height: 24px;\"><span>Innerhalb 30 Tagen<\/span><\/td>\n<td style=\"height: 24px;\">100%<\/td>\n<\/tr>\n<tr style=\"height: 24px;\">\n<td style=\"height: 24px;\"><span>1 bis 3 Monaten<\/span><\/td>\n<td>70%<\/td>\n<\/tr>\n<tr style=\"height: 24px;\">\n<td style=\"height: 24px;\"><span>4 bis 6 Monaten<\/span><\/td>\n<td style=\"height: 24px;\">50%<\/td>\n<\/tr>\n<\/tbody>\n<\/table>\n<p>[\/et_pb_text][et_pb_text _builder_version=&#8220;4.27.4&#8243; _module_preset=&#8220;default&#8220; hover_enabled=&#8220;0&#8243; global_colors_info=&#8220;{}&#8220; sticky_enabled=&#8220;0&#8243;]<\/p>\n<p>Wenn Sie sich entscheiden, NightWatch+ nach Ablauf der 30-t\u00e4gigen Testphase weiter zu nutzen, ist die Zahlung nach Ablauf dieser 30 Tage in voller H\u00f6he f\u00e4llig.<\/p>\n<p>Wenn Sie sich entscheiden, NightWatch+ zur\u00fcckzugeben, ist die R\u00fcckgabe von NightWatch+ per Telefon oder E-Mail anzumelden. Sie erhalten dann per E-Mail detaillierte Anweisungen zum R\u00fcckgabeverfahren.<\/p>\n<p>Gesch\u00e4ftsbedingungen f\u00fcr eine R\u00fcckerstattung:<\/p>\n<ul>\n<li>Das NightWatch+ muss in einwandfreiem Zustand mit s\u00e4mtlichem Zubeh\u00f6r, Transportkoffer, Gebrauchsanleitung und laminierten Karten zur\u00fcckgegeben werden. Bitte entfernen Sie w\u00e4hrend der Testphase keine Etiketten vom Sensor oder von der Alarmstation.<\/li>\n<li>Vergewissern Sie sich, dass der NightWatch+-Sensor ausgeschaltet ist, bevor Sie ihn in den Koffer legen. Wenn Sie den Sensor \u00fcber einen l\u00e4ngeren Zeitraum im eingeschalteten Zustand lassen, ohne ihn aufzuladen, kann dies insbesondere w\u00e4hrend des Transports zu einer Besch\u00e4digung des Akkus f\u00fchren. In diesem Fall k\u00f6nnen Ihnen Kosten in Rechnung gestellt werden.<\/li>\n<li>Wenn ein Teil oder Teile des NightWatch+-Systems fehlen oder besch\u00e4digt sind, k\u00f6nnen Ihnen diese Teile in Rechnung gestellt werden. Dies gilt nicht f\u00fcr das Elastikband, das auf die richtige Gr\u00f6\u00dfe zugeschnitten wurde.<\/li>\n<li>Der K\u00e4ufer ist daf\u00fcr verantwortlich, das NightWatch+ an die von LivAssured angegebene R\u00fccksendeanschrift zur\u00fcckzusenden. Wir empfehlen Ihnen dringend, entweder einen seri\u00f6sen Paketdienst oder die Option \u201emit Unterschrift\u201c bei der Post zu nutzen, da Sie f\u00fcr Verluste oder Besch\u00e4digungen haftbar sind.<\/li>\n<li>Bitte stellen Sie sicher, dass das NightWatch+ entweder in der Originalverpackung oder in einem stabilen Karton mit ausreichend F\u00fcllmaterial verpackt ist, damit das Ger\u00e4t w\u00e4hrend des Transports nicht verrutschen und dadurch besch\u00e4digt werden kann.<\/li>\n<\/ul>\n<p>[\/et_pb_text][et_pb_text _builder_version=&#8220;4.27.4&#8243; _module_preset=&#8220;default&#8220; hover_enabled=&#8220;0&#8243; sticky_enabled=&#8220;0&#8243;]<\/p>\n<p>Stand: 29. Oktober 2025, Dokument CD_LEG14 v1.0<\/p>\n<p>[\/et_pb_text][\/et_pb_column][\/et_pb_row][\/et_pb_section]<\/p>\n","protected":false},"excerpt":{"rendered":"<p>R\u00fcckgaberecht NightWatch+, LivAssured B.V. NightWatch+ kann zur\u00fcckgegeben werden, und R\u00fcckerstattungen erfolgen gem\u00e4\u00df den folgenden Bedingungen: R\u00fcckgabefrist % R\u00fcckerstattung Innerhalb 30 Tagen 100% 1 bis 3 Monaten 70% 4 bis 6 Monaten 50% Wenn Sie sich entscheiden, NightWatch+ nach Ablauf der 30-t\u00e4gigen Testphase weiter zu nutzen, ist die Zahlung nach Ablauf dieser 30 Tage in voller [&hellip;]<\/p>\n","protected":false},"author":1,"featured_media":0,"parent":0,"menu_order":0,"comment_status":"closed","ping_status":"closed","template":"","meta":{"_et_pb_use_builder":"on","_et_pb_old_content":"","_et_gb_content_width":"","footnotes":""},"class_list":["post-27548","page","type-page","status-publish","hentry"],"yoast_head":"<!-- This site is optimized with the Yoast SEO plugin v27.3 - https:\/\/yoast.com\/product\/yoast-seo-wordpress\/ -->\n<title>R\u00fcckgabepolitik | NightWatch<\/title>\n<meta name=\"robots\" content=\"index, follow, max-snippet:-1, max-image-preview:large, max-video-preview:-1\" \/>\n<link rel=\"canonical\" href=\"https:\/\/nightwatchepilepsy.com\/de\/rueckgabebedingungen\/\" \/>\n<meta property=\"og:locale\" content=\"de_DE\" \/>\n<meta property=\"og:type\" content=\"article\" \/>\n<meta property=\"og:title\" content=\"R\u00fcckgabepolitik | NightWatch\" \/>\n<meta property=\"og:description\" content=\"R\u00fcckgaberecht NightWatch+, LivAssured B.V. NightWatch+ kann zur\u00fcckgegeben werden, und R\u00fcckerstattungen erfolgen gem\u00e4\u00df den folgenden Bedingungen: R\u00fcckgabefrist % R\u00fcckerstattung Innerhalb 30 Tagen 100% 1 bis 3 Monaten 70% 4 bis 6 Monaten 50% Wenn Sie sich entscheiden, NightWatch+ nach Ablauf der 30-t\u00e4gigen Testphase weiter zu nutzen, ist die Zahlung nach Ablauf dieser 30 Tage in voller [&hellip;]\" \/>\n<meta property=\"og:url\" content=\"https:\/\/nightwatchepilepsy.com\/de\/rueckgabebedingungen\/\" \/>\n<meta property=\"og:site_name\" content=\"NightWatch\" \/>\n<meta property=\"article:publisher\" content=\"https:\/\/www.facebook.com\/EpilepsySeizureDetectionEN\" \/>\n<meta property=\"article:modified_time\" content=\"2025-11-26T15:31:48+00:00\" \/>\n<meta name=\"twitter:card\" content=\"summary_large_image\" \/>\n<meta name=\"twitter:site\" content=\"@NightWatchAlarm\" \/>\n<meta name=\"twitter:label1\" content=\"Gesch\u00e4tzte Lesezeit\" \/>\n\t<meta name=\"twitter:data1\" content=\"2\u00a0Minuten\" \/>\n<script type=\"application\/ld+json\" class=\"yoast-schema-graph\">{\"@context\":\"https:\\\/\\\/schema.org\",\"@graph\":[{\"@type\":\"WebPage\",\"@id\":\"https:\\\/\\\/nightwatchepilepsy.com\\\/de\\\/rueckgabebedingungen\\\/\",\"url\":\"https:\\\/\\\/nightwatchepilepsy.com\\\/de\\\/rueckgabebedingungen\\\/\",\"name\":\"R\u00fcckgabepolitik | NightWatch\",\"isPartOf\":{\"@id\":\"https:\\\/\\\/nightwatchepilepsy.com\\\/de\\\/#website\"},\"datePublished\":\"2021-10-23T12:29:33+00:00\",\"dateModified\":\"2025-11-26T15:31:48+00:00\",\"breadcrumb\":{\"@id\":\"https:\\\/\\\/nightwatchepilepsy.com\\\/de\\\/rueckgabebedingungen\\\/#breadcrumb\"},\"inLanguage\":\"de\",\"potentialAction\":[{\"@type\":\"ReadAction\",\"target\":[\"https:\\\/\\\/nightwatchepilepsy.com\\\/de\\\/rueckgabebedingungen\\\/\"]}]},{\"@type\":\"BreadcrumbList\",\"@id\":\"https:\\\/\\\/nightwatchepilepsy.com\\\/de\\\/rueckgabebedingungen\\\/#breadcrumb\",\"itemListElement\":[{\"@type\":\"ListItem\",\"position\":1,\"name\":\"Home\",\"item\":\"https:\\\/\\\/nightwatchepilepsy.com\\\/de\\\/\"},{\"@type\":\"ListItem\",\"position\":2,\"name\":\"R\u00fcckgabepolitik\"}]},{\"@type\":\"WebSite\",\"@id\":\"https:\\\/\\\/nightwatchepilepsy.com\\\/de\\\/#website\",\"url\":\"https:\\\/\\\/nightwatchepilepsy.com\\\/de\\\/\",\"name\":\"NightWatch\",\"description\":\"Epilepsy seizure detection | Warns during sleep\",\"publisher\":{\"@id\":\"https:\\\/\\\/nightwatchepilepsy.com\\\/de\\\/#organization\"},\"potentialAction\":[{\"@type\":\"SearchAction\",\"target\":{\"@type\":\"EntryPoint\",\"urlTemplate\":\"https:\\\/\\\/nightwatchepilepsy.com\\\/de\\\/?s={search_term_string}\"},\"query-input\":{\"@type\":\"PropertyValueSpecification\",\"valueRequired\":true,\"valueName\":\"search_term_string\"}}],\"inLanguage\":\"de\"},{\"@type\":\"Organization\",\"@id\":\"https:\\\/\\\/nightwatchepilepsy.com\\\/de\\\/#organization\",\"name\":\"NightWatch Epilepsy Seizure Detection\",\"alternateName\":\"NightWatch\",\"url\":\"https:\\\/\\\/nightwatchepilepsy.com\\\/de\\\/\",\"logo\":{\"@type\":\"ImageObject\",\"inLanguage\":\"de\",\"@id\":\"https:\\\/\\\/nightwatchepilepsy.com\\\/de\\\/#\\\/schema\\\/logo\\\/image\\\/\",\"url\":\"https:\\\/\\\/nightwatchepilepsy.com\\\/wp-content\\\/uploads\\\/2023\\\/02\\\/NightWatch-Logo.png\",\"contentUrl\":\"https:\\\/\\\/nightwatchepilepsy.com\\\/wp-content\\\/uploads\\\/2023\\\/02\\\/NightWatch-Logo.png\",\"width\":696,\"height\":696,\"caption\":\"NightWatch Epilepsy Seizure Detection\"},\"image\":{\"@id\":\"https:\\\/\\\/nightwatchepilepsy.com\\\/de\\\/#\\\/schema\\\/logo\\\/image\\\/\"},\"sameAs\":[\"https:\\\/\\\/www.facebook.com\\\/EpilepsySeizureDetectionEN\",\"https:\\\/\\\/x.com\\\/NightWatchAlarm\",\"https:\\\/\\\/www.linkedin.com\\\/company\\\/nightwatch-epilepsy-detection\\\/\",\"https:\\\/\\\/www.instagram.com\\\/nightwatch_epilepsie_detectie\\\/\"]}]}<\/script>\n<!-- \/ Yoast SEO plugin. -->","yoast_head_json":{"title":"R\u00fcckgabepolitik | NightWatch","robots":{"index":"index","follow":"follow","max-snippet":"max-snippet:-1","max-image-preview":"max-image-preview:large","max-video-preview":"max-video-preview:-1"},"canonical":"https:\/\/nightwatchepilepsy.com\/de\/rueckgabebedingungen\/","og_locale":"de_DE","og_type":"article","og_title":"R\u00fcckgabepolitik | NightWatch","og_description":"R\u00fcckgaberecht NightWatch+, LivAssured B.V. NightWatch+ kann zur\u00fcckgegeben werden, und R\u00fcckerstattungen erfolgen gem\u00e4\u00df den folgenden Bedingungen: R\u00fcckgabefrist % R\u00fcckerstattung Innerhalb 30 Tagen 100% 1 bis 3 Monaten 70% 4 bis 6 Monaten 50% Wenn Sie sich entscheiden, NightWatch+ nach Ablauf der 30-t\u00e4gigen Testphase weiter zu nutzen, ist die Zahlung nach Ablauf dieser 30 Tage in voller [&hellip;]","og_url":"https:\/\/nightwatchepilepsy.com\/de\/rueckgabebedingungen\/","og_site_name":"NightWatch","article_publisher":"https:\/\/www.facebook.com\/EpilepsySeizureDetectionEN","article_modified_time":"2025-11-26T15:31:48+00:00","twitter_card":"summary_large_image","twitter_site":"@NightWatchAlarm","twitter_misc":{"Gesch\u00e4tzte Lesezeit":"2\u00a0Minuten"},"schema":{"@context":"https:\/\/schema.org","@graph":[{"@type":"WebPage","@id":"https:\/\/nightwatchepilepsy.com\/de\/rueckgabebedingungen\/","url":"https:\/\/nightwatchepilepsy.com\/de\/rueckgabebedingungen\/","name":"R\u00fcckgabepolitik | NightWatch","isPartOf":{"@id":"https:\/\/nightwatchepilepsy.com\/de\/#website"},"datePublished":"2021-10-23T12:29:33+00:00","dateModified":"2025-11-26T15:31:48+00:00","breadcrumb":{"@id":"https:\/\/nightwatchepilepsy.com\/de\/rueckgabebedingungen\/#breadcrumb"},"inLanguage":"de","potentialAction":[{"@type":"ReadAction","target":["https:\/\/nightwatchepilepsy.com\/de\/rueckgabebedingungen\/"]}]},{"@type":"BreadcrumbList","@id":"https:\/\/nightwatchepilepsy.com\/de\/rueckgabebedingungen\/#breadcrumb","itemListElement":[{"@type":"ListItem","position":1,"name":"Home","item":"https:\/\/nightwatchepilepsy.com\/de\/"},{"@type":"ListItem","position":2,"name":"R\u00fcckgabepolitik"}]},{"@type":"WebSite","@id":"https:\/\/nightwatchepilepsy.com\/de\/#website","url":"https:\/\/nightwatchepilepsy.com\/de\/","name":"NightWatch","description":"Epilepsy seizure detection | Warns during sleep","publisher":{"@id":"https:\/\/nightwatchepilepsy.com\/de\/#organization"},"potentialAction":[{"@type":"SearchAction","target":{"@type":"EntryPoint","urlTemplate":"https:\/\/nightwatchepilepsy.com\/de\/?s={search_term_string}"},"query-input":{"@type":"PropertyValueSpecification","valueRequired":true,"valueName":"search_term_string"}}],"inLanguage":"de"},{"@type":"Organization","@id":"https:\/\/nightwatchepilepsy.com\/de\/#organization","name":"NightWatch Epilepsy Seizure Detection","alternateName":"NightWatch","url":"https:\/\/nightwatchepilepsy.com\/de\/","logo":{"@type":"ImageObject","inLanguage":"de","@id":"https:\/\/nightwatchepilepsy.com\/de\/#\/schema\/logo\/image\/","url":"https:\/\/nightwatchepilepsy.com\/wp-content\/uploads\/2023\/02\/NightWatch-Logo.png","contentUrl":"https:\/\/nightwatchepilepsy.com\/wp-content\/uploads\/2023\/02\/NightWatch-Logo.png","width":696,"height":696,"caption":"NightWatch Epilepsy Seizure Detection"},"image":{"@id":"https:\/\/nightwatchepilepsy.com\/de\/#\/schema\/logo\/image\/"},"sameAs":["https:\/\/www.facebook.com\/EpilepsySeizureDetectionEN","https:\/\/x.com\/NightWatchAlarm","https:\/\/www.linkedin.com\/company\/nightwatch-epilepsy-detection\/","https:\/\/www.instagram.com\/nightwatch_epilepsie_detectie\/"]}]}},"_links":{"self":[{"href":"https:\/\/nightwatchepilepsy.com\/de\/wp-json\/wp\/v2\/pages\/27548","targetHints":{"allow":["GET"]}}],"collection":[{"href":"https:\/\/nightwatchepilepsy.com\/de\/wp-json\/wp\/v2\/pages"}],"about":[{"href":"https:\/\/nightwatchepilepsy.com\/de\/wp-json\/wp\/v2\/types\/page"}],"author":[{"embeddable":true,"href":"https:\/\/nightwatchepilepsy.com\/de\/wp-json\/wp\/v2\/users\/1"}],"replies":[{"embeddable":true,"href":"https:\/\/nightwatchepilepsy.com\/de\/wp-json\/wp\/v2\/comments?post=27548"}],"version-history":[{"count":7,"href":"https:\/\/nightwatchepilepsy.com\/de\/wp-json\/wp\/v2\/pages\/27548\/revisions"}],"predecessor-version":[{"id":43772,"href":"https:\/\/nightwatchepilepsy.com\/de\/wp-json\/wp\/v2\/pages\/27548\/revisions\/43772"}],"wp:attachment":[{"href":"https:\/\/nightwatchepilepsy.com\/de\/wp-json\/wp\/v2\/media?parent=27548"}],"curies":[{"name":"wp","href":"https:\/\/api.w.org\/{rel}","templated":true}]}}