{"id":27538,"date":"2021-11-07T16:35:35","date_gmt":"2021-11-07T15:35:35","guid":{"rendered":"https:\/\/nightwatchepilepsy.com\/return-instructions\/"},"modified":"2024-06-26T16:30:04","modified_gmt":"2024-06-26T15:30:04","slug":"anweisungen-ruecksendung","status":"publish","type":"page","link":"https:\/\/nightwatchepilepsy.com\/de\/anweisungen-ruecksendung\/","title":{"rendered":"Anweisungen zur R\u00fccksendung"},"content":{"rendered":"<p>[et_pb_section fb_built=&#8220;1&#8243; _builder_version=&#8220;4.16&#8243; _module_preset=&#8220;default&#8220; global_colors_info=&#8220;{}&#8220;][et_pb_row _builder_version=&#8220;4.16&#8243; _module_preset=&#8220;default&#8220; global_colors_info=&#8220;{}&#8220;][et_pb_column type=&#8220;4_4&#8243; _builder_version=&#8220;4.16&#8243; _module_preset=&#8220;default&#8220; global_colors_info=&#8220;{}&#8220;][et_pb_text _builder_version=&#8220;4.16&#8243; _module_preset=&#8220;default&#8220; global_colors_info=&#8220;{}&#8220;]<\/p>\n<div id=\"comp-jww22r5k\" class=\"_1Q9if\" data-testid=\"richTextElement\">\n<h2 class=\"font_2\"><span>Anweisungen zur R\u00fccksendung<\/span><\/h2>\n<\/div>\n<div id=\"comp-jww22r67\" class=\"_1Q9if\" data-testid=\"richTextElement\">\n<p class=\"font_8\">Vielen Dank\u00a0f\u00fcr die Ank\u00fcndigung Ihrer R\u00fccksendung.<\/p>\n<p class=\"font_8\">Wir bitten Sie, <strong>die folgenden Anweisungen sorgf\u00e4ltig zu befolgen<\/strong>, da wir Ihre R\u00fccksendung sonst ggfs. nicht komplett bearbeiten k\u00f6nnen und eine Geb\u00fchr berechnen m\u00fcssen.<\/p>\n<ol>\n<li class=\"font_8\">Nach Ausf\u00fcllen des R\u00fccksendeformulars sollten Sie NightWatch so schnell wie m\u00f6glich, sp\u00e4testens jedoch innerhalb von 3 Werktagen, an uns zur\u00fccksenden.\u00a0<\/li>\n<li class=\"font_8\">NightWatch sollte so vollst\u00e4ndig wie m\u00f6glich zur\u00fcckgesendet werden. Wenn Komponenten\u00a0nicht zur\u00fcckgesendet werden, k\u00f6nnen diese berechnet werden. Dies gilt nicht f\u00fcr das\u00a0Elastikband\u00a0und die Befestigungsclips.\u00a0<\/li>\n<li class=\"font_8\">NightWatch\u00a0muss\u00a0in einem stabilen Karton mit ausreichend F\u00fcllmaterial verpackt werden.<\/li>\n<li class=\"font_8\">Das Armmodul sollte bei der Versendung ausgeschaltet sein.\u00a0\u00a0<\/li>\n<li class=\"font_8\">Bei der R\u00fccksendung sollte der gleiche Name angegeben werden wie bei der Bestellung.<\/li>\n<li class=\"font_8\">Wenn Sie weitere Produkte erhalten haben, m\u00fcssen diese ebenfalls zur\u00fcckgeschickt werden.<\/li>\n<\/ol>\n<ol class=\"font_8\"><\/ol>\n<p class=\"font_8\">\u200b<br \/>\u200b\u200bBitte schicken Sie das Paket per Einschreiben an die folgende Adresse:<\/p>\n<p class=\"font_8\">\u200b<strong>LivAssured BV<br \/>z.Hd. NightWatch retour<br \/>Schipholweg 103<br \/>2316 XC\u00a0 LEIDEN<br \/>Niederlande<\/strong><\/p>\n<p class=\"font_8\">\u200bVielen Dank!<\/p>\n<\/div>\n<p>[\/et_pb_text][\/et_pb_column][\/et_pb_row][\/et_pb_section]<\/p>\n","protected":false},"excerpt":{"rendered":"<p>Anweisungen zur R\u00fccksendung Vielen Dank\u00a0f\u00fcr die Ank\u00fcndigung Ihrer R\u00fccksendung. Wir bitten Sie, die folgenden Anweisungen sorgf\u00e4ltig zu befolgen, da wir Ihre R\u00fccksendung sonst ggfs. nicht komplett bearbeiten k\u00f6nnen und eine Geb\u00fchr berechnen m\u00fcssen. Nach Ausf\u00fcllen des R\u00fccksendeformulars sollten Sie NightWatch so schnell wie m\u00f6glich, sp\u00e4testens jedoch innerhalb von 3 Werktagen, an uns zur\u00fccksenden.\u00a0 NightWatch sollte [&hellip;]<\/p>\n","protected":false},"author":1,"featured_media":0,"parent":0,"menu_order":0,"comment_status":"closed","ping_status":"closed","template":"","meta":{"_et_pb_use_builder":"on","_et_pb_old_content":"","_et_gb_content_width":"","footnotes":""},"class_list":["post-27538","page","type-page","status-publish","hentry"],"yoast_head":"<!-- This site is optimized with the Yoast SEO plugin v27.4 - https:\/\/yoast.com\/product\/yoast-seo-wordpress\/ -->\n<title>Anweisungen R\u00fccksendung | NightWatch<\/title>\n<meta name=\"robots\" content=\"index, follow, max-snippet:-1, max-image-preview:large, max-video-preview:-1\" \/>\n<link rel=\"canonical\" href=\"https:\/\/nightwatchepilepsy.com\/de\/anweisungen-ruecksendung\/\" \/>\n<meta property=\"og:locale\" content=\"de_DE\" \/>\n<meta property=\"og:type\" content=\"article\" \/>\n<meta property=\"og:title\" content=\"Anweisungen R\u00fccksendung | NightWatch\" \/>\n<meta property=\"og:description\" content=\"Anweisungen zur R\u00fccksendung Vielen Dank\u00a0f\u00fcr die Ank\u00fcndigung Ihrer R\u00fccksendung. Wir bitten Sie, die folgenden Anweisungen sorgf\u00e4ltig zu befolgen, da wir Ihre R\u00fccksendung sonst ggfs. nicht komplett bearbeiten k\u00f6nnen und eine Geb\u00fchr berechnen m\u00fcssen. Nach Ausf\u00fcllen des R\u00fccksendeformulars sollten Sie NightWatch so schnell wie m\u00f6glich, sp\u00e4testens jedoch innerhalb von 3 Werktagen, an uns zur\u00fccksenden.\u00a0 NightWatch sollte [&hellip;]\" \/>\n<meta property=\"og:url\" content=\"https:\/\/nightwatchepilepsy.com\/de\/anweisungen-ruecksendung\/\" \/>\n<meta property=\"og:site_name\" content=\"NightWatch\" \/>\n<meta property=\"article:publisher\" content=\"https:\/\/www.facebook.com\/EpilepsySeizureDetectionEN\" \/>\n<meta property=\"article:modified_time\" content=\"2024-06-26T15:30:04+00:00\" \/>\n<meta name=\"twitter:card\" content=\"summary_large_image\" \/>\n<meta name=\"twitter:site\" content=\"@NightWatchAlarm\" \/>\n<script type=\"application\/ld+json\" class=\"yoast-schema-graph\">{\"@context\":\"https:\\\/\\\/schema.org\",\"@graph\":[{\"@type\":\"WebPage\",\"@id\":\"https:\\\/\\\/nightwatchepilepsy.com\\\/de\\\/anweisungen-ruecksendung\\\/\",\"url\":\"https:\\\/\\\/nightwatchepilepsy.com\\\/de\\\/anweisungen-ruecksendung\\\/\",\"name\":\"Anweisungen R\u00fccksendung | NightWatch\",\"isPartOf\":{\"@id\":\"https:\\\/\\\/nightwatchepilepsy.com\\\/de\\\/#website\"},\"datePublished\":\"2021-11-07T15:35:35+00:00\",\"dateModified\":\"2024-06-26T15:30:04+00:00\",\"breadcrumb\":{\"@id\":\"https:\\\/\\\/nightwatchepilepsy.com\\\/de\\\/anweisungen-ruecksendung\\\/#breadcrumb\"},\"inLanguage\":\"de\",\"potentialAction\":[{\"@type\":\"ReadAction\",\"target\":[\"https:\\\/\\\/nightwatchepilepsy.com\\\/de\\\/anweisungen-ruecksendung\\\/\"]}]},{\"@type\":\"BreadcrumbList\",\"@id\":\"https:\\\/\\\/nightwatchepilepsy.com\\\/de\\\/anweisungen-ruecksendung\\\/#breadcrumb\",\"itemListElement\":[{\"@type\":\"ListItem\",\"position\":1,\"name\":\"Home\",\"item\":\"https:\\\/\\\/nightwatchepilepsy.com\\\/de\\\/\"},{\"@type\":\"ListItem\",\"position\":2,\"name\":\"Anweisungen zur R\u00fccksendung\"}]},{\"@type\":\"WebSite\",\"@id\":\"https:\\\/\\\/nightwatchepilepsy.com\\\/de\\\/#website\",\"url\":\"https:\\\/\\\/nightwatchepilepsy.com\\\/de\\\/\",\"name\":\"NightWatch\",\"description\":\"Epilepsy seizure detection | Warns during sleep\",\"publisher\":{\"@id\":\"https:\\\/\\\/nightwatchepilepsy.com\\\/de\\\/#organization\"},\"potentialAction\":[{\"@type\":\"SearchAction\",\"target\":{\"@type\":\"EntryPoint\",\"urlTemplate\":\"https:\\\/\\\/nightwatchepilepsy.com\\\/de\\\/?s={search_term_string}\"},\"query-input\":{\"@type\":\"PropertyValueSpecification\",\"valueRequired\":true,\"valueName\":\"search_term_string\"}}],\"inLanguage\":\"de\"},{\"@type\":\"Organization\",\"@id\":\"https:\\\/\\\/nightwatchepilepsy.com\\\/de\\\/#organization\",\"name\":\"NightWatch Epilepsy Seizure Detection\",\"alternateName\":\"NightWatch\",\"url\":\"https:\\\/\\\/nightwatchepilepsy.com\\\/de\\\/\",\"logo\":{\"@type\":\"ImageObject\",\"inLanguage\":\"de\",\"@id\":\"https:\\\/\\\/nightwatchepilepsy.com\\\/de\\\/#\\\/schema\\\/logo\\\/image\\\/\",\"url\":\"https:\\\/\\\/nightwatchepilepsy.com\\\/wp-content\\\/uploads\\\/2023\\\/02\\\/NightWatch-Logo.png\",\"contentUrl\":\"https:\\\/\\\/nightwatchepilepsy.com\\\/wp-content\\\/uploads\\\/2023\\\/02\\\/NightWatch-Logo.png\",\"width\":696,\"height\":696,\"caption\":\"NightWatch Epilepsy Seizure Detection\"},\"image\":{\"@id\":\"https:\\\/\\\/nightwatchepilepsy.com\\\/de\\\/#\\\/schema\\\/logo\\\/image\\\/\"},\"sameAs\":[\"https:\\\/\\\/www.facebook.com\\\/EpilepsySeizureDetectionEN\",\"https:\\\/\\\/x.com\\\/NightWatchAlarm\",\"https:\\\/\\\/www.linkedin.com\\\/company\\\/nightwatch-epilepsy-detection\\\/\",\"https:\\\/\\\/www.instagram.com\\\/nightwatch_epilepsie_detectie\\\/\"]}]}<\/script>\n<!-- \/ Yoast SEO plugin. -->","yoast_head_json":{"title":"Anweisungen R\u00fccksendung | NightWatch","robots":{"index":"index","follow":"follow","max-snippet":"max-snippet:-1","max-image-preview":"max-image-preview:large","max-video-preview":"max-video-preview:-1"},"canonical":"https:\/\/nightwatchepilepsy.com\/de\/anweisungen-ruecksendung\/","og_locale":"de_DE","og_type":"article","og_title":"Anweisungen R\u00fccksendung | NightWatch","og_description":"Anweisungen zur R\u00fccksendung Vielen Dank\u00a0f\u00fcr die Ank\u00fcndigung Ihrer R\u00fccksendung. Wir bitten Sie, die folgenden Anweisungen sorgf\u00e4ltig zu befolgen, da wir Ihre R\u00fccksendung sonst ggfs. nicht komplett bearbeiten k\u00f6nnen und eine Geb\u00fchr berechnen m\u00fcssen. Nach Ausf\u00fcllen des R\u00fccksendeformulars sollten Sie NightWatch so schnell wie m\u00f6glich, sp\u00e4testens jedoch innerhalb von 3 Werktagen, an uns zur\u00fccksenden.\u00a0 NightWatch sollte [&hellip;]","og_url":"https:\/\/nightwatchepilepsy.com\/de\/anweisungen-ruecksendung\/","og_site_name":"NightWatch","article_publisher":"https:\/\/www.facebook.com\/EpilepsySeizureDetectionEN","article_modified_time":"2024-06-26T15:30:04+00:00","twitter_card":"summary_large_image","twitter_site":"@NightWatchAlarm","schema":{"@context":"https:\/\/schema.org","@graph":[{"@type":"WebPage","@id":"https:\/\/nightwatchepilepsy.com\/de\/anweisungen-ruecksendung\/","url":"https:\/\/nightwatchepilepsy.com\/de\/anweisungen-ruecksendung\/","name":"Anweisungen R\u00fccksendung | NightWatch","isPartOf":{"@id":"https:\/\/nightwatchepilepsy.com\/de\/#website"},"datePublished":"2021-11-07T15:35:35+00:00","dateModified":"2024-06-26T15:30:04+00:00","breadcrumb":{"@id":"https:\/\/nightwatchepilepsy.com\/de\/anweisungen-ruecksendung\/#breadcrumb"},"inLanguage":"de","potentialAction":[{"@type":"ReadAction","target":["https:\/\/nightwatchepilepsy.com\/de\/anweisungen-ruecksendung\/"]}]},{"@type":"BreadcrumbList","@id":"https:\/\/nightwatchepilepsy.com\/de\/anweisungen-ruecksendung\/#breadcrumb","itemListElement":[{"@type":"ListItem","position":1,"name":"Home","item":"https:\/\/nightwatchepilepsy.com\/de\/"},{"@type":"ListItem","position":2,"name":"Anweisungen zur R\u00fccksendung"}]},{"@type":"WebSite","@id":"https:\/\/nightwatchepilepsy.com\/de\/#website","url":"https:\/\/nightwatchepilepsy.com\/de\/","name":"NightWatch","description":"Epilepsy seizure detection | Warns during sleep","publisher":{"@id":"https:\/\/nightwatchepilepsy.com\/de\/#organization"},"potentialAction":[{"@type":"SearchAction","target":{"@type":"EntryPoint","urlTemplate":"https:\/\/nightwatchepilepsy.com\/de\/?s={search_term_string}"},"query-input":{"@type":"PropertyValueSpecification","valueRequired":true,"valueName":"search_term_string"}}],"inLanguage":"de"},{"@type":"Organization","@id":"https:\/\/nightwatchepilepsy.com\/de\/#organization","name":"NightWatch Epilepsy Seizure Detection","alternateName":"NightWatch","url":"https:\/\/nightwatchepilepsy.com\/de\/","logo":{"@type":"ImageObject","inLanguage":"de","@id":"https:\/\/nightwatchepilepsy.com\/de\/#\/schema\/logo\/image\/","url":"https:\/\/nightwatchepilepsy.com\/wp-content\/uploads\/2023\/02\/NightWatch-Logo.png","contentUrl":"https:\/\/nightwatchepilepsy.com\/wp-content\/uploads\/2023\/02\/NightWatch-Logo.png","width":696,"height":696,"caption":"NightWatch Epilepsy Seizure Detection"},"image":{"@id":"https:\/\/nightwatchepilepsy.com\/de\/#\/schema\/logo\/image\/"},"sameAs":["https:\/\/www.facebook.com\/EpilepsySeizureDetectionEN","https:\/\/x.com\/NightWatchAlarm","https:\/\/www.linkedin.com\/company\/nightwatch-epilepsy-detection\/","https:\/\/www.instagram.com\/nightwatch_epilepsie_detectie\/"]}]}},"_links":{"self":[{"href":"https:\/\/nightwatchepilepsy.com\/de\/wp-json\/wp\/v2\/pages\/27538","targetHints":{"allow":["GET"]}}],"collection":[{"href":"https:\/\/nightwatchepilepsy.com\/de\/wp-json\/wp\/v2\/pages"}],"about":[{"href":"https:\/\/nightwatchepilepsy.com\/de\/wp-json\/wp\/v2\/types\/page"}],"author":[{"embeddable":true,"href":"https:\/\/nightwatchepilepsy.com\/de\/wp-json\/wp\/v2\/users\/1"}],"replies":[{"embeddable":true,"href":"https:\/\/nightwatchepilepsy.com\/de\/wp-json\/wp\/v2\/comments?post=27538"}],"version-history":[{"count":8,"href":"https:\/\/nightwatchepilepsy.com\/de\/wp-json\/wp\/v2\/pages\/27538\/revisions"}],"predecessor-version":[{"id":38694,"href":"https:\/\/nightwatchepilepsy.com\/de\/wp-json\/wp\/v2\/pages\/27538\/revisions\/38694"}],"wp:attachment":[{"href":"https:\/\/nightwatchepilepsy.com\/de\/wp-json\/wp\/v2\/media?parent=27538"}],"curies":[{"name":"wp","href":"https:\/\/api.w.org\/{rel}","templated":true}]}}