{"id":27474,"date":"2021-10-31T14:18:33","date_gmt":"2021-10-31T13:18:33","guid":{"rendered":"https:\/\/nightwatchepilepsy.com\/order-pro\/"},"modified":"2025-02-28T12:05:18","modified_gmt":"2025-02-28T11:05:18","slug":"bestellenpro-de","status":"publish","type":"page","link":"https:\/\/nightwatchepilepsy.com\/de\/bestellenpro-de\/","title":{"rendered":"Bestellen Pro"},"content":{"rendered":"<p>[et_pb_section fb_built=&#8220;1&#8243; _builder_version=&#8220;4.16&#8243; _module_preset=&#8220;default&#8220; global_colors_info=&#8220;{}&#8220;][et_pb_row _builder_version=&#8220;4.16&#8243; _module_preset=&#8220;default&#8220; global_colors_info=&#8220;{}&#8220;][et_pb_column type=&#8220;4_4&#8243; _builder_version=&#8220;4.16&#8243; _module_preset=&#8220;default&#8220; global_colors_info=&#8220;{}&#8220;][et_pb_text _builder_version=&#8220;4.27.4&#8243; _module_preset=&#8220;default&#8220; hover_enabled=&#8220;0&#8243; global_colors_info=&#8220;{}&#8220; sticky_enabled=&#8220;0&#8243;]<\/p>\n<div id=\"bgLayers_comp-k8jw7lg4\" data-hook=\"bgLayers\" class=\"_3wnIc\">\n<div id=\"bgMedia_comp-k8jw7lg4\" class=\"_2GUhU\"><\/div>\n<\/div>\n<div data-mesh-id=\"comp-k8jw7lg4inlineContent\" data-testid=\"inline-content\" class=\"\">\n<div data-mesh-id=\"comp-k8jw7lg4inlineContent-gridContainer\" data-testid=\"mesh-container-content\">\n<div id=\"comp-k8jw7lg61\" class=\"_1Q9if\" data-testid=\"richTextElement\">\n<h3 class=\"font_3\">Vielen Dank, dass Sie sich f\u00fcr den Einsatz von NightWatch+ in Ihrer Gesundheitseinrichtung interessieren.<\/h3>\n<\/div>\n<div id=\"comp-k8jw7lgb\" class=\"_1Q9if\" data-testid=\"richTextElement\">\n<p class=\"font_8\"><span>NightWatch+ kann unabh\u00e4ngig aufgestellt werden oder aber an ein bestehendes Pflegerufsystem angeschlossen werden. Einer unser Produktspezialisten auf diesem Gebiet wird sich umgehend mit Ihnen dar\u00fcber in Verbindung setzen.<\/span><\/p>\n<p class=\"font_8\"><span>M\u00f6chten Sie NightWatch+ daheim gebrauchen, dann k\u00f6nnen Sie \u00fcber <a dataquery=\"dGV4dExpbmtfazhqd2o0bDk=\" href=\"\/de\/bestellen-de\">diesen Link<\/a> eine Probezeit beantragen.<\/span><\/p>\n<p class=\"font_8\"><span>M\u00f6chten Sie direkt bestellen, dann f\u00fcllen Sie bitte das folgende Formular aus.<\/span><\/p>\n<p class=\"font_8\"><span class=\"wixGuard\">\u200b<\/span><span><strong>Kontakt:<\/strong><br \/><\/span>Kontaktieren Sie uns unter<span>\u00a0<\/span><a href=\"tel:+4921519716287\" data-kmt=\"1\">+49 (0)2151 9716287<\/a><span>\u00a0<\/span>oder schicken Sie uns eine E-mail an<span>\u00a0<\/span><span><a href=\"mailto:info@nightwatch.nl\" target=\"_self\" data-kmt=\"1\" rel=\"noopener\">info@nightwatch.nl<\/a><\/span><\/p>\n<\/div>\n<\/div>\n<\/div>\n<p>[\/et_pb_text][\/et_pb_column][\/et_pb_row][\/et_pb_section][et_pb_section fb_built=&#8220;1&#8243; _builder_version=&#8220;4.16&#8243; _module_preset=&#8220;default&#8220; background_color=&#8220;#eef7ea&#8220; global_colors_info=&#8220;{}&#8220;][et_pb_row column_structure=&#8220;2_3,1_3&#8243; _builder_version=&#8220;4.16&#8243; _module_preset=&#8220;default&#8220; vertical_offset=&#8220;-20px&#8220; custom_margin=&#8220;0px||||false|false&#8220; custom_padding=&#8220;0px||||false|false&#8220; global_colors_info=&#8220;{}&#8220;][et_pb_column type=&#8220;2_3&#8243; _builder_version=&#8220;4.16&#8243; _module_preset=&#8220;default&#8220; global_colors_info=&#8220;{}&#8220;][et_pb_code _builder_version=&#8220;4.16&#8243; _module_preset=&#8220;default&#8220; global_colors_info=&#8220;{}&#8220;]<\/p>\n<div><!-- [et_pb_line_break_holder] -->  \u00a0<!-- [et_pb_line_break_holder] -->  <!-- form.123formbuilder.com script begins here --><script type=\"text\/javascript\" defer src=\"https:\/\/form.123formbuilder.com\/embed\/4814742.js\" data-role=\"form\" data-default-width=\"650px\"><\/script><!-- form.123formbuilder.com script ends here --><!-- [et_pb_line_break_holder] --><\/div>\n<p><!-- [et_pb_line_break_holder] -->[\/et_pb_code][\/et_pb_column][et_pb_column type=&#8220;1_3&#8243; _builder_version=&#8220;4.16&#8243; _module_preset=&#8220;default&#8220; global_colors_info=&#8220;{}&#8220;][\/et_pb_column][\/et_pb_row][\/et_pb_section]<\/p>\n","protected":false},"excerpt":{"rendered":"<p>Vielen Dank, dass Sie sich f\u00fcr den Einsatz von NightWatch+ in Ihrer Gesundheitseinrichtung interessieren. NightWatch+ kann unabh\u00e4ngig aufgestellt werden oder aber an ein bestehendes Pflegerufsystem angeschlossen werden. Einer unser Produktspezialisten auf diesem Gebiet wird sich umgehend mit Ihnen dar\u00fcber in Verbindung setzen. M\u00f6chten Sie NightWatch+ daheim gebrauchen, dann k\u00f6nnen Sie \u00fcber diesen Link eine Probezeit [&hellip;]<\/p>\n","protected":false},"author":1,"featured_media":0,"parent":0,"menu_order":0,"comment_status":"closed","ping_status":"closed","template":"","meta":{"_et_pb_use_builder":"on","_et_pb_old_content":"","_et_gb_content_width":"","footnotes":""},"class_list":["post-27474","page","type-page","status-publish","hentry"],"yoast_head":"<!-- This site is optimized with the Yoast SEO plugin v27.3 - https:\/\/yoast.com\/product\/yoast-seo-wordpress\/ -->\n<title>Bestellen Pro - NightWatch<\/title>\n<meta name=\"robots\" content=\"index, nofollow, max-snippet:-1, max-image-preview:large, max-video-preview:-1\" \/>\n<link rel=\"canonical\" href=\"https:\/\/nightwatchepilepsy.com\/de\/bestellenpro-de\/\" \/>\n<meta property=\"og:locale\" content=\"de_DE\" \/>\n<meta property=\"og:type\" content=\"article\" \/>\n<meta property=\"og:title\" content=\"Bestellen Pro - NightWatch\" \/>\n<meta property=\"og:description\" content=\"Vielen Dank, dass Sie sich f\u00fcr den Einsatz von NightWatch+ in Ihrer Gesundheitseinrichtung interessieren. NightWatch+ kann unabh\u00e4ngig aufgestellt werden oder aber an ein bestehendes Pflegerufsystem angeschlossen werden. Einer unser Produktspezialisten auf diesem Gebiet wird sich umgehend mit Ihnen dar\u00fcber in Verbindung setzen. M\u00f6chten Sie NightWatch+ daheim gebrauchen, dann k\u00f6nnen Sie \u00fcber diesen Link eine Probezeit [&hellip;]\" \/>\n<meta property=\"og:url\" content=\"https:\/\/nightwatchepilepsy.com\/de\/bestellenpro-de\/\" \/>\n<meta property=\"og:site_name\" content=\"NightWatch\" \/>\n<meta property=\"article:publisher\" content=\"https:\/\/www.facebook.com\/EpilepsySeizureDetectionEN\" \/>\n<meta property=\"article:modified_time\" content=\"2025-02-28T11:05:18+00:00\" \/>\n<meta name=\"twitter:card\" content=\"summary_large_image\" \/>\n<meta name=\"twitter:site\" content=\"@NightWatchAlarm\" \/>\n<meta name=\"twitter:label1\" content=\"Gesch\u00e4tzte Lesezeit\" \/>\n\t<meta name=\"twitter:data1\" content=\"1\u00a0Minute\" \/>\n<script type=\"application\/ld+json\" class=\"yoast-schema-graph\">{\"@context\":\"https:\\\/\\\/schema.org\",\"@graph\":[{\"@type\":\"WebPage\",\"@id\":\"https:\\\/\\\/nightwatchepilepsy.com\\\/de\\\/bestellenpro-de\\\/\",\"url\":\"https:\\\/\\\/nightwatchepilepsy.com\\\/de\\\/bestellenpro-de\\\/\",\"name\":\"Bestellen Pro - NightWatch\",\"isPartOf\":{\"@id\":\"https:\\\/\\\/nightwatchepilepsy.com\\\/de\\\/#website\"},\"datePublished\":\"2021-10-31T13:18:33+00:00\",\"dateModified\":\"2025-02-28T11:05:18+00:00\",\"breadcrumb\":{\"@id\":\"https:\\\/\\\/nightwatchepilepsy.com\\\/de\\\/bestellenpro-de\\\/#breadcrumb\"},\"inLanguage\":\"de\",\"potentialAction\":[{\"@type\":\"ReadAction\",\"target\":[\"https:\\\/\\\/nightwatchepilepsy.com\\\/de\\\/bestellenpro-de\\\/\"]}]},{\"@type\":\"BreadcrumbList\",\"@id\":\"https:\\\/\\\/nightwatchepilepsy.com\\\/de\\\/bestellenpro-de\\\/#breadcrumb\",\"itemListElement\":[{\"@type\":\"ListItem\",\"position\":1,\"name\":\"Home\",\"item\":\"https:\\\/\\\/nightwatchepilepsy.com\\\/de\\\/\"},{\"@type\":\"ListItem\",\"position\":2,\"name\":\"Bestellen Pro\"}]},{\"@type\":\"WebSite\",\"@id\":\"https:\\\/\\\/nightwatchepilepsy.com\\\/de\\\/#website\",\"url\":\"https:\\\/\\\/nightwatchepilepsy.com\\\/de\\\/\",\"name\":\"NightWatch\",\"description\":\"Epilepsy seizure detection | Warns during sleep\",\"publisher\":{\"@id\":\"https:\\\/\\\/nightwatchepilepsy.com\\\/de\\\/#organization\"},\"potentialAction\":[{\"@type\":\"SearchAction\",\"target\":{\"@type\":\"EntryPoint\",\"urlTemplate\":\"https:\\\/\\\/nightwatchepilepsy.com\\\/de\\\/?s={search_term_string}\"},\"query-input\":{\"@type\":\"PropertyValueSpecification\",\"valueRequired\":true,\"valueName\":\"search_term_string\"}}],\"inLanguage\":\"de\"},{\"@type\":\"Organization\",\"@id\":\"https:\\\/\\\/nightwatchepilepsy.com\\\/de\\\/#organization\",\"name\":\"NightWatch Epilepsy Seizure Detection\",\"alternateName\":\"NightWatch\",\"url\":\"https:\\\/\\\/nightwatchepilepsy.com\\\/de\\\/\",\"logo\":{\"@type\":\"ImageObject\",\"inLanguage\":\"de\",\"@id\":\"https:\\\/\\\/nightwatchepilepsy.com\\\/de\\\/#\\\/schema\\\/logo\\\/image\\\/\",\"url\":\"https:\\\/\\\/nightwatchepilepsy.com\\\/wp-content\\\/uploads\\\/2023\\\/02\\\/NightWatch-Logo.png\",\"contentUrl\":\"https:\\\/\\\/nightwatchepilepsy.com\\\/wp-content\\\/uploads\\\/2023\\\/02\\\/NightWatch-Logo.png\",\"width\":696,\"height\":696,\"caption\":\"NightWatch Epilepsy Seizure Detection\"},\"image\":{\"@id\":\"https:\\\/\\\/nightwatchepilepsy.com\\\/de\\\/#\\\/schema\\\/logo\\\/image\\\/\"},\"sameAs\":[\"https:\\\/\\\/www.facebook.com\\\/EpilepsySeizureDetectionEN\",\"https:\\\/\\\/x.com\\\/NightWatchAlarm\",\"https:\\\/\\\/www.linkedin.com\\\/company\\\/nightwatch-epilepsy-detection\\\/\",\"https:\\\/\\\/www.instagram.com\\\/nightwatch_epilepsie_detectie\\\/\"]}]}<\/script>\n<!-- \/ Yoast SEO plugin. -->","yoast_head_json":{"title":"Bestellen Pro - NightWatch","robots":{"index":"index","follow":"nofollow","max-snippet":"max-snippet:-1","max-image-preview":"max-image-preview:large","max-video-preview":"max-video-preview:-1"},"canonical":"https:\/\/nightwatchepilepsy.com\/de\/bestellenpro-de\/","og_locale":"de_DE","og_type":"article","og_title":"Bestellen Pro - NightWatch","og_description":"Vielen Dank, dass Sie sich f\u00fcr den Einsatz von NightWatch+ in Ihrer Gesundheitseinrichtung interessieren. NightWatch+ kann unabh\u00e4ngig aufgestellt werden oder aber an ein bestehendes Pflegerufsystem angeschlossen werden. Einer unser Produktspezialisten auf diesem Gebiet wird sich umgehend mit Ihnen dar\u00fcber in Verbindung setzen. M\u00f6chten Sie NightWatch+ daheim gebrauchen, dann k\u00f6nnen Sie \u00fcber diesen Link eine Probezeit [&hellip;]","og_url":"https:\/\/nightwatchepilepsy.com\/de\/bestellenpro-de\/","og_site_name":"NightWatch","article_publisher":"https:\/\/www.facebook.com\/EpilepsySeizureDetectionEN","article_modified_time":"2025-02-28T11:05:18+00:00","twitter_card":"summary_large_image","twitter_site":"@NightWatchAlarm","twitter_misc":{"Gesch\u00e4tzte Lesezeit":"1\u00a0Minute"},"schema":{"@context":"https:\/\/schema.org","@graph":[{"@type":"WebPage","@id":"https:\/\/nightwatchepilepsy.com\/de\/bestellenpro-de\/","url":"https:\/\/nightwatchepilepsy.com\/de\/bestellenpro-de\/","name":"Bestellen Pro - NightWatch","isPartOf":{"@id":"https:\/\/nightwatchepilepsy.com\/de\/#website"},"datePublished":"2021-10-31T13:18:33+00:00","dateModified":"2025-02-28T11:05:18+00:00","breadcrumb":{"@id":"https:\/\/nightwatchepilepsy.com\/de\/bestellenpro-de\/#breadcrumb"},"inLanguage":"de","potentialAction":[{"@type":"ReadAction","target":["https:\/\/nightwatchepilepsy.com\/de\/bestellenpro-de\/"]}]},{"@type":"BreadcrumbList","@id":"https:\/\/nightwatchepilepsy.com\/de\/bestellenpro-de\/#breadcrumb","itemListElement":[{"@type":"ListItem","position":1,"name":"Home","item":"https:\/\/nightwatchepilepsy.com\/de\/"},{"@type":"ListItem","position":2,"name":"Bestellen Pro"}]},{"@type":"WebSite","@id":"https:\/\/nightwatchepilepsy.com\/de\/#website","url":"https:\/\/nightwatchepilepsy.com\/de\/","name":"NightWatch","description":"Epilepsy seizure detection | Warns during sleep","publisher":{"@id":"https:\/\/nightwatchepilepsy.com\/de\/#organization"},"potentialAction":[{"@type":"SearchAction","target":{"@type":"EntryPoint","urlTemplate":"https:\/\/nightwatchepilepsy.com\/de\/?s={search_term_string}"},"query-input":{"@type":"PropertyValueSpecification","valueRequired":true,"valueName":"search_term_string"}}],"inLanguage":"de"},{"@type":"Organization","@id":"https:\/\/nightwatchepilepsy.com\/de\/#organization","name":"NightWatch Epilepsy Seizure Detection","alternateName":"NightWatch","url":"https:\/\/nightwatchepilepsy.com\/de\/","logo":{"@type":"ImageObject","inLanguage":"de","@id":"https:\/\/nightwatchepilepsy.com\/de\/#\/schema\/logo\/image\/","url":"https:\/\/nightwatchepilepsy.com\/wp-content\/uploads\/2023\/02\/NightWatch-Logo.png","contentUrl":"https:\/\/nightwatchepilepsy.com\/wp-content\/uploads\/2023\/02\/NightWatch-Logo.png","width":696,"height":696,"caption":"NightWatch Epilepsy Seizure Detection"},"image":{"@id":"https:\/\/nightwatchepilepsy.com\/de\/#\/schema\/logo\/image\/"},"sameAs":["https:\/\/www.facebook.com\/EpilepsySeizureDetectionEN","https:\/\/x.com\/NightWatchAlarm","https:\/\/www.linkedin.com\/company\/nightwatch-epilepsy-detection\/","https:\/\/www.instagram.com\/nightwatch_epilepsie_detectie\/"]}]}},"_links":{"self":[{"href":"https:\/\/nightwatchepilepsy.com\/de\/wp-json\/wp\/v2\/pages\/27474","targetHints":{"allow":["GET"]}}],"collection":[{"href":"https:\/\/nightwatchepilepsy.com\/de\/wp-json\/wp\/v2\/pages"}],"about":[{"href":"https:\/\/nightwatchepilepsy.com\/de\/wp-json\/wp\/v2\/types\/page"}],"author":[{"embeddable":true,"href":"https:\/\/nightwatchepilepsy.com\/de\/wp-json\/wp\/v2\/users\/1"}],"replies":[{"embeddable":true,"href":"https:\/\/nightwatchepilepsy.com\/de\/wp-json\/wp\/v2\/comments?post=27474"}],"version-history":[{"count":12,"href":"https:\/\/nightwatchepilepsy.com\/de\/wp-json\/wp\/v2\/pages\/27474\/revisions"}],"predecessor-version":[{"id":40765,"href":"https:\/\/nightwatchepilepsy.com\/de\/wp-json\/wp\/v2\/pages\/27474\/revisions\/40765"}],"wp:attachment":[{"href":"https:\/\/nightwatchepilepsy.com\/de\/wp-json\/wp\/v2\/media?parent=27474"}],"curies":[{"name":"wp","href":"https:\/\/api.w.org\/{rel}","templated":true}]}}