{"id":27403,"date":"2021-10-23T12:18:45","date_gmt":"2021-10-23T11:18:45","guid":{"rendered":"https:\/\/nightwatchepilepsy.com\/how-dangerous-is-epilepsy\/"},"modified":"2025-04-11T11:05:52","modified_gmt":"2025-04-11T10:05:52","slug":"wie-gefahrlich-ist-epilepsie","status":"publish","type":"page","link":"https:\/\/nightwatchepilepsy.com\/de\/wie-gefahrlich-ist-epilepsie\/","title":{"rendered":"Wie gef\u00e4hrlich ist Epilepsie?"},"content":{"rendered":"<p>[et_pb_section fb_built=&#8220;1&#8243; _builder_version=&#8220;4.16&#8243; _module_preset=&#8220;default&#8220; global_colors_info=&#8220;{}&#8220;][et_pb_row _builder_version=&#8220;4.16&#8243; _module_preset=&#8220;default&#8220; global_colors_info=&#8220;{}&#8220;][et_pb_column type=&#8220;4_4&#8243; _builder_version=&#8220;4.16&#8243; _module_preset=&#8220;default&#8220; global_colors_info=&#8220;{}&#8220;][et_pb_text _builder_version=&#8220;4.16&#8243; _module_preset=&#8220;default&#8220; global_colors_info=&#8220;{}&#8220;]<\/p>\n<div id=\"comp-kb0uhmu81\" class=\"_1Q9if\" data-testid=\"richTextElement\">\n<h1 class=\"font_0\"><span>Wie gef\u00e4hrlich ist Epilepsie?<\/span><\/h1>\n<\/div>\n<div id=\"comp-kb0uhmuc\" class=\"_1Q9if\" data-testid=\"richTextElement\">\n<p class=\"font_8\">Obwohl ein epileptischer Anfall bedrohlich aussehen kann, ist Epilepsie nur selten akut gef\u00e4hrlich. Epilepsie l\u00e4sst sich immer besser behandeln. Die meisten Menschen k\u00f6nnen mit Medikamenten oder nach einer Operation wieder ein normales Leben f\u00fchren. F\u00fcr den Gro\u00dfteil der Patienten ist es daher auch nicht erforderlich, einschr\u00e4nkende Lebensregeln einzuhalten.<\/p>\n<p class=\"font_8\">F\u00fcr Menschen mit Epilepsie ist es jedoch wichtig, gut einzusch\u00e4tzen, wie gef\u00e4hrlich die epileptischen Anf\u00e4lle sind. Zum Beispiel, indem ein entsprechendes Gleichgewicht zwischen den (allt\u00e4glichen) Aktivit\u00e4ten findet, die man unternehmen kann oder aber lieber unterlassen sollte. Aufgrund der<span>\u00a0<\/span><span><a href=\"\/de\/epilepsie-anfallen\" data-kmt=\"1\">unterschiedlichen Erscheinungsformen epileptischer Anf\u00e4lle<\/a><\/span><span>\u00a0<\/span>ist das f\u00fcr jeden Einzelnen anders. Folgende Fragen k\u00f6nnen helfen einzusch\u00e4tzen, ob eine Aktivit\u00e4t riskant ist:<\/p>\n<ul class=\"font_8\">\n<li>\n<p class=\"font_8\">\u200bWie sieht ein Anfall aus?<\/p>\n<\/li>\n<li>\n<p class=\"font_8\">Sp\u00fcrt man einen bevorstehenden Anfall? Wann treten die Anf\u00e4lle auf? Ist diesbez\u00fcglich ein Muster zu erkennen?<\/p>\n<\/li>\n<li>\n<p class=\"font_8\">Gibt es Ausl\u00f6ser f\u00fcr diese Anf\u00e4lle? (z. B. Spannungen, Stress, Alkoholkonsum)<\/p>\n<\/li>\n<li>\n<p class=\"font_8\">Kommt jemand selbstst\u00e4ndig aus dem Anfall?<\/p>\n<\/li>\n<li>\n<p class=\"font_8\">Sind Menschen in der unmittelbaren Umgebung, die helfen k\u00f6nnen, wenn jemand einen Anfall hat?<\/p>\n<\/li>\n<\/ul>\n<p class=\"font_8\">\n<p class=\"font_8\"><span><a href=\"https:\/\/www.desitin.de\/therapiegebiete\/epilepsie\/tipps-fuer-den-alltag-mit-epilepsie\/?bereich=patientenbereich\/\" target=\"_blank\" data-kmt=\"1\" rel=\"noopener\">Hier<\/a><\/span><span>\u00a0<\/span>finden Sie weitere Tipps und Empfehlungen, die Ihnen bei der Risikoeinsch\u00e4tzung einer Aktivit\u00e4t helfen k\u00f6nnen.<\/p>\n<\/div>\n<p>[\/et_pb_text][\/et_pb_column][\/et_pb_row][\/et_pb_section][et_pb_section fb_built=&#8220;1&#8243; _builder_version=&#8220;4.16&#8243; _module_preset=&#8220;default&#8220; background_color=&#8220;#f7f9fd&#8220; global_colors_info=&#8220;{}&#8220;][et_pb_row _builder_version=&#8220;4.16&#8243; _module_preset=&#8220;default&#8220; custom_padding=&#8220;||0px||false|false&#8220; global_colors_info=&#8220;{}&#8220;][et_pb_column type=&#8220;4_4&#8243; _builder_version=&#8220;4.16&#8243; _module_preset=&#8220;default&#8220; global_colors_info=&#8220;{}&#8220;][et_pb_text _builder_version=&#8220;4.16&#8243; _module_preset=&#8220;default&#8220; global_colors_info=&#8220;{}&#8220;]<\/p>\n<div id=\"comp-k9e9w7b01\" class=\"_1Q9if\" data-testid=\"richTextElement\">\n<div id=\"comp-kb0uhmui\" class=\"_1Q9if\" data-testid=\"richTextElement\">\n<h2 class=\"font_2\"><span>Epilepsiechirurgie<\/span><\/h2>\n<\/div>\n<div id=\"comp-kb0uhmuj2\" class=\"_1Q9if\" data-testid=\"richTextElement\">\n<p class=\"font_8\"><span>Wenn man nicht gut auf Medikamente anspricht, besteht in bestimmten F\u00e4llen die M\u00f6glichkeit eines chirurgischen Eingriffs. Eine Operation bietet bei bestimmten Formen der Epilepsie relativ hohe Erfolgschancen und kann daf\u00fcr sorgen, dass man keine epileptischen Anf\u00e4lle mehr erleidet. Bei der Operation schalten die \u00c4rzte die Stelle im Gehirn aus, an welcher der Anfall entsteht.<\/span><\/p>\n<\/div>\n<\/div>\n<p>[\/et_pb_text][\/et_pb_column][\/et_pb_row][et_pb_row column_structure=&#8220;1_2,1_2&#8243; _builder_version=&#8220;4.16&#8243; _module_preset=&#8220;default&#8220; global_colors_info=&#8220;{}&#8220;][et_pb_column type=&#8220;1_2&#8243; _builder_version=&#8220;4.16&#8243; _module_preset=&#8220;default&#8220; global_colors_info=&#8220;{}&#8220;][et_pb_text _builder_version=&#8220;4.16&#8243; _module_preset=&#8220;default&#8220; global_colors_info=&#8220;{}&#8220;]<\/p>\n<p class=\"font_8\">Aber wann kommt eine Operation in Frage?Eine Operation wird in Betracht gezogen, wenn der Betroffene nicht gut auf die Medikation anspricht und weiterhin regelm\u00e4\u00dfig Anf\u00e4lle erleidet, die das Leben stark beeinflussen. Auch das durch die Anf\u00e4lle entstehende Unfallrisiko wird mitber\u00fccksichtigt. Au\u00dferdem ist eine Operation nur bei einer fokalen Form der Epilepsie m\u00f6glich. Und schlie\u00dflich ber\u00fccksichtigen \u00c4rzte die Risiken der Operation. Manchmal kann eine Operation irreparable Gehirnsch\u00e4den verursachen. Dabei kann es sich z. B. um L\u00e4hmungen, Sprachverlust oder Ged\u00e4chtnisverlust handeln. Eine Operation ist in nahezu jedem Alter m\u00f6glich. Der Ansatz kann variieren.<\/p>\n<p>[\/et_pb_text][\/et_pb_column][et_pb_column type=&#8220;1_2&#8243; _builder_version=&#8220;4.16&#8243; _module_preset=&#8220;default&#8220; global_colors_info=&#8220;{}&#8220;][et_pb_video src=&#8220;https:\/\/youtu.be\/YnUbMzRbRfI&#8220; _builder_version=&#8220;4.16&#8243; _module_preset=&#8220;default&#8220; global_colors_info=&#8220;{}&#8220;][\/et_pb_video][\/et_pb_column][\/et_pb_row][\/et_pb_section][et_pb_section fb_built=&#8220;1&#8243; _builder_version=&#8220;4.16&#8243; _module_preset=&#8220;default&#8220; global_colors_info=&#8220;{}&#8220;][et_pb_row _builder_version=&#8220;4.16&#8243; _module_preset=&#8220;default&#8220; global_colors_info=&#8220;{}&#8220;][et_pb_column type=&#8220;4_4&#8243; _builder_version=&#8220;4.16&#8243; _module_preset=&#8220;default&#8220; global_colors_info=&#8220;{}&#8220;][et_pb_text _builder_version=&#8220;4.16&#8243; _module_preset=&#8220;default&#8220; global_colors_info=&#8220;{}&#8220;]<\/p>\n<div id=\"comp-kb68c04j\" class=\"_1Q9if\" data-testid=\"richTextElement\">\n<h1 class=\"font_0\"><span>Nervus-Vagus-Stimulation (NVS)<\/span><\/h1>\n<\/div>\n<div id=\"comp-kb68c04n1\" class=\"_1Q9if\" data-testid=\"richTextElement\">\n<p class=\"font_8\">F\u00fcr bestimmte Epilepsiepatienten bietet eine erg\u00e4nzende Behandlung, wie z. B. die Nervus-Vagus-Stimulation eine L\u00f6sung. Die Behandlung ist erg\u00e4nzend, da die Patienten trotz der NVS fast immer weiterhin Medikamente einnehmen.<\/p>\n<p class=\"font_8\">\n<p class=\"font_8\">W\u00e4hrend der f\u00fcr die Nervus-Vagus-Stimulation erforderlichen Operation, ist der Patient unter Vollnarkose. Die Operation dauert ca. eine bis anderthalb Stunden. Die \u00c4rzte pflanzen w\u00e4hrend der Operation einen Stimulator unter der Haut ein, etwas unter dem Schl\u00fcsselbein. Dieser Stimulator ist \u00fcber eine Elektrode mit einem Gehirnnerv im Hals verbunden, dem Vagusnerv. Das Ger\u00e4t ist mit einem Herzschrittmacher zu vergleichen, es erzeugt regelm\u00e4\u00dfig kleine Stromst\u00f6\u00dfe am Vagusnerv. Die \u00c4rzte versuchen so den Nerv zu reizen und dadurch Signale an das Gehirn weiterleiten zu lassen. Diese Signale unterdr\u00fccken die epileptischen Anf\u00e4lle im Gehirn. Dadurch hilft diese Stimulation, die H\u00e4ufigkeit der Anf\u00e4lle zu verringern und\/oder diese weniger heftig verlaufen zu lassen. Man kann sich f\u00fcr diese Behandlung entscheiden, wenn man:<\/p>\n<ul class=\"font_8\">\n<li>\n<p class=\"font_8\">trotz der Medikation weiterhin Anf\u00e4lle hat<\/p>\n<\/li>\n<li>\n<p class=\"font_8\">nicht f\u00fcr Epilepsiechirurgie in Frage kommt<\/p>\n<\/li>\n<li>\n<p class=\"font_8\">trotz der Epilepsiechirurgie weiterhin Anf\u00e4lle hat.<\/p>\n<\/li>\n<\/ul>\n<p class=\"font_8\">\n<p class=\"font_8\">Der Stimulator wird patientenspezifisch eingestellt. Der Neurologe bestimmt die Frequenz der Stromst\u00f6\u00dfe. Diese sind, je nach Person, unterschiedlich und vom Ergebnis abh\u00e4ngig. Die Einstellung des Stimulators wird regelm\u00e4\u00dfig \u00fcberpr\u00fcft. Es dauert meistens einige Monate, bis die optimale Einstellung erreicht wird. Manche Patienten k\u00f6nnen sich auch mithilfe eines losen Magneten einen Reizimpuls geben, wenn sie einen bevorstehenden Anfall sp\u00fcren.<\/p>\n<\/div>\n<p>[\/et_pb_text][\/et_pb_column][\/et_pb_row][\/et_pb_section][et_pb_section fb_built=&#8220;1&#8243; _builder_version=&#8220;4.16&#8243; _module_preset=&#8220;default&#8220; background_color=&#8220;#f7f9fd&#8220; global_colors_info=&#8220;{}&#8220;][et_pb_row _builder_version=&#8220;4.16&#8243; _module_preset=&#8220;default&#8220; global_colors_info=&#8220;{}&#8220;][et_pb_column type=&#8220;4_4&#8243; _builder_version=&#8220;4.16&#8243; _module_preset=&#8220;default&#8220; global_colors_info=&#8220;{}&#8220;][et_pb_text _builder_version=&#8220;4.16&#8243; _module_preset=&#8220;default&#8220; global_colors_info=&#8220;{}&#8220;]<\/p>\n<div id=\"comp-k9e9w7b01\" class=\"_1Q9if\" data-testid=\"richTextElement\">\n<div id=\"comp-kb0uhmuo1\" class=\"_1Q9if\" data-testid=\"richTextElement\">\n<h2 class=\"font_2\"><span>Wann ist Epilepsie gef\u00e4hrlich?<\/span><\/h2>\n<\/div>\n<div id=\"comp-kb0uhmup2\" class=\"_1Q9if\" data-testid=\"richTextElement\">\n<p class=\"font_8\"><span>Dennoch gibt es bestimmte Situationen, in denen Epilepsie gef\u00e4hrlich sein kann. Es besteht die M\u00f6glichkeit, dass ein Epilepsiepatient w\u00e4hrend eines Anfalls in eine riskante und gef\u00e4hrliche Situation ger\u00e4t. Zum Beispiel, wenn jemand w\u00e4hrend eines Anfalls f\u00e4llt, keine Schmerzreize versp\u00fcrt oder sich verletzt, bzw. wehtut. Auch ein \u201eStatus epilepticus\u201c kann lebensbedrohliche Situationen verursachen. Normalerweise h\u00f6ren epileptische Anf\u00e4lle von selbst auf. Wenn ein Anfall l\u00e4nger als 5 Minuten dauert, spricht man von einem \u201eStatus epilepticus\u201c. Um diesen Anfall zu beenden, ist h\u00e4ufig \u00e4rztliches Eingreifen erforderlich. In bestimmten F\u00e4llen ist Epilepsie t\u00f6dlich. Ein Epileptiker stirbt dann nach einem epileptischen Anfall, ohne dass die Ursache sofort deutlich ist. Das nennt man SUDEP (Sudden unexpected Death in Epilepsy) oder Epilepsietod.<\/span><\/p>\n<\/div>\n<\/div>\n<p>[\/et_pb_text][\/et_pb_column][\/et_pb_row][\/et_pb_section][et_pb_section fb_built=&#8220;1&#8243; module_id=&#8220;SuddenUnexpectedDeathInEpilepsy&#8220; _builder_version=&#8220;4.16&#8243; _module_preset=&#8220;default&#8220; global_colors_info=&#8220;{}&#8220;][et_pb_row _builder_version=&#8220;4.16&#8243; _module_preset=&#8220;default&#8220; global_colors_info=&#8220;{}&#8220;][et_pb_column type=&#8220;4_4&#8243; _builder_version=&#8220;4.16&#8243; _module_preset=&#8220;default&#8220; global_colors_info=&#8220;{}&#8220;][et_pb_text _builder_version=&#8220;4.27.4&#8243; _module_preset=&#8220;default&#8220; hover_enabled=&#8220;0&#8243; global_colors_info=&#8220;{}&#8220; sticky_enabled=&#8220;0&#8243;]<\/p>\n<div id=\"comp-kb0uhmuv\" class=\"_1Q9if\" data-testid=\"richTextElement\">\n<h2 class=\"font_2\"><span>SUDEP<\/span><\/h2>\n<\/div>\n<div id=\"comp-kb0uhmuw2\" class=\"_1Q9if\" data-testid=\"richTextElement\">\n<p class=\"font_8\"><span>Im Falle von\u00a0SUDEP (Sudden unexpected Death in Epilepsy)\u00a0stirbt jemand mit Epilepsie pl\u00f6tzlich, ohne dass eine Todesursache festgestellt werden kann. Dem Epilepsiefonds zufolge geschieht das in mehr als der H\u00e4lfte der F\u00e4lle im Schlaf. Es wurden bereits viele Nachweise erbracht, dass SUDEP die Folge eines epileptischen Anfalls ist. Die j\u00e4hrliche Anzahl der SUDEP-F\u00e4lle in Deutschland werden etwa\u00a0<a href=\"https:\/\/www.springermedizin.de\/epilepsie\/ploetzlicher-herztod\/ploetzlicher-unerwarteter-tod-bei-epilepsie-sudep\/17142170\" target=\"_blank\" rel=\"noopener noreferrer\" data-kmt=\"1\">700 SUDEP-F\u00e4lle pro Jahr<\/a>\u00a0erwartet. Es ist jedoch bekannt, dass h\u00e4ufig ein Herz- oder Atemstillstand zugrunde liegt.<\/span><\/p>\n<p class=\"font_8\"><span>SUDEP kann alle Menschen mit Epilepsie treffen, es bestehen jedoch bestimmte Risikogruppen. Vor allem Menschen mit schlecht behandelbarer Epilepsie,\u00a0<a href=\"\/de\/epilepsie-anfallen\/#TonischKlonischeAnfalle\" data-anchor=\"dataItem-kb0v0k01\" data-kmt=\"1\">tonisch-klonischen Anf\u00e4llen<\/a>, geistiger Behinderung und mit sehr h\u00e4ufigen Anf\u00e4llen haben ein h\u00f6heres SUDEP-Risiko. Auch f\u00fcr Menschen, die n\u00e4chtliche Anf\u00e4lle erleiden, ist das Risiko, an SUDEP zu sterben, h\u00f6her. Eine gute n\u00e4chtliche Pflege hilft schweren Komplikation wie z. B. SUDEP vorzubeugen.<\/span><\/p>\n<p class=\"font_8\"><span>Solange nicht eindeutig feststeht, wie SUDEP entsteht und was genau passiert, l\u00e4sst es sich schwer verhindern. Wie gef\u00e4hrlich Epilepsie ist, h\u00e4ngt von diversen Faktoren ab. Tatsache ist: je weniger Anf\u00e4lle, umso weniger Risiken. Die Empfehlung lautet, alles zu unternehmen, um Anf\u00e4lle vorzubeugen oder diese einzuschr\u00e4nken. Zum Beispiel durch sorgf\u00e4ltige Einnahme der Medikamente, regelm\u00e4\u00dfige Kontrollen beim behandelnden Arzt und\u00a0<a href=\"\/de\/was-ist-epilepsie\/#EpilepsieAusl\u00f6ser\" data-kmt=\"1\">Vermeiden der Situationen, die Anf\u00e4lle ausl\u00f6sen<\/a>. Auch ist es von wesentlicher Bedeutung, dass Anf\u00e4lle rechtzeitig erkannt werden.<\/span><\/p>\n<\/div>\n<p>[\/et_pb_text][et_pb_button button_url=&#8220;\/de\/sudep&#8220; button_text=&#8220;SUDEP Medical Backgrounder&#8220; button_alignment=&#8220;center&#8220; _builder_version=&#8220;4.16&#8243; _module_preset=&#8220;default&#8220; global_colors_info=&#8220;{}&#8220;][\/et_pb_button][\/et_pb_column][\/et_pb_row][\/et_pb_section]<\/p>\n","protected":false},"excerpt":{"rendered":"<p>Wie gef\u00e4hrlich ist Epilepsie? Obwohl ein epileptischer Anfall bedrohlich aussehen kann, ist Epilepsie nur selten akut gef\u00e4hrlich. Epilepsie l\u00e4sst sich immer besser behandeln. Die meisten Menschen k\u00f6nnen mit Medikamenten oder nach einer Operation wieder ein normales Leben f\u00fchren. F\u00fcr den Gro\u00dfteil der Patienten ist es daher auch nicht erforderlich, einschr\u00e4nkende Lebensregeln einzuhalten. F\u00fcr Menschen mit [&hellip;]<\/p>\n","protected":false},"author":1,"featured_media":0,"parent":0,"menu_order":0,"comment_status":"closed","ping_status":"closed","template":"","meta":{"_et_pb_use_builder":"on","_et_pb_old_content":"","_et_gb_content_width":"","footnotes":""},"class_list":["post-27403","page","type-page","status-publish","hentry"],"yoast_head":"<!-- This site is optimized with the Yoast SEO plugin v27.3 - https:\/\/yoast.com\/product\/yoast-seo-wordpress\/ -->\n<title>Wie gef\u00e4hrlich ist Epilepsie?<\/title>\n<meta name=\"description\" content=\"Epilepsie ist keine lebensbedrohliche Erkrankung. Dennoch gibt es bestimmte Situationen, in denen Epilepsie gef\u00e4hrlich ist. Das h\u00e4ngt von diversen Faktoren ab.\" \/>\n<meta name=\"robots\" content=\"index, follow, max-snippet:-1, max-image-preview:large, max-video-preview:-1\" \/>\n<link rel=\"canonical\" href=\"https:\/\/nightwatchepilepsy.com\/de\/wie-gefahrlich-ist-epilepsie\/\" \/>\n<meta property=\"og:locale\" content=\"de_DE\" \/>\n<meta property=\"og:type\" content=\"article\" \/>\n<meta property=\"og:title\" content=\"Wie gef\u00e4hrlich ist Epilepsie?\" \/>\n<meta property=\"og:description\" content=\"Epilepsie ist keine lebensbedrohliche Erkrankung. Dennoch gibt es bestimmte Situationen, in denen Epilepsie gef\u00e4hrlich ist. Das h\u00e4ngt von diversen Faktoren ab.\" \/>\n<meta property=\"og:url\" content=\"https:\/\/nightwatchepilepsy.com\/de\/wie-gefahrlich-ist-epilepsie\/\" \/>\n<meta property=\"og:site_name\" content=\"NightWatch\" \/>\n<meta property=\"article:publisher\" content=\"https:\/\/www.facebook.com\/EpilepsySeizureDetectionEN\" \/>\n<meta property=\"article:modified_time\" content=\"2025-04-11T10:05:52+00:00\" \/>\n<meta property=\"og:image\" content=\"https:\/\/nightwatchepilepsy.com\/wp-content\/uploads\/2021\/10\/doctor-brain.png\" \/>\n\t<meta property=\"og:image:width\" content=\"423\" \/>\n\t<meta property=\"og:image:height\" content=\"230\" \/>\n\t<meta property=\"og:image:type\" content=\"image\/png\" \/>\n<meta name=\"twitter:card\" content=\"summary_large_image\" \/>\n<meta name=\"twitter:title\" content=\"Wie gef\u00e4hrlich ist Epilepsie?\" \/>\n<meta name=\"twitter:description\" content=\"Epilepsie ist keine lebensbedrohliche Erkrankung. Dennoch gibt es bestimmte Situationen, in denen Epilepsie gef\u00e4hrlich ist. Das h\u00e4ngt von diversen Faktoren ab.\" \/>\n<meta name=\"twitter:image\" content=\"https:\/\/nightwatchepilepsy.com\/wp-content\/uploads\/2021\/10\/doctor-brain.png\" \/>\n<meta name=\"twitter:site\" content=\"@NightWatchAlarm\" \/>\n<meta name=\"twitter:label1\" content=\"Gesch\u00e4tzte Lesezeit\" \/>\n\t<meta name=\"twitter:data1\" content=\"5\u00a0Minuten\" \/>\n<script type=\"application\/ld+json\" class=\"yoast-schema-graph\">{\"@context\":\"https:\\\/\\\/schema.org\",\"@graph\":[{\"@type\":\"WebPage\",\"@id\":\"https:\\\/\\\/nightwatchepilepsy.com\\\/de\\\/wie-gefahrlich-ist-epilepsie\\\/\",\"url\":\"https:\\\/\\\/nightwatchepilepsy.com\\\/de\\\/wie-gefahrlich-ist-epilepsie\\\/\",\"name\":\"Wie gef\u00e4hrlich ist Epilepsie?\",\"isPartOf\":{\"@id\":\"https:\\\/\\\/nightwatchepilepsy.com\\\/de\\\/#website\"},\"datePublished\":\"2021-10-23T11:18:45+00:00\",\"dateModified\":\"2025-04-11T10:05:52+00:00\",\"description\":\"Epilepsie ist keine lebensbedrohliche Erkrankung. Dennoch gibt es bestimmte Situationen, in denen Epilepsie gef\u00e4hrlich ist. Das h\u00e4ngt von diversen Faktoren ab.\",\"breadcrumb\":{\"@id\":\"https:\\\/\\\/nightwatchepilepsy.com\\\/de\\\/wie-gefahrlich-ist-epilepsie\\\/#breadcrumb\"},\"inLanguage\":\"de\",\"potentialAction\":[{\"@type\":\"ReadAction\",\"target\":[\"https:\\\/\\\/nightwatchepilepsy.com\\\/de\\\/wie-gefahrlich-ist-epilepsie\\\/\"]}]},{\"@type\":\"BreadcrumbList\",\"@id\":\"https:\\\/\\\/nightwatchepilepsy.com\\\/de\\\/wie-gefahrlich-ist-epilepsie\\\/#breadcrumb\",\"itemListElement\":[{\"@type\":\"ListItem\",\"position\":1,\"name\":\"Home\",\"item\":\"https:\\\/\\\/nightwatchepilepsy.com\\\/de\\\/\"},{\"@type\":\"ListItem\",\"position\":2,\"name\":\"Wie gef\u00e4hrlich ist Epilepsie?\"}]},{\"@type\":\"WebSite\",\"@id\":\"https:\\\/\\\/nightwatchepilepsy.com\\\/de\\\/#website\",\"url\":\"https:\\\/\\\/nightwatchepilepsy.com\\\/de\\\/\",\"name\":\"NightWatch\",\"description\":\"Epilepsy seizure detection | Warns during sleep\",\"publisher\":{\"@id\":\"https:\\\/\\\/nightwatchepilepsy.com\\\/de\\\/#organization\"},\"potentialAction\":[{\"@type\":\"SearchAction\",\"target\":{\"@type\":\"EntryPoint\",\"urlTemplate\":\"https:\\\/\\\/nightwatchepilepsy.com\\\/de\\\/?s={search_term_string}\"},\"query-input\":{\"@type\":\"PropertyValueSpecification\",\"valueRequired\":true,\"valueName\":\"search_term_string\"}}],\"inLanguage\":\"de\"},{\"@type\":\"Organization\",\"@id\":\"https:\\\/\\\/nightwatchepilepsy.com\\\/de\\\/#organization\",\"name\":\"NightWatch Epilepsy Seizure Detection\",\"alternateName\":\"NightWatch\",\"url\":\"https:\\\/\\\/nightwatchepilepsy.com\\\/de\\\/\",\"logo\":{\"@type\":\"ImageObject\",\"inLanguage\":\"de\",\"@id\":\"https:\\\/\\\/nightwatchepilepsy.com\\\/de\\\/#\\\/schema\\\/logo\\\/image\\\/\",\"url\":\"https:\\\/\\\/nightwatchepilepsy.com\\\/wp-content\\\/uploads\\\/2023\\\/02\\\/NightWatch-Logo.png\",\"contentUrl\":\"https:\\\/\\\/nightwatchepilepsy.com\\\/wp-content\\\/uploads\\\/2023\\\/02\\\/NightWatch-Logo.png\",\"width\":696,\"height\":696,\"caption\":\"NightWatch Epilepsy Seizure Detection\"},\"image\":{\"@id\":\"https:\\\/\\\/nightwatchepilepsy.com\\\/de\\\/#\\\/schema\\\/logo\\\/image\\\/\"},\"sameAs\":[\"https:\\\/\\\/www.facebook.com\\\/EpilepsySeizureDetectionEN\",\"https:\\\/\\\/x.com\\\/NightWatchAlarm\",\"https:\\\/\\\/www.linkedin.com\\\/company\\\/nightwatch-epilepsy-detection\\\/\",\"https:\\\/\\\/www.instagram.com\\\/nightwatch_epilepsie_detectie\\\/\"]}]}<\/script>\n<!-- \/ Yoast SEO plugin. -->","yoast_head_json":{"title":"Wie gef\u00e4hrlich ist Epilepsie?","description":"Epilepsie ist keine lebensbedrohliche Erkrankung. Dennoch gibt es bestimmte Situationen, in denen Epilepsie gef\u00e4hrlich ist. Das h\u00e4ngt von diversen Faktoren ab.","robots":{"index":"index","follow":"follow","max-snippet":"max-snippet:-1","max-image-preview":"max-image-preview:large","max-video-preview":"max-video-preview:-1"},"canonical":"https:\/\/nightwatchepilepsy.com\/de\/wie-gefahrlich-ist-epilepsie\/","og_locale":"de_DE","og_type":"article","og_title":"Wie gef\u00e4hrlich ist Epilepsie?","og_description":"Epilepsie ist keine lebensbedrohliche Erkrankung. Dennoch gibt es bestimmte Situationen, in denen Epilepsie gef\u00e4hrlich ist. Das h\u00e4ngt von diversen Faktoren ab.","og_url":"https:\/\/nightwatchepilepsy.com\/de\/wie-gefahrlich-ist-epilepsie\/","og_site_name":"NightWatch","article_publisher":"https:\/\/www.facebook.com\/EpilepsySeizureDetectionEN","article_modified_time":"2025-04-11T10:05:52+00:00","og_image":[{"width":423,"height":230,"url":"https:\/\/nightwatchepilepsy.com\/wp-content\/uploads\/2021\/10\/doctor-brain.png","type":"image\/png"}],"twitter_card":"summary_large_image","twitter_title":"Wie gef\u00e4hrlich ist Epilepsie?","twitter_description":"Epilepsie ist keine lebensbedrohliche Erkrankung. Dennoch gibt es bestimmte Situationen, in denen Epilepsie gef\u00e4hrlich ist. Das h\u00e4ngt von diversen Faktoren ab.","twitter_image":"https:\/\/nightwatchepilepsy.com\/wp-content\/uploads\/2021\/10\/doctor-brain.png","twitter_site":"@NightWatchAlarm","twitter_misc":{"Gesch\u00e4tzte Lesezeit":"5\u00a0Minuten"},"schema":{"@context":"https:\/\/schema.org","@graph":[{"@type":"WebPage","@id":"https:\/\/nightwatchepilepsy.com\/de\/wie-gefahrlich-ist-epilepsie\/","url":"https:\/\/nightwatchepilepsy.com\/de\/wie-gefahrlich-ist-epilepsie\/","name":"Wie gef\u00e4hrlich ist Epilepsie?","isPartOf":{"@id":"https:\/\/nightwatchepilepsy.com\/de\/#website"},"datePublished":"2021-10-23T11:18:45+00:00","dateModified":"2025-04-11T10:05:52+00:00","description":"Epilepsie ist keine lebensbedrohliche Erkrankung. Dennoch gibt es bestimmte Situationen, in denen Epilepsie gef\u00e4hrlich ist. Das h\u00e4ngt von diversen Faktoren ab.","breadcrumb":{"@id":"https:\/\/nightwatchepilepsy.com\/de\/wie-gefahrlich-ist-epilepsie\/#breadcrumb"},"inLanguage":"de","potentialAction":[{"@type":"ReadAction","target":["https:\/\/nightwatchepilepsy.com\/de\/wie-gefahrlich-ist-epilepsie\/"]}]},{"@type":"BreadcrumbList","@id":"https:\/\/nightwatchepilepsy.com\/de\/wie-gefahrlich-ist-epilepsie\/#breadcrumb","itemListElement":[{"@type":"ListItem","position":1,"name":"Home","item":"https:\/\/nightwatchepilepsy.com\/de\/"},{"@type":"ListItem","position":2,"name":"Wie gef\u00e4hrlich ist Epilepsie?"}]},{"@type":"WebSite","@id":"https:\/\/nightwatchepilepsy.com\/de\/#website","url":"https:\/\/nightwatchepilepsy.com\/de\/","name":"NightWatch","description":"Epilepsy seizure detection | Warns during sleep","publisher":{"@id":"https:\/\/nightwatchepilepsy.com\/de\/#organization"},"potentialAction":[{"@type":"SearchAction","target":{"@type":"EntryPoint","urlTemplate":"https:\/\/nightwatchepilepsy.com\/de\/?s={search_term_string}"},"query-input":{"@type":"PropertyValueSpecification","valueRequired":true,"valueName":"search_term_string"}}],"inLanguage":"de"},{"@type":"Organization","@id":"https:\/\/nightwatchepilepsy.com\/de\/#organization","name":"NightWatch Epilepsy Seizure Detection","alternateName":"NightWatch","url":"https:\/\/nightwatchepilepsy.com\/de\/","logo":{"@type":"ImageObject","inLanguage":"de","@id":"https:\/\/nightwatchepilepsy.com\/de\/#\/schema\/logo\/image\/","url":"https:\/\/nightwatchepilepsy.com\/wp-content\/uploads\/2023\/02\/NightWatch-Logo.png","contentUrl":"https:\/\/nightwatchepilepsy.com\/wp-content\/uploads\/2023\/02\/NightWatch-Logo.png","width":696,"height":696,"caption":"NightWatch Epilepsy Seizure Detection"},"image":{"@id":"https:\/\/nightwatchepilepsy.com\/de\/#\/schema\/logo\/image\/"},"sameAs":["https:\/\/www.facebook.com\/EpilepsySeizureDetectionEN","https:\/\/x.com\/NightWatchAlarm","https:\/\/www.linkedin.com\/company\/nightwatch-epilepsy-detection\/","https:\/\/www.instagram.com\/nightwatch_epilepsie_detectie\/"]}]}},"_links":{"self":[{"href":"https:\/\/nightwatchepilepsy.com\/de\/wp-json\/wp\/v2\/pages\/27403","targetHints":{"allow":["GET"]}}],"collection":[{"href":"https:\/\/nightwatchepilepsy.com\/de\/wp-json\/wp\/v2\/pages"}],"about":[{"href":"https:\/\/nightwatchepilepsy.com\/de\/wp-json\/wp\/v2\/types\/page"}],"author":[{"embeddable":true,"href":"https:\/\/nightwatchepilepsy.com\/de\/wp-json\/wp\/v2\/users\/1"}],"replies":[{"embeddable":true,"href":"https:\/\/nightwatchepilepsy.com\/de\/wp-json\/wp\/v2\/comments?post=27403"}],"version-history":[{"count":9,"href":"https:\/\/nightwatchepilepsy.com\/de\/wp-json\/wp\/v2\/pages\/27403\/revisions"}],"predecessor-version":[{"id":41058,"href":"https:\/\/nightwatchepilepsy.com\/de\/wp-json\/wp\/v2\/pages\/27403\/revisions\/41058"}],"wp:attachment":[{"href":"https:\/\/nightwatchepilepsy.com\/de\/wp-json\/wp\/v2\/media?parent=27403"}],"curies":[{"name":"wp","href":"https:\/\/api.w.org\/{rel}","templated":true}]}}