{"id":27373,"date":"2021-10-12T18:59:29","date_gmt":"2021-10-12T17:59:29","guid":{"rendered":"https:\/\/nightwatchepilepsy.com\/news\/"},"modified":"2025-07-24T10:01:40","modified_gmt":"2025-07-24T09:01:40","slug":"epilepsie","status":"publish","type":"page","link":"https:\/\/nightwatchepilepsy.com\/de\/epilepsie\/","title":{"rendered":"Epilepsie"},"content":{"rendered":"<p>[et_pb_section fb_built=&#8220;1&#8243; module_id=&#8220;Information1&#8243; _builder_version=&#8220;4.16&#8243; _module_preset=&#8220;default&#8220; background_color=&#8220;#f1f3fb&#8220; global_colors_info=&#8220;{}&#8220;][et_pb_row _builder_version=&#8220;4.16&#8243; _module_preset=&#8220;default&#8220; custom_padding=&#8220;||0px||false|false&#8220; global_colors_info=&#8220;{}&#8220;][et_pb_column type=&#8220;4_4&#8243; _builder_version=&#8220;4.16&#8243; _module_preset=&#8220;default&#8220; global_colors_info=&#8220;{}&#8220;][et_pb_text _builder_version=&#8220;4.27.4&#8243; _module_preset=&#8220;default&#8220; hover_enabled=&#8220;0&#8243; global_colors_info=&#8220;{}&#8220; sticky_enabled=&#8220;0&#8243;]<\/p>\n<div id=\"bgLayers_comp-kdioabg8\" data-hook=\"bgLayers\" class=\"_3wnIc\">\n<div id=\"bgMedia_comp-kdioabg8\" class=\"_2GUhU\"><\/div>\n<\/div>\n<div data-mesh-id=\"comp-kdioabg8inlineContent\" data-testid=\"inline-content\" class=\"\">\n<div data-mesh-id=\"comp-kdioabg8inlineContent-gridContainer\" data-testid=\"mesh-container-content\">\n<div id=\"comp-kdsm77hw\" class=\"_1Q9if\" data-testid=\"richTextElement\">\n<h2 class=\"font_2\"><span>Informationen rundum Epilepsie<\/span><\/h2>\n<\/div>\n<\/div>\n<\/div>\n<p>[\/et_pb_text][\/et_pb_column][\/et_pb_row][et_pb_row column_structure=&#8220;1_3,1_3,1_3&#8243; _builder_version=&#8220;4.16&#8243; _module_preset=&#8220;default&#8220; global_colors_info=&#8220;{}&#8220;][et_pb_column type=&#8220;1_3&#8243; _builder_version=&#8220;4.16&#8243; _module_preset=&#8220;default&#8220; global_colors_info=&#8220;{}&#8220;][et_pb_image src=&#8220;https:\/\/nightwatchepilepsy.com\/wp-content\/uploads\/2021\/11\/boy-with-teddy.png&#8220; title_text=&#8220;boy-with-teddy&#8220; url=&#8220;@ET-DC@eyJkeW5hbWljIjp0cnVlLCJjb250ZW50IjoicG9zdF9saW5rX3VybF9wYWdlIiwic2V0dGluZ3MiOnsicG9zdF9pZCI6IjI1OTkzIn19@&#8220; _builder_version=&#8220;4.16&#8243; _dynamic_attributes=&#8220;url&#8220; _module_preset=&#8220;default&#8220; global_colors_info=&#8220;{}&#8220;][\/et_pb_image][et_pb_text _builder_version=&#8220;4.16&#8243; _dynamic_attributes=&#8220;link_option_url&#8220; _module_preset=&#8220;default&#8220; link_option_url=&#8220;@ET-DC@eyJkeW5hbWljIjp0cnVlLCJjb250ZW50IjoicG9zdF9saW5rX3VybF9wYWdlIiwic2V0dGluZ3MiOnsicG9zdF9pZCI6IjI1OTkzIn19@&#8220; global_colors_info=&#8220;{}&#8220;]<\/p>\n<h3 class=\"font_3\"><span>Kinder mit Epilepsie<\/span><\/h3>\n<p class=\"font_8\"><span><span class=\"wixGuard\">\u200b<\/span><\/span>Epilepsie bei Kindern ist nicht ohne Risiko. F\u00fcr Sie als Eltern ist es wichtig, sich gr\u00fcndlich informieren zu lassen. Lesen Sie hier weitere Informationen und Empfehlungen.<\/p>\n<p>[\/et_pb_text][\/et_pb_column][et_pb_column type=&#8220;1_3&#8243; _builder_version=&#8220;4.16&#8243; _module_preset=&#8220;default&#8220; global_colors_info=&#8220;{}&#8220;][et_pb_image src=&#8220;https:\/\/nightwatchepilepsy.com\/wp-content\/uploads\/2021\/11\/woman-with-arms-crossed.png&#8220; title_text=&#8220;woman-with-arms-crossed&#8220; url=&#8220;@ET-DC@eyJkeW5hbWljIjp0cnVlLCJjb250ZW50IjoicG9zdF9saW5rX3VybF9wYWdlIiwic2V0dGluZ3MiOnsicG9zdF9pZCI6IjI2MDIyIn19@&#8220; _builder_version=&#8220;4.16&#8243; _dynamic_attributes=&#8220;url&#8220; _module_preset=&#8220;default&#8220; global_colors_info=&#8220;{}&#8220;][\/et_pb_image][et_pb_text _builder_version=&#8220;4.16&#8243; _dynamic_attributes=&#8220;link_option_url&#8220; _module_preset=&#8220;default&#8220; link_option_url=&#8220;@ET-DC@eyJkeW5hbWljIjp0cnVlLCJjb250ZW50IjoicG9zdF9saW5rX3VybF9wYWdlIiwic2V0dGluZ3MiOnsicG9zdF9pZCI6IjI2MDIyIn19@&#8220; global_colors_info=&#8220;{}&#8220;]<\/p>\n<h3 class=\"font_3\"><span>Klienten mit Epilepsie<\/span><\/h3>\n<p class=\"font_8\">Eine gute Begleitung von Klienten mit Epilepsie erfordert zus\u00e4tzliche Aufmerksamkeit und st\u00e4ndige Abw\u00e4gungen. Lesen Sie hier Tipps und Empfehlungen.<\/p>\n<p>[\/et_pb_text][\/et_pb_column][et_pb_column type=&#8220;1_3&#8243; _builder_version=&#8220;4.16&#8243; _module_preset=&#8220;default&#8220; global_colors_info=&#8220;{}&#8220;][et_pb_image src=&#8220;https:\/\/nightwatchepilepsy.com\/wp-content\/uploads\/2021\/11\/man-and-woman-sitting-couch2.png&#8220; title_text=&#8220;man-and-woman-sitting-couch2&#8243; url=&#8220;@ET-DC@eyJkeW5hbWljIjp0cnVlLCJjb250ZW50IjoicG9zdF9saW5rX3VybF9wYWdlIiwic2V0dGluZ3MiOnsicG9zdF9pZCI6IjI2MTY4In19@&#8220; _builder_version=&#8220;4.16&#8243; _dynamic_attributes=&#8220;url&#8220; _module_preset=&#8220;default&#8220; global_colors_info=&#8220;{}&#8220;][\/et_pb_image][et_pb_text _builder_version=&#8220;4.16&#8243; _module_preset=&#8220;default&#8220; global_colors_info=&#8220;{}&#8220;]<\/p>\n<h3 class=\"font_3\"><span>Partner mit Epilepsie<\/span><\/h3>\n<p class=\"font_8\"><span><span class=\"wixGuard\">\u200b<\/span><\/span> Wenn Ihr Partner Epilepsie hat, kann dies auch f\u00fcr Sie als Partner weitreichende Auswirkungen haben. Lesen Sie hier, wie Sie weniger Stress empfinden und mehr Vertrauen erlangen k\u00f6nnen.<\/p>\n<p>[\/et_pb_text][\/et_pb_column][\/et_pb_row][\/et_pb_section][et_pb_section fb_built=&#8220;1&#8243; module_id=&#8220;WasIstEpilepsie&#8220; _builder_version=&#8220;4.18.1&#8243; _module_preset=&#8220;default&#8220; global_colors_info=&#8220;{}&#8220;][et_pb_row column_structure=&#8220;1_3,1_3,1_3&#8243; custom_padding_last_edited=&#8220;on|phone&#8220; _builder_version=&#8220;4.16&#8243; _module_preset=&#8220;default&#8220; custom_padding_tablet=&#8220;&#8220; custom_padding_phone=&#8220;||0px||false|false&#8220; global_colors_info=&#8220;{}&#8220;][et_pb_column type=&#8220;1_3&#8243; _builder_version=&#8220;4.16&#8243; _module_preset=&#8220;default&#8220; global_colors_info=&#8220;{}&#8220;][et_pb_text _builder_version=&#8220;4.16&#8243; _dynamic_attributes=&#8220;link_option_url&#8220; _module_preset=&#8220;default&#8220; background_color=&#8220;#f1f3fb&#8220; height=&#8220;310px&#8220; custom_margin=&#8220;||||false|false&#8220; custom_padding=&#8220;30px|10px||10px|false|false&#8220; link_option_url=&#8220;@ET-DC@eyJkeW5hbWljIjp0cnVlLCJjb250ZW50IjoicG9zdF9saW5rX3VybF9wYWdlIiwic2V0dGluZ3MiOnsicG9zdF9pZCI6IjI2MTg4In19@&#8220; border_radii=&#8220;on|10px|10px|10px|10px&#8220; box_shadow_style=&#8220;preset1&#8243; box_shadow_blur=&#8220;12px&#8220; global_colors_info=&#8220;{}&#8220;]<\/p>\n<div id=\"comp-kdio6evy1\" class=\"_1Q9if\" data-testid=\"richTextElement\">\n<h3 class=\"font_3\" style=\"text-align: center;\"><span>Was ist Epilepsie?<\/span><\/h3>\n<\/div>\n<div id=\"comp-kdio6ew3\" class=\"_1Q9if\" data-testid=\"richTextElement\">\n<p class=\"font_8\" style=\"text-align: center;\"><span>Epilepsie ist eine Erkrankung des Gehirns, die bei den Patienten zu Anf\u00e4llen f\u00fchrt. Lesen Sie hier \u00fcber die Ursachen, Diagnose, Risiken und Vererbung von Epilepsie.<\/span><\/p>\n<p class=\"font_8\" style=\"text-align: center;\">Weiterlesen&#8230;<\/p>\n<\/div>\n<p>[\/et_pb_text][\/et_pb_column][et_pb_column type=&#8220;1_3&#8243; _builder_version=&#8220;4.16&#8243; _module_preset=&#8220;default&#8220; global_colors_info=&#8220;{}&#8220;][et_pb_text _builder_version=&#8220;4.16&#8243; _dynamic_attributes=&#8220;link_option_url&#8220; _module_preset=&#8220;default&#8220; background_color=&#8220;#f1f3fb&#8220; height=&#8220;310px&#8220; custom_padding=&#8220;30px|10px||10px|false|false&#8220; link_option_url=&#8220;@ET-DC@eyJkeW5hbWljIjp0cnVlLCJjb250ZW50IjoicG9zdF9saW5rX3VybF9wYWdlIiwic2V0dGluZ3MiOnsicG9zdF9pZCI6IjI2MTk5In19@&#8220; border_radii=&#8220;on|10px|10px|10px|10px&#8220; box_shadow_style=&#8220;preset1&#8243; box_shadow_blur=&#8220;12px&#8220; global_colors_info=&#8220;{}&#8220;]<\/p>\n<div id=\"comp-kdio6ew71\" class=\"_1Q9if\" data-testid=\"richTextElement\">\n<h3 class=\"font_3\" style=\"text-align: center;\"><span>Welche Arten von Epilepsie-Anf\u00e4llen gibt es?<\/span><\/h3>\n<\/div>\n<div id=\"comp-kdio6ew9\" class=\"_1Q9if\" data-testid=\"richTextElement\">\n<p class=\"font_8\" style=\"text-align: center;\"><span>Epileptische Anf\u00e4lle haben unterschiedliche Erscheinungsformen. Jeder Anfall erfordert eine andere Herangehensweise, die auch je nach Person unterschiedlich ist. Bereiten Sie sich gut vor.<\/span><\/p>\n<p class=\"font_8\" style=\"text-align: center;\"><span>Weiterlesen&#8230;<\/span><\/p>\n<\/div>\n<p>[\/et_pb_text][\/et_pb_column][et_pb_column type=&#8220;1_3&#8243; _builder_version=&#8220;4.16&#8243; _module_preset=&#8220;default&#8220; global_colors_info=&#8220;{}&#8220;][et_pb_text _builder_version=&#8220;4.16&#8243; _dynamic_attributes=&#8220;link_option_url&#8220; _module_preset=&#8220;default&#8220; background_color=&#8220;#f1f3fb&#8220; height=&#8220;310px&#8220; custom_padding=&#8220;30px|10px||10px|false|false&#8220; link_option_url=&#8220;@ET-DC@eyJkeW5hbWljIjp0cnVlLCJjb250ZW50IjoicG9zdF9saW5rX3VybF9wYWdlIiwic2V0dGluZ3MiOnsicG9zdF9pZCI6IjI2MjAyIn19@&#8220; border_radii=&#8220;on|10px|10px|10px|10px&#8220; box_shadow_style=&#8220;preset1&#8243; box_shadow_blur=&#8220;12px&#8220; global_colors_info=&#8220;{}&#8220;]<\/p>\n<div id=\"comp-kdio6ewd2\" class=\"_1Q9if\" data-testid=\"richTextElement\">\n<h3 class=\"font_3\" style=\"text-align: center;\"><span>Wie kann ich im Falle eines epileptischen Anfalls gewarnt werden?<\/span><\/h3>\n<\/div>\n<div id=\"comp-kdio6ewf1\" class=\"_1Q9if\" data-testid=\"richTextElement\">\n<p class=\"font_8\" style=\"text-align: center;\"><span>Epileptische Anf\u00e4lle k\u00f6nnen Risiken nach sich ziehen. Es gibt verschiedene Epilepsie-Hilfsmittel, die helfen k\u00f6nnen, akute Situationen vorzubeugen.<\/span><\/p>\n<p class=\"font_8\" style=\"text-align: center;\"><span>Weiterlesen&#8230;<\/span><\/p>\n<\/div>\n<p>[\/et_pb_text][\/et_pb_column][\/et_pb_row][et_pb_row column_structure=&#8220;1_3,1_3,1_3&#8243; _builder_version=&#8220;4.16&#8243; _module_preset=&#8220;default&#8220; global_colors_info=&#8220;{}&#8220;][et_pb_column type=&#8220;1_3&#8243; _builder_version=&#8220;4.16&#8243; _module_preset=&#8220;default&#8220; global_colors_info=&#8220;{}&#8220;][et_pb_text _builder_version=&#8220;4.16&#8243; _dynamic_attributes=&#8220;link_option_url&#8220; _module_preset=&#8220;default&#8220; background_color=&#8220;#f1f3fb&#8220; height=&#8220;310px&#8220; custom_padding=&#8220;30px|10px||10px|false|false&#8220; link_option_url=&#8220;@ET-DC@eyJkeW5hbWljIjp0cnVlLCJjb250ZW50IjoicG9zdF9saW5rX3VybF9wYWdlIiwic2V0dGluZ3MiOnsicG9zdF9pZCI6IjI2MjA3In19@&#8220; border_radii=&#8220;on|10px|10px|10px|10px&#8220; box_shadow_style=&#8220;preset1&#8243; box_shadow_blur=&#8220;12px&#8220; global_colors_info=&#8220;{}&#8220;]<\/p>\n<div id=\"comp-kdio6evy1\" class=\"_1Q9if\" data-testid=\"richTextElement\">\n<div id=\"comp-kdio6ewj1\" class=\"_1Q9if\" data-testid=\"richTextElement\">\n<h3 class=\"font_3\" style=\"text-align: center;\"><span>Wie gef\u00e4hrlich ist Epilepsie?<\/span><\/h3>\n<\/div>\n<div id=\"comp-kdio6ewl1\" class=\"_1Q9if\" data-testid=\"richTextElement\">\n<p class=\"font_8\" style=\"text-align: center;\"><span>Epilepsie ist keine lebensbedrohliche Erkrankung. Dennoch gibt es bestimmte Situationen, in denen Epilepsie gef\u00e4hrlich ist. Das h\u00e4ngt von diversen Faktoren ab.<\/span><\/p>\n<p class=\"font_8\" style=\"text-align: center;\"><span>Weiterlesen&#8230;<\/span><\/p>\n<\/div>\n<\/div>\n<div id=\"comp-kdio6ew3\" class=\"_1Q9if\" data-testid=\"richTextElement\"><\/div>\n<p>[\/et_pb_text][\/et_pb_column][et_pb_column type=&#8220;1_3&#8243; _builder_version=&#8220;4.16&#8243; _module_preset=&#8220;default&#8220; global_colors_info=&#8220;{}&#8220;][et_pb_text _builder_version=&#8220;4.16&#8243; _dynamic_attributes=&#8220;link_option_url&#8220; _module_preset=&#8220;default&#8220; background_color=&#8220;#f1f3fb&#8220; height=&#8220;310px&#8220; custom_padding=&#8220;30px|10px||10px|false|false&#8220; link_option_url=&#8220;@ET-DC@eyJkeW5hbWljIjp0cnVlLCJjb250ZW50IjoicG9zdF9saW5rX3VybF9wYWdlIiwic2V0dGluZ3MiOnsicG9zdF9pZCI6IjI2MjEwIn19@&#8220; border_radii=&#8220;on|10px|10px|10px|10px&#8220; box_shadow_style=&#8220;preset1&#8243; box_shadow_blur=&#8220;12px&#8220; global_colors_info=&#8220;{}&#8220;]<\/p>\n<div id=\"comp-kdio6ew71\" class=\"_1Q9if\" data-testid=\"richTextElement\">\n<div id=\"comp-kdio6ewr2\" class=\"_1Q9if\" data-testid=\"richTextElement\">\n<h3 class=\"font_3\" style=\"text-align: center;\"><span>Wie beeinflusst Epilepsie meinen Alltag?<\/span><\/h3>\n<\/div>\n<div id=\"comp-kdio6ewt1\" class=\"_1Q9if\" data-testid=\"richTextElement\">\n<p class=\"font_8\" style=\"text-align: center;\"><span>Epilepsie hat nicht nur medizinische Folgen, sondern beeinflusst auch Ihren Alltag. Lesen Sie mehr \u00fcber die Themen Wohnen, Arbeiten, Teilnahme am Verkehr und Sport mit Epilepsie.<\/span><\/p>\n<p class=\"font_8\" style=\"text-align: center;\"><span>Weiterlesen&#8230;<\/span><\/p>\n<\/div>\n<\/div>\n<div id=\"comp-kdio6ew9\" class=\"_1Q9if\" data-testid=\"richTextElement\"><\/div>\n<p>[\/et_pb_text][\/et_pb_column][et_pb_column type=&#8220;1_3&#8243; _builder_version=&#8220;4.16&#8243; _module_preset=&#8220;default&#8220; global_colors_info=&#8220;{}&#8220;][et_pb_text _builder_version=&#8220;4.27.4&#8243; _dynamic_attributes=&#8220;link_option_url&#8220; _module_preset=&#8220;default&#8220; background_color=&#8220;#f1f3fb&#8220; height=&#8220;310px&#8220; custom_padding=&#8220;30px|10px||10px|false|false&#8220; link_option_url=&#8220;@ET-DC@eyJkeW5hbWljIjp0cnVlLCJjb250ZW50IjoicG9zdF9saW5rX3VybF9wYWdlIiwic2V0dGluZ3MiOnsicG9zdF9pZCI6IjQwMTI1In19@&#8220; border_radii=&#8220;on|10px|10px|10px|10px&#8220; box_shadow_style=&#8220;preset1&#8243; box_shadow_blur=&#8220;12px&#8220; global_colors_info=&#8220;{}&#8220;]<\/p>\n<div id=\"comp-kdio6ewd2\" class=\"_1Q9if\" data-testid=\"richTextElement\">\n<div id=\"comp-kdsmr5h6\" class=\"_1Q9if\" data-testid=\"richTextElement\">\n<h3 class=\"font_3\" style=\"text-align: center;\"><span>Mehr Informationen?<\/span><\/h3>\n<\/div>\n<div id=\"comp-kdsmr5hb\" class=\"_1Q9if\" data-testid=\"richTextElement\">\n<p class=\"font_8\" style=\"text-align: center;\"><span>Weitere Informationen finden Sie in den h\u00e4ufig gestellten Fragen oder wenden Sie sich an unser Helpdesk.<\/span><\/p>\n<p class=\"font_8\" style=\"text-align: center;\"><span>Unterst\u00fctzung<\/span><\/p>\n<\/div>\n<\/div>\n<p>[\/et_pb_text][\/et_pb_column][\/et_pb_row][\/et_pb_section]<\/p>\n","protected":false},"excerpt":{"rendered":"<p>Informationen rundum Epilepsie Kinder mit Epilepsie \u200bEpilepsie bei Kindern ist nicht ohne Risiko. F\u00fcr Sie als Eltern ist es wichtig, sich gr\u00fcndlich informieren zu lassen. Lesen Sie hier weitere Informationen und Empfehlungen.Klienten mit Epilepsie Eine gute Begleitung von Klienten mit Epilepsie erfordert zus\u00e4tzliche Aufmerksamkeit und st\u00e4ndige Abw\u00e4gungen. Lesen Sie hier Tipps und Empfehlungen.Partner mit Epilepsie [&hellip;]<\/p>\n","protected":false},"author":1,"featured_media":39667,"parent":0,"menu_order":0,"comment_status":"closed","ping_status":"closed","template":"","meta":{"_et_pb_use_builder":"on","_et_pb_old_content":"","_et_gb_content_width":"","footnotes":""},"class_list":["post-27373","page","type-page","status-publish","has-post-thumbnail","hentry"],"yoast_head":"<!-- This site is optimized with the Yoast SEO plugin v27.4 - https:\/\/yoast.com\/product\/yoast-seo-wordpress\/ -->\n<title>NightWatch News | Aktuelle und relevanten Themen<\/title>\n<meta name=\"description\" content=\"Informationen zu NightWatch, Epilepsie und relevanten Themen.\" \/>\n<meta name=\"robots\" content=\"index, follow, max-snippet:-1, max-image-preview:large, max-video-preview:-1\" \/>\n<link rel=\"canonical\" href=\"https:\/\/nightwatchepilepsy.com\/de\/epilepsie\/\" \/>\n<meta property=\"og:locale\" content=\"de_DE\" \/>\n<meta property=\"og:type\" content=\"article\" \/>\n<meta property=\"og:title\" content=\"NightWatch News | Aktuelle und relevanten Themen\" \/>\n<meta property=\"og:description\" content=\"Informationen zu NightWatch, Epilepsie und relevanten Themen.\" \/>\n<meta property=\"og:url\" content=\"https:\/\/nightwatchepilepsy.com\/de\/epilepsie\/\" \/>\n<meta property=\"og:site_name\" content=\"NightWatch\" \/>\n<meta property=\"article:publisher\" content=\"https:\/\/www.facebook.com\/EpilepsySeizureDetectionEN\" \/>\n<meta property=\"article:modified_time\" content=\"2025-07-24T09:01:40+00:00\" \/>\n<meta property=\"og:image\" content=\"https:\/\/nightwatchepilepsy.com\/wp-content\/uploads\/2022\/02\/NightWatch_basisstationarmmodule.png\" \/>\n\t<meta property=\"og:image:width\" content=\"1024\" \/>\n\t<meta property=\"og:image:height\" content=\"576\" \/>\n\t<meta property=\"og:image:type\" content=\"image\/png\" \/>\n<meta name=\"twitter:card\" content=\"summary_large_image\" \/>\n<meta name=\"twitter:title\" content=\"NightWatch News | Aktuelle und relevanten Themen\" \/>\n<meta name=\"twitter:description\" content=\"Informationen zu NightWatch, Epilepsie und relevanten Themen.\" \/>\n<meta name=\"twitter:image\" content=\"https:\/\/nightwatchepilepsy.com\/wp-content\/uploads\/2022\/02\/NightWatch_basisstationarmmodule.png\" \/>\n<meta name=\"twitter:site\" content=\"@NightWatchAlarm\" \/>\n<meta name=\"twitter:label1\" content=\"Gesch\u00e4tzte Lesezeit\" \/>\n\t<meta name=\"twitter:data1\" content=\"5\u00a0Minuten\" \/>\n<script type=\"application\/ld+json\" class=\"yoast-schema-graph\">{\"@context\":\"https:\\\/\\\/schema.org\",\"@graph\":[{\"@type\":\"WebPage\",\"@id\":\"https:\\\/\\\/nightwatchepilepsy.com\\\/de\\\/epilepsie\\\/\",\"url\":\"https:\\\/\\\/nightwatchepilepsy.com\\\/de\\\/epilepsie\\\/\",\"name\":\"NightWatch News | Aktuelle und relevanten Themen\",\"isPartOf\":{\"@id\":\"https:\\\/\\\/nightwatchepilepsy.com\\\/de\\\/#website\"},\"primaryImageOfPage\":{\"@id\":\"https:\\\/\\\/nightwatchepilepsy.com\\\/de\\\/epilepsie\\\/#primaryimage\"},\"image\":{\"@id\":\"https:\\\/\\\/nightwatchepilepsy.com\\\/de\\\/epilepsie\\\/#primaryimage\"},\"thumbnailUrl\":\"https:\\\/\\\/nightwatchepilepsy.com\\\/wp-content\\\/uploads\\\/2024\\\/11\\\/NW_arm-module-2_medium-shadow-1.png\",\"datePublished\":\"2021-10-12T17:59:29+00:00\",\"dateModified\":\"2025-07-24T09:01:40+00:00\",\"description\":\"Informationen zu NightWatch, Epilepsie und relevanten Themen.\",\"breadcrumb\":{\"@id\":\"https:\\\/\\\/nightwatchepilepsy.com\\\/de\\\/epilepsie\\\/#breadcrumb\"},\"inLanguage\":\"de\",\"potentialAction\":[{\"@type\":\"ReadAction\",\"target\":[\"https:\\\/\\\/nightwatchepilepsy.com\\\/de\\\/epilepsie\\\/\"]}]},{\"@type\":\"ImageObject\",\"inLanguage\":\"de\",\"@id\":\"https:\\\/\\\/nightwatchepilepsy.com\\\/de\\\/epilepsie\\\/#primaryimage\",\"url\":\"https:\\\/\\\/nightwatchepilepsy.com\\\/wp-content\\\/uploads\\\/2024\\\/11\\\/NW_arm-module-2_medium-shadow-1.png\",\"contentUrl\":\"https:\\\/\\\/nightwatchepilepsy.com\\\/wp-content\\\/uploads\\\/2024\\\/11\\\/NW_arm-module-2_medium-shadow-1.png\",\"width\":720,\"height\":720},{\"@type\":\"BreadcrumbList\",\"@id\":\"https:\\\/\\\/nightwatchepilepsy.com\\\/de\\\/epilepsie\\\/#breadcrumb\",\"itemListElement\":[{\"@type\":\"ListItem\",\"position\":1,\"name\":\"Home\",\"item\":\"https:\\\/\\\/nightwatchepilepsy.com\\\/de\\\/\"},{\"@type\":\"ListItem\",\"position\":2,\"name\":\"News\"}]},{\"@type\":\"WebSite\",\"@id\":\"https:\\\/\\\/nightwatchepilepsy.com\\\/de\\\/#website\",\"url\":\"https:\\\/\\\/nightwatchepilepsy.com\\\/de\\\/\",\"name\":\"NightWatch\",\"description\":\"Epilepsy seizure detection | Warns during sleep\",\"publisher\":{\"@id\":\"https:\\\/\\\/nightwatchepilepsy.com\\\/de\\\/#organization\"},\"potentialAction\":[{\"@type\":\"SearchAction\",\"target\":{\"@type\":\"EntryPoint\",\"urlTemplate\":\"https:\\\/\\\/nightwatchepilepsy.com\\\/de\\\/?s={search_term_string}\"},\"query-input\":{\"@type\":\"PropertyValueSpecification\",\"valueRequired\":true,\"valueName\":\"search_term_string\"}}],\"inLanguage\":\"de\"},{\"@type\":\"Organization\",\"@id\":\"https:\\\/\\\/nightwatchepilepsy.com\\\/de\\\/#organization\",\"name\":\"NightWatch Epilepsy Seizure Detection\",\"alternateName\":\"NightWatch\",\"url\":\"https:\\\/\\\/nightwatchepilepsy.com\\\/de\\\/\",\"logo\":{\"@type\":\"ImageObject\",\"inLanguage\":\"de\",\"@id\":\"https:\\\/\\\/nightwatchepilepsy.com\\\/de\\\/#\\\/schema\\\/logo\\\/image\\\/\",\"url\":\"https:\\\/\\\/nightwatchepilepsy.com\\\/wp-content\\\/uploads\\\/2023\\\/02\\\/NightWatch-Logo.png\",\"contentUrl\":\"https:\\\/\\\/nightwatchepilepsy.com\\\/wp-content\\\/uploads\\\/2023\\\/02\\\/NightWatch-Logo.png\",\"width\":696,\"height\":696,\"caption\":\"NightWatch Epilepsy Seizure Detection\"},\"image\":{\"@id\":\"https:\\\/\\\/nightwatchepilepsy.com\\\/de\\\/#\\\/schema\\\/logo\\\/image\\\/\"},\"sameAs\":[\"https:\\\/\\\/www.facebook.com\\\/EpilepsySeizureDetectionEN\",\"https:\\\/\\\/x.com\\\/NightWatchAlarm\",\"https:\\\/\\\/www.linkedin.com\\\/company\\\/nightwatch-epilepsy-detection\\\/\",\"https:\\\/\\\/www.instagram.com\\\/nightwatch_epilepsie_detectie\\\/\"]}]}<\/script>\n<!-- \/ Yoast SEO plugin. -->","yoast_head_json":{"title":"NightWatch News | Aktuelle und relevanten Themen","description":"Informationen zu NightWatch, Epilepsie und relevanten Themen.","robots":{"index":"index","follow":"follow","max-snippet":"max-snippet:-1","max-image-preview":"max-image-preview:large","max-video-preview":"max-video-preview:-1"},"canonical":"https:\/\/nightwatchepilepsy.com\/de\/epilepsie\/","og_locale":"de_DE","og_type":"article","og_title":"NightWatch News | Aktuelle und relevanten Themen","og_description":"Informationen zu NightWatch, Epilepsie und relevanten Themen.","og_url":"https:\/\/nightwatchepilepsy.com\/de\/epilepsie\/","og_site_name":"NightWatch","article_publisher":"https:\/\/www.facebook.com\/EpilepsySeizureDetectionEN","article_modified_time":"2025-07-24T09:01:40+00:00","og_image":[{"width":1024,"height":576,"url":"https:\/\/nightwatchepilepsy.com\/wp-content\/uploads\/2022\/02\/NightWatch_basisstationarmmodule.png","type":"image\/png"}],"twitter_card":"summary_large_image","twitter_title":"NightWatch News | Aktuelle und relevanten Themen","twitter_description":"Informationen zu NightWatch, Epilepsie und relevanten Themen.","twitter_image":"https:\/\/nightwatchepilepsy.com\/wp-content\/uploads\/2022\/02\/NightWatch_basisstationarmmodule.png","twitter_site":"@NightWatchAlarm","twitter_misc":{"Gesch\u00e4tzte Lesezeit":"5\u00a0Minuten"},"schema":{"@context":"https:\/\/schema.org","@graph":[{"@type":"WebPage","@id":"https:\/\/nightwatchepilepsy.com\/de\/epilepsie\/","url":"https:\/\/nightwatchepilepsy.com\/de\/epilepsie\/","name":"NightWatch News | Aktuelle und relevanten Themen","isPartOf":{"@id":"https:\/\/nightwatchepilepsy.com\/de\/#website"},"primaryImageOfPage":{"@id":"https:\/\/nightwatchepilepsy.com\/de\/epilepsie\/#primaryimage"},"image":{"@id":"https:\/\/nightwatchepilepsy.com\/de\/epilepsie\/#primaryimage"},"thumbnailUrl":"https:\/\/nightwatchepilepsy.com\/wp-content\/uploads\/2024\/11\/NW_arm-module-2_medium-shadow-1.png","datePublished":"2021-10-12T17:59:29+00:00","dateModified":"2025-07-24T09:01:40+00:00","description":"Informationen zu NightWatch, Epilepsie und relevanten Themen.","breadcrumb":{"@id":"https:\/\/nightwatchepilepsy.com\/de\/epilepsie\/#breadcrumb"},"inLanguage":"de","potentialAction":[{"@type":"ReadAction","target":["https:\/\/nightwatchepilepsy.com\/de\/epilepsie\/"]}]},{"@type":"ImageObject","inLanguage":"de","@id":"https:\/\/nightwatchepilepsy.com\/de\/epilepsie\/#primaryimage","url":"https:\/\/nightwatchepilepsy.com\/wp-content\/uploads\/2024\/11\/NW_arm-module-2_medium-shadow-1.png","contentUrl":"https:\/\/nightwatchepilepsy.com\/wp-content\/uploads\/2024\/11\/NW_arm-module-2_medium-shadow-1.png","width":720,"height":720},{"@type":"BreadcrumbList","@id":"https:\/\/nightwatchepilepsy.com\/de\/epilepsie\/#breadcrumb","itemListElement":[{"@type":"ListItem","position":1,"name":"Home","item":"https:\/\/nightwatchepilepsy.com\/de\/"},{"@type":"ListItem","position":2,"name":"News"}]},{"@type":"WebSite","@id":"https:\/\/nightwatchepilepsy.com\/de\/#website","url":"https:\/\/nightwatchepilepsy.com\/de\/","name":"NightWatch","description":"Epilepsy seizure detection | Warns during sleep","publisher":{"@id":"https:\/\/nightwatchepilepsy.com\/de\/#organization"},"potentialAction":[{"@type":"SearchAction","target":{"@type":"EntryPoint","urlTemplate":"https:\/\/nightwatchepilepsy.com\/de\/?s={search_term_string}"},"query-input":{"@type":"PropertyValueSpecification","valueRequired":true,"valueName":"search_term_string"}}],"inLanguage":"de"},{"@type":"Organization","@id":"https:\/\/nightwatchepilepsy.com\/de\/#organization","name":"NightWatch Epilepsy Seizure Detection","alternateName":"NightWatch","url":"https:\/\/nightwatchepilepsy.com\/de\/","logo":{"@type":"ImageObject","inLanguage":"de","@id":"https:\/\/nightwatchepilepsy.com\/de\/#\/schema\/logo\/image\/","url":"https:\/\/nightwatchepilepsy.com\/wp-content\/uploads\/2023\/02\/NightWatch-Logo.png","contentUrl":"https:\/\/nightwatchepilepsy.com\/wp-content\/uploads\/2023\/02\/NightWatch-Logo.png","width":696,"height":696,"caption":"NightWatch Epilepsy Seizure Detection"},"image":{"@id":"https:\/\/nightwatchepilepsy.com\/de\/#\/schema\/logo\/image\/"},"sameAs":["https:\/\/www.facebook.com\/EpilepsySeizureDetectionEN","https:\/\/x.com\/NightWatchAlarm","https:\/\/www.linkedin.com\/company\/nightwatch-epilepsy-detection\/","https:\/\/www.instagram.com\/nightwatch_epilepsie_detectie\/"]}]}},"_links":{"self":[{"href":"https:\/\/nightwatchepilepsy.com\/de\/wp-json\/wp\/v2\/pages\/27373","targetHints":{"allow":["GET"]}}],"collection":[{"href":"https:\/\/nightwatchepilepsy.com\/de\/wp-json\/wp\/v2\/pages"}],"about":[{"href":"https:\/\/nightwatchepilepsy.com\/de\/wp-json\/wp\/v2\/types\/page"}],"author":[{"embeddable":true,"href":"https:\/\/nightwatchepilepsy.com\/de\/wp-json\/wp\/v2\/users\/1"}],"replies":[{"embeddable":true,"href":"https:\/\/nightwatchepilepsy.com\/de\/wp-json\/wp\/v2\/comments?post=27373"}],"version-history":[{"count":56,"href":"https:\/\/nightwatchepilepsy.com\/de\/wp-json\/wp\/v2\/pages\/27373\/revisions"}],"predecessor-version":[{"id":42547,"href":"https:\/\/nightwatchepilepsy.com\/de\/wp-json\/wp\/v2\/pages\/27373\/revisions\/42547"}],"wp:featuredmedia":[{"embeddable":true,"href":"https:\/\/nightwatchepilepsy.com\/de\/wp-json\/wp\/v2\/media\/39667"}],"wp:attachment":[{"href":"https:\/\/nightwatchepilepsy.com\/de\/wp-json\/wp\/v2\/media?parent=27373"}],"curies":[{"name":"wp","href":"https:\/\/api.w.org\/{rel}","templated":true}]}}