{"id":27363,"date":"2021-04-25T15:48:19","date_gmt":"2021-04-25T14:48:19","guid":{"rendered":"https:\/\/nightwatchepilepsy.com\/nightwatch-portal\/"},"modified":"2024-03-12T15:19:33","modified_gmt":"2024-03-12T14:19:33","slug":"portal","status":"publish","type":"page","link":"https:\/\/nightwatchepilepsy.com\/de\/portal\/","title":{"rendered":"NightWatch Portal"},"content":{"rendered":"<p>[et_pb_section fb_built=&#8220;1&#8243; _builder_version=&#8220;4.16&#8243; _module_preset=&#8220;default&#8220; global_colors_info=&#8220;{}&#8220;][et_pb_row _builder_version=&#8220;4.16&#8243; _module_preset=&#8220;default&#8220; global_colors_info=&#8220;{}&#8220;][et_pb_column type=&#8220;4_4&#8243; _builder_version=&#8220;4.16&#8243; _module_preset=&#8220;default&#8220; global_colors_info=&#8220;{}&#8220;][et_pb_text _builder_version=&#8220;4.16&#8243; _module_preset=&#8220;default&#8220; global_colors_info=&#8220;{}&#8220;]<\/p>\n<h1 class=\"font_0\"><span>NightWatch Information zum Portal<\/span><span><\/span><\/h1>\n<p>[\/et_pb_text][et_pb_image src=&#8220;https:\/\/nightwatchepilepsy.com\/wp-content\/uploads\/2024\/03\/NightWatch_Portal_DE.png&#8220; title_text=&#8220;NightWatch_Portal_DE&#8220; align=&#8220;center&#8220; _builder_version=&#8220;4.24.2&#8243; _module_preset=&#8220;default&#8220; hover_enabled=&#8220;0&#8243; global_colors_info=&#8220;{}&#8220; sticky_enabled=&#8220;0&#8243;][\/et_pb_image][et_pb_text _builder_version=&#8220;4.24.0&#8243; _module_preset=&#8220;default&#8220; global_colors_info=&#8220;{}&#8220;]<\/p>\n<p class=\"font_8\"><span><strong>Graphische Darstellung des Herzschlags<\/strong><br \/><\/span>Der blaue Graph gibt die gemessene Herzfrequenz in Schl\u00e4gen per Minute wieder. Wenn Sie mit dem Cursor \u00fcber die Darstellung gehen, sehen Sie die H\u00f6he des Herzschlags zu diesem Zeitpunkt. Sie k\u00f6nnen auch auf der Grafik heranzoomen. Klicken Sie mit der Maus auf den gew\u00fcnschten Zeitpunkt und halten Sie den Knopf eingedr\u00fcckt w\u00e4hrend Sie sie nach rechts bewegen, um die Zeitdauer zu w\u00e4hlen. Viele Meldungen werden in diesem Graph dargestellt. M\u00f6gliche epileptische Anf\u00e4lle werden in der Darstellung als rote Blitze wiedergegeben.<\/p>\n<p class=\"font_8\"><span class=\"wixGuard\">\u200b<\/span>NightWatch kann aufgrund von folgenden Gr\u00fcnden einen Alarm ausl\u00f6sen:<\/p>\n<ul class=\"font_8\">\n<li>\n<p class=\"font_8\"><span>Rhythmic movements<\/span>\u00a0= Es wurden rhythmische Bewegungen festgestellt, die sich wom\u00f6glich auf epileptische Aktivit\u00e4ten beziehen<\/p>\n<\/li>\n<li>\n<p class=\"font_8\"><span>Vibrating movements<\/span>\u00a0= Es wurden ruckartige\/Muskelbewegungen festgestellt, die sich wom\u00f6glich auf epileptische Aktivit\u00e4ten beziehen<\/p>\n<\/li>\n<li>\n<p class=\"font_8\"><span>Shaking movements<\/span>\u00a0= Es wurden starke Muskelzuckungen oder Verkrampfungen festgestellt, die sich wom\u00f6glich auf epileptische Anf\u00e4lle beziehen<\/p>\n<\/li>\n<li>\n<p class=\"font_8\"><span>Heart rate increase<\/span>\u00a0= Die Herzfrequenz ist verd\u00e4chtig gestiegen<\/p>\n<\/li>\n<li>\n<p class=\"font_8\"><span>High heart rate<\/span>\u00a0= Im Vergleich zu einem fr\u00fcheren Zeitpunkt, ist die aktuelle Herzfrequenz verd\u00e4chtig gestiegen<\/p>\n<\/li>\n<li>\n<p class=\"font_8\"><span>Low heart rate<\/span> = Die aktuelle Herzfrequenz ist verd\u00e4chtig niedrig \u200b<\/p>\n<\/li>\n<\/ul>\n<p class=\"font_8\">NightWatch kann auch unterst\u00fctzende technische Meldungen abgeben:<\/p>\n<ul class=\"font_8\">\n<li>\n<p class=\"font_8\"><span>Unable to detect heart rate<\/span><span>\u00a0<\/span>= seit einiger Zeit wurde kein verl\u00e4sslicher Herzschlag gefunden<\/p>\n<\/li>\n<li>\n<p class=\"font_8\"><span>Bracelet connection lost<\/span><span>\u00a0<\/span>= es besteht keine Verbindung zum Armband, das Armband ist ausgeschaltet oder befindet sich au\u00dferhalb der Reichweite der Basisstation<\/p>\n<\/li>\n<li>\n<p class=\"font_8\"><span>Bracelet battery low<\/span><span>\u00a0<\/span>= der Akku des Armbands ist beinah leer<\/p>\n<\/li>\n<\/ul>\n<p class=\"font_8\"><span><strong><br \/>Graphische Darstellung der Bewegung<\/strong><br \/><\/span>Der gr\u00fcne Graph stellt die Intensit\u00e4t der Bewegungen dar, die durch den Sensor wahrgenommen werden. Die Intensit\u00e4t der Bewegungen, die graphisch dargestellt ist, wird gemessen anhand von Hin- und Herbewegungen und deren Schnellheit. Wenn es subtile Bewegungen sind, wird im Graph ein niedrigerer Wert dargestellt als bei heftigeren Bewegungen. Der Umfang der Intensit\u00e4t wird auf einer Skala von 1-20 dargestellt.<\/p>\n<p class=\"font_8\"><span><strong>Graphische Darstellung der Empfindlichkeit<\/strong><br \/><\/span>Wenn der Benutzer der NightWatch das Armband anlegt, bleibt NightWatch im \u201elow sensitivity mode\u201c (geringer\u00a0 Empfindlichkeitsmodus) bis der Tr\u00e4ger sich hinlegt. Sobald der Tr\u00e4ger der NightWatch schl\u00e4ft und das Armband eine horizontale Lage des K\u00f6rpers erkennt, tritt die Wirkung der Algorithmen ein. Zu dem Zeitpunkt wird graphisch im Portal \u201ehigh sensitivity\u201c (hohe Empfindlichkeit) dargestellt und auf der Basisstation brennt dann eine der LED L\u00e4mpchen kontinuierlich gr\u00fcn, was auch erkennbar macht, dass die Algorithmen vollst\u00e4ndig aktiviert wurden.<\/p>\n<p class=\"font_8\">Sobald der Tr\u00e4ger sich aufsetzt oder aus dem Bett aufsteht, werden die meisten Algorithmen zeitweise ausgeschaltet, bis das Armband wieder registriert, dass der Tr\u00e4ger wieder horizontal liegt und schl\u00e4ft. Dieses wurde so entworfen, um die Anzahl falscher<br \/>Alarme zu verringern, die verursacht werden k\u00f6nnen, wenn jemand aus dem Bett aufsteht oder durch normale menschliche Aktivit\u00e4ten. Dieser niedrigere Empfindlichkeitsstand wird in der Abbildung als \u201elow sensitivity\u201c (niedrige Empfindlichkeit) wiedergegeben und auf der Basisstation blinkt dann ein gr\u00fcnes LED L\u00e4mpchen. Wenn NightWatch sich wieder im \u201ehigh sensitivity\u201c Stand (hohe Empfindlichkeit) befindet, brennt das LED L\u00e4mpchen auf der Basisstation wieder kontinuierlich gr\u00fcn.<\/p>\n<p class=\"font_8\">Wenn zu viel \u201elow sensitivity\u201c (geringe Empfindlichkeit) Zeitspannen auf dem Graph zu sehen sind w\u00e4hrend der Tr\u00e4ger eigentlich schl\u00e4ft, kann es helfen, das Armband an einer anderen Stelle (zum Beispiel am Unterschenkel) anzulegen, um die Empfindlichkeit der Aufzeichnungen g\u00fcnstig zu beeinflussen. Sie k\u00f6nnen jederzeit mit uns Kontakt aufnehmen, wenn Sie dabei unsere Unterst\u00fctzung ben\u00f6tigen.<\/p>\n<p class=\"font_8\"><strong><span class=\"wixGuard\">\u200b<\/span><\/strong><span><strong>Ein Graph teilen<\/strong><br \/><\/span>Sie k\u00f6nnen ein Graph einfach freigeben. Klicken Sie einfach auf den Link unterhalb der Graph. Sie k\u00f6nnen diesen Link z. B. per E-Mail versenden. Die empfangende Person muss sich nicht anmelden, bevor das Diagramm angezeigt wird. Dieser Link funktioniert auch auf einem mobilen Ger\u00e4t.<\/p>\n<p>[\/et_pb_text][\/et_pb_column][\/et_pb_row][\/et_pb_section]<\/p>\n","protected":false},"excerpt":{"rendered":"<p>NightWatch Information zum PortalGraphische Darstellung des HerzschlagsDer blaue Graph gibt die gemessene Herzfrequenz in Schl\u00e4gen per Minute wieder. Wenn Sie mit dem Cursor \u00fcber die Darstellung gehen, sehen Sie die H\u00f6he des Herzschlags zu diesem Zeitpunkt. Sie k\u00f6nnen auch auf der Grafik heranzoomen. Klicken Sie mit der Maus auf den gew\u00fcnschten Zeitpunkt und halten Sie [&hellip;]<\/p>\n","protected":false},"author":1,"featured_media":0,"parent":0,"menu_order":0,"comment_status":"closed","ping_status":"closed","template":"","meta":{"_et_pb_use_builder":"on","_et_pb_old_content":"","_et_gb_content_width":"","footnotes":""},"class_list":["post-27363","page","type-page","status-publish","hentry"],"yoast_head":"<!-- This site is optimized with the Yoast SEO plugin v27.4 - https:\/\/yoast.com\/product\/yoast-seo-wordpress\/ -->\n<title>NightWatch Online Portal<\/title>\n<meta name=\"description\" content=\"Zus\u00e4tzliche Information und Erl\u00e4uterungen zum NightWatch Online Portal und zur Bedeutung der Fachausdr\u00fccke und graphischen Darstellungen.\" \/>\n<meta name=\"robots\" content=\"index, follow, max-snippet:-1, max-image-preview:large, max-video-preview:-1\" \/>\n<link rel=\"canonical\" href=\"https:\/\/nightwatchepilepsy.com\/de\/portal\/\" \/>\n<meta property=\"og:locale\" content=\"de_DE\" \/>\n<meta property=\"og:type\" content=\"article\" \/>\n<meta property=\"og:title\" content=\"NightWatch Online Portal\" \/>\n<meta property=\"og:description\" content=\"Zus\u00e4tzliche Information und Erl\u00e4uterungen zum NightWatch Online Portal und zur Bedeutung der Fachausdr\u00fccke und graphischen Darstellungen.\" \/>\n<meta property=\"og:url\" content=\"https:\/\/nightwatchepilepsy.com\/de\/portal\/\" \/>\n<meta property=\"og:site_name\" content=\"NightWatch\" \/>\n<meta property=\"article:publisher\" content=\"https:\/\/www.facebook.com\/EpilepsySeizureDetectionEN\" \/>\n<meta property=\"article:modified_time\" content=\"2024-03-12T14:19:33+00:00\" \/>\n<meta property=\"og:image\" content=\"https:\/\/nightwatchepilepsy.com\/wp-content\/uploads\/2021\/09\/portal-screenshot-big.png\" \/>\n\t<meta property=\"og:image:width\" content=\"979\" \/>\n\t<meta property=\"og:image:height\" content=\"460\" \/>\n\t<meta property=\"og:image:type\" content=\"image\/png\" \/>\n<meta name=\"twitter:card\" content=\"summary_large_image\" \/>\n<meta name=\"twitter:title\" content=\"NightWatch Online Portal\" \/>\n<meta name=\"twitter:description\" content=\"Zus\u00e4tzliche Information und Erl\u00e4uterungen zum NightWatch Online Portal und zur Bedeutung der Fachausdr\u00fccke und graphischen Darstellungen.\" \/>\n<meta name=\"twitter:image\" content=\"https:\/\/nightwatchepilepsy.com\/wp-content\/uploads\/2021\/09\/portal-screenshot-big.png\" \/>\n<meta name=\"twitter:site\" content=\"@NightWatchAlarm\" \/>\n<meta name=\"twitter:label1\" content=\"Gesch\u00e4tzte Lesezeit\" \/>\n\t<meta name=\"twitter:data1\" content=\"3\u00a0Minuten\" \/>\n<script type=\"application\/ld+json\" class=\"yoast-schema-graph\">{\"@context\":\"https:\\\/\\\/schema.org\",\"@graph\":[{\"@type\":\"WebPage\",\"@id\":\"https:\\\/\\\/nightwatchepilepsy.com\\\/de\\\/portal\\\/\",\"url\":\"https:\\\/\\\/nightwatchepilepsy.com\\\/de\\\/portal\\\/\",\"name\":\"NightWatch Online Portal\",\"isPartOf\":{\"@id\":\"https:\\\/\\\/nightwatchepilepsy.com\\\/de\\\/#website\"},\"datePublished\":\"2021-04-25T14:48:19+00:00\",\"dateModified\":\"2024-03-12T14:19:33+00:00\",\"description\":\"Zus\u00e4tzliche Information und Erl\u00e4uterungen zum NightWatch Online Portal und zur Bedeutung der Fachausdr\u00fccke und graphischen Darstellungen.\",\"breadcrumb\":{\"@id\":\"https:\\\/\\\/nightwatchepilepsy.com\\\/de\\\/portal\\\/#breadcrumb\"},\"inLanguage\":\"de\",\"potentialAction\":[{\"@type\":\"ReadAction\",\"target\":[\"https:\\\/\\\/nightwatchepilepsy.com\\\/de\\\/portal\\\/\"]}]},{\"@type\":\"BreadcrumbList\",\"@id\":\"https:\\\/\\\/nightwatchepilepsy.com\\\/de\\\/portal\\\/#breadcrumb\",\"itemListElement\":[{\"@type\":\"ListItem\",\"position\":1,\"name\":\"Home\",\"item\":\"https:\\\/\\\/nightwatchepilepsy.com\\\/de\\\/\"},{\"@type\":\"ListItem\",\"position\":2,\"name\":\"NightWatch Portal\"}]},{\"@type\":\"WebSite\",\"@id\":\"https:\\\/\\\/nightwatchepilepsy.com\\\/de\\\/#website\",\"url\":\"https:\\\/\\\/nightwatchepilepsy.com\\\/de\\\/\",\"name\":\"NightWatch\",\"description\":\"Epilepsy seizure detection | Warns during sleep\",\"publisher\":{\"@id\":\"https:\\\/\\\/nightwatchepilepsy.com\\\/de\\\/#organization\"},\"potentialAction\":[{\"@type\":\"SearchAction\",\"target\":{\"@type\":\"EntryPoint\",\"urlTemplate\":\"https:\\\/\\\/nightwatchepilepsy.com\\\/de\\\/?s={search_term_string}\"},\"query-input\":{\"@type\":\"PropertyValueSpecification\",\"valueRequired\":true,\"valueName\":\"search_term_string\"}}],\"inLanguage\":\"de\"},{\"@type\":\"Organization\",\"@id\":\"https:\\\/\\\/nightwatchepilepsy.com\\\/de\\\/#organization\",\"name\":\"NightWatch Epilepsy Seizure Detection\",\"alternateName\":\"NightWatch\",\"url\":\"https:\\\/\\\/nightwatchepilepsy.com\\\/de\\\/\",\"logo\":{\"@type\":\"ImageObject\",\"inLanguage\":\"de\",\"@id\":\"https:\\\/\\\/nightwatchepilepsy.com\\\/de\\\/#\\\/schema\\\/logo\\\/image\\\/\",\"url\":\"https:\\\/\\\/nightwatchepilepsy.com\\\/wp-content\\\/uploads\\\/2023\\\/02\\\/NightWatch-Logo.png\",\"contentUrl\":\"https:\\\/\\\/nightwatchepilepsy.com\\\/wp-content\\\/uploads\\\/2023\\\/02\\\/NightWatch-Logo.png\",\"width\":696,\"height\":696,\"caption\":\"NightWatch Epilepsy Seizure Detection\"},\"image\":{\"@id\":\"https:\\\/\\\/nightwatchepilepsy.com\\\/de\\\/#\\\/schema\\\/logo\\\/image\\\/\"},\"sameAs\":[\"https:\\\/\\\/www.facebook.com\\\/EpilepsySeizureDetectionEN\",\"https:\\\/\\\/x.com\\\/NightWatchAlarm\",\"https:\\\/\\\/www.linkedin.com\\\/company\\\/nightwatch-epilepsy-detection\\\/\",\"https:\\\/\\\/www.instagram.com\\\/nightwatch_epilepsie_detectie\\\/\"]}]}<\/script>\n<!-- \/ Yoast SEO plugin. -->","yoast_head_json":{"title":"NightWatch Online Portal","description":"Zus\u00e4tzliche Information und Erl\u00e4uterungen zum NightWatch Online Portal und zur Bedeutung der Fachausdr\u00fccke und graphischen Darstellungen.","robots":{"index":"index","follow":"follow","max-snippet":"max-snippet:-1","max-image-preview":"max-image-preview:large","max-video-preview":"max-video-preview:-1"},"canonical":"https:\/\/nightwatchepilepsy.com\/de\/portal\/","og_locale":"de_DE","og_type":"article","og_title":"NightWatch Online Portal","og_description":"Zus\u00e4tzliche Information und Erl\u00e4uterungen zum NightWatch Online Portal und zur Bedeutung der Fachausdr\u00fccke und graphischen Darstellungen.","og_url":"https:\/\/nightwatchepilepsy.com\/de\/portal\/","og_site_name":"NightWatch","article_publisher":"https:\/\/www.facebook.com\/EpilepsySeizureDetectionEN","article_modified_time":"2024-03-12T14:19:33+00:00","og_image":[{"width":979,"height":460,"url":"https:\/\/nightwatchepilepsy.com\/wp-content\/uploads\/2021\/09\/portal-screenshot-big.png","type":"image\/png"}],"twitter_card":"summary_large_image","twitter_title":"NightWatch Online Portal","twitter_description":"Zus\u00e4tzliche Information und Erl\u00e4uterungen zum NightWatch Online Portal und zur Bedeutung der Fachausdr\u00fccke und graphischen Darstellungen.","twitter_image":"https:\/\/nightwatchepilepsy.com\/wp-content\/uploads\/2021\/09\/portal-screenshot-big.png","twitter_site":"@NightWatchAlarm","twitter_misc":{"Gesch\u00e4tzte Lesezeit":"3\u00a0Minuten"},"schema":{"@context":"https:\/\/schema.org","@graph":[{"@type":"WebPage","@id":"https:\/\/nightwatchepilepsy.com\/de\/portal\/","url":"https:\/\/nightwatchepilepsy.com\/de\/portal\/","name":"NightWatch Online Portal","isPartOf":{"@id":"https:\/\/nightwatchepilepsy.com\/de\/#website"},"datePublished":"2021-04-25T14:48:19+00:00","dateModified":"2024-03-12T14:19:33+00:00","description":"Zus\u00e4tzliche Information und Erl\u00e4uterungen zum NightWatch Online Portal und zur Bedeutung der Fachausdr\u00fccke und graphischen Darstellungen.","breadcrumb":{"@id":"https:\/\/nightwatchepilepsy.com\/de\/portal\/#breadcrumb"},"inLanguage":"de","potentialAction":[{"@type":"ReadAction","target":["https:\/\/nightwatchepilepsy.com\/de\/portal\/"]}]},{"@type":"BreadcrumbList","@id":"https:\/\/nightwatchepilepsy.com\/de\/portal\/#breadcrumb","itemListElement":[{"@type":"ListItem","position":1,"name":"Home","item":"https:\/\/nightwatchepilepsy.com\/de\/"},{"@type":"ListItem","position":2,"name":"NightWatch Portal"}]},{"@type":"WebSite","@id":"https:\/\/nightwatchepilepsy.com\/de\/#website","url":"https:\/\/nightwatchepilepsy.com\/de\/","name":"NightWatch","description":"Epilepsy seizure detection | Warns during sleep","publisher":{"@id":"https:\/\/nightwatchepilepsy.com\/de\/#organization"},"potentialAction":[{"@type":"SearchAction","target":{"@type":"EntryPoint","urlTemplate":"https:\/\/nightwatchepilepsy.com\/de\/?s={search_term_string}"},"query-input":{"@type":"PropertyValueSpecification","valueRequired":true,"valueName":"search_term_string"}}],"inLanguage":"de"},{"@type":"Organization","@id":"https:\/\/nightwatchepilepsy.com\/de\/#organization","name":"NightWatch Epilepsy Seizure Detection","alternateName":"NightWatch","url":"https:\/\/nightwatchepilepsy.com\/de\/","logo":{"@type":"ImageObject","inLanguage":"de","@id":"https:\/\/nightwatchepilepsy.com\/de\/#\/schema\/logo\/image\/","url":"https:\/\/nightwatchepilepsy.com\/wp-content\/uploads\/2023\/02\/NightWatch-Logo.png","contentUrl":"https:\/\/nightwatchepilepsy.com\/wp-content\/uploads\/2023\/02\/NightWatch-Logo.png","width":696,"height":696,"caption":"NightWatch Epilepsy Seizure Detection"},"image":{"@id":"https:\/\/nightwatchepilepsy.com\/de\/#\/schema\/logo\/image\/"},"sameAs":["https:\/\/www.facebook.com\/EpilepsySeizureDetectionEN","https:\/\/x.com\/NightWatchAlarm","https:\/\/www.linkedin.com\/company\/nightwatch-epilepsy-detection\/","https:\/\/www.instagram.com\/nightwatch_epilepsie_detectie\/"]}]}},"_links":{"self":[{"href":"https:\/\/nightwatchepilepsy.com\/de\/wp-json\/wp\/v2\/pages\/27363","targetHints":{"allow":["GET"]}}],"collection":[{"href":"https:\/\/nightwatchepilepsy.com\/de\/wp-json\/wp\/v2\/pages"}],"about":[{"href":"https:\/\/nightwatchepilepsy.com\/de\/wp-json\/wp\/v2\/types\/page"}],"author":[{"embeddable":true,"href":"https:\/\/nightwatchepilepsy.com\/de\/wp-json\/wp\/v2\/users\/1"}],"replies":[{"embeddable":true,"href":"https:\/\/nightwatchepilepsy.com\/de\/wp-json\/wp\/v2\/comments?post=27363"}],"version-history":[{"count":7,"href":"https:\/\/nightwatchepilepsy.com\/de\/wp-json\/wp\/v2\/pages\/27363\/revisions"}],"predecessor-version":[{"id":38100,"href":"https:\/\/nightwatchepilepsy.com\/de\/wp-json\/wp\/v2\/pages\/27363\/revisions\/38100"}],"wp:attachment":[{"href":"https:\/\/nightwatchepilepsy.com\/de\/wp-json\/wp\/v2\/media?parent=27363"}],"curies":[{"name":"wp","href":"https:\/\/api.w.org\/{rel}","templated":true}]}}