{"id":27355,"date":"2021-04-14T20:09:06","date_gmt":"2021-04-14T19:09:06","guid":{"rendered":"https:\/\/nightwatchepilepsy.com\/aanvragen\/"},"modified":"2026-01-30T11:10:35","modified_gmt":"2026-01-30T10:10:35","slug":"anfrage","status":"publish","type":"page","link":"https:\/\/nightwatchepilepsy.com\/de\/anfrage\/","title":{"rendered":"Anfrage"},"content":{"rendered":"<p>[et_pb_section fb_built=&#8220;1&#8243; _builder_version=&#8220;4.16&#8243; _module_preset=&#8220;default&#8220; custom_padding=&#8220;50px||30px||false|false&#8220; global_colors_info=&#8220;{}&#8220;][et_pb_row _builder_version=&#8220;4.27.4&#8243; _module_preset=&#8220;default&#8220; global_colors_info=&#8220;{}&#8220;][et_pb_column type=&#8220;4_4&#8243; _builder_version=&#8220;4.27.4&#8243; _module_preset=&#8220;default&#8220; global_colors_info=&#8220;{}&#8220;][et_pb_text _builder_version=&#8220;4.27.5&#8243; _module_preset=&#8220;default&#8220; hover_enabled=&#8220;0&#8243; global_colors_info=&#8220;{}&#8220; sticky_enabled=&#8220;0&#8243;]<\/p>\n<h1>NightWatch+<\/h1>\n<p>[\/et_pb_text][\/et_pb_column][\/et_pb_row][et_pb_row column_structure=&#8220;3_5,2_5&#8243; _builder_version=&#8220;4.16&#8243; _module_preset=&#8220;default&#8220; custom_padding=&#8220;||0px||false|false&#8220; locked=&#8220;off&#8220; global_colors_info=&#8220;{}&#8220;][et_pb_column type=&#8220;3_5&#8243; _builder_version=&#8220;4.16&#8243; _module_preset=&#8220;default&#8220; global_colors_info=&#8220;{}&#8220;][et_pb_text content_tablet=&#8220;<\/p>\n<h2 class=%22font_2%22><\/h2>\n<div id=%22bgLayers_comp-ju4fjlcr%22 data-hook=%22bgLayers%22 class=%22_3wnIc%22>\n<div id=%22bgMedia_comp-ju4fjlcr%22 class=%22_2GUhU%22><\/div>\n<\/div>\n<table border=%220%22 style=%22border-collapse: collapse; width: 100%; height: 106px; border: 0px;%22>\n<tbody>\n<tr style=%22height: 24px;%22>\n<td style=%22width: 14%; height: 24px; border: 0;%22><a href=%22\/nightwatch_ico_lightning\/%22><img src=%22\/nightwatch_ico_lightning\/%22 width=%22300%22 height=%22300%22 alt=%22%22 class=%22wp-image-26113 alignnone size-medium%22 \/><\/a><\/td>\n<td style=%22width: 90%; height: 24px; border: 0;%22>Warnung in Echtzeit: Bei erkannten Anf\u00e4llen ert\u00f6nt sofort ein akustischer und visueller Alarm<\/td>\n<\/tr>\n<tr style=%22height: 24px;%22>\n<td style=%22height: 24px; border: 0;%22><img src=%22\/nightwatch_ico_ready\/%22 width=%22300%22 height=%22300%22 alt=%22%22 class=%22wp-image-26093 alignnone size-medium%22 \/><\/td>\n<td style=%22height: 24px; border: 0;%22>Plug &#038; Play: NightWatch+ ist sofort einsatzbereit \u2013 kein Setup oder Konfiguration erforderlich<\/td>\n<\/tr>\n<tr style=%22height: 24px;%22>\n<td style=%22height: 24px; border: 0;%22><img src=%22\/nightwatch_ico_transfer\/%22 width=%22300%22 height=%22300%22 alt=%22%22 class=%22wp-image-26089 alignnone size-medium%22 \/><\/td>\n<td style=%22height: 24px; border: 0;%22>Gut vernetzt: Alarme k\u00f6nnen an Pflegerufsystseme weitergeleitet werden<\/td>\n<\/tr>\n<tr style=%22height: 24px;%22>\n<td style=%22height: 24px; border: 0;%22><img src=%22\/nightwatch_ico_wifi\/%22 width=%22300%22 height=%22300%22 alt=%22%22 class=%22wp-image-26097 alignnone size-medium%22 \/><\/td>\n<td style=%22height: 24px; border: 0;%22><span>Immer im Blick: Kostenloser Zugang zum NightWach-Portal f\u00fcr Auswertungen und Verlauf<\/span><\/td>\n<\/tr>\n<tr style=%22height: 24px;%22>\n<td style=%22height: 24px; border: 0px; width: 14%;%22><img src=%22\/nightwatch_ico_configure\/%22 width=%22300%22 height=%22300%22 alt=%22%22 class=%22wp-image-26097 alignnone size-medium%22 \/><\/td>\n<td style=%22height: 24px; border: 0px; width: 90%;%22>Wartungsfrei: F\u00fcr zuverl\u00e4ssigen Einsatz \u2013 Nacht f\u00fcr Nacht<\/td>\n<\/tr>\n<\/tbody>\n<\/table>\n<p>&#8220; content_phone=&#8220;<\/p>\n<h2 class=%22font_2%22><\/h2>\n<div id=%22bgLayers_comp-ju4fjlcr%22 data-hook=%22bgLayers%22 class=%22_3wnIc%22>\n<div id=%22bgMedia_comp-ju4fjlcr%22 class=%22_2GUhU%22><\/div>\n<\/div>\n<table border=%220%22 style=%22border-collapse: collapse; width: 100%; height: 96px; border: 0;%22>\n<tbody>\n<tr style=%22height: 24px;%22>\n<td style=%22width: 24%; height: 24px; border: 0;%22><a href=%22\/nightwatch_ico_lightning\/%22><img src=%22\/nightwatch_ico_lightning\/%22 width=%22300%22 height=%22300%22 alt=%22%22 class=%22wp-image-26113 alignnone size-medium%22 \/><\/a><\/td>\n<td style=%22width: 90%; height: 24px; border: 0;%22>Warnung in Echtzeit: Bei erkannten Anf\u00e4llen ert\u00f6nt sofort ein akustischer und visueller Alarm<\/td>\n<\/tr>\n<tr style=%22height: 24px;%22>\n<td style=%22height: 24px; border: 0;%22><img src=%22\/nightwatch_ico_ready\/%22 width=%22300%22 height=%22300%22 alt=%22%22 class=%22wp-image-26093 alignnone size-medium%22 \/><\/td>\n<td style=%22height: 24px; border: 0;%22>Plug &#038; Play: NightWatch+ ist sofort einsatzbereit \u2013 kein Setup oder Konfiguration erforderlich<\/td>\n<\/tr>\n<tr style=%22height: 24px;%22>\n<td style=%22height: 24px; border: 0;%22><img src=%22\/nightwatch_ico_transfer\/%22 width=%22300%22 height=%22300%22 alt=%22%22 class=%22wp-image-26089 alignnone size-medium%22 \/><\/td>\n<td style=%22height: 24px; border: 0;%22>Gut vernetzt: Alarme k\u00f6nnen an Pflegerufsystseme weitergeleitet werden<\/td>\n<\/tr>\n<tr style=%22height: 24px;%22>\n<td style=%22height: 24px; border: 0;%22><img src=%22\/nightwatch_ico_wifi\/%22 width=%22300%22 height=%22300%22 alt=%22%22 class=%22wp-image-26097 alignnone size-medium%22 \/><\/td>\n<td style=%22height: 24px; border: 0;%22>Immer im Blick: Kostenloser Zugang zum NightWach-Portal f\u00fcr Auswertungen und Verlauf<\/td>\n<\/tr>\n<tr style=%22height: 24px;%22>\n<td style=%22height: 24px; border: 0px; width: 14%;%22><img src=%22\/nightwatch_ico_configure\/%22 width=%22300%22 height=%22300%22 alt=%22%22 class=%22wp-image-26097 alignnone size-medium%22 \/><\/td>\n<td style=%22height: 24px; border: 0px; width: 90%;%22>Wartungsfrei: F\u00fcr zuverl\u00e4ssigen Einsatz \u2013 Nacht f\u00fcr Nacht<\/td>\n<\/tr>\n<\/tbody>\n<\/table>\n<p>&#8220; content_last_edited=&#8220;on|phone&#8220; _builder_version=&#8220;4.27.5&#8243; _module_preset=&#8220;default&#8220; width_tablet=&#8220;105%&#8220; width_phone=&#8220;105%&#8220; width_last_edited=&#8220;on|desktop&#8220; custom_padding=&#8220;|0px||||&#8220; global_colors_info=&#8220;{}&#8220;]<\/p>\n<h2 class=\"font_2\"><\/h2>\n<table border=\"0\" style=\"border-collapse: collapse; width: 100%; height: 96px; border: 0;\">\n<tbody>\n<tr style=\"height: 24px;\">\n<td style=\"width: 14%; height: 24px; border: 0;\"><a href=\"\/nightwatch_ico_lightning\/\"><img loading=\"lazy\" decoding=\"async\" src=\"\/nightwatch_ico_lightning\/\" width=\"300\" height=\"300\" alt=\"\" class=\"wp-image-26113 alignnone size-medium\" \/><\/a><\/td>\n<td style=\"width: 90%; height: 24px; border: 0;\">Warnung in Echtzeit: Bei erkannten Anf\u00e4llen ert\u00f6nt sofort ein akustischer und visueller Alarm<\/td>\n<\/tr>\n<tr style=\"height: 24px;\">\n<td style=\"height: 24px; border: 0px; width: 14%;\"><img loading=\"lazy\" decoding=\"async\" src=\"\/nightwatch_ico_ready\/\" width=\"300\" height=\"300\" alt=\"\" class=\"wp-image-26093 alignnone size-medium\" \/><\/td>\n<td style=\"height: 24px; border: 0px; width: 90%;\"><span style=\"color: #000000;\"><span style=\"color: #666666;\">Plug &amp; Play: NightWatch+ ist sofort einsatzbereit \u2013 kein Setup oder Konfiguration erforderlich<\/span><\/span><\/td>\n<\/tr>\n<tr style=\"height: 24px;\">\n<td style=\"height: 24px; border: 0px; width: 14%;\"><img loading=\"lazy\" decoding=\"async\" src=\"\/nightwatch_ico_transfer\/\" width=\"300\" height=\"300\" alt=\"\" class=\"wp-image-26089 alignnone size-medium\" \/><\/td>\n<td style=\"height: 24px; border: 0px; width: 90%;\">Gut vernetzt: Alarme k\u00f6nnen an Pflegerufsystseme weitergeleitet werden<\/td>\n<\/tr>\n<tr style=\"height: 24px;\">\n<td style=\"height: 24px; border: 0px; width: 14%;\"><img loading=\"lazy\" decoding=\"async\" src=\"\/nightwatch_ico_wifi\/\" width=\"300\" height=\"300\" alt=\"\" class=\"wp-image-26097 alignnone size-medium\" \/><\/td>\n<td style=\"height: 24px; border: 0px; width: 90%;\">Immer im Blick: Kostenloser Zugang zum NightWach-Portal f\u00fcr Auswertungen und Verlauf<\/td>\n<\/tr>\n<tr style=\"height: 24px;\">\n<td style=\"height: 24px; border: 0px; width: 14%;\"><img loading=\"lazy\" decoding=\"async\" src=\"\/nightwatch_ico_configure\/\" width=\"300\" height=\"300\" alt=\"\" class=\"wp-image-26097 alignnone size-medium\" \/><\/td>\n<td style=\"height: 24px; border: 0px; width: 90%;\">Wartungsfrei: F\u00fcr zuverl\u00e4ssigen Einsatz \u2013 Nacht f\u00fcr Nacht<\/td>\n<\/tr>\n<\/tbody>\n<\/table>\n<p>&nbsp;<\/p>\n<p>[\/et_pb_text][\/et_pb_column][et_pb_column type=&#8220;2_5&#8243; _builder_version=&#8220;4.16&#8243; _module_preset=&#8220;default&#8220; global_colors_info=&#8220;{}&#8220;][et_pb_image src=&#8220;https:\/\/nightwatchepilepsy.com\/wp-content\/uploads\/2024\/12\/NightWatch_travelcase.jpg&#8220; title_text=&#8220;NightWatch+_travelcase&#8220; _builder_version=&#8220;4.27.4&#8243; _module_preset=&#8220;default&#8220; custom_margin=&#8220;||||false|false&#8220; custom_margin_tablet=&#8220;50px||||false|false&#8220; custom_margin_phone=&#8220;0px||||false|false&#8220; custom_margin_last_edited=&#8220;off|desktop&#8220; global_colors_info=&#8220;{}&#8220;][\/et_pb_image][\/et_pb_column][\/et_pb_row][\/et_pb_section][et_pb_section fb_built=&#8220;1&#8243; _builder_version=&#8220;4.16&#8243; _module_preset=&#8220;default&#8220; custom_margin=&#8220;0px||0px||false|false&#8220; custom_padding=&#8220;0px||50px||false|false&#8220; global_colors_info=&#8220;{}&#8220;][et_pb_row _builder_version=&#8220;4.27.4&#8243; _module_preset=&#8220;default&#8220; custom_padding=&#8220;0px||||false|false&#8220; global_colors_info=&#8220;{}&#8220;][et_pb_column type=&#8220;4_4&#8243; _builder_version=&#8220;4.16&#8243; _module_preset=&#8220;default&#8220; global_colors_info=&#8220;{}&#8220;][et_pb_text _builder_version=&#8220;4.27.5&#8243; _module_preset=&#8220;default&#8220; custom_margin=&#8220;||||false|false&#8220; custom_padding=&#8220;||||false|false&#8220; hover_enabled=&#8220;0&#8243; global_colors_info=&#8220;{}&#8220; sticky_enabled=&#8220;0&#8243;]<\/p>\n<div id=\"comp-k8ammpn9\" class=\"_2bafp\" data-testid=\"richTextElement\">\n<p>Wenn Sie mehr \u00fcber das NightWatch Epilepsie \u00dcberwachungssystem erfahren m\u00f6chten, f\u00fcllen Sie bitte das Formular aus. Sie erhalten dann per E-mail weitere Informationen \u00fcber Preis, Bestellvorgang und Testzeitraum. Wir werden Sie auch gerne per Telefon kontaktieren, um Ihre individuellen Fragen zu beantworten. Wenn Sie direkt nachfragen m\u00f6chten, rufen Sie uns einfach an oder schreiben Sie uns.<\/p>\n<p>Tel: <a href=\"Tel:+4921519716287\">+49 2151 9716287<\/a>, E-mail: <a href=\"mailto:info@nightwatchepilepsy.com\" target=\"_blank\" rel=\"noopener\">info@nightwatchepilepsy.com<\/a><\/p>\n<\/div>\n<p>[\/et_pb_text][\/et_pb_column][\/et_pb_row][et_pb_row _builder_version=&#8220;4.16&#8243; _module_preset=&#8220;default&#8220; custom_padding=&#8220;0px||||false|false&#8220; global_colors_info=&#8220;{}&#8220;][et_pb_column type=&#8220;4_4&#8243; _builder_version=&#8220;4.16&#8243; _module_preset=&#8220;default&#8220; global_colors_info=&#8220;{}&#8220;][et_pb_code _builder_version=&#8220;4.27.4&#8243; _module_preset=&#8220;default&#8220; global_colors_info=&#8220;{}&#8220;]<!-- form.123formbuilder.com script begins here --><script type=\"text\/javascript\" defer src=\"https:\/\/form.123formbuilder.com\/embed\/4571212.js\" data-role=\"form\" data-default-width=\"650px\"><\/script><!-- form.123formbuilder.com script ends here -->[\/et_pb_code][\/et_pb_column][\/et_pb_row][et_pb_row _builder_version=&#8220;4.16&#8243; _module_preset=&#8220;default&#8220; global_colors_info=&#8220;{}&#8220;][et_pb_column type=&#8220;4_4&#8243; _builder_version=&#8220;4.16&#8243; _module_preset=&#8220;default&#8220; global_colors_info=&#8220;{}&#8220;][et_pb_text _builder_version=&#8220;4.27.4&#8243; _module_preset=&#8220;default&#8220; global_colors_info=&#8220;{}&#8220;]<\/p>\n<p class=\"font8\">In unserer\u00a0<a href=\"https:\/\/nightwatchepilepsy.com\/wp-content\/uploads\/2024\/01\/LivAssured_Datenschutzerklarung_DE-1.pdf\" target=\"_blank\" data-kmt=\"1\" rel=\"noopener\">Datenschutzerkl\u00e4rung<\/a>\u00a0erfahren Sie, wie wir mit Ihren Daten umgehen.<o:p><\/o:p><\/p>\n<p class=\"font8\"><span class=\"wixguard\">\u200b<\/span>Die mit * gekennzeichneten Felder sind Pflichtfelder.<o:p><\/o:p><\/p>\n<p>[\/et_pb_text][\/et_pb_column][\/et_pb_row][\/et_pb_section]<\/p>\n","protected":false},"excerpt":{"rendered":"<p>NightWatch+ Warnung in Echtzeit: Bei erkannten Anf\u00e4llen ert\u00f6nt sofort ein akustischer und visueller Alarm Plug &amp; Play: NightWatch+ ist sofort einsatzbereit \u2013 kein Setup oder Konfiguration erforderlich Gut vernetzt: Alarme k\u00f6nnen an Pflegerufsystseme weitergeleitet werden Immer im Blick: Kostenloser Zugang zum NightWach-Portal f\u00fcr Auswertungen und Verlauf Wartungsfrei: F\u00fcr zuverl\u00e4ssigen Einsatz \u2013 Nacht f\u00fcr Nacht &nbsp; [&hellip;]<\/p>\n","protected":false},"author":1,"featured_media":40223,"parent":0,"menu_order":0,"comment_status":"closed","ping_status":"closed","template":"","meta":{"_et_pb_use_builder":"on","_et_pb_old_content":"","_et_gb_content_width":"","footnotes":""},"class_list":["post-27355","page","type-page","status-publish","has-post-thumbnail","hentry"],"yoast_head":"<!-- This site is optimized with the Yoast SEO plugin v27.4 - https:\/\/yoast.com\/product\/yoast-seo-wordpress\/ -->\n<title>Bestellen Sie jetzt Ihr NightWatch+<\/title>\n<meta name=\"description\" content=\"F\u00fcllen Sie bitte dieses Formular aus, wenn Sie die NightWatch+ ausprobieren m\u00f6chten. Sie erhalten dann eine E-Mail mit zus\u00e4tzlicher Information zum Preis, dem Bestellvorgang und der Probezeit.\" \/>\n<meta name=\"robots\" content=\"index, follow, max-snippet:-1, max-image-preview:large, max-video-preview:-1\" \/>\n<link rel=\"canonical\" href=\"https:\/\/nightwatchepilepsy.com\/de\/anfrage\/\" \/>\n<meta property=\"og:locale\" content=\"de_DE\" \/>\n<meta property=\"og:type\" content=\"article\" \/>\n<meta property=\"og:title\" content=\"Bestellen Sie jetzt Ihr NightWatch+\" \/>\n<meta property=\"og:description\" content=\"F\u00fcllen Sie bitte dieses Formular aus, wenn Sie die NightWatch+ ausprobieren m\u00f6chten. Sie erhalten dann eine E-Mail mit zus\u00e4tzlicher Information zum Preis, dem Bestellvorgang und der Probezeit.\" \/>\n<meta property=\"og:url\" content=\"https:\/\/nightwatchepilepsy.com\/de\/anfrage\/\" \/>\n<meta property=\"og:site_name\" content=\"NightWatch\" \/>\n<meta property=\"article:publisher\" content=\"https:\/\/www.facebook.com\/EpilepsySeizureDetectionEN\" \/>\n<meta property=\"article:modified_time\" content=\"2026-01-30T10:10:35+00:00\" \/>\n<meta property=\"og:image\" content=\"https:\/\/nightwatchepilepsy.com\/wp-content\/uploads\/2022\/02\/NightWatch_basisstationarmmodule.png\" \/>\n\t<meta property=\"og:image:width\" content=\"1024\" \/>\n\t<meta property=\"og:image:height\" content=\"576\" \/>\n\t<meta property=\"og:image:type\" content=\"image\/png\" \/>\n<meta name=\"twitter:card\" content=\"summary_large_image\" \/>\n<meta name=\"twitter:title\" content=\"Order your NightWatch now\" \/>\n<meta name=\"twitter:description\" content=\"Please fill in this\u00a0form if you would like to order NightWatch. You will then receive an email with additional information regarding the price, order process, and trial period.\" \/>\n<meta name=\"twitter:image\" content=\"https:\/\/nightwatchepilepsy.com\/wp-content\/uploads\/2022\/02\/NightWatch_basisstationarmmodule.png\" \/>\n<meta name=\"twitter:site\" content=\"@NightWatchAlarm\" \/>\n<meta name=\"twitter:label1\" content=\"Gesch\u00e4tzte Lesezeit\" \/>\n\t<meta name=\"twitter:data1\" content=\"3\u00a0Minuten\" \/>\n<script type=\"application\/ld+json\" class=\"yoast-schema-graph\">{\"@context\":\"https:\\\/\\\/schema.org\",\"@graph\":[{\"@type\":\"WebPage\",\"@id\":\"https:\\\/\\\/nightwatchepilepsy.com\\\/de\\\/anfrage\\\/\",\"url\":\"https:\\\/\\\/nightwatchepilepsy.com\\\/de\\\/anfrage\\\/\",\"name\":\"Bestellen Sie jetzt Ihr NightWatch+\",\"isPartOf\":{\"@id\":\"https:\\\/\\\/nightwatchepilepsy.com\\\/de\\\/#website\"},\"primaryImageOfPage\":{\"@id\":\"https:\\\/\\\/nightwatchepilepsy.com\\\/de\\\/anfrage\\\/#primaryimage\"},\"image\":{\"@id\":\"https:\\\/\\\/nightwatchepilepsy.com\\\/de\\\/anfrage\\\/#primaryimage\"},\"thumbnailUrl\":\"https:\\\/\\\/nightwatchepilepsy.com\\\/wp-content\\\/uploads\\\/2025\\\/02\\\/NW_arm-module_light-shadow_small.png\",\"datePublished\":\"2021-04-14T19:09:06+00:00\",\"dateModified\":\"2026-01-30T10:10:35+00:00\",\"description\":\"F\u00fcllen Sie bitte dieses Formular aus, wenn Sie die NightWatch+ ausprobieren m\u00f6chten. Sie erhalten dann eine E-Mail mit zus\u00e4tzlicher Information zum Preis, dem Bestellvorgang und der Probezeit.\",\"breadcrumb\":{\"@id\":\"https:\\\/\\\/nightwatchepilepsy.com\\\/de\\\/anfrage\\\/#breadcrumb\"},\"inLanguage\":\"de\",\"potentialAction\":[{\"@type\":\"ReadAction\",\"target\":[\"https:\\\/\\\/nightwatchepilepsy.com\\\/de\\\/anfrage\\\/\"]}]},{\"@type\":\"ImageObject\",\"inLanguage\":\"de\",\"@id\":\"https:\\\/\\\/nightwatchepilepsy.com\\\/de\\\/anfrage\\\/#primaryimage\",\"url\":\"https:\\\/\\\/nightwatchepilepsy.com\\\/wp-content\\\/uploads\\\/2025\\\/02\\\/NW_arm-module_light-shadow_small.png\",\"contentUrl\":\"https:\\\/\\\/nightwatchepilepsy.com\\\/wp-content\\\/uploads\\\/2025\\\/02\\\/NW_arm-module_light-shadow_small.png\",\"width\":720,\"height\":720},{\"@type\":\"BreadcrumbList\",\"@id\":\"https:\\\/\\\/nightwatchepilepsy.com\\\/de\\\/anfrage\\\/#breadcrumb\",\"itemListElement\":[{\"@type\":\"ListItem\",\"position\":1,\"name\":\"Home\",\"item\":\"https:\\\/\\\/nightwatchepilepsy.com\\\/de\\\/\"},{\"@type\":\"ListItem\",\"position\":2,\"name\":\"Anfrage\"}]},{\"@type\":\"WebSite\",\"@id\":\"https:\\\/\\\/nightwatchepilepsy.com\\\/de\\\/#website\",\"url\":\"https:\\\/\\\/nightwatchepilepsy.com\\\/de\\\/\",\"name\":\"NightWatch\",\"description\":\"Epilepsy seizure detection | Warns during sleep\",\"publisher\":{\"@id\":\"https:\\\/\\\/nightwatchepilepsy.com\\\/de\\\/#organization\"},\"potentialAction\":[{\"@type\":\"SearchAction\",\"target\":{\"@type\":\"EntryPoint\",\"urlTemplate\":\"https:\\\/\\\/nightwatchepilepsy.com\\\/de\\\/?s={search_term_string}\"},\"query-input\":{\"@type\":\"PropertyValueSpecification\",\"valueRequired\":true,\"valueName\":\"search_term_string\"}}],\"inLanguage\":\"de\"},{\"@type\":\"Organization\",\"@id\":\"https:\\\/\\\/nightwatchepilepsy.com\\\/de\\\/#organization\",\"name\":\"NightWatch Epilepsy Seizure Detection\",\"alternateName\":\"NightWatch\",\"url\":\"https:\\\/\\\/nightwatchepilepsy.com\\\/de\\\/\",\"logo\":{\"@type\":\"ImageObject\",\"inLanguage\":\"de\",\"@id\":\"https:\\\/\\\/nightwatchepilepsy.com\\\/de\\\/#\\\/schema\\\/logo\\\/image\\\/\",\"url\":\"https:\\\/\\\/nightwatchepilepsy.com\\\/wp-content\\\/uploads\\\/2023\\\/02\\\/NightWatch-Logo.png\",\"contentUrl\":\"https:\\\/\\\/nightwatchepilepsy.com\\\/wp-content\\\/uploads\\\/2023\\\/02\\\/NightWatch-Logo.png\",\"width\":696,\"height\":696,\"caption\":\"NightWatch Epilepsy Seizure Detection\"},\"image\":{\"@id\":\"https:\\\/\\\/nightwatchepilepsy.com\\\/de\\\/#\\\/schema\\\/logo\\\/image\\\/\"},\"sameAs\":[\"https:\\\/\\\/www.facebook.com\\\/EpilepsySeizureDetectionEN\",\"https:\\\/\\\/x.com\\\/NightWatchAlarm\",\"https:\\\/\\\/www.linkedin.com\\\/company\\\/nightwatch-epilepsy-detection\\\/\",\"https:\\\/\\\/www.instagram.com\\\/nightwatch_epilepsie_detectie\\\/\"]}]}<\/script>\n<!-- \/ Yoast SEO plugin. -->","yoast_head_json":{"title":"Bestellen Sie jetzt Ihr NightWatch+","description":"F\u00fcllen Sie bitte dieses Formular aus, wenn Sie die NightWatch+ ausprobieren m\u00f6chten. Sie erhalten dann eine E-Mail mit zus\u00e4tzlicher Information zum Preis, dem Bestellvorgang und der Probezeit.","robots":{"index":"index","follow":"follow","max-snippet":"max-snippet:-1","max-image-preview":"max-image-preview:large","max-video-preview":"max-video-preview:-1"},"canonical":"https:\/\/nightwatchepilepsy.com\/de\/anfrage\/","og_locale":"de_DE","og_type":"article","og_title":"Bestellen Sie jetzt Ihr NightWatch+","og_description":"F\u00fcllen Sie bitte dieses Formular aus, wenn Sie die NightWatch+ ausprobieren m\u00f6chten. Sie erhalten dann eine E-Mail mit zus\u00e4tzlicher Information zum Preis, dem Bestellvorgang und der Probezeit.","og_url":"https:\/\/nightwatchepilepsy.com\/de\/anfrage\/","og_site_name":"NightWatch","article_publisher":"https:\/\/www.facebook.com\/EpilepsySeizureDetectionEN","article_modified_time":"2026-01-30T10:10:35+00:00","og_image":[{"width":1024,"height":576,"url":"https:\/\/nightwatchepilepsy.com\/wp-content\/uploads\/2022\/02\/NightWatch_basisstationarmmodule.png","type":"image\/png"}],"twitter_card":"summary_large_image","twitter_title":"Order your NightWatch now","twitter_description":"Please fill in this\u00a0form if you would like to order NightWatch. You will then receive an email with additional information regarding the price, order process, and trial period.","twitter_image":"https:\/\/nightwatchepilepsy.com\/wp-content\/uploads\/2022\/02\/NightWatch_basisstationarmmodule.png","twitter_site":"@NightWatchAlarm","twitter_misc":{"Gesch\u00e4tzte Lesezeit":"3\u00a0Minuten"},"schema":{"@context":"https:\/\/schema.org","@graph":[{"@type":"WebPage","@id":"https:\/\/nightwatchepilepsy.com\/de\/anfrage\/","url":"https:\/\/nightwatchepilepsy.com\/de\/anfrage\/","name":"Bestellen Sie jetzt Ihr NightWatch+","isPartOf":{"@id":"https:\/\/nightwatchepilepsy.com\/de\/#website"},"primaryImageOfPage":{"@id":"https:\/\/nightwatchepilepsy.com\/de\/anfrage\/#primaryimage"},"image":{"@id":"https:\/\/nightwatchepilepsy.com\/de\/anfrage\/#primaryimage"},"thumbnailUrl":"https:\/\/nightwatchepilepsy.com\/wp-content\/uploads\/2025\/02\/NW_arm-module_light-shadow_small.png","datePublished":"2021-04-14T19:09:06+00:00","dateModified":"2026-01-30T10:10:35+00:00","description":"F\u00fcllen Sie bitte dieses Formular aus, wenn Sie die NightWatch+ ausprobieren m\u00f6chten. Sie erhalten dann eine E-Mail mit zus\u00e4tzlicher Information zum Preis, dem Bestellvorgang und der Probezeit.","breadcrumb":{"@id":"https:\/\/nightwatchepilepsy.com\/de\/anfrage\/#breadcrumb"},"inLanguage":"de","potentialAction":[{"@type":"ReadAction","target":["https:\/\/nightwatchepilepsy.com\/de\/anfrage\/"]}]},{"@type":"ImageObject","inLanguage":"de","@id":"https:\/\/nightwatchepilepsy.com\/de\/anfrage\/#primaryimage","url":"https:\/\/nightwatchepilepsy.com\/wp-content\/uploads\/2025\/02\/NW_arm-module_light-shadow_small.png","contentUrl":"https:\/\/nightwatchepilepsy.com\/wp-content\/uploads\/2025\/02\/NW_arm-module_light-shadow_small.png","width":720,"height":720},{"@type":"BreadcrumbList","@id":"https:\/\/nightwatchepilepsy.com\/de\/anfrage\/#breadcrumb","itemListElement":[{"@type":"ListItem","position":1,"name":"Home","item":"https:\/\/nightwatchepilepsy.com\/de\/"},{"@type":"ListItem","position":2,"name":"Anfrage"}]},{"@type":"WebSite","@id":"https:\/\/nightwatchepilepsy.com\/de\/#website","url":"https:\/\/nightwatchepilepsy.com\/de\/","name":"NightWatch","description":"Epilepsy seizure detection | Warns during sleep","publisher":{"@id":"https:\/\/nightwatchepilepsy.com\/de\/#organization"},"potentialAction":[{"@type":"SearchAction","target":{"@type":"EntryPoint","urlTemplate":"https:\/\/nightwatchepilepsy.com\/de\/?s={search_term_string}"},"query-input":{"@type":"PropertyValueSpecification","valueRequired":true,"valueName":"search_term_string"}}],"inLanguage":"de"},{"@type":"Organization","@id":"https:\/\/nightwatchepilepsy.com\/de\/#organization","name":"NightWatch Epilepsy Seizure Detection","alternateName":"NightWatch","url":"https:\/\/nightwatchepilepsy.com\/de\/","logo":{"@type":"ImageObject","inLanguage":"de","@id":"https:\/\/nightwatchepilepsy.com\/de\/#\/schema\/logo\/image\/","url":"https:\/\/nightwatchepilepsy.com\/wp-content\/uploads\/2023\/02\/NightWatch-Logo.png","contentUrl":"https:\/\/nightwatchepilepsy.com\/wp-content\/uploads\/2023\/02\/NightWatch-Logo.png","width":696,"height":696,"caption":"NightWatch Epilepsy Seizure Detection"},"image":{"@id":"https:\/\/nightwatchepilepsy.com\/de\/#\/schema\/logo\/image\/"},"sameAs":["https:\/\/www.facebook.com\/EpilepsySeizureDetectionEN","https:\/\/x.com\/NightWatchAlarm","https:\/\/www.linkedin.com\/company\/nightwatch-epilepsy-detection\/","https:\/\/www.instagram.com\/nightwatch_epilepsie_detectie\/"]}]}},"_links":{"self":[{"href":"https:\/\/nightwatchepilepsy.com\/de\/wp-json\/wp\/v2\/pages\/27355","targetHints":{"allow":["GET"]}}],"collection":[{"href":"https:\/\/nightwatchepilepsy.com\/de\/wp-json\/wp\/v2\/pages"}],"about":[{"href":"https:\/\/nightwatchepilepsy.com\/de\/wp-json\/wp\/v2\/types\/page"}],"author":[{"embeddable":true,"href":"https:\/\/nightwatchepilepsy.com\/de\/wp-json\/wp\/v2\/users\/1"}],"replies":[{"embeddable":true,"href":"https:\/\/nightwatchepilepsy.com\/de\/wp-json\/wp\/v2\/comments?post=27355"}],"version-history":[{"count":45,"href":"https:\/\/nightwatchepilepsy.com\/de\/wp-json\/wp\/v2\/pages\/27355\/revisions"}],"predecessor-version":[{"id":44364,"href":"https:\/\/nightwatchepilepsy.com\/de\/wp-json\/wp\/v2\/pages\/27355\/revisions\/44364"}],"wp:featuredmedia":[{"embeddable":true,"href":"https:\/\/nightwatchepilepsy.com\/de\/wp-json\/wp\/v2\/media\/40223"}],"wp:attachment":[{"href":"https:\/\/nightwatchepilepsy.com\/de\/wp-json\/wp\/v2\/media?parent=27355"}],"curies":[{"name":"wp","href":"https:\/\/api.w.org\/{rel}","templated":true}]}}