{"id":27326,"date":"2021-10-12T18:26:25","date_gmt":"2021-10-12T17:26:25","guid":{"rendered":"https:\/\/nightwatchepilepsy.com\/drawings\/"},"modified":"2023-10-24T13:36:51","modified_gmt":"2023-10-24T12:36:51","slug":"malbild","status":"publish","type":"page","link":"https:\/\/nightwatchepilepsy.com\/de\/malbild\/","title":{"rendered":"Malbild"},"content":{"rendered":"<p>[et_pb_section fb_built=&#8220;1&#8243; _builder_version=&#8220;4.16&#8243; _module_preset=&#8220;default&#8220; global_colors_info=&#8220;{}&#8220;][et_pb_row _builder_version=&#8220;4.16&#8243; _module_preset=&#8220;default&#8220; global_colors_info=&#8220;{}&#8220;][et_pb_column type=&#8220;4_4&#8243; _builder_version=&#8220;4.16&#8243; _module_preset=&#8220;default&#8220; global_colors_info=&#8220;{}&#8220;][et_pb_text _builder_version=&#8220;4.16&#8243; _module_preset=&#8220;default&#8220; global_colors_info=&#8220;{}&#8220;]<\/p>\n<div id=\"comp-ktwq3vgt\" class=\"_1Q9if\" data-testid=\"richTextElement\">\n<h1 class=\"font_0\"><span>Laden Sie Ihr NightWatch-Malbild herunter<\/span><\/h1>\n<\/div>\n<div id=\"comp-ktycku7a\" class=\"_1Q9if\" data-testid=\"richTextElement\">\n<p class=\"font_8\">F\u00fcr alle Eulen-Fans \ud83d\ude0a : ausdrucken, ausmalen, der Eule einen Namen geben und senden an\u00a0<span><a href=\"mailto:stories@nightwatch.nl\" target=\"_self\" data-kmt=\"1\" rel=\"noopener\">stories@nightwatch.nl<\/a><\/span>. Vergiss nicht, deinen Namen und dein Alter draufzuschreiben. F\u00fcr jede ausgemalte und eingesandte Eule gibt es eine kleine Belohnung und wir werden sie vielleicht auf unserer Website ver\u00f6ffentlichen.<\/p>\n<p class=\"font_8\"><span class=\"wixGuard\">\u200b<\/span>Viel Spa\u00df und liebe Gr\u00fc\u00dfe von Team NightWatch.<\/p>\n<\/div>\n<p>[\/et_pb_text][\/et_pb_column][\/et_pb_row][et_pb_row column_structure=&#8220;1_2,1_2&#8243; _builder_version=&#8220;4.16&#8243; _module_preset=&#8220;default&#8220; global_colors_info=&#8220;{}&#8220;][et_pb_column type=&#8220;1_2&#8243; _builder_version=&#8220;4.16&#8243; _module_preset=&#8220;default&#8220; global_colors_info=&#8220;{}&#8220;][et_pb_image src=&#8220;https:\/\/nightwatchepilepsy.com\/wp-content\/uploads\/2021\/10\/drawing1.png&#8220; title_text=&#8220;drawing1&#8243; url=&#8220;https:\/\/nightwatchepilepsy.com\/wp-content\/uploads\/2023\/10\/NightWatch_coloring_DE_v2.pdf&#8220; _builder_version=&#8220;4.23&#8243; _module_preset=&#8220;default&#8220; hover_enabled=&#8220;0&#8243; global_colors_info=&#8220;{}&#8220; url_new_window=&#8220;on&#8220; sticky_enabled=&#8220;0&#8243;][\/et_pb_image][\/et_pb_column][et_pb_column type=&#8220;1_2&#8243; _builder_version=&#8220;4.16&#8243; _module_preset=&#8220;default&#8220; global_colors_info=&#8220;{}&#8220;][et_pb_image src=&#8220;https:\/\/nightwatchepilepsy.com\/wp-content\/uploads\/2021\/10\/drawing2.png&#8220; title_text=&#8220;drawing2&#8243; url=&#8220;https:\/\/nightwatchepilepsy.com\/wp-content\/uploads\/2023\/10\/NightWatch_dotted_DE_v2.pdf&#8220; url_new_window=&#8220;on&#8220; _builder_version=&#8220;4.23&#8243; _module_preset=&#8220;default&#8220; hover_enabled=&#8220;0&#8243; global_colors_info=&#8220;{}&#8220; sticky_enabled=&#8220;0&#8243;][\/et_pb_image][\/et_pb_column][\/et_pb_row][\/et_pb_section][et_pb_section fb_built=&#8220;1&#8243; _builder_version=&#8220;4.16&#8243; _module_preset=&#8220;default&#8220; background_color=&#8220;#eef7ea&#8220; global_colors_info=&#8220;{}&#8220;][et_pb_row _builder_version=&#8220;4.16&#8243; _module_preset=&#8220;default&#8220; global_colors_info=&#8220;{}&#8220;][et_pb_column type=&#8220;4_4&#8243; _builder_version=&#8220;4.16&#8243; _module_preset=&#8220;default&#8220; global_colors_info=&#8220;{}&#8220;][et_pb_text _builder_version=&#8220;4.16&#8243; _module_preset=&#8220;default&#8220; global_colors_info=&#8220;{}&#8220;]<\/p>\n<div id=\"comp-ktwq3vgt\" class=\"_1Q9if\" data-testid=\"richTextElement\">\n<h1 class=\"font_0\" style=\"text-align: center;\"><span>Sch\u00f6ne NightWatch-Zeichnungen<\/span><\/h1>\n<\/div>\n<p>[\/et_pb_text][\/et_pb_column][\/et_pb_row][et_pb_row column_structure=&#8220;1_4,1_4,1_4,1_4&#8243; _builder_version=&#8220;4.16&#8243; _module_preset=&#8220;default&#8220; global_colors_info=&#8220;{}&#8220;][et_pb_column type=&#8220;1_4&#8243; _builder_version=&#8220;4.16&#8243; _module_preset=&#8220;default&#8220; global_colors_info=&#8220;{}&#8220;][et_pb_image src=&#8220;https:\/\/nightwatchepilepsy.com\/wp-content\/uploads\/2022\/01\/IMG_7207-1.jpg&#8220; title_text=&#8220;IMG_7207&#8243; _builder_version=&#8220;4.16&#8243; _module_preset=&#8220;default&#8220; background_color=&#8220;#FFFFFF&#8220; global_colors_info=&#8220;{}&#8220;][\/et_pb_image][et_pb_image src=&#8220;https:\/\/nightwatchepilepsy.com\/wp-content\/uploads\/2023\/08\/NightWatch_drawing_Nico-1.jpeg&#8220; title_text=&#8220;NightWatch_drawing_Nico&#8220; _builder_version=&#8220;4.20.2&#8243; _module_preset=&#8220;default&#8220; global_colors_info=&#8220;{}&#8220;][\/et_pb_image][\/et_pb_column][et_pb_column type=&#8220;1_4&#8243; _builder_version=&#8220;4.16&#8243; _module_preset=&#8220;default&#8220; global_colors_info=&#8220;{}&#8220;][et_pb_image src=&#8220;https:\/\/nightwatchepilepsy.com\/wp-content\/uploads\/2022\/01\/Schermafbeelding-2021-12-17-om-15.19.05.png&#8220; title_text=&#8220;Schermafbeelding 2021-12-17 om 15.19.05&#8243; _builder_version=&#8220;4.16&#8243; _module_preset=&#8220;default&#8220; global_colors_info=&#8220;{}&#8220;][\/et_pb_image][\/et_pb_column][et_pb_column type=&#8220;1_4&#8243; _builder_version=&#8220;4.16&#8243; _module_preset=&#8220;default&#8220; global_colors_info=&#8220;{}&#8220;][et_pb_image src=&#8220;https:\/\/nightwatchepilepsy.com\/wp-content\/uploads\/2022\/01\/IMG_7206-1.jpg&#8220; title_text=&#8220;IMG_7206&#8243; _builder_version=&#8220;4.16&#8243; _module_preset=&#8220;default&#8220; global_colors_info=&#8220;{}&#8220;][\/et_pb_image][\/et_pb_column][et_pb_column type=&#8220;1_4&#8243; _builder_version=&#8220;4.16&#8243; _module_preset=&#8220;default&#8220; global_colors_info=&#8220;{}&#8220;][et_pb_image src=&#8220;https:\/\/nightwatchepilepsy.com\/wp-content\/uploads\/2022\/01\/Eule-Elsa-7-2.jpg&#8220; title_text=&#8220;Eule Elsa, 7&#8243; _builder_version=&#8220;4.16&#8243; _module_preset=&#8220;default&#8220; global_colors_info=&#8220;{}&#8220;][\/et_pb_image][\/et_pb_column][\/et_pb_row][\/et_pb_section]<\/p>\n","protected":false},"excerpt":{"rendered":"<p>Laden Sie Ihr NightWatch-Malbild herunter F\u00fcr alle Eulen-Fans \ud83d\ude0a : ausdrucken, ausmalen, der Eule einen Namen geben und senden an\u00a0stories@nightwatch.nl. Vergiss nicht, deinen Namen und dein Alter draufzuschreiben. F\u00fcr jede ausgemalte und eingesandte Eule gibt es eine kleine Belohnung und wir werden sie vielleicht auf unserer Website ver\u00f6ffentlichen. \u200bViel Spa\u00df und liebe Gr\u00fc\u00dfe von Team [&hellip;]<\/p>\n","protected":false},"author":1,"featured_media":0,"parent":0,"menu_order":0,"comment_status":"closed","ping_status":"closed","template":"","meta":{"_et_pb_use_builder":"on","_et_pb_old_content":"","_et_gb_content_width":"","footnotes":""},"class_list":["post-27326","page","type-page","status-publish","hentry"],"yoast_head":"<!-- This site is optimized with the Yoast SEO plugin v27.3 - https:\/\/yoast.com\/product\/yoast-seo-wordpress\/ -->\n<title>Gestalte dein eigenes NightWatch-Malbild<\/title>\n<meta name=\"description\" content=\"F\u00fcr alle Eulen-Fans \ud83d\ude0a : ausdrucken, ausmalen, der Eule einen Namen geben und senden an stories@nightwatch.nl. Vergiss nicht, deinen Namen und dein Alter draufzuschreiben. F\u00fcr jede ausgemalte und eingesandte Eule gibt es eine kleine Belohnung und wir werden sie vielleicht auf unserer Website ver\u00f6ffentlichen.\" \/>\n<meta name=\"robots\" content=\"index, follow, max-snippet:-1, max-image-preview:large, max-video-preview:-1\" \/>\n<link rel=\"canonical\" href=\"https:\/\/nightwatchepilepsy.com\/de\/malbild\/\" \/>\n<meta property=\"og:locale\" content=\"de_DE\" \/>\n<meta property=\"og:type\" content=\"article\" \/>\n<meta property=\"og:title\" content=\"Gestalte dein eigenes NightWatch-Malbild\" \/>\n<meta property=\"og:description\" content=\"F\u00fcr alle Eulen-Fans \ud83d\ude0a : ausdrucken, ausmalen, der Eule einen Namen geben und senden an stories@nightwatch.nl. Vergiss nicht, deinen Namen und dein Alter draufzuschreiben. F\u00fcr jede ausgemalte und eingesandte Eule gibt es eine kleine Belohnung und wir werden sie vielleicht auf unserer Website ver\u00f6ffentlichen.\" \/>\n<meta property=\"og:url\" content=\"https:\/\/nightwatchepilepsy.com\/de\/malbild\/\" \/>\n<meta property=\"og:site_name\" content=\"NightWatch\" \/>\n<meta property=\"article:publisher\" content=\"https:\/\/www.facebook.com\/EpilepsySeizureDetectionEN\" \/>\n<meta property=\"article:modified_time\" content=\"2023-10-24T12:36:51+00:00\" \/>\n<meta property=\"og:image\" content=\"https:\/\/nightwatchepilepsy.com\/wp-content\/uploads\/2021\/10\/drawing2.png\" \/>\n\t<meta property=\"og:image:width\" content=\"414\" \/>\n\t<meta property=\"og:image:height\" content=\"586\" \/>\n\t<meta property=\"og:image:type\" content=\"image\/png\" \/>\n<meta name=\"twitter:card\" content=\"summary_large_image\" \/>\n<meta name=\"twitter:title\" content=\"Gestalte dein eigenes NightWatch-Malbild\" \/>\n<meta name=\"twitter:description\" content=\"F\u00fcr alle Eulen-Fans \ud83d\ude0a : ausdrucken, ausmalen, der Eule einen Namen geben und senden an stories@nightwatch.nl. Vergiss nicht, deinen Namen und dein Alter draufzuschreiben. F\u00fcr jede ausgemalte und eingesandte Eule gibt es eine kleine Belohnung und wir werden sie vielleicht auf unserer Website ver\u00f6ffentlichen.\" \/>\n<meta name=\"twitter:image\" content=\"https:\/\/nightwatchepilepsy.com\/wp-content\/uploads\/2021\/10\/drawing2.png\" \/>\n<meta name=\"twitter:site\" content=\"@NightWatchAlarm\" \/>\n<meta name=\"twitter:label1\" content=\"Gesch\u00e4tzte Lesezeit\" \/>\n\t<meta name=\"twitter:data1\" content=\"1\u00a0Minute\" \/>\n<script type=\"application\/ld+json\" class=\"yoast-schema-graph\">{\"@context\":\"https:\\\/\\\/schema.org\",\"@graph\":[{\"@type\":\"WebPage\",\"@id\":\"https:\\\/\\\/nightwatchepilepsy.com\\\/de\\\/malbild\\\/\",\"url\":\"https:\\\/\\\/nightwatchepilepsy.com\\\/de\\\/malbild\\\/\",\"name\":\"Gestalte dein eigenes NightWatch-Malbild\",\"isPartOf\":{\"@id\":\"https:\\\/\\\/nightwatchepilepsy.com\\\/de\\\/#website\"},\"datePublished\":\"2021-10-12T17:26:25+00:00\",\"dateModified\":\"2023-10-24T12:36:51+00:00\",\"description\":\"F\u00fcr alle Eulen-Fans \ud83d\ude0a : ausdrucken, ausmalen, der Eule einen Namen geben und senden an stories@nightwatch.nl. Vergiss nicht, deinen Namen und dein Alter draufzuschreiben. F\u00fcr jede ausgemalte und eingesandte Eule gibt es eine kleine Belohnung und wir werden sie vielleicht auf unserer Website ver\u00f6ffentlichen.\",\"breadcrumb\":{\"@id\":\"https:\\\/\\\/nightwatchepilepsy.com\\\/de\\\/malbild\\\/#breadcrumb\"},\"inLanguage\":\"de\",\"potentialAction\":[{\"@type\":\"ReadAction\",\"target\":[\"https:\\\/\\\/nightwatchepilepsy.com\\\/de\\\/malbild\\\/\"]}]},{\"@type\":\"BreadcrumbList\",\"@id\":\"https:\\\/\\\/nightwatchepilepsy.com\\\/de\\\/malbild\\\/#breadcrumb\",\"itemListElement\":[{\"@type\":\"ListItem\",\"position\":1,\"name\":\"Home\",\"item\":\"https:\\\/\\\/nightwatchepilepsy.com\\\/de\\\/\"},{\"@type\":\"ListItem\",\"position\":2,\"name\":\"Malbild\"}]},{\"@type\":\"WebSite\",\"@id\":\"https:\\\/\\\/nightwatchepilepsy.com\\\/de\\\/#website\",\"url\":\"https:\\\/\\\/nightwatchepilepsy.com\\\/de\\\/\",\"name\":\"NightWatch\",\"description\":\"Epilepsy seizure detection | Warns during sleep\",\"publisher\":{\"@id\":\"https:\\\/\\\/nightwatchepilepsy.com\\\/de\\\/#organization\"},\"potentialAction\":[{\"@type\":\"SearchAction\",\"target\":{\"@type\":\"EntryPoint\",\"urlTemplate\":\"https:\\\/\\\/nightwatchepilepsy.com\\\/de\\\/?s={search_term_string}\"},\"query-input\":{\"@type\":\"PropertyValueSpecification\",\"valueRequired\":true,\"valueName\":\"search_term_string\"}}],\"inLanguage\":\"de\"},{\"@type\":\"Organization\",\"@id\":\"https:\\\/\\\/nightwatchepilepsy.com\\\/de\\\/#organization\",\"name\":\"NightWatch Epilepsy Seizure Detection\",\"alternateName\":\"NightWatch\",\"url\":\"https:\\\/\\\/nightwatchepilepsy.com\\\/de\\\/\",\"logo\":{\"@type\":\"ImageObject\",\"inLanguage\":\"de\",\"@id\":\"https:\\\/\\\/nightwatchepilepsy.com\\\/de\\\/#\\\/schema\\\/logo\\\/image\\\/\",\"url\":\"https:\\\/\\\/nightwatchepilepsy.com\\\/wp-content\\\/uploads\\\/2023\\\/02\\\/NightWatch-Logo.png\",\"contentUrl\":\"https:\\\/\\\/nightwatchepilepsy.com\\\/wp-content\\\/uploads\\\/2023\\\/02\\\/NightWatch-Logo.png\",\"width\":696,\"height\":696,\"caption\":\"NightWatch Epilepsy Seizure Detection\"},\"image\":{\"@id\":\"https:\\\/\\\/nightwatchepilepsy.com\\\/de\\\/#\\\/schema\\\/logo\\\/image\\\/\"},\"sameAs\":[\"https:\\\/\\\/www.facebook.com\\\/EpilepsySeizureDetectionEN\",\"https:\\\/\\\/x.com\\\/NightWatchAlarm\",\"https:\\\/\\\/www.linkedin.com\\\/company\\\/nightwatch-epilepsy-detection\\\/\",\"https:\\\/\\\/www.instagram.com\\\/nightwatch_epilepsie_detectie\\\/\"]}]}<\/script>\n<!-- \/ Yoast SEO plugin. -->","yoast_head_json":{"title":"Gestalte dein eigenes NightWatch-Malbild","description":"F\u00fcr alle Eulen-Fans \ud83d\ude0a : ausdrucken, ausmalen, der Eule einen Namen geben und senden an stories@nightwatch.nl. Vergiss nicht, deinen Namen und dein Alter draufzuschreiben. F\u00fcr jede ausgemalte und eingesandte Eule gibt es eine kleine Belohnung und wir werden sie vielleicht auf unserer Website ver\u00f6ffentlichen.","robots":{"index":"index","follow":"follow","max-snippet":"max-snippet:-1","max-image-preview":"max-image-preview:large","max-video-preview":"max-video-preview:-1"},"canonical":"https:\/\/nightwatchepilepsy.com\/de\/malbild\/","og_locale":"de_DE","og_type":"article","og_title":"Gestalte dein eigenes NightWatch-Malbild","og_description":"F\u00fcr alle Eulen-Fans \ud83d\ude0a : ausdrucken, ausmalen, der Eule einen Namen geben und senden an stories@nightwatch.nl. Vergiss nicht, deinen Namen und dein Alter draufzuschreiben. F\u00fcr jede ausgemalte und eingesandte Eule gibt es eine kleine Belohnung und wir werden sie vielleicht auf unserer Website ver\u00f6ffentlichen.","og_url":"https:\/\/nightwatchepilepsy.com\/de\/malbild\/","og_site_name":"NightWatch","article_publisher":"https:\/\/www.facebook.com\/EpilepsySeizureDetectionEN","article_modified_time":"2023-10-24T12:36:51+00:00","og_image":[{"width":414,"height":586,"url":"https:\/\/nightwatchepilepsy.com\/wp-content\/uploads\/2021\/10\/drawing2.png","type":"image\/png"}],"twitter_card":"summary_large_image","twitter_title":"Gestalte dein eigenes NightWatch-Malbild","twitter_description":"F\u00fcr alle Eulen-Fans \ud83d\ude0a : ausdrucken, ausmalen, der Eule einen Namen geben und senden an stories@nightwatch.nl. Vergiss nicht, deinen Namen und dein Alter draufzuschreiben. F\u00fcr jede ausgemalte und eingesandte Eule gibt es eine kleine Belohnung und wir werden sie vielleicht auf unserer Website ver\u00f6ffentlichen.","twitter_image":"https:\/\/nightwatchepilepsy.com\/wp-content\/uploads\/2021\/10\/drawing2.png","twitter_site":"@NightWatchAlarm","twitter_misc":{"Gesch\u00e4tzte Lesezeit":"1\u00a0Minute"},"schema":{"@context":"https:\/\/schema.org","@graph":[{"@type":"WebPage","@id":"https:\/\/nightwatchepilepsy.com\/de\/malbild\/","url":"https:\/\/nightwatchepilepsy.com\/de\/malbild\/","name":"Gestalte dein eigenes NightWatch-Malbild","isPartOf":{"@id":"https:\/\/nightwatchepilepsy.com\/de\/#website"},"datePublished":"2021-10-12T17:26:25+00:00","dateModified":"2023-10-24T12:36:51+00:00","description":"F\u00fcr alle Eulen-Fans \ud83d\ude0a : ausdrucken, ausmalen, der Eule einen Namen geben und senden an stories@nightwatch.nl. Vergiss nicht, deinen Namen und dein Alter draufzuschreiben. F\u00fcr jede ausgemalte und eingesandte Eule gibt es eine kleine Belohnung und wir werden sie vielleicht auf unserer Website ver\u00f6ffentlichen.","breadcrumb":{"@id":"https:\/\/nightwatchepilepsy.com\/de\/malbild\/#breadcrumb"},"inLanguage":"de","potentialAction":[{"@type":"ReadAction","target":["https:\/\/nightwatchepilepsy.com\/de\/malbild\/"]}]},{"@type":"BreadcrumbList","@id":"https:\/\/nightwatchepilepsy.com\/de\/malbild\/#breadcrumb","itemListElement":[{"@type":"ListItem","position":1,"name":"Home","item":"https:\/\/nightwatchepilepsy.com\/de\/"},{"@type":"ListItem","position":2,"name":"Malbild"}]},{"@type":"WebSite","@id":"https:\/\/nightwatchepilepsy.com\/de\/#website","url":"https:\/\/nightwatchepilepsy.com\/de\/","name":"NightWatch","description":"Epilepsy seizure detection | Warns during sleep","publisher":{"@id":"https:\/\/nightwatchepilepsy.com\/de\/#organization"},"potentialAction":[{"@type":"SearchAction","target":{"@type":"EntryPoint","urlTemplate":"https:\/\/nightwatchepilepsy.com\/de\/?s={search_term_string}"},"query-input":{"@type":"PropertyValueSpecification","valueRequired":true,"valueName":"search_term_string"}}],"inLanguage":"de"},{"@type":"Organization","@id":"https:\/\/nightwatchepilepsy.com\/de\/#organization","name":"NightWatch Epilepsy Seizure Detection","alternateName":"NightWatch","url":"https:\/\/nightwatchepilepsy.com\/de\/","logo":{"@type":"ImageObject","inLanguage":"de","@id":"https:\/\/nightwatchepilepsy.com\/de\/#\/schema\/logo\/image\/","url":"https:\/\/nightwatchepilepsy.com\/wp-content\/uploads\/2023\/02\/NightWatch-Logo.png","contentUrl":"https:\/\/nightwatchepilepsy.com\/wp-content\/uploads\/2023\/02\/NightWatch-Logo.png","width":696,"height":696,"caption":"NightWatch Epilepsy Seizure Detection"},"image":{"@id":"https:\/\/nightwatchepilepsy.com\/de\/#\/schema\/logo\/image\/"},"sameAs":["https:\/\/www.facebook.com\/EpilepsySeizureDetectionEN","https:\/\/x.com\/NightWatchAlarm","https:\/\/www.linkedin.com\/company\/nightwatch-epilepsy-detection\/","https:\/\/www.instagram.com\/nightwatch_epilepsie_detectie\/"]}]}},"_links":{"self":[{"href":"https:\/\/nightwatchepilepsy.com\/de\/wp-json\/wp\/v2\/pages\/27326","targetHints":{"allow":["GET"]}}],"collection":[{"href":"https:\/\/nightwatchepilepsy.com\/de\/wp-json\/wp\/v2\/pages"}],"about":[{"href":"https:\/\/nightwatchepilepsy.com\/de\/wp-json\/wp\/v2\/types\/page"}],"author":[{"embeddable":true,"href":"https:\/\/nightwatchepilepsy.com\/de\/wp-json\/wp\/v2\/users\/1"}],"replies":[{"embeddable":true,"href":"https:\/\/nightwatchepilepsy.com\/de\/wp-json\/wp\/v2\/comments?post=27326"}],"version-history":[{"count":10,"href":"https:\/\/nightwatchepilepsy.com\/de\/wp-json\/wp\/v2\/pages\/27326\/revisions"}],"predecessor-version":[{"id":37259,"href":"https:\/\/nightwatchepilepsy.com\/de\/wp-json\/wp\/v2\/pages\/27326\/revisions\/37259"}],"wp:attachment":[{"href":"https:\/\/nightwatchepilepsy.com\/de\/wp-json\/wp\/v2\/media?parent=27326"}],"curies":[{"name":"wp","href":"https:\/\/api.w.org\/{rel}","templated":true}]}}