{"id":27245,"date":"2021-03-16T18:15:32","date_gmt":"2021-03-16T18:15:32","guid":{"rendered":"https:\/\/nightwatchepilepsy.com\/contact\/"},"modified":"2026-02-13T16:24:17","modified_gmt":"2026-02-13T15:24:17","slug":"kontakt","status":"publish","type":"page","link":"https:\/\/nightwatchepilepsy.com\/de\/kontakt\/","title":{"rendered":"Kontakt"},"content":{"rendered":"<p>[et_pb_section fb_built=&#8220;1&#8243; _builder_version=&#8220;4.16&#8243; _module_preset=&#8220;default&#8220; global_colors_info=&#8220;{}&#8220;][et_pb_row _builder_version=&#8220;4.16&#8243; _module_preset=&#8220;default&#8220; custom_padding=&#8220;||0px||false|false&#8220; global_colors_info=&#8220;{}&#8220;][et_pb_column type=&#8220;4_4&#8243; _builder_version=&#8220;4.16&#8243; _module_preset=&#8220;default&#8220; global_colors_info=&#8220;{}&#8220;][et_pb_text _builder_version=&#8220;4.27.4&#8243; _module_preset=&#8220;default&#8220; global_colors_info=&#8220;{}&#8220;]<\/p>\n<div id=\"bgLayers_comp-k8il6bxm\" class=\"X-jRX\">\n<h1 id=\"bgMedia_comp-k8il6bxm\" class=\"_1J6n9\"><span style=\"font-size: 30px; color: #333333; font-family: Ubuntu, Helvetica, Arial, Lucida, sans-serif;\">Kontakt<\/span><\/h1>\n<p><span>Bei Fragen zur Erkennung von epileptischen Anf\u00e4llen stehen wir Ihnen gerne zur Verf\u00fcgung. Bitte \u00fcberpr\u00fcfen Sie zun\u00e4chst die Seite <a href=\"https:\/\/nightwatchepilepsy.com\/de\/fehlerbehebung\/\" title=\"Fehlerbehebung\">Fehlerbehebung<\/a><\/span><span>, da Ihre Frage dort wahrscheinlich bereits beantwortet werden kann.<\/span><\/p>\n<\/div>\n<p>[\/et_pb_text][et_pb_blurb title=&#8220;Ich habe eine NightWatch und habe Fragen, die nicht mit den FAQ beantwortet werden k\u00f6nnen&#8220; icon_placement=&#8220;left&#8220; image_icon_width=&#8220;110%&#8220; content_max_width=&#8220;1100px&#8220; content_max_width_tablet=&#8220;1100px&#8220; content_max_width_phone=&#8220;1100px&#8220; content_max_width_last_edited=&#8220;on|phone&#8220; _builder_version=&#8220;4.20.2&#8243; _module_preset=&#8220;default&#8220; header_font=&#8220;Open Sans||||||||&#8220; header_text_align=&#8220;left&#8220; header_text_color=&#8220;#3d487e&#8220; header_font_size=&#8220;16px&#8220; header_line_height=&#8220;2em&#8220; background_color=&#8220;#eeeff8&#8243; image_icon_custom_margin=&#8220;5px||||false|false&#8220; image_icon_custom_margin_tablet=&#8220;5px||||false|false&#8220; image_icon_custom_margin_phone=&#8220;0px||||false|false&#8220; image_icon_custom_margin_last_edited=&#8220;on|desktop&#8220; width=&#8220;75%&#8220; min_height=&#8220;50px&#8220; custom_margin=&#8220;||||false|false&#8220; custom_padding=&#8220;10px|||20px|false|false&#8220; link_option_url=&#8220;\/de\/kontakt\/#KontaktFormular&#8220; header_font_size_tablet=&#8220;&#8220; header_font_size_phone=&#8220;16px&#8220; header_font_size_last_edited=&#8220;on|phone&#8220; module_alignment_tablet=&#8220;&#8220; module_alignment_phone=&#8220;center&#8220; module_alignment_last_edited=&#8220;on|phone&#8220; border_radii=&#8220;on|10px|10px|10px|10px&#8220; image_max_width=&#8220;110%&#8220; locked=&#8220;off&#8220; global_colors_info=&#8220;{}&#8220;][\/et_pb_blurb][et_pb_blurb title=&#8220;Ich interessiere mich f\u00fcr die NightWatch und habe Fragen zur Erkennung von epileptischen Anf\u00e4llen&#8220; icon_placement=&#8220;left&#8220; image_icon_width=&#8220;110%&#8220; content_max_width=&#8220;1100px&#8220; content_max_width_tablet=&#8220;1100px&#8220; content_max_width_phone=&#8220;1100px&#8220; content_max_width_last_edited=&#8220;on|phone&#8220; _builder_version=&#8220;4.20.2&#8243; _dynamic_attributes=&#8220;link_option_url&#8220; _module_preset=&#8220;default&#8220; header_font=&#8220;Open Sans||||||||&#8220; header_text_align=&#8220;left&#8220; header_text_color=&#8220;#3d487e&#8220; header_font_size=&#8220;16px&#8220; header_line_height=&#8220;2em&#8220; background_color=&#8220;#eeeff8&#8243; image_icon_custom_margin=&#8220;5px||||false|false&#8220; image_icon_custom_margin_tablet=&#8220;5px||||false|false&#8220; image_icon_custom_margin_phone=&#8220;0px||||false|false&#8220; image_icon_custom_margin_last_edited=&#8220;on|desktop&#8220; width=&#8220;75%&#8220; min_height=&#8220;50px&#8220; custom_margin=&#8220;||||false|false&#8220; custom_padding=&#8220;10px|||20px|false|false&#8220; link_option_url=&#8220;@ET-DC@eyJkeW5hbWljIjp0cnVlLCJjb250ZW50IjoicG9zdF9saW5rX3VybF9wYWdlIiwic2V0dGluZ3MiOnsicG9zdF9pZCI6IjI3MzU1In19@&#8220; header_font_size_tablet=&#8220;&#8220; header_font_size_phone=&#8220;16px&#8220; header_font_size_last_edited=&#8220;on|phone&#8220; module_alignment_tablet=&#8220;&#8220; module_alignment_phone=&#8220;center&#8220; module_alignment_last_edited=&#8220;on|phone&#8220; border_radii=&#8220;on|10px|10px|10px|10px&#8220; image_max_width=&#8220;110%&#8220; locked=&#8220;off&#8220; global_colors_info=&#8220;{}&#8220;][\/et_pb_blurb][et_pb_text _builder_version=&#8220;4.20.2&#8243; _module_preset=&#8220;default&#8220; global_colors_info=&#8220;{}&#8220;]<\/p>\n<div id=\"bgLayers_comp-k8il6bxm\" class=\"X-jRX\">\n<p><strong><span>Kontaktieren Sie uns Montag bis Freitag von 9:00Uhr bis 17:00Uhr unter:<br \/><\/span><\/strong><a href=\"tel:+4921519716287\" data-kmt=\"1\">+49 (0)2151 97 16 287<\/a> (Deutschland und \u00d6sterreich)<br \/><a href=\"tel:+41794021992\" data-kmt=\"1\">+41 (0)79 402 1992<\/a>\u00a0(f\u00fcr die Schweiz)<\/p>\n<\/div>\n<p class=\"font_8\"><strong><\/strong><\/p>\n<p class=\"font_8\"><strong>E-mail<br \/><\/strong><span>Schicken Sie uns eine E-mail an <\/span><a href=\"mailto:info@nightwatchepilepsy.com\">info@nightwatchepilepsy.com<\/a><\/p>\n<p>[\/et_pb_text][et_pb_text _builder_version=&#8220;4.16&#8243; _module_preset=&#8220;default&#8220; global_colors_info=&#8220;{}&#8220;]<\/p>\n<p class=\"font_8\"><span><strong>LivAssured B.V.<br \/><\/strong><\/span><span>Postfach 111322<\/span><br \/><span>47814\u00a0 Krefeld<\/span><\/p>\n<p>[\/et_pb_text][et_pb_text _builder_version=&#8220;4.27.4&#8243; _module_preset=&#8220;default&#8220; global_colors_info=&#8220;{}&#8220;]<\/p>\n<p><strong>NightWatch-Vertriebspartner<\/strong><br \/>Eine Liste unserer <a href=\"\/de\/vertriebspartner\/\">NightWatch-Vertriebspartner<\/a> und deren Kontaktdaten finden Sie <a href=\"\/de\/vertriebspartner\/\">hier<\/a>.<\/p>\n<p>[\/et_pb_text][et_pb_text module_id=&#8220;KontaktFormular&#8220; _builder_version=&#8220;4.27.4&#8243; _module_preset=&#8220;default&#8220; global_colors_info=&#8220;{}&#8220;]<\/p>\n<div id=\"bgLayers_comp-k8il6bxm\" class=\"X-jRX\">\n<h2 id=\"bgMedia_comp-k8il6bxm\" class=\"_1J6n9\"><span style=\"font-size: 30px; color: #333333; font-family: Ubuntu, Helvetica, Arial, Lucida, sans-serif;\">Kontaktformular<\/span><\/h2>\n<\/div>\n<p>[\/et_pb_text][\/et_pb_column][\/et_pb_row][et_pb_row _builder_version=&#8220;4.16&#8243; _module_preset=&#8220;default&#8220; custom_padding=&#8220;0px||||false|false&#8220; locked=&#8220;off&#8220; global_colors_info=&#8220;{}&#8220;][et_pb_column type=&#8220;4_4&#8243; _builder_version=&#8220;4.16&#8243; _module_preset=&#8220;default&#8220; global_colors_info=&#8220;{}&#8220;][et_pb_code _builder_version=&#8220;4.27.5&#8243; _module_preset=&#8220;default&#8220; global_colors_info=&#8220;{}&#8220;]<!-- salesforce.123formbuilder.com script begins here --><!-- [et_pb_line_break_holder] --><script type=\"text\/javascript\" defer src=\"https:\/\/salesforce.123formbuilder.com\/embed\/6909038.js\" data-role=\"form\" data-default-width=\"800px\" data-custom-vars=\"hasEmbedFormStyle=1&#038;language=de\"><\/script><!-- [et_pb_line_break_holder] --><!-- salesforce.123formbuilder.com script ends here -->[\/et_pb_code][\/et_pb_column][\/et_pb_row][\/et_pb_section]<\/p>\n","protected":false},"excerpt":{"rendered":"<p>Kontakt Bei Fragen zur Erkennung von epileptischen Anf\u00e4llen stehen wir Ihnen gerne zur Verf\u00fcgung. Bitte \u00fcberpr\u00fcfen Sie zun\u00e4chst die Seite Fehlerbehebung, da Ihre Frage dort wahrscheinlich bereits beantwortet werden kann. Kontaktieren Sie uns Montag bis Freitag von 9:00Uhr bis 17:00Uhr unter:+49 (0)2151 97 16 287 (Deutschland und \u00d6sterreich)+41 (0)79 402 1992\u00a0(f\u00fcr die Schweiz) E-mailSchicken Sie [&hellip;]<\/p>\n","protected":false},"author":1,"featured_media":0,"parent":0,"menu_order":0,"comment_status":"closed","ping_status":"closed","template":"","meta":{"_et_pb_use_builder":"on","_et_pb_old_content":"","_et_gb_content_width":"","footnotes":""},"class_list":["post-27245","page","type-page","status-publish","hentry"],"yoast_head":"<!-- This site is optimized with the Yoast SEO plugin v27.4 - https:\/\/yoast.com\/product\/yoast-seo-wordpress\/ -->\n<title>Kontakt | NightWatch | Epilepsie Anfallserkennung<\/title>\n<meta name=\"description\" content=\"Hier finden Sie unsere Kontaktdaten und unser Kontaktformular.\" \/>\n<meta name=\"robots\" content=\"index, follow, max-snippet:-1, max-image-preview:large, max-video-preview:-1\" \/>\n<link rel=\"canonical\" href=\"https:\/\/nightwatchepilepsy.com\/de\/kontakt\/\" \/>\n<meta property=\"og:locale\" content=\"de_DE\" \/>\n<meta property=\"og:type\" content=\"article\" \/>\n<meta property=\"og:title\" content=\"Kontakt | NightWatch | Epilepsie Anfallserkennung\" \/>\n<meta property=\"og:description\" content=\"Hier finden Sie unsere Kontaktdaten und unser Kontaktformular.\" \/>\n<meta property=\"og:url\" content=\"https:\/\/nightwatchepilepsy.com\/de\/kontakt\/\" \/>\n<meta property=\"og:site_name\" content=\"NightWatch\" \/>\n<meta property=\"article:publisher\" content=\"https:\/\/www.facebook.com\/EpilepsySeizureDetectionEN\" \/>\n<meta property=\"article:modified_time\" content=\"2026-02-13T15:24:17+00:00\" \/>\n<meta name=\"twitter:card\" content=\"summary_large_image\" \/>\n<meta name=\"twitter:title\" content=\"Kontakt | NightWatch | Epilepsie Anfallserkennung\" \/>\n<meta name=\"twitter:description\" content=\"Hier finden Sie unsere Kontaktdaten und unser Kontaktformular.\" \/>\n<meta name=\"twitter:site\" content=\"@NightWatchAlarm\" \/>\n<meta name=\"twitter:label1\" content=\"Gesch\u00e4tzte Lesezeit\" \/>\n\t<meta name=\"twitter:data1\" content=\"1\u00a0Minute\" \/>\n<script type=\"application\/ld+json\" class=\"yoast-schema-graph\">{\"@context\":\"https:\\\/\\\/schema.org\",\"@graph\":[{\"@type\":\"WebPage\",\"@id\":\"https:\\\/\\\/nightwatchepilepsy.com\\\/de\\\/kontakt\\\/\",\"url\":\"https:\\\/\\\/nightwatchepilepsy.com\\\/de\\\/kontakt\\\/\",\"name\":\"Kontakt | NightWatch | Epilepsie Anfallserkennung\",\"isPartOf\":{\"@id\":\"https:\\\/\\\/nightwatchepilepsy.com\\\/de\\\/#website\"},\"datePublished\":\"2021-03-16T18:15:32+00:00\",\"dateModified\":\"2026-02-13T15:24:17+00:00\",\"description\":\"Hier finden Sie unsere Kontaktdaten und unser Kontaktformular.\",\"breadcrumb\":{\"@id\":\"https:\\\/\\\/nightwatchepilepsy.com\\\/de\\\/kontakt\\\/#breadcrumb\"},\"inLanguage\":\"de\",\"potentialAction\":[{\"@type\":\"ReadAction\",\"target\":[\"https:\\\/\\\/nightwatchepilepsy.com\\\/de\\\/kontakt\\\/\"]}]},{\"@type\":\"BreadcrumbList\",\"@id\":\"https:\\\/\\\/nightwatchepilepsy.com\\\/de\\\/kontakt\\\/#breadcrumb\",\"itemListElement\":[{\"@type\":\"ListItem\",\"position\":1,\"name\":\"Home\",\"item\":\"https:\\\/\\\/nightwatchepilepsy.com\\\/de\\\/\"},{\"@type\":\"ListItem\",\"position\":2,\"name\":\"Kontakt\"}]},{\"@type\":\"WebSite\",\"@id\":\"https:\\\/\\\/nightwatchepilepsy.com\\\/de\\\/#website\",\"url\":\"https:\\\/\\\/nightwatchepilepsy.com\\\/de\\\/\",\"name\":\"NightWatch\",\"description\":\"Epilepsy seizure detection | Warns during sleep\",\"publisher\":{\"@id\":\"https:\\\/\\\/nightwatchepilepsy.com\\\/de\\\/#organization\"},\"potentialAction\":[{\"@type\":\"SearchAction\",\"target\":{\"@type\":\"EntryPoint\",\"urlTemplate\":\"https:\\\/\\\/nightwatchepilepsy.com\\\/de\\\/?s={search_term_string}\"},\"query-input\":{\"@type\":\"PropertyValueSpecification\",\"valueRequired\":true,\"valueName\":\"search_term_string\"}}],\"inLanguage\":\"de\"},{\"@type\":\"Organization\",\"@id\":\"https:\\\/\\\/nightwatchepilepsy.com\\\/de\\\/#organization\",\"name\":\"NightWatch Epilepsy Seizure Detection\",\"alternateName\":\"NightWatch\",\"url\":\"https:\\\/\\\/nightwatchepilepsy.com\\\/de\\\/\",\"logo\":{\"@type\":\"ImageObject\",\"inLanguage\":\"de\",\"@id\":\"https:\\\/\\\/nightwatchepilepsy.com\\\/de\\\/#\\\/schema\\\/logo\\\/image\\\/\",\"url\":\"https:\\\/\\\/nightwatchepilepsy.com\\\/wp-content\\\/uploads\\\/2023\\\/02\\\/NightWatch-Logo.png\",\"contentUrl\":\"https:\\\/\\\/nightwatchepilepsy.com\\\/wp-content\\\/uploads\\\/2023\\\/02\\\/NightWatch-Logo.png\",\"width\":696,\"height\":696,\"caption\":\"NightWatch Epilepsy Seizure Detection\"},\"image\":{\"@id\":\"https:\\\/\\\/nightwatchepilepsy.com\\\/de\\\/#\\\/schema\\\/logo\\\/image\\\/\"},\"sameAs\":[\"https:\\\/\\\/www.facebook.com\\\/EpilepsySeizureDetectionEN\",\"https:\\\/\\\/x.com\\\/NightWatchAlarm\",\"https:\\\/\\\/www.linkedin.com\\\/company\\\/nightwatch-epilepsy-detection\\\/\",\"https:\\\/\\\/www.instagram.com\\\/nightwatch_epilepsie_detectie\\\/\"]}]}<\/script>\n<!-- \/ Yoast SEO plugin. -->","yoast_head_json":{"title":"Kontakt | NightWatch | Epilepsie Anfallserkennung","description":"Hier finden Sie unsere Kontaktdaten und unser Kontaktformular.","robots":{"index":"index","follow":"follow","max-snippet":"max-snippet:-1","max-image-preview":"max-image-preview:large","max-video-preview":"max-video-preview:-1"},"canonical":"https:\/\/nightwatchepilepsy.com\/de\/kontakt\/","og_locale":"de_DE","og_type":"article","og_title":"Kontakt | NightWatch | Epilepsie Anfallserkennung","og_description":"Hier finden Sie unsere Kontaktdaten und unser Kontaktformular.","og_url":"https:\/\/nightwatchepilepsy.com\/de\/kontakt\/","og_site_name":"NightWatch","article_publisher":"https:\/\/www.facebook.com\/EpilepsySeizureDetectionEN","article_modified_time":"2026-02-13T15:24:17+00:00","twitter_card":"summary_large_image","twitter_title":"Kontakt | NightWatch | Epilepsie Anfallserkennung","twitter_description":"Hier finden Sie unsere Kontaktdaten und unser Kontaktformular.","twitter_site":"@NightWatchAlarm","twitter_misc":{"Gesch\u00e4tzte Lesezeit":"1\u00a0Minute"},"schema":{"@context":"https:\/\/schema.org","@graph":[{"@type":"WebPage","@id":"https:\/\/nightwatchepilepsy.com\/de\/kontakt\/","url":"https:\/\/nightwatchepilepsy.com\/de\/kontakt\/","name":"Kontakt | NightWatch | Epilepsie Anfallserkennung","isPartOf":{"@id":"https:\/\/nightwatchepilepsy.com\/de\/#website"},"datePublished":"2021-03-16T18:15:32+00:00","dateModified":"2026-02-13T15:24:17+00:00","description":"Hier finden Sie unsere Kontaktdaten und unser Kontaktformular.","breadcrumb":{"@id":"https:\/\/nightwatchepilepsy.com\/de\/kontakt\/#breadcrumb"},"inLanguage":"de","potentialAction":[{"@type":"ReadAction","target":["https:\/\/nightwatchepilepsy.com\/de\/kontakt\/"]}]},{"@type":"BreadcrumbList","@id":"https:\/\/nightwatchepilepsy.com\/de\/kontakt\/#breadcrumb","itemListElement":[{"@type":"ListItem","position":1,"name":"Home","item":"https:\/\/nightwatchepilepsy.com\/de\/"},{"@type":"ListItem","position":2,"name":"Kontakt"}]},{"@type":"WebSite","@id":"https:\/\/nightwatchepilepsy.com\/de\/#website","url":"https:\/\/nightwatchepilepsy.com\/de\/","name":"NightWatch","description":"Epilepsy seizure detection | Warns during sleep","publisher":{"@id":"https:\/\/nightwatchepilepsy.com\/de\/#organization"},"potentialAction":[{"@type":"SearchAction","target":{"@type":"EntryPoint","urlTemplate":"https:\/\/nightwatchepilepsy.com\/de\/?s={search_term_string}"},"query-input":{"@type":"PropertyValueSpecification","valueRequired":true,"valueName":"search_term_string"}}],"inLanguage":"de"},{"@type":"Organization","@id":"https:\/\/nightwatchepilepsy.com\/de\/#organization","name":"NightWatch Epilepsy Seizure Detection","alternateName":"NightWatch","url":"https:\/\/nightwatchepilepsy.com\/de\/","logo":{"@type":"ImageObject","inLanguage":"de","@id":"https:\/\/nightwatchepilepsy.com\/de\/#\/schema\/logo\/image\/","url":"https:\/\/nightwatchepilepsy.com\/wp-content\/uploads\/2023\/02\/NightWatch-Logo.png","contentUrl":"https:\/\/nightwatchepilepsy.com\/wp-content\/uploads\/2023\/02\/NightWatch-Logo.png","width":696,"height":696,"caption":"NightWatch Epilepsy Seizure Detection"},"image":{"@id":"https:\/\/nightwatchepilepsy.com\/de\/#\/schema\/logo\/image\/"},"sameAs":["https:\/\/www.facebook.com\/EpilepsySeizureDetectionEN","https:\/\/x.com\/NightWatchAlarm","https:\/\/www.linkedin.com\/company\/nightwatch-epilepsy-detection\/","https:\/\/www.instagram.com\/nightwatch_epilepsie_detectie\/"]}]}},"_links":{"self":[{"href":"https:\/\/nightwatchepilepsy.com\/de\/wp-json\/wp\/v2\/pages\/27245","targetHints":{"allow":["GET"]}}],"collection":[{"href":"https:\/\/nightwatchepilepsy.com\/de\/wp-json\/wp\/v2\/pages"}],"about":[{"href":"https:\/\/nightwatchepilepsy.com\/de\/wp-json\/wp\/v2\/types\/page"}],"author":[{"embeddable":true,"href":"https:\/\/nightwatchepilepsy.com\/de\/wp-json\/wp\/v2\/users\/1"}],"replies":[{"embeddable":true,"href":"https:\/\/nightwatchepilepsy.com\/de\/wp-json\/wp\/v2\/comments?post=27245"}],"version-history":[{"count":38,"href":"https:\/\/nightwatchepilepsy.com\/de\/wp-json\/wp\/v2\/pages\/27245\/revisions"}],"predecessor-version":[{"id":44515,"href":"https:\/\/nightwatchepilepsy.com\/de\/wp-json\/wp\/v2\/pages\/27245\/revisions\/44515"}],"wp:attachment":[{"href":"https:\/\/nightwatchepilepsy.com\/de\/wp-json\/wp\/v2\/media?parent=27245"}],"curies":[{"name":"wp","href":"https:\/\/api.w.org\/{rel}","templated":true}]}}