{"id":27218,"date":"2021-11-29T17:02:32","date_gmt":"2021-11-29T16:02:32","guid":{"rendered":"https:\/\/nightwatchepilepsy.com\/?page_id=27218"},"modified":"2026-04-28T19:03:18","modified_gmt":"2026-04-28T18:03:18","slug":"bestellen","status":"publish","type":"page","link":"https:\/\/nightwatchepilepsy.com\/de\/bestellen\/","title":{"rendered":"Bestellen"},"content":{"rendered":"<p>[et_pb_section fb_built=&#8220;1&#8243; _builder_version=&#8220;4.20.2&#8243; _module_preset=&#8220;default&#8220; background_color=&#8220;#FFFFFF&#8220; global_colors_info=&#8220;{}&#8220;][et_pb_row _builder_version=&#8220;4.20.2&#8243; _module_preset=&#8220;default&#8220; custom_padding=&#8220;||0px||false|false&#8220; global_colors_info=&#8220;{}&#8220;][et_pb_column type=&#8220;4_4&#8243; _builder_version=&#8220;4.20.2&#8243; _module_preset=&#8220;default&#8220; global_colors_info=&#8220;{}&#8220;][et_pb_text _builder_version=&#8220;4.27.5&#8243; _module_preset=&#8220;default&#8220; global_colors_info=&#8220;{}&#8220;]<\/p>\n<h1><span>NightWatch+ bestellen<\/span><\/h1>\n<p>[\/et_pb_text][\/et_pb_column][\/et_pb_row][et_pb_row _builder_version=&#8220;4.16&#8243; _module_preset=&#8220;default&#8220; global_colors_info=&#8220;{}&#8220;][et_pb_column type=&#8220;4_4&#8243; _builder_version=&#8220;4.16&#8243; _module_preset=&#8220;default&#8220; global_colors_info=&#8220;{}&#8220;][et_pb_text _builder_version=&#8220;4.27.5&#8243; _module_preset=&#8220;default&#8220; global_colors_info=&#8220;{}&#8220;]<\/p>\n<div id=\"comp-k9e9w7b01\" class=\"_1Q9if\" data-testid=\"richTextElement\">\n<div id=\"bgLayers_comp-k8hdl8rz\" data-hook=\"bgLayers\" class=\"_3wnIc\">\n<h2 class=\"font_2\"><span>Privatkauf \/ Kostenzusage einer privaten Krankenkasse <\/span><\/h2>\n<\/div>\n<div data-mesh-id=\"comp-k8hdl8rzinlineContent\" data-testid=\"inline-content\" class=\"\">\n<div data-mesh-id=\"comp-k8hdl8rzinlineContent-gridContainer\" data-testid=\"mesh-container-content\">\n<div id=\"comp-k8hdl8s3\" class=\"_1Q9if\" data-testid=\"richTextElement\">\n<p>Bitte f\u00fcllen Sie das Bestellformular vollst\u00e4ndig aus. Sobald Ihre Bestellung bei uns eingegangen ist, kontaktieren wir Sie telefonisch, um die Bestellung abzuwickeln, individuelle Fragen zu kl\u00e4ren und Sie umfassend \u00fcber die Anwendung zu informieren.<br \/>Der Kaufpreis f\u00fcr <strong>NightWatch+ (Home)<\/strong> betr\u00e4gt <strong>1.890,00 \u20ac (Vorauskasse, inkl. MwSt.)<\/strong>.<\/p>\n<p>Der Kaufpreis f\u00fcr <strong>NightWatch+ (PRO)<\/strong> betr\u00e4gt <strong>2.250,00 \u20ac (Vorauskasse, inkl. MwSt.)<\/strong>.<br \/>Ein Privatkauf liegt sowohl vor, wenn Sie das System selbst bezahlen, als auch wenn eine private Krankenkasse eine Kostenzusage erteilt hat und die Abrechnung \u00fcber Sie als Privatperson erfolgt. Informationen zu gesetzlichen Widerrufsrechten entnehmen Sie bitte unseren Allgemeinen Gesch\u00e4ftsbedingungen.<\/p>\n<p><span>Lesen Sie hier mehr \u00fcber die R\u00fcckerstattung beim Kauf.<\/span><\/p>\n<ol class=\"font_8\"><\/ol>\n<p class=\"font_8\"><strong>Was ist enthalten<\/strong><\/p>\n<ul class=\"font_8\">\n<li>\n<p class=\"font_8\"><span>1 komplettes NightWatch+-System<\/span><\/p>\n<\/li>\n<li>\n<p class=\"font_8\"><span>1 kostenloses Reiseetui<\/span><\/p>\n<\/li>\n<li>5 Jahre Nutzungsdauer, 2 Jahre Garantie<span> \u00a0\u00a0<\/span><\/li>\n<li>\n<p class=\"font_8\"><span>Kostenloser Versand<\/span><\/p>\n<\/li>\n<li>\n<p class=\"font_8\"><span>Kostenloser Nutzung des NightWatch-Portals (wahlweise)<\/span><\/p>\n<\/li>\n<li>\n<p class=\"font_8\"><span>Kostenlose Unterst\u00fctzung des Helpdesk per Telefon und Email<\/span><\/p>\n<\/li>\n<\/ul>\n<p class=\"font_8\"><strong><span class=\"wixGuard\"><\/span><\/strong><\/p>\n<p class=\"font_8\"><strong><span class=\"wixGuard\">\u200b<\/span><\/strong><span><strong>Kontakt:<\/strong><br \/><\/span><span>Kontaktieren Sie uns unter <a dataquery=\"dGV4dExpbmtfbDA5cW9rNTE=\" href=\"tel:+4921519716287\" target=\"_blank\" rel=\"noopener\">+49 (0)2151 9716287<\/a> oder schicken Sie uns eine E-mail an <a href=\"mailto:info@nightwatchepilepsy.com\" target=\"_blank\" rel=\"noopener\">info@nightwatchepilepsy.com<\/a><\/span><\/p>\n<\/div>\n<\/div>\n<\/div>\n<\/div>\n<p>[\/et_pb_text][\/et_pb_column][\/et_pb_row][\/et_pb_section][et_pb_section fb_built=&#8220;1&#8243; module_id=&#8220;DirektBestellen&#8220; _builder_version=&#8220;4.20.2&#8243; _module_preset=&#8220;default&#8220; background_color=&#8220;#eef7ea&#8220; global_colors_info=&#8220;{}&#8220;][et_pb_row column_structure=&#8220;2_3,1_3&#8243; _builder_version=&#8220;4.16&#8243; _module_preset=&#8220;default&#8220; vertical_offset=&#8220;-20px&#8220; custom_margin=&#8220;0px||||false|false&#8220; custom_padding=&#8220;0px||||false|false&#8220; global_colors_info=&#8220;{}&#8220;][et_pb_column type=&#8220;2_3&#8243; _builder_version=&#8220;4.16&#8243; _module_preset=&#8220;default&#8220; global_colors_info=&#8220;{}&#8220;][et_pb_code _builder_version=&#8220;4.27.6&#8243; _module_preset=&#8220;default&#8220; text_orientation=&#8220;center&#8220; hover_enabled=&#8220;0&#8243; global_colors_info=&#8220;{}&#8220; sticky_enabled=&#8220;0&#8243;]<!-- forms.nightwatchepilepsy.com script begins here --><!-- [et_pb_line_break_holder] --><script><!-- [et_pb_line_break_holder] -->  \/\/ Get token from URL (e.g. ?token=abc123)<!-- [et_pb_line_break_holder] -->  const params = new URLSearchParams(window.location.search);<!-- [et_pb_line_break_holder] -->  const token = params.get(\"token\") || \"\";<!-- [et_pb_line_break_holder] --><!-- [et_pb_line_break_holder] -->  \/\/ Create script element<!-- [et_pb_line_break_holder] -->  const script = document.createElement(\"script\");<!-- [et_pb_line_break_holder] -->  script.type = \"text\/javascript\";<!-- [et_pb_line_break_holder] -->  script.defer = true;<!-- [et_pb_line_break_holder] -->  script.src = \"https:\/\/forms.nightwatchepilepsy.com\/embed\/6952586.js\";<!-- [et_pb_line_break_holder] --><!-- [et_pb_line_break_holder] -->  \/\/ Set attributes<!-- [et_pb_line_break_holder] -->  script.setAttribute(\"data-role\", \"form\");<!-- [et_pb_line_break_holder] -->  script.setAttribute(\"data-default-width\", \"800px\");<!-- [et_pb_line_break_holder] -->  script.setAttribute(<!-- [et_pb_line_break_holder] -->    \"data-custom-vars\",<!-- [et_pb_line_break_holder] -->    `hasEmbedFormStyle=1&language=de&token=${encodeURIComponent(token)}`<!-- [et_pb_line_break_holder] -->  );<!-- [et_pb_line_break_holder] --><!-- [et_pb_line_break_holder] -->  \/\/ Insert right after the current script<!-- [et_pb_line_break_holder] -->  const current = document.currentScript;<!-- [et_pb_line_break_holder] -->  current.parentNode.insertBefore(script, current.nextSibling);<!-- [et_pb_line_break_holder] --><\/script><!-- [et_pb_line_break_holder] --><!-- forms.nightwatchepilepsy.com script ends here -->[\/et_pb_code][\/et_pb_column][et_pb_column type=&#8220;1_3&#8243; _builder_version=&#8220;4.16&#8243; _module_preset=&#8220;default&#8220; global_colors_info=&#8220;{}&#8220;][\/et_pb_column][\/et_pb_row][et_pb_row _builder_version=&#8220;4.16&#8243; _module_preset=&#8220;default&#8220; custom_margin=&#8220;||||false|false&#8220; custom_padding=&#8220;0px||||false|false&#8220; global_colors_info=&#8220;{}&#8220;][et_pb_column type=&#8220;4_4&#8243; _builder_version=&#8220;4.16&#8243; _module_preset=&#8220;default&#8220; global_colors_info=&#8220;{}&#8220;][et_pb_text _builder_version=&#8220;4.27.6&#8243; _module_preset=&#8220;default&#8220; global_colors_info=&#8220;{}&#8220;]<\/p>\n<p class=\"font_8\"><span>Die mit * gekennzeichneten Felder sind Pflichtfelder.<\/span><\/p>\n<p class=\"font_8\"><span><span class=\"wixGuard\">\u200b<\/span><\/span><span>LivAssured BV Ust. Id. Nr. NL852748450B01<\/span><\/p>\n<p>[\/et_pb_text][\/et_pb_column][\/et_pb_row][\/et_pb_section]<\/p>\n","protected":false},"excerpt":{"rendered":"<p>NightWatch+ bestellen Privatkauf \/ Kostenzusage einer privaten Krankenkasse Bitte f\u00fcllen Sie das Bestellformular vollst\u00e4ndig aus. Sobald Ihre Bestellung bei uns eingegangen ist, kontaktieren wir Sie telefonisch, um die Bestellung abzuwickeln, individuelle Fragen zu kl\u00e4ren und Sie umfassend \u00fcber die Anwendung zu informieren.Der Kaufpreis f\u00fcr NightWatch+ (Home) betr\u00e4gt 1.890,00 \u20ac (Vorauskasse, inkl. MwSt.). Der Kaufpreis f\u00fcr [&hellip;]<\/p>\n","protected":false},"author":1,"featured_media":40223,"parent":0,"menu_order":0,"comment_status":"closed","ping_status":"closed","template":"","meta":{"_et_pb_use_builder":"on","_et_pb_old_content":"","_et_gb_content_width":"","footnotes":""},"class_list":["post-27218","page","type-page","status-publish","has-post-thumbnail","hentry"],"yoast_head":"<!-- This site is optimized with the Yoast SEO plugin v27.4 - https:\/\/yoast.com\/product\/yoast-seo-wordpress\/ -->\n<title>Bestellen | NightWatch+ | Privater Gebrauch<\/title>\n<meta name=\"description\" content=\"Bestellen von NightWatch f\u00fcr den privaten Gebrauch.\" \/>\n<meta name=\"robots\" content=\"noindex, nofollow\" \/>\n<meta property=\"og:locale\" content=\"de_DE\" \/>\n<meta property=\"og:type\" content=\"article\" \/>\n<meta property=\"og:title\" content=\"Bestellen | NightWatch+ | Privater Gebrauch\" \/>\n<meta property=\"og:description\" content=\"Bestellen von NightWatch f\u00fcr den privaten Gebrauch.\" \/>\n<meta property=\"og:url\" content=\"https:\/\/nightwatchepilepsy.com\/de\/bestellen\/\" \/>\n<meta property=\"og:site_name\" content=\"NightWatch\" \/>\n<meta property=\"article:publisher\" content=\"https:\/\/www.facebook.com\/EpilepsySeizureDetectionEN\" \/>\n<meta property=\"article:modified_time\" content=\"2026-04-28T18:03:18+00:00\" \/>\n<meta property=\"og:image\" content=\"https:\/\/nightwatchepilepsy.com\/wp-content\/uploads\/2024\/12\/NightWatch_arm-modulebase-station_medium-shadow_cut.png\" \/>\n\t<meta property=\"og:image:width\" content=\"822\" \/>\n\t<meta property=\"og:image:height\" content=\"720\" \/>\n\t<meta property=\"og:image:type\" content=\"image\/png\" \/>\n<meta name=\"twitter:card\" content=\"summary_large_image\" \/>\n<meta name=\"twitter:image\" content=\"https:\/\/nightwatchepilepsy.com\/wp-content\/uploads\/2022\/02\/NightWatch_basisstationarmmodule.png\" \/>\n<meta name=\"twitter:site\" content=\"@NightWatchAlarm\" \/>\n<meta name=\"twitter:label1\" content=\"Gesch\u00e4tzte Lesezeit\" \/>\n\t<meta name=\"twitter:data1\" content=\"2\u00a0Minuten\" \/>\n<script type=\"application\/ld+json\" class=\"yoast-schema-graph\">{\"@context\":\"https:\\\/\\\/schema.org\",\"@graph\":[{\"@type\":\"WebPage\",\"@id\":\"https:\\\/\\\/nightwatchepilepsy.com\\\/de\\\/bestellen\\\/\",\"url\":\"https:\\\/\\\/nightwatchepilepsy.com\\\/de\\\/bestellen\\\/\",\"name\":\"Bestellen | NightWatch+ | Privater Gebrauch\",\"isPartOf\":{\"@id\":\"https:\\\/\\\/nightwatchepilepsy.com\\\/de\\\/#website\"},\"primaryImageOfPage\":{\"@id\":\"https:\\\/\\\/nightwatchepilepsy.com\\\/de\\\/bestellen\\\/#primaryimage\"},\"image\":{\"@id\":\"https:\\\/\\\/nightwatchepilepsy.com\\\/de\\\/bestellen\\\/#primaryimage\"},\"thumbnailUrl\":\"https:\\\/\\\/nightwatchepilepsy.com\\\/wp-content\\\/uploads\\\/2025\\\/02\\\/NW_arm-module_light-shadow_small.png\",\"datePublished\":\"2021-11-29T16:02:32+00:00\",\"dateModified\":\"2026-04-28T18:03:18+00:00\",\"description\":\"Bestellen von NightWatch f\u00fcr den privaten Gebrauch.\",\"breadcrumb\":{\"@id\":\"https:\\\/\\\/nightwatchepilepsy.com\\\/de\\\/bestellen\\\/#breadcrumb\"},\"inLanguage\":\"de\",\"potentialAction\":[{\"@type\":\"ReadAction\",\"target\":[\"https:\\\/\\\/nightwatchepilepsy.com\\\/de\\\/bestellen\\\/\"]}]},{\"@type\":\"ImageObject\",\"inLanguage\":\"de\",\"@id\":\"https:\\\/\\\/nightwatchepilepsy.com\\\/de\\\/bestellen\\\/#primaryimage\",\"url\":\"https:\\\/\\\/nightwatchepilepsy.com\\\/wp-content\\\/uploads\\\/2025\\\/02\\\/NW_arm-module_light-shadow_small.png\",\"contentUrl\":\"https:\\\/\\\/nightwatchepilepsy.com\\\/wp-content\\\/uploads\\\/2025\\\/02\\\/NW_arm-module_light-shadow_small.png\",\"width\":720,\"height\":720},{\"@type\":\"BreadcrumbList\",\"@id\":\"https:\\\/\\\/nightwatchepilepsy.com\\\/de\\\/bestellen\\\/#breadcrumb\",\"itemListElement\":[{\"@type\":\"ListItem\",\"position\":1,\"name\":\"Home\",\"item\":\"https:\\\/\\\/nightwatchepilepsy.com\\\/de\\\/\"},{\"@type\":\"ListItem\",\"position\":2,\"name\":\"Bestellen\"}]},{\"@type\":\"WebSite\",\"@id\":\"https:\\\/\\\/nightwatchepilepsy.com\\\/de\\\/#website\",\"url\":\"https:\\\/\\\/nightwatchepilepsy.com\\\/de\\\/\",\"name\":\"NightWatch\",\"description\":\"Epilepsy seizure detection | Warns during sleep\",\"publisher\":{\"@id\":\"https:\\\/\\\/nightwatchepilepsy.com\\\/de\\\/#organization\"},\"potentialAction\":[{\"@type\":\"SearchAction\",\"target\":{\"@type\":\"EntryPoint\",\"urlTemplate\":\"https:\\\/\\\/nightwatchepilepsy.com\\\/de\\\/?s={search_term_string}\"},\"query-input\":{\"@type\":\"PropertyValueSpecification\",\"valueRequired\":true,\"valueName\":\"search_term_string\"}}],\"inLanguage\":\"de\"},{\"@type\":\"Organization\",\"@id\":\"https:\\\/\\\/nightwatchepilepsy.com\\\/de\\\/#organization\",\"name\":\"NightWatch Epilepsy Seizure Detection\",\"alternateName\":\"NightWatch\",\"url\":\"https:\\\/\\\/nightwatchepilepsy.com\\\/de\\\/\",\"logo\":{\"@type\":\"ImageObject\",\"inLanguage\":\"de\",\"@id\":\"https:\\\/\\\/nightwatchepilepsy.com\\\/de\\\/#\\\/schema\\\/logo\\\/image\\\/\",\"url\":\"https:\\\/\\\/nightwatchepilepsy.com\\\/wp-content\\\/uploads\\\/2023\\\/02\\\/NightWatch-Logo.png\",\"contentUrl\":\"https:\\\/\\\/nightwatchepilepsy.com\\\/wp-content\\\/uploads\\\/2023\\\/02\\\/NightWatch-Logo.png\",\"width\":696,\"height\":696,\"caption\":\"NightWatch Epilepsy Seizure Detection\"},\"image\":{\"@id\":\"https:\\\/\\\/nightwatchepilepsy.com\\\/de\\\/#\\\/schema\\\/logo\\\/image\\\/\"},\"sameAs\":[\"https:\\\/\\\/www.facebook.com\\\/EpilepsySeizureDetectionEN\",\"https:\\\/\\\/x.com\\\/NightWatchAlarm\",\"https:\\\/\\\/www.linkedin.com\\\/company\\\/nightwatch-epilepsy-detection\\\/\",\"https:\\\/\\\/www.instagram.com\\\/nightwatch_epilepsie_detectie\\\/\"]}]}<\/script>\n<!-- \/ Yoast SEO plugin. -->","yoast_head_json":{"title":"Bestellen | NightWatch+ | Privater Gebrauch","description":"Bestellen von NightWatch f\u00fcr den privaten Gebrauch.","robots":{"index":"noindex","follow":"nofollow"},"og_locale":"de_DE","og_type":"article","og_title":"Bestellen | NightWatch+ | Privater Gebrauch","og_description":"Bestellen von NightWatch f\u00fcr den privaten Gebrauch.","og_url":"https:\/\/nightwatchepilepsy.com\/de\/bestellen\/","og_site_name":"NightWatch","article_publisher":"https:\/\/www.facebook.com\/EpilepsySeizureDetectionEN","article_modified_time":"2026-04-28T18:03:18+00:00","og_image":[{"width":822,"height":720,"url":"https:\/\/nightwatchepilepsy.com\/wp-content\/uploads\/2024\/12\/NightWatch_arm-modulebase-station_medium-shadow_cut.png","type":"image\/png"}],"twitter_card":"summary_large_image","twitter_image":"https:\/\/nightwatchepilepsy.com\/wp-content\/uploads\/2022\/02\/NightWatch_basisstationarmmodule.png","twitter_site":"@NightWatchAlarm","twitter_misc":{"Gesch\u00e4tzte Lesezeit":"2\u00a0Minuten"},"schema":{"@context":"https:\/\/schema.org","@graph":[{"@type":"WebPage","@id":"https:\/\/nightwatchepilepsy.com\/de\/bestellen\/","url":"https:\/\/nightwatchepilepsy.com\/de\/bestellen\/","name":"Bestellen | NightWatch+ | Privater Gebrauch","isPartOf":{"@id":"https:\/\/nightwatchepilepsy.com\/de\/#website"},"primaryImageOfPage":{"@id":"https:\/\/nightwatchepilepsy.com\/de\/bestellen\/#primaryimage"},"image":{"@id":"https:\/\/nightwatchepilepsy.com\/de\/bestellen\/#primaryimage"},"thumbnailUrl":"https:\/\/nightwatchepilepsy.com\/wp-content\/uploads\/2025\/02\/NW_arm-module_light-shadow_small.png","datePublished":"2021-11-29T16:02:32+00:00","dateModified":"2026-04-28T18:03:18+00:00","description":"Bestellen von NightWatch f\u00fcr den privaten Gebrauch.","breadcrumb":{"@id":"https:\/\/nightwatchepilepsy.com\/de\/bestellen\/#breadcrumb"},"inLanguage":"de","potentialAction":[{"@type":"ReadAction","target":["https:\/\/nightwatchepilepsy.com\/de\/bestellen\/"]}]},{"@type":"ImageObject","inLanguage":"de","@id":"https:\/\/nightwatchepilepsy.com\/de\/bestellen\/#primaryimage","url":"https:\/\/nightwatchepilepsy.com\/wp-content\/uploads\/2025\/02\/NW_arm-module_light-shadow_small.png","contentUrl":"https:\/\/nightwatchepilepsy.com\/wp-content\/uploads\/2025\/02\/NW_arm-module_light-shadow_small.png","width":720,"height":720},{"@type":"BreadcrumbList","@id":"https:\/\/nightwatchepilepsy.com\/de\/bestellen\/#breadcrumb","itemListElement":[{"@type":"ListItem","position":1,"name":"Home","item":"https:\/\/nightwatchepilepsy.com\/de\/"},{"@type":"ListItem","position":2,"name":"Bestellen"}]},{"@type":"WebSite","@id":"https:\/\/nightwatchepilepsy.com\/de\/#website","url":"https:\/\/nightwatchepilepsy.com\/de\/","name":"NightWatch","description":"Epilepsy seizure detection | Warns during sleep","publisher":{"@id":"https:\/\/nightwatchepilepsy.com\/de\/#organization"},"potentialAction":[{"@type":"SearchAction","target":{"@type":"EntryPoint","urlTemplate":"https:\/\/nightwatchepilepsy.com\/de\/?s={search_term_string}"},"query-input":{"@type":"PropertyValueSpecification","valueRequired":true,"valueName":"search_term_string"}}],"inLanguage":"de"},{"@type":"Organization","@id":"https:\/\/nightwatchepilepsy.com\/de\/#organization","name":"NightWatch Epilepsy Seizure Detection","alternateName":"NightWatch","url":"https:\/\/nightwatchepilepsy.com\/de\/","logo":{"@type":"ImageObject","inLanguage":"de","@id":"https:\/\/nightwatchepilepsy.com\/de\/#\/schema\/logo\/image\/","url":"https:\/\/nightwatchepilepsy.com\/wp-content\/uploads\/2023\/02\/NightWatch-Logo.png","contentUrl":"https:\/\/nightwatchepilepsy.com\/wp-content\/uploads\/2023\/02\/NightWatch-Logo.png","width":696,"height":696,"caption":"NightWatch Epilepsy Seizure Detection"},"image":{"@id":"https:\/\/nightwatchepilepsy.com\/de\/#\/schema\/logo\/image\/"},"sameAs":["https:\/\/www.facebook.com\/EpilepsySeizureDetectionEN","https:\/\/x.com\/NightWatchAlarm","https:\/\/www.linkedin.com\/company\/nightwatch-epilepsy-detection\/","https:\/\/www.instagram.com\/nightwatch_epilepsie_detectie\/"]}]}},"_links":{"self":[{"href":"https:\/\/nightwatchepilepsy.com\/de\/wp-json\/wp\/v2\/pages\/27218","targetHints":{"allow":["GET"]}}],"collection":[{"href":"https:\/\/nightwatchepilepsy.com\/de\/wp-json\/wp\/v2\/pages"}],"about":[{"href":"https:\/\/nightwatchepilepsy.com\/de\/wp-json\/wp\/v2\/types\/page"}],"author":[{"embeddable":true,"href":"https:\/\/nightwatchepilepsy.com\/de\/wp-json\/wp\/v2\/users\/1"}],"replies":[{"embeddable":true,"href":"https:\/\/nightwatchepilepsy.com\/de\/wp-json\/wp\/v2\/comments?post=27218"}],"version-history":[{"count":45,"href":"https:\/\/nightwatchepilepsy.com\/de\/wp-json\/wp\/v2\/pages\/27218\/revisions"}],"predecessor-version":[{"id":46262,"href":"https:\/\/nightwatchepilepsy.com\/de\/wp-json\/wp\/v2\/pages\/27218\/revisions\/46262"}],"wp:featuredmedia":[{"embeddable":true,"href":"https:\/\/nightwatchepilepsy.com\/de\/wp-json\/wp\/v2\/media\/40223"}],"wp:attachment":[{"href":"https:\/\/nightwatchepilepsy.com\/de\/wp-json\/wp\/v2\/media?parent=27218"}],"curies":[{"name":"wp","href":"https:\/\/api.w.org\/{rel}","templated":true}]}}